{"id":8917,"date":"2025-06-22T15:21:06","date_gmt":"2025-06-22T15:21:06","guid":{"rendered":"https:\/\/ryinz.cz\/velkoobchod\/?post_type=product&#038;p=8917"},"modified":"2026-01-18T20:16:51","modified_gmt":"2026-01-18T20:16:51","slug":"ryinz-premiove-mechanicke-rukavice-zesilena-protiskluzova-dlan-pruzny-strih-odolne-bezpecnostni-rukavice-pro-automobilove-dilny-kutily","status":"publish","type":"product","link":"https:\/\/ryinz.cz\/velkoobchod\/cs\/product\/ryinz-premium-mechanics-gloves-reinforced-anti-slip-palm-flexible-fit-durable-safety-gloves-for-automotive-workshop-diy\/","title":{"rendered":"RYINZ Premium Mechanics Rukavice - zes\u00edlen\u00e1 protiskluzov\u00e1 dla\u0148, pru\u017en\u00fd st\u0159ih, odoln\u00e9 bezpe\u010dnostn\u00ed rukavice pro automobilov\u00fd pr\u016fmysl, d\u00edlnu, kutily"},"content":{"rendered":"<p class=\"\" data-start=\"314\" data-end=\"638\">P\u0159edstaven\u00ed <strong data-start=\"330\" data-end=\"364\">Mechanick\u00e9 rukavice RYINZ Premium<\/strong>, vytvo\u0159en\u00e9 pro ty, kte\u0159\u00ed vy\u017eaduj\u00ed odolnost, p\u0159esnost a pohodl\u00ed p\u0159i ochran\u011b rukou. A\u0165 u\u017e opravujete vozidla, pracujete na stavb\u011b, manipulujete s n\u00e1\u0159ad\u00edm nebo zvl\u00e1d\u00e1te dom\u00e1c\u00ed kutilsk\u00e9 projekty, tyto rukavice jsou navr\u017eeny tak, aby poskytovaly vysok\u00fd v\u00fdkon v ka\u017ed\u00e9 situaci.<\/p>\n<p class=\"\" data-start=\"640\" data-end=\"1028\">Dla\u0148 rukavic je vyrobena ze zes\u00edlen\u00e9ho materi\u00e1lu ze syntetick\u00e9 k\u016f\u017ee, kter\u00fd nab\u00edz\u00ed mimo\u0159\u00e1dnou odolnost proti od\u011bru, opot\u0159eben\u00ed a prop\u00edchnut\u00ed. Speci\u00e1ln\u00ed texturovan\u00e9 z\u00f3ny a dodate\u010dn\u00e9 polstrov\u00e1n\u00ed na dlani zlep\u0161uj\u00ed \u00fachop a sni\u017euj\u00ed \u00fanavu p\u0159i dlouh\u00e9 pr\u00e1ci. Manipulace s kluzk\u00fdmi n\u00e1stroji, mal\u00fdmi mechanick\u00fdmi d\u00edly nebo elektrick\u00fdm n\u00e1\u0159ad\u00edm se s t\u011bmito rukavicemi st\u00e1v\u00e1 bezpe\u010dn\u011bj\u0161\u00ed a efektivn\u011bj\u0161\u00ed.<\/p>\n<p class=\"\" data-start=\"1030\" data-end=\"1362\">H\u0159bet rukavic kombinuje vysoce prody\u0161nou a pru\u017enou tkaninu, kter\u00e1 umo\u017e\u0148uje vynikaj\u00edc\u00ed proud\u011bn\u00ed vzduchu a zaji\u0161\u0165uje, \u017ee va\u0161e ruce z\u016fstanou chladn\u00e9 a such\u00e9 i p\u0159i n\u00e1ro\u010dn\u00fdch \u00fakolech. Tkanina se p\u0159irozen\u011b oh\u00fdb\u00e1 podle pohyb\u016f rukou a nab\u00edz\u00ed vynikaj\u00edc\u00ed obratnost p\u0159i detailn\u00edch \u00fakonech, jako jsou opravy motor\u016f, elektroinstalace, mont\u00e1\u017en\u00ed pr\u00e1ce nebo pr\u00e1ce se d\u0159evem.<\/p>\n<p class=\"\" data-start=\"1364\" data-end=\"1742\">Dvojit\u011b pro\u0161it\u00e9 \u0161vy na m\u00edstech n\u00e1chyln\u00fdch k nam\u00e1h\u00e1n\u00ed zvy\u0161uj\u00ed trvanlivost a odolnost proti roztr\u017een\u00ed, tak\u017ee rukavice vydr\u017e\u00ed opakovan\u00e9 pou\u017e\u00edv\u00e1n\u00ed, ani\u017e by se po\u0161kodily. Ergonomick\u00e9 p\u0159edehnut\u00e9 prsty kop\u00edruj\u00ed p\u0159irozen\u00e9 zak\u0159iven\u00ed ruky, sni\u017euj\u00ed nap\u011bt\u00ed a dokonale p\u0159il\u00e9haj\u00ed k t\u011blu. D\u00edky nastaviteln\u00e9mu zap\u00edn\u00e1n\u00ed na z\u00e1p\u011bst\u00ed rukavice bezpe\u010dn\u011b sed\u00ed a z\u00e1rove\u0148 zabra\u0148uj\u00ed p\u0159\u00edstupu prachu a ne\u010distot.<\/p>\n<p class=\"\" data-start=\"1744\" data-end=\"1891\">Dokonale vyva\u017euj\u00ed s\u00edlu, flexibilitu a pohodl\u00ed. <strong data-start=\"1806\" data-end=\"1840\">Mechanick\u00e9 rukavice RYINZ Premium<\/strong> jsou va\u0161\u00edm spolehliv\u00fdm partnerem pro ka\u017edodenn\u00ed n\u00e1ro\u010dnou pr\u00e1ci.<\/p>\n<p class=\"\" data-start=\"1893\" data-end=\"1910\"><strong data-start=\"1893\" data-end=\"1910\">Kl\u00ed\u010dov\u00e9 vlastnosti:<\/strong><\/p>\n<ul data-start=\"1911\" data-end=\"2741\">\n<li class=\"\" data-start=\"1911\" data-end=\"1994\">\n<p class=\"\" data-start=\"1913\" data-end=\"1994\"><strong data-start=\"1913\" data-end=\"1943\">Zes\u00edlen\u00e1 protiskluzov\u00e1 dla\u0148:<\/strong> Zlep\u0161uje \u00fachop a zaji\u0161\u0165uje stabiln\u00ed manipulaci s n\u00e1\u0159ad\u00edm.<\/p>\n<\/li>\n<li class=\"\" data-start=\"1995\" data-end=\"2065\">\n<p class=\"\" data-start=\"1997\" data-end=\"2065\"><strong data-start=\"1997\" data-end=\"2019\">Prody\u0161n\u00e1 tkanina:<\/strong> Udr\u017euje pohodl\u00ed rukou a omezuje pocen\u00ed<\/p>\n<\/li>\n<li class=\"\" data-start=\"2066\" data-end=\"2149\">\n<p class=\"\" data-start=\"2068\" data-end=\"2149\"><strong data-start=\"2068\" data-end=\"2089\">Ergonomick\u00fd design:<\/strong> P\u0159edem zak\u0159iven\u00e9 prsty a stre\u010dov\u00e9 z\u00f3ny pro p\u0159irozen\u00fd pohyb<\/p>\n<\/li>\n<li class=\"\" data-start=\"2150\" data-end=\"2229\">\n<p class=\"\" data-start=\"2152\" data-end=\"2229\"><strong data-start=\"2152\" data-end=\"2167\">Odolnost:<\/strong> Dvojit\u011b \u0161it\u00e9 \u0161vy zaji\u0161\u0165uj\u00ed dlouhou \u017eivotnost i p\u0159i n\u00e1ro\u010dn\u00e9m pou\u017e\u00edv\u00e1n\u00ed.<\/p>\n<\/li>\n<li class=\"\" data-start=\"2230\" data-end=\"2311\">\n<p class=\"\" data-start=\"2232\" data-end=\"2311\"><strong data-start=\"2232\" data-end=\"2259\">Pru\u017en\u00e9 zap\u00edn\u00e1n\u00ed na z\u00e1p\u011bst\u00ed:<\/strong> Nastaviteln\u00fd st\u0159ih s ochranou proti prachu a ne\u010distot\u00e1m<\/p>\n<\/li>\n<li class=\"\" data-start=\"2312\" data-end=\"2394\">\n<p class=\"\" data-start=\"2314\" data-end=\"2394\"><strong data-start=\"2314\" data-end=\"2344\">Lehk\u00e9 a pohodln\u00e9:<\/strong> Umo\u017e\u0148uje pohyb ruky v pln\u00e9m rozsahu bez ztuhnut\u00ed<\/p>\n<\/li>\n<li class=\"\" data-start=\"2395\" data-end=\"2493\">\n<p class=\"\" data-start=\"2397\" data-end=\"2493\"><strong data-start=\"2397\" data-end=\"2415\">Taktick\u00fd pohled:<\/strong> Profesion\u00e1ln\u00ed dvoubarevn\u00e9 proveden\u00ed (hn\u011bd\u00e1\/\u010dern\u00e1) zv\u00fdrazn\u00ed v\u00e1\u0161 robustn\u00ed styl.<\/p>\n<\/li>\n<li class=\"\" data-start=\"2494\" data-end=\"2594\">\n<p class=\"\" data-start=\"2496\" data-end=\"2594\"><strong data-start=\"2496\" data-end=\"2517\">Multifunk\u010dn\u00ed:<\/strong> Ide\u00e1ln\u00ed pro mechaniky, techniky, truhl\u00e1\u0159e, stavitele a kutily.<\/p>\n<\/li>\n<li class=\"\" data-start=\"2595\" data-end=\"2657\">\n<p class=\"\" data-start=\"2597\" data-end=\"2657\"><strong data-start=\"2597\" data-end=\"2618\">Lze pr\u00e1t v pra\u010dce:<\/strong> Snadn\u00e9 \u010di\u0161t\u011bn\u00ed bez ztr\u00e1ty kvality<\/p>\n<\/li>\n<li class=\"\" data-start=\"2658\" data-end=\"2741\">\n<p class=\"\" data-start=\"2660\" data-end=\"2741\"><strong data-start=\"2660\" data-end=\"2683\">Hromadn\u00e9 p\u0159izp\u016fsoben\u00ed:<\/strong> Pro distributory jsou k dispozici mo\u017enosti OEM\/priv\u00e1tn\u00edho zna\u010den\u00ed<\/p>\n<\/li>\n<\/ul>\n<p class=\"\" data-start=\"2743\" data-end=\"2759\"><strong data-start=\"2743\" data-end=\"2759\">Ide\u00e1ln\u00ed pro:<\/strong><\/p>\n<ul data-start=\"2760\" data-end=\"2995\">\n<li class=\"\" data-start=\"2760\" data-end=\"2798\">\n<p class=\"\" data-start=\"2762\" data-end=\"2798\">Opravy a \u00fadr\u017eba automobil\u016f<\/p>\n<\/li>\n<li class=\"\" data-start=\"2799\" data-end=\"2834\">\n<p class=\"\" data-start=\"2801\" data-end=\"2834\">Stavebn\u00ed a tesa\u0159sk\u00e9 pr\u00e1ce<\/p>\n<\/li>\n<li class=\"\" data-start=\"2835\" data-end=\"2880\">\n<p class=\"\" data-start=\"2837\" data-end=\"2880\">Instalat\u00e9rsk\u00e9, mont\u00e1\u017en\u00ed a instala\u010dn\u00ed pr\u00e1ce<\/p>\n<\/li>\n<li class=\"\" data-start=\"2881\" data-end=\"2914\">\n<p class=\"\" data-start=\"2883\" data-end=\"2914\">Projekty pro kutily a opravy v dom\u00e1cnosti<\/p>\n<\/li>\n<li class=\"\" data-start=\"2915\" data-end=\"2950\">\n<p class=\"\" data-start=\"2917\" data-end=\"2950\">Zahradn\u00ed a krajin\u00e1\u0159sk\u00e9 pr\u00e1ce<\/p>\n<\/li>\n<li class=\"\" data-start=\"2951\" data-end=\"2995\">\n<p class=\"\" data-start=\"2953\" data-end=\"2995\">Obecn\u00e9 skladov\u00e9 nebo d\u00edlensk\u00e9 operace<\/p>\n<\/li>\n<\/ul>\n<p class=\"\" data-start=\"2997\" data-end=\"3289\"><strong data-start=\"2997\" data-end=\"3017\">Dostupn\u00e9 velikosti:<\/strong> S, M, L, XL, XXL<br data-start=\"3034\" data-end=\"3037\" \/><strong data-start=\"3037\" data-end=\"3055\">Mo\u017enosti barev:<\/strong> V\u00fdchoz\u00ed hn\u011bd\u00e1\/\u010dern\u00e1, dal\u0161\u00ed barvy jsou k dispozici pro hromadn\u00e9 objedn\u00e1vky<br data-start=\"3120\" data-end=\"3123\" \/><strong data-start=\"3123\" data-end=\"3142\">Certifikace:<\/strong> Certifikovan\u00e9 materi\u00e1ly CE (na vy\u017e\u00e1d\u00e1n\u00ed), k dispozici norma EN 388<br data-start=\"3205\" data-end=\"3208\" \/><strong data-start=\"3208\" data-end=\"3222\">Balen\u00ed:<\/strong> balen\u00ed pro maloobchodn\u00ed prodej, balen\u00ed pod vlastn\u00ed zna\u010dkou nebo voln\u011b lo\u017een\u00e9 obaly<\/p>\n<p class=\"\" data-start=\"3291\" data-end=\"3729\"><strong data-start=\"3291\" data-end=\"3312\">Pro\u010d si vybrat RYINZ?<\/strong><br data-start=\"3312\" data-end=\"3315\" \/>Ve spole\u010dnosti RYINZ se zam\u011b\u0159ujeme na dod\u00e1v\u00e1n\u00ed rukavic evropsk\u00e9 kvality, kter\u00e9 spl\u0148uj\u00ed celosv\u011btov\u00e9 standardy. Na\u0161e rukavice, vyr\u00e1b\u011bn\u00e9 z pokro\u010dil\u00fdch materi\u00e1l\u016f a pod p\u0159\u00edsnou kontrolou kvality, kombinuj\u00ed funk\u010dnost, bezpe\u010dnost a styl pro u\u017eivatele v automobilov\u00e9m, stavebn\u00edm a pr\u016fmyslov\u00e9m odv\u011btv\u00ed. Rukavice RYINZ, navr\u017een\u00e9 ve spolupr\u00e1ci s p\u00e1kist\u00e1nsk\u00fdm \u0159emesln\u00fdm um\u011bn\u00edm a evropsk\u00fdmi standardy z\u00e1sobov\u00e1n\u00ed, zaji\u0161\u0165uj\u00ed, \u017ee budete v\u017edy p\u0159ipraveni na jak\u00fdkoli \u00fakol.<\/p>","protected":false},"excerpt":{"rendered":"<p>Za\u017eijte rozd\u00edl s <strong data-start=\"3823\" data-end=\"3857\">Mechanick\u00e9 rukavice RYINZ Premium<\/strong> - odborn\u011b navr\u017een\u00fd pro profesion\u00e1ly a kutily, kte\u0159\u00ed pot\u0159ebuj\u00ed maxim\u00e1ln\u00ed v\u00fdkon. Tyto rukavice se zes\u00edlenou syntetickou dlan\u00ed pro pevn\u00fd, protiskluzov\u00fd \u00fachop a prody\u0161nou h\u0159betn\u00ed tkaninou pro celodenn\u00ed pohodl\u00ed nab\u00edzej\u00ed dokonalou rovnov\u00e1hu mezi odolnost\u00ed a pru\u017enost\u00ed. D\u00edky dvojit\u00e9mu pro\u0161it\u00ed, odolnosti, ergonomick\u00e9mu st\u0159ihu a snadn\u00e9mu nastaven\u00ed z\u00e1p\u011bst\u00ed jsou ide\u00e1ln\u00ed pro d\u00edlny, gar\u00e1\u017ee, staveni\u0161t\u011b nebo dom\u00e1c\u00ed kutily. Robustn\u00ed, spolehliv\u00e9 a vyroben\u00e9 tak, aby vydr\u017eely - s rukavicemi RYINZ pracujete chyt\u0159eji a bezpe\u010dn\u011bji.<\/p>","protected":false},"featured_media":8974,"comment_status":"closed","ping_status":"closed","template":"","meta":[],"product_brand":[35],"product_cat":[82,83],"product_tag":[90,91],"class_list":{"0":"post-8917","1":"product","2":"type-product","3":"status-publish","4":"has-post-thumbnail","6":"product_brand-ryinz","7":"product_cat-mechanic-industrial-gloves","8":"product_cat-mechanics-gloves","9":"product_tag-neoprene-cuff-safety-gloves","10":"product_tag-rexion-suede-gloves","12":"first","13":"instock","14":"taxable","15":"shipping-taxable","16":"purchasable","17":"product-type-simple"},"_links":{"self":[{"href":"https:\/\/ryinz.cz\/velkoobchod\/cs\/wp-json\/wp\/v2\/product\/8917","targetHints":{"allow":["GET"]}}],"collection":[{"href":"https:\/\/ryinz.cz\/velkoobchod\/cs\/wp-json\/wp\/v2\/product"}],"about":[{"href":"https:\/\/ryinz.cz\/velkoobchod\/cs\/wp-json\/wp\/v2\/types\/product"}],"replies":[{"embeddable":true,"href":"https:\/\/ryinz.cz\/velkoobchod\/cs\/wp-json\/wp\/v2\/comments?post=8917"}],"wp:featuredmedia":[{"embeddable":true,"href":"https:\/\/ryinz.cz\/velkoobchod\/cs\/wp-json\/wp\/v2\/media\/8974"}],"wp:attachment":[{"href":"https:\/\/ryinz.cz\/velkoobchod\/cs\/wp-json\/wp\/v2\/media?parent=8917"}],"wp:term":[{"taxonomy":"product_brand","embeddable":true,"href":"https:\/\/ryinz.cz\/velkoobchod\/cs\/wp-json\/wp\/v2\/product_brand?post=8917"},{"taxonomy":"product_cat","embeddable":true,"href":"https:\/\/ryinz.cz\/velkoobchod\/cs\/wp-json\/wp\/v2\/product_cat?post=8917"},{"taxonomy":"product_tag","embeddable":true,"href":"https:\/\/ryinz.cz\/velkoobchod\/cs\/wp-json\/wp\/v2\/product_tag?post=8917"}],"curies":[{"name":"wp","href":"https:\/\/api.w.org\/{rel}","templated":true}]}}