{"id":8916,"date":"2025-06-22T15:21:06","date_gmt":"2025-06-22T15:21:06","guid":{"rendered":"https:\/\/ryinz.cz\/velkoobchod\/?post_type=product&#038;p=8916"},"modified":"2026-01-18T20:16:50","modified_gmt":"2026-01-18T20:16:50","slug":"ryinz-prodysne-lehke-mechanicke-rukavice-pruzny-uchop-zesilena-dlan-protiskluzovy-design-pro-dilenske-prace","status":"publish","type":"product","link":"https:\/\/ryinz.cz\/velkoobchod\/cs\/product\/ryinz-breathable-lightweight-mechanics-gloves-flexible-grip-reinforced-palm-anti-slip-design-for-workshop-diy-tasks\/","title":{"rendered":"Prody\u0161n\u00e9 lehk\u00e9 mechanick\u00e9 rukavice RYINZ - pru\u017en\u00fd \u00fachop, zes\u00edlen\u00e1 dla\u0148, protiskluzov\u00fd design pro d\u00edlnu a kutilsk\u00e9 pr\u00e1ce"},"content":{"rendered":"<p class=\"\" data-start=\"315\" data-end=\"672\">Na str\u00e1nk\u00e1ch <strong data-start=\"319\" data-end=\"368\">Prody\u0161n\u00e9 lehk\u00e9 mechanick\u00e9 rukavice RYINZ<\/strong> jsou precizn\u011b navr\u017eeny tak, aby poskytovaly dokonalou rovnov\u00e1hu mezi flexibilitou, ochranou a p\u0159ilnavost\u00ed pro lehk\u00e9 a\u017e st\u0159edn\u011b t\u011b\u017ek\u00e9 pr\u016fmyslov\u00e9 pr\u00e1ce. A\u0165 u\u017e utahujete \u0161rouby, montujete d\u00edly, obsluhujete ru\u010dn\u00ed n\u00e1\u0159ad\u00ed nebo prov\u00e1d\u00edte opravy, tyto rukavice poskytuj\u00ed pohodl\u00ed a hbitost, kter\u00e9 va\u0161e ruce vy\u017eaduj\u00ed pro maxim\u00e1ln\u00ed v\u00fdkon.<\/p>\n<p class=\"\" data-start=\"674\" data-end=\"1012\">Tyto rukavice jsou vyrobeny z kombinace elastick\u00e9ho, prody\u0161n\u00e9ho spandexu a od\u011bruvzdorn\u00e9ho syntetick\u00e9ho semi\u0161e a nab\u00edzej\u00ed vynikaj\u00edc\u00ed pohodl\u00ed, ani\u017e by byla sn\u00ed\u017eena jejich odolnost. Z\u00e1\u0159iv\u00e9 \u010derven\u00e9 a oran\u017eov\u00e9 barevn\u00e9 sch\u00e9ma jim dod\u00e1v\u00e1 nejen dynamick\u00fd, profesion\u00e1ln\u00ed vzhled, ale tak\u00e9 zlep\u0161uje viditelnost rukou v d\u00edln\u011b i venku.<\/p>\n<p class=\"\" data-start=\"1014\" data-end=\"1452\">Plocha pro dlan\u011b je postavena s <strong data-start=\"1044\" data-end=\"1103\">specializovan\u00e1 protiskluzov\u00e1 syntetick\u00e1 k\u016f\u017ee s mikro vzorem<\/strong>, kter\u00e9 poskytuj\u00ed v\u00fdjime\u010dnou p\u0159ilnavost na mastn\u00e9m, mokr\u00e9m i such\u00e9m povrchu. Zes\u00edlen\u00e9 polstrov\u00e1n\u00ed sedla palce zaji\u0161\u0165uje zv\u00fd\u0161enou odolnost v oblastech s vysok\u00fdm opot\u0159eben\u00edm, tak\u017ee tyto rukavice vydr\u017e\u00ed opakovan\u00e9 pou\u017e\u00edv\u00e1n\u00ed, ani\u017e by se roztrhly nebo roztrhly. H\u0159bet ruky je vybaven \u017eebrovan\u00fdmi pru\u017en\u00fdmi panely, kter\u00e9 podporuj\u00ed p\u0159irozen\u00fd pohyb ruky a zabra\u0148uj\u00ed \u00fanav\u011b p\u0159i opakovan\u00fdch \u00fakonech.<\/p>\n<p class=\"\" data-start=\"1454\" data-end=\"1783\">Ergonomick\u00fd st\u0159ih zaji\u0161\u0165uje p\u0159esnou manipulaci, tak\u017ee tyto rukavice jsou ide\u00e1ln\u00ed pro \u00fakoly vy\u017eaduj\u00edc\u00ed obratnost a kontrolu, jako je pou\u017e\u00edv\u00e1n\u00ed \u0161roubov\u00e1k\u016f, kle\u0161t\u00ed nebo elektrick\u00e9ho n\u00e1\u0159ad\u00ed. Nastaviteln\u00e9 zap\u00edn\u00e1n\u00ed na such\u00fd zip na z\u00e1p\u011bst\u00ed zaji\u0161\u0165uje bezpe\u010dn\u00e9 a p\u0159izp\u016fsoben\u00e9 no\u0161en\u00ed, kter\u00e9 zabra\u0148uje vniknut\u00ed ne\u010distot a \u00falomk\u016f a z\u00e1rove\u0148 umo\u017e\u0148uje snadn\u00e9 zap\u00edn\u00e1n\u00ed a vyp\u00edn\u00e1n\u00ed.<\/p>\n<p class=\"\" data-start=\"1785\" data-end=\"2021\">Lehk\u00e9 a prody\u0161n\u00e9 mechanick\u00e9 rukavice RYINZ jsou \u0159e\u0161en\u00edm pro ka\u017edodenn\u00ed pou\u017eit\u00ed v \u0161irok\u00e9 \u0161k\u00e1le pr\u016fmyslov\u00fdch odv\u011btv\u00ed. Rukavice lze tak\u00e9 pr\u00e1t v pra\u010dce, co\u017e usnad\u0148uje jejich \u00fadr\u017ebu a podporuje dlouhodobou hygienu a pou\u017eitelnost.<\/p>\n<p class=\"\" data-start=\"2023\" data-end=\"2040\"><strong data-start=\"2023\" data-end=\"2040\">Kl\u00ed\u010dov\u00e9 vlastnosti:<\/strong><\/p>\n<ul data-start=\"2041\" data-end=\"2477\">\n<li class=\"\" data-start=\"2041\" data-end=\"2098\">\n<p class=\"\" data-start=\"2043\" data-end=\"2098\">Lehk\u00e1 a prody\u0161n\u00e1 konstrukce pro celodenn\u00ed no\u0161en\u00ed<\/p>\n<\/li>\n<li class=\"\" data-start=\"2099\" data-end=\"2156\">\n<p class=\"\" data-start=\"2101\" data-end=\"2156\">\u010cerven\u00e1\/oran\u017eov\u00e1 barva s vysokou viditelnost\u00ed pro zv\u00fd\u0161en\u00ed bezpe\u010dnosti<\/p>\n<\/li>\n<li class=\"\" data-start=\"2157\" data-end=\"2209\">\n<p class=\"\" data-start=\"2159\" data-end=\"2209\">Pru\u017en\u00e9 \u017eebrovan\u00e9 panely pro maxim\u00e1ln\u00ed pohyblivost rukou<\/p>\n<\/li>\n<li class=\"\" data-start=\"2210\" data-end=\"2267\">\n<p class=\"\" data-start=\"2212\" data-end=\"2267\">Protiskluzov\u00e1 dla\u0148 se syntetickou k\u016f\u017e\u00ed s mikro vzorem<\/p>\n<\/li>\n<li class=\"\" data-start=\"2268\" data-end=\"2321\">\n<p class=\"\" data-start=\"2270\" data-end=\"2321\">Zes\u00edlen\u00e9 sedlo palce pro v\u011bt\u0161\u00ed ochranu proti opot\u0159eben\u00ed<\/p>\n<\/li>\n<li class=\"\" data-start=\"2322\" data-end=\"2368\">\n<p class=\"\" data-start=\"2324\" data-end=\"2368\">Nastaviteln\u00fd p\u00e1sek na such\u00fd zip na z\u00e1p\u011bst\u00ed pro pevn\u00e9 uchycen\u00ed<\/p>\n<\/li>\n<li class=\"\" data-start=\"2369\" data-end=\"2403\">\n<p class=\"\" data-start=\"2371\" data-end=\"2403\">Lze pr\u00e1t v pra\u010dce pro snadnou \u00fadr\u017ebu<\/p>\n<\/li>\n<li class=\"\" data-start=\"2404\" data-end=\"2477\">\n<p class=\"\" data-start=\"2406\" data-end=\"2477\">Ide\u00e1ln\u00ed pro lehk\u00e9 a\u017e st\u0159edn\u011b t\u011b\u017ek\u00e9 mechanick\u00e9 pr\u00e1ce, \u00fadr\u017ebu a kutilsk\u00e9 pr\u00e1ce.<\/p>\n<\/li>\n<\/ul>\n<p class=\"\" data-start=\"2479\" data-end=\"2494\"><strong data-start=\"2479\" data-end=\"2494\">Ide\u00e1ln\u00ed pou\u017eit\u00ed:<\/strong><\/p>\n<ul data-start=\"2495\" data-end=\"2733\">\n<li class=\"\" data-start=\"2495\" data-end=\"2531\">\n<p class=\"\" data-start=\"2497\" data-end=\"2531\">Opravy a \u00fadr\u017eba d\u00edlny<\/p>\n<\/li>\n<li class=\"\" data-start=\"2532\" data-end=\"2567\">\n<p class=\"\" data-start=\"2534\" data-end=\"2567\">Opravy a mont\u00e1\u017e automobil\u016f<\/p>\n<\/li>\n<li class=\"\" data-start=\"2568\" data-end=\"2598\">\n<p class=\"\" data-start=\"2570\" data-end=\"2598\">Obecn\u00e1 manipulace ve skladu<\/p>\n<\/li>\n<li class=\"\" data-start=\"2599\" data-end=\"2628\">\n<p class=\"\" data-start=\"2601\" data-end=\"2628\">Projekty na zlep\u0161en\u00ed dom\u00e1cnosti<\/p>\n<\/li>\n<li class=\"\" data-start=\"2629\" data-end=\"2662\">\n<p class=\"\" data-start=\"2631\" data-end=\"2662\">Kutilsk\u00e9 pr\u00e1ce se d\u0159evem a kovem<\/p>\n<\/li>\n<li class=\"\" data-start=\"2663\" data-end=\"2689\">\n<p class=\"\" data-start=\"2665\" data-end=\"2689\">Lehk\u00e9 pr\u016fmyslov\u00e9 \u00fakoly<\/p>\n<\/li>\n<li class=\"\" data-start=\"2690\" data-end=\"2733\">\n<p class=\"\" data-start=\"2692\" data-end=\"2733\">Cyklistika, zahradni\u010den\u00ed a rekrea\u010dn\u00ed vyu\u017eit\u00ed<\/p>\n<\/li>\n<\/ul>\n<p class=\"\" data-start=\"2735\" data-end=\"2925\">Tyto rukavice jsou nab\u00edzeny v cel\u00e9 \u0159ad\u011b velikost\u00ed a lze je objednat ve standardn\u00edm proveden\u00ed, proveden\u00ed na m\u00edru nebo proveden\u00ed s vlastn\u00ed zna\u010dkou. <strong data-start=\"2849\" data-end=\"2883\">K dispozici jsou slu\u017eby OEM\/ODM<\/strong> pro partnery, kte\u0159\u00ed cht\u011bj\u00ed p\u0159izp\u016fsobit zna\u010dku.<\/p>\n<p class=\"\" data-start=\"2927\" data-end=\"3123\"><strong data-start=\"2927\" data-end=\"2949\">Pokyny pro p\u00e9\u010di:<\/strong><br data-start=\"2949\" data-end=\"2952\" \/>Pran\u00ed v pra\u010dce za studena s jemn\u00fdm prac\u00edm prost\u0159edkem. Su\u0161te na vzduchu. Neb\u011blit a nesu\u0161it v su\u0161i\u010dce. Rukavice pravideln\u011b kontrolujte, zda nejsou po\u0161kozen\u00e9 nebo opot\u0159ebovan\u00e9, a v p\u0159\u00edpad\u011b pot\u0159eby je vym\u011b\u0148te, abyste zajistili maxim\u00e1ln\u00ed ochranu.<\/p>\n<p class=\"\" data-start=\"3125\" data-end=\"3291\">Se spole\u010dnost\u00ed RYINZ m\u016f\u017eete t\u011b\u017eit z prvot\u0159\u00eddn\u00ed v\u00fdroby, evropsk\u00fdch standard\u016f kvality a desetilet\u00ed trvaj\u00edc\u00edho \u00fasil\u00ed o vytvo\u0159en\u00ed nejspolehliv\u011bj\u0161\u00edch \u0159e\u0161en\u00ed ochrany rukou.<\/p>","protected":false},"excerpt":{"rendered":"<p>Prody\u0161n\u00e9 mechanick\u00e9 rukavice RYINZ, navr\u017een\u00e9 pro optim\u00e1ln\u00ed flexibilitu a kontrolu, jsou va\u0161\u00edm nepostradateln\u00fdm spole\u010dn\u00edkem p\u0159i ka\u017edodenn\u00edch pracovn\u00edch \u00fakonech. A\u0165 u\u017e opravujete stroje, montujete sou\u010d\u00e1stky nebo pracujete na dom\u00e1c\u00edch kutilsk\u00fdch projektech, tyto rukavice zajist\u00ed, \u017ee va\u0161e ruce z\u016fstanou chr\u00e1n\u011bn\u00e9, pohodln\u00e9 a hbit\u00e9. Jejich lehk\u00e1 a rozta\u017eiteln\u00e1 konstrukce nab\u00edz\u00ed volnost pohybu, ani\u017e by byla ob\u011btov\u00e1na pevnost \u00fachopu nebo odolnost. D\u00edky vyztu\u017een\u00fdm dlan\u00edm a bezpe\u010dn\u00e9mu zap\u00edn\u00e1n\u00ed na z\u00e1p\u011bst\u00ed budou va\u0161e ruce p\u0159ipraveny na jakoukoli v\u00fdzvu - od slo\u017eit\u00fdch mechanick\u00fdch oprav a\u017e po b\u011b\u017enou dom\u00e1c\u00ed \u00fadr\u017ebu. S v\u00fdkonn\u00fdmi rukavicemi RYINZ z\u016fstanete v bezpe\u010d\u00ed, efektivn\u00ed a v pohybu.<\/p>","protected":false},"featured_media":8975,"comment_status":"closed","ping_status":"closed","template":"","meta":[],"product_brand":[35],"product_cat":[82,83],"product_tag":[88,89],"class_list":{"0":"post-8916","1":"product","2":"type-product","3":"status-publish","4":"has-post-thumbnail","6":"product_brand-ryinz","7":"product_cat-mechanic-industrial-gloves","8":"product_cat-mechanics-gloves","9":"product_tag-customizable-work-gloves","10":"product_tag-pu-rexon-mechanics-gloves","12":"first","13":"instock","14":"taxable","15":"shipping-taxable","16":"purchasable","17":"product-type-simple"},"_links":{"self":[{"href":"https:\/\/ryinz.cz\/velkoobchod\/cs\/wp-json\/wp\/v2\/product\/8916","targetHints":{"allow":["GET"]}}],"collection":[{"href":"https:\/\/ryinz.cz\/velkoobchod\/cs\/wp-json\/wp\/v2\/product"}],"about":[{"href":"https:\/\/ryinz.cz\/velkoobchod\/cs\/wp-json\/wp\/v2\/types\/product"}],"replies":[{"embeddable":true,"href":"https:\/\/ryinz.cz\/velkoobchod\/cs\/wp-json\/wp\/v2\/comments?post=8916"}],"wp:featuredmedia":[{"embeddable":true,"href":"https:\/\/ryinz.cz\/velkoobchod\/cs\/wp-json\/wp\/v2\/media\/8975"}],"wp:attachment":[{"href":"https:\/\/ryinz.cz\/velkoobchod\/cs\/wp-json\/wp\/v2\/media?parent=8916"}],"wp:term":[{"taxonomy":"product_brand","embeddable":true,"href":"https:\/\/ryinz.cz\/velkoobchod\/cs\/wp-json\/wp\/v2\/product_brand?post=8916"},{"taxonomy":"product_cat","embeddable":true,"href":"https:\/\/ryinz.cz\/velkoobchod\/cs\/wp-json\/wp\/v2\/product_cat?post=8916"},{"taxonomy":"product_tag","embeddable":true,"href":"https:\/\/ryinz.cz\/velkoobchod\/cs\/wp-json\/wp\/v2\/product_tag?post=8916"}],"curies":[{"name":"wp","href":"https:\/\/api.w.org\/{rel}","templated":true}]}}