{"id":8915,"date":"2025-06-22T15:21:06","date_gmt":"2025-06-22T15:21:06","guid":{"rendered":"https:\/\/ryinz.cz\/velkoobchod\/?post_type=product&#038;p=8915"},"modified":"2026-01-18T20:16:49","modified_gmt":"2026-01-18T20:16:49","slug":"ryinz-tezke-narazuvzdorne-mechanicke-rukavice-ochrana-proti-porezani-olejova-prilnavost-antivibracni-pracovni-rukavice-pro-prumyslove-pouziti","status":"publish","type":"product","link":"https:\/\/ryinz.cz\/velkoobchod\/cs\/product\/ryinz-heavy-duty-impact-resistant-mechanics-gloves-cut-protection-oil-grip-anti-vibration-work-gloves-for-industrial-use\/","title":{"rendered":"RYINZ Heavy-Duty Mechanick\u00e9 rukavice odoln\u00e9 proti n\u00e1razu - ochrana proti po\u0159ez\u00e1n\u00ed, p\u0159ilnavost oleje, antivibra\u010dn\u00ed pracovn\u00ed rukavice pro pr\u016fmyslov\u00e9 pou\u017eit\u00ed"},"content":{"rendered":"<p class=\"\" data-start=\"323\" data-end=\"637\">Vstupte do sv\u011bta pokro\u010dil\u00e9 ochrany rukou s <strong data-start=\"376\" data-end=\"430\">Mechanick\u00e9 rukavice RYINZ odoln\u00e9 proti n\u00e1raz\u016fm<\/strong> - navr\u017een\u00e9 pro profesion\u00e1ly pracuj\u00edc\u00ed v nejn\u00e1ro\u010dn\u011bj\u0161\u00edch podm\u00ednk\u00e1ch. Tyto rukavice jsou v\u00edc ne\u017e pouh\u00fd od\u011bv na ruce; jsou \u0161t\u00edtem vytvo\u0159en\u00fdm tak, aby odol\u00e1val n\u00e1raz\u016fm, vibrac\u00edm, po\u0159ez\u00e1n\u00ed a p\u016fsoben\u00ed oleje nebo chemik\u00e1li\u00ed.<\/p>\n<p class=\"\" data-start=\"639\" data-end=\"979\">Vn\u011bj\u0161\u00ed pl\u00e1\u0161\u0165 je vybaven vysoce v\u00fdkonn\u00fdm <strong data-start=\"683\" data-end=\"720\">tkanina s p\u0159\u00edm\u011bs\u00ed HPPE odoln\u00e1 proti pro\u0159\u00edznut\u00ed.<\/strong> kter\u00e1 chr\u00e1n\u00ed ruce p\u0159ed ostr\u00fdmi hranami, \u010depelemi nebo rozbit\u00fdm sklem. Tento vysoce odoln\u00fd materi\u00e1l poskytuje ochranu proti po\u0159ez\u00e1n\u00ed na \u00farovni ANSI\/EN388 a z\u00e1rove\u0148 zachov\u00e1v\u00e1 pru\u017enost a obratnost, co\u017e je d\u016fle\u017eit\u00e9 pro odv\u011btv\u00ed, kde z\u00e1le\u017e\u00ed na bezpe\u010dnosti i jemn\u00e9 motorice.<\/p>\n<p class=\"\" data-start=\"981\" data-end=\"1307\">Jednou z nejv\u00fdznamn\u011bj\u0161\u00edch vlastnost\u00ed rukavic je. <strong data-start=\"1025\" data-end=\"1061\">Panc\u00e9\u0159ov\u00e1n\u00ed z termoplastick\u00e9 pry\u017ee (TPR)<\/strong> strategicky rozm\u00edst\u011bn\u00e9 po kloubech, prstech a h\u0159betu ruky. Tato ochrana z TPR tlum\u00ed a odr\u00e1\u017e\u00ed n\u00e1razy, tak\u017ee je ide\u00e1ln\u00ed pro ropn\u00e9 plo\u0161iny, d\u016fln\u00ed, automobilov\u00e9, demoli\u010dn\u00ed a t\u011b\u017ek\u00e9 strojn\u00ed provozy, kde hroz\u00ed \u010dast\u00e9 zran\u011bn\u00ed zp\u016fsoben\u00e9 rozdrcen\u00edm.<\/p>\n<p class=\"\" data-start=\"1309\" data-end=\"1652\">Dla\u0148 je pota\u017eena <strong data-start=\"1333\" data-end=\"1364\">protiskluzov\u00e9 nitrilov\u00e9 \u00fachopov\u00e9 z\u00f3ny<\/strong>, co\u017e zaji\u0161\u0165uje pevn\u00e9 uchycen\u00ed na mastn\u00fdch nebo mokr\u00fdch n\u00e1stroj\u00edch. Tato povrchov\u00e1 \u00faprava rukojeti je odoln\u00e1 proti od\u011bru a poskytuje dlouhotrvaj\u00edc\u00ed v\u00fdkon v kluzk\u00e9m nebo drsn\u00e9m prost\u0159ed\u00ed. V oblastech s vysok\u00fdm opot\u0159eben\u00edm, jako je rozkrok palce a kone\u010dky prst\u016f, jsou um\u00edst\u011bny zes\u00edlen\u00e9 z\u00e1platy, kter\u00e9 prodlu\u017euj\u00ed \u017eivotnost rukavic a zabra\u0148uj\u00ed jejich protr\u017een\u00ed.<\/p>\n<p class=\"\" data-start=\"1654\" data-end=\"1897\">Vnit\u0159n\u00ed strana je pod\u0161it\u00e1 m\u011bkkou a prody\u0161nou tkaninou odv\u00e1d\u011bj\u00edc\u00ed vlhkost, kter\u00e1 udr\u017e\u00ed va\u0161e ruce v suchu i p\u0159i del\u0161\u00edm pou\u017e\u00edv\u00e1n\u00ed. Ergonomick\u00e9 tvarov\u00e1n\u00ed a stre\u010dov\u00e9 z\u00f3ny kop\u00edruj\u00ed p\u0159irozen\u00fd tvar ruky a poskytuj\u00ed pohodl\u00ed, ani\u017e by omezovaly pohyb.<\/p>\n<p class=\"\" data-start=\"1899\" data-end=\"2097\">Rukavice RYINZ jsou nejen ochrann\u00e9, ale tak\u00e9 p\u0159izp\u016fsobiv\u00e9. A\u0165 u\u017e utahujete \u0161rouby, nakl\u00e1d\u00e1te n\u00e1klad, obsluhujete stroje nebo manipulujete s ostr\u00fdm plechem, tyto rukavice nab\u00edzej\u00ed plnospektr\u00e1ln\u00ed ochranu.<\/p>\n<p class=\"\" data-start=\"2099\" data-end=\"2120\"><strong data-start=\"2099\" data-end=\"2120\">Vlastnosti produktu:<\/strong><\/p>\n<ul data-start=\"2122\" data-end=\"3097\">\n<li class=\"\" data-start=\"2122\" data-end=\"2223\">\n<p class=\"\" data-start=\"2124\" data-end=\"2223\"><strong data-start=\"2124\" data-end=\"2148\">Pl\u00e1\u0161\u0165 odoln\u00fd proti pro\u0159\u00edznut\u00ed:<\/strong> Vlo\u017eka HPPE s klasifikac\u00ed ANSI\/EN388 pro vysokou odolnost proti ost\u0159\u00ed a prop\u00edchnut\u00ed<\/p>\n<\/li>\n<li class=\"\" data-start=\"2224\" data-end=\"2326\">\n<p class=\"\" data-start=\"2226\" data-end=\"2326\"><strong data-start=\"2226\" data-end=\"2248\">Ochrana proti n\u00e1razu:<\/strong> TPR panc\u00ed\u0159 na kloubech a prstech pro vynikaj\u00edc\u00ed ochranu proti rozdrcen\u00ed a n\u00e1razu<\/p>\n<\/li>\n<li class=\"\" data-start=\"2327\" data-end=\"2437\">\n<p class=\"\" data-start=\"2329\" data-end=\"2437\"><strong data-start=\"2329\" data-end=\"2352\">Rukoje\u0165 odoln\u00e1 proti oleji:<\/strong> Vysoce p\u0159ilnav\u00fd nitrilov\u00fd povlak na dlani pro vynikaj\u00edc\u00ed p\u0159ilnavost v mokr\u00fdch nebo mastn\u00fdch podm\u00ednk\u00e1ch.<\/p>\n<\/li>\n<li class=\"\" data-start=\"2438\" data-end=\"2532\">\n<p class=\"\" data-start=\"2440\" data-end=\"2532\"><strong data-start=\"2440\" data-end=\"2458\">Odoln\u00e1 konstrukce:<\/strong> Zes\u00edlen\u00fd palec a kone\u010dky prst\u016f prodlu\u017euj\u00ed \u017eivotnost rukavic p\u0159i n\u00e1ro\u010dn\u00e9m pou\u017e\u00edv\u00e1n\u00ed.<\/p>\n<\/li>\n<li class=\"\" data-start=\"2533\" data-end=\"2634\">\n<p class=\"\" data-start=\"2535\" data-end=\"2634\"><strong data-start=\"2535\" data-end=\"2553\">Ergonomick\u00fd st\u0159ih:<\/strong> Pru\u017en\u00fd st\u0159ih, p\u0159edehnut\u00e9 prsty a prody\u0161n\u00e1 pod\u0161\u00edvka zaji\u0161\u0165uj\u00ed celodenn\u00ed pohodl\u00ed.<\/p>\n<\/li>\n<li class=\"\" data-start=\"2635\" data-end=\"2738\">\n<p class=\"\" data-start=\"2637\" data-end=\"2738\"><strong data-start=\"2637\" data-end=\"2652\">Bezpe\u010dn\u00e9 uchycen\u00ed:<\/strong> Zap\u00edn\u00e1n\u00ed na z\u00e1p\u011bst\u00ed na h\u00e1\u010dky a smy\u010dky nab\u00edz\u00ed mo\u017enost nastaven\u00ed a pom\u00e1h\u00e1 udr\u017eet ne\u010distoty a ne\u010distoty venku.<\/p>\n<\/li>\n<li class=\"\" data-start=\"2739\" data-end=\"2821\">\n<p class=\"\" data-start=\"2741\" data-end=\"2821\"><strong data-start=\"2741\" data-end=\"2766\">Roz\u0161\u00ed\u0159en\u00fd design man\u017eety:<\/strong> Zv\u00fd\u0161en\u00e1 ochrana z\u00e1p\u011bst\u00ed se snadn\u00fdm obl\u00e9k\u00e1n\u00edm a svl\u00e9k\u00e1n\u00edm<\/p>\n<\/li>\n<li class=\"\" data-start=\"2822\" data-end=\"2908\">\n<p class=\"\" data-start=\"2824\" data-end=\"2908\"><strong data-start=\"2824\" data-end=\"2851\">Odolnost proti teplu a roztr\u017een\u00ed:<\/strong> V\u00edcevrstv\u00e1 struktura odol\u00e1v\u00e1 opot\u0159eben\u00ed, teplu a t\u0159en\u00ed.<\/p>\n<\/li>\n<li class=\"\" data-start=\"2909\" data-end=\"2986\">\n<p class=\"\" data-start=\"2911\" data-end=\"2986\"><strong data-start=\"2911\" data-end=\"2932\">Lze pr\u00e1t v pra\u010dce:<\/strong> Zachov\u00e1v\u00e1 tvar a v\u00fdkon i po n\u011bkolikan\u00e1sobn\u00e9m vypr\u00e1n\u00ed<\/p>\n<\/li>\n<li class=\"\" data-start=\"2987\" data-end=\"3097\">\n<p class=\"\" data-start=\"2989\" data-end=\"3097\"><strong data-start=\"2989\" data-end=\"3019\">V\u00edce\u00fa\u010delov\u00e9 aplikace:<\/strong> Ide\u00e1ln\u00ed pro ropn\u00fd a plyn\u00e1rensk\u00fd pr\u016fmysl, stavebnictv\u00ed, t\u011b\u017ekou techniku, hornictv\u00ed a kovov\u00fdrobu.<\/p>\n<\/li>\n<\/ul>\n<p class=\"\" data-start=\"3099\" data-end=\"3128\"><strong data-start=\"3099\" data-end=\"3128\">Doporu\u010den\u00ed pro p\u0159\u00edpad pou\u017eit\u00ed:<\/strong><\/p>\n<ul data-start=\"3130\" data-end=\"3360\">\n<li class=\"\" data-start=\"3130\" data-end=\"3164\">\n<p class=\"\" data-start=\"3132\" data-end=\"3164\">Mechanici a autotechnici<\/p>\n<\/li>\n<li class=\"\" data-start=\"3165\" data-end=\"3208\">\n<p class=\"\" data-start=\"3167\" data-end=\"3208\">Provozovatel\u00e9 ropn\u00fdch plo\u0161in a vrt\u016f na mo\u0159i<\/p>\n<\/li>\n<li class=\"\" data-start=\"3209\" data-end=\"3238\">\n<p class=\"\" data-start=\"3211\" data-end=\"3238\">Obsluha t\u011b\u017ek\u00fdch za\u0159\u00edzen\u00ed<\/p>\n<\/li>\n<li class=\"\" data-start=\"3239\" data-end=\"3269\">\n<p class=\"\" data-start=\"3241\" data-end=\"3269\">Demolice a z\u00e1chrann\u00e9 pr\u00e1ce<\/p>\n<\/li>\n<li class=\"\" data-start=\"3270\" data-end=\"3306\">\n<p class=\"\" data-start=\"3272\" data-end=\"3306\">T\u011b\u017eebn\u00ed a v\u00fdkopov\u00e9 pr\u00e1ce<\/p>\n<\/li>\n<li class=\"\" data-start=\"3307\" data-end=\"3335\">\n<p class=\"\" data-start=\"3309\" data-end=\"3335\">Manipulace s ocel\u00ed a sklem<\/p>\n<\/li>\n<li class=\"\" data-start=\"3336\" data-end=\"3360\">\n<p class=\"\" data-start=\"3338\" data-end=\"3360\">V\u0161eobecn\u00e9 pr\u016fmyslov\u00e9 pou\u017eit\u00ed<\/p>\n<\/li>\n<\/ul>\n<p class=\"\" data-start=\"3362\" data-end=\"3389\"><strong data-start=\"3362\" data-end=\"3389\">Specifikace produktu:<\/strong><\/p>\n<ul data-start=\"3391\" data-end=\"3881\">\n<li class=\"\" data-start=\"3391\" data-end=\"3468\">\n<p class=\"\" data-start=\"3393\" data-end=\"3468\"><strong data-start=\"3393\" data-end=\"3406\">Materi\u00e1l:<\/strong> HPPE pl\u00e1\u0161\u0165 odoln\u00fd proti pro\u0159\u00edznut\u00ed, nitrilov\u00e1 dla\u0148, ochrana zad z TPR<\/p>\n<\/li>\n<li class=\"\" data-start=\"3469\" data-end=\"3534\">\n<p class=\"\" data-start=\"3471\" data-end=\"3534\"><strong data-start=\"3471\" data-end=\"3486\">Rozsah velikost\u00ed:<\/strong> S - XXL (na vy\u017e\u00e1d\u00e1n\u00ed jsou k dispozici vlastn\u00ed velikosti)<\/p>\n<\/li>\n<li class=\"\" data-start=\"3535\" data-end=\"3607\">\n<p class=\"\" data-start=\"3537\" data-end=\"3607\"><strong data-start=\"3537\" data-end=\"3555\">Mo\u017enosti barev:<\/strong> \u0160ed\u00e1\/oran\u017eov\u00e1\/\u010dern\u00e1 (vlastn\u00ed barvy pro hromadn\u00e9 objedn\u00e1vky)<\/p>\n<\/li>\n<li class=\"\" data-start=\"3608\" data-end=\"3674\">\n<p class=\"\" data-start=\"3610\" data-end=\"3674\"><strong data-start=\"3610\" data-end=\"3625\">Dodr\u017eov\u00e1n\u00ed p\u0159edpis\u016f:<\/strong> EN388 Cut Level, CE Certified, Reach compliant<\/p>\n<\/li>\n<li class=\"\" data-start=\"3675\" data-end=\"3757\">\n<p class=\"\" data-start=\"3677\" data-end=\"3757\"><strong data-start=\"3677\" data-end=\"3703\">MOQ pro p\u0159izp\u016fsoben\u00ed:<\/strong> 500 p\u00e1r\u016f (s logem, obalem nebo barevn\u00fdm slad\u011bn\u00edm)<\/p>\n<\/li>\n<li class=\"\" data-start=\"3758\" data-end=\"3826\">\n<p class=\"\" data-start=\"3760\" data-end=\"3826\"><strong data-start=\"3760\" data-end=\"3774\">Balen\u00ed:<\/strong> K dispozici jsou jednotliv\u00e9 polyetylenov\u00e9 s\u00e1\u010dky nebo balen\u00ed na zak\u00e1zku<\/p>\n<\/li>\n<li class=\"\" data-start=\"3827\" data-end=\"3881\">\n<p class=\"\" data-start=\"3829\" data-end=\"3881\"><strong data-start=\"3829\" data-end=\"3853\">V\u00fdrobn\u00ed kapacita:<\/strong> A\u017e 100 000 p\u00e1r\u016f\/m\u011bs\u00edc<\/p>\n<\/li>\n<\/ul>\n<p class=\"\" data-start=\"3883\" data-end=\"4293\"><strong data-start=\"3883\" data-end=\"3904\">Pro\u010d si vybrat RYINZ?<\/strong><br data-start=\"3904\" data-end=\"3907\" \/>Na adrese <strong data-start=\"3910\" data-end=\"3919\">RYINZ<\/strong>, spojujeme <strong data-start=\"3939\" data-end=\"3972\">Zku\u0161enosti s asijskou v\u00fdrobou<\/strong> s <strong data-start=\"3978\" data-end=\"4009\">Evropsk\u00e9 normy pro z\u00edsk\u00e1v\u00e1n\u00ed zdroj\u016f<\/strong>, co\u017e zaji\u0161\u0165uje kvalitu, konzistenci a \u0161k\u00e1lovatelnost pro va\u0161e pr\u016fmyslov\u00e9 pot\u0159eby. Na\u0161e rukavice jsou d\u016fkladn\u011b testov\u00e1ny, ov\u011b\u0159eny v praxi a d\u016fv\u011b\u0159uj\u00ed jim profesion\u00e1lov\u00e9 ve 28 zem\u00edch. A\u0165 u\u017e pot\u0159ebujete velkoobjemov\u00e9 objedn\u00e1vky, vlastn\u00ed zna\u010dku nebo spolehliv\u00e9ho partnera pro B2B z\u00e1sobov\u00e1n\u00ed - spole\u010dnost RYINZ poskytuje dokonalost.<\/p>","protected":false},"excerpt":{"rendered":"<p><strong data-start=\"4350\" data-end=\"4394\">Mechanick\u00e9 rukavice RYINZ pro t\u011b\u017ek\u00e9 n\u00e1razy<\/strong> poskytuj\u00ed pr\u00e9miovou ochranu tam, kde je to nejd\u016fle\u017eit\u011bj\u0161\u00ed - v pr\u00e1ci. Rukavice s pl\u00e1\u0161t\u011bm HPPE odoln\u00fdm proti pro\u0159\u00edznut\u00ed a \u0161t\u00edty TPR absorbuj\u00edc\u00edmi n\u00e1razy zaji\u0161\u0165uj\u00ed bezpe\u010dnost rukou v nejn\u00e1ro\u010dn\u011bj\u0161\u00edch pr\u016fmyslov\u00fdch prost\u0159ed\u00edch. Protiskluzov\u00e9 nitrilov\u00e9 dlan\u011b poskytuj\u00ed nep\u0159ekonateln\u00fd \u00fachop v olejov\u00e9m nebo mokr\u00e9m prost\u0159ed\u00ed, zat\u00edmco zes\u00edlen\u00e9 z\u00f3ny s vysok\u00fdm opot\u0159eben\u00edm prodlu\u017euj\u00ed \u017eivotnost. D\u00edky pohodln\u00e9mu st\u0159ihu, prody\u0161n\u00e9 pod\u0161\u00edvce a ergonomick\u00e9mu tvaru jsou ide\u00e1ln\u00ed pro dlouhodob\u00e9 pou\u017e\u00edv\u00e1n\u00ed. Jsou stvo\u0159eny pro stavebn\u00ed, ropn\u00e9 a plyn\u00e1rensk\u00e9, automobilov\u00e9 a demoli\u010dn\u00ed pr\u00e1ce - p\u0159edstavuj\u00ed dokonal\u00e9 bezpe\u010dnostn\u00ed \u0159e\u0161en\u00ed.<\/p>","protected":false},"featured_media":8980,"comment_status":"closed","ping_status":"closed","template":"","meta":[],"product_brand":[35],"product_cat":[83],"product_tag":[86,87],"class_list":{"0":"post-8915","1":"product","2":"type-product","3":"status-publish","4":"has-post-thumbnail","6":"product_brand-ryinz","7":"product_cat-mechanics-gloves","8":"product_tag-heavy-duty-gloves","9":"product_tag-work-gloves","11":"first","12":"instock","13":"taxable","14":"shipping-taxable","15":"purchasable","16":"product-type-simple"},"_links":{"self":[{"href":"https:\/\/ryinz.cz\/velkoobchod\/cs\/wp-json\/wp\/v2\/product\/8915","targetHints":{"allow":["GET"]}}],"collection":[{"href":"https:\/\/ryinz.cz\/velkoobchod\/cs\/wp-json\/wp\/v2\/product"}],"about":[{"href":"https:\/\/ryinz.cz\/velkoobchod\/cs\/wp-json\/wp\/v2\/types\/product"}],"replies":[{"embeddable":true,"href":"https:\/\/ryinz.cz\/velkoobchod\/cs\/wp-json\/wp\/v2\/comments?post=8915"}],"wp:featuredmedia":[{"embeddable":true,"href":"https:\/\/ryinz.cz\/velkoobchod\/cs\/wp-json\/wp\/v2\/media\/8980"}],"wp:attachment":[{"href":"https:\/\/ryinz.cz\/velkoobchod\/cs\/wp-json\/wp\/v2\/media?parent=8915"}],"wp:term":[{"taxonomy":"product_brand","embeddable":true,"href":"https:\/\/ryinz.cz\/velkoobchod\/cs\/wp-json\/wp\/v2\/product_brand?post=8915"},{"taxonomy":"product_cat","embeddable":true,"href":"https:\/\/ryinz.cz\/velkoobchod\/cs\/wp-json\/wp\/v2\/product_cat?post=8915"},{"taxonomy":"product_tag","embeddable":true,"href":"https:\/\/ryinz.cz\/velkoobchod\/cs\/wp-json\/wp\/v2\/product_tag?post=8915"}],"curies":[{"name":"wp","href":"https:\/\/api.w.org\/{rel}","templated":true}]}}