{"id":8913,"date":"2025-06-22T15:21:05","date_gmt":"2025-06-22T15:21:05","guid":{"rendered":"https:\/\/ryinz.cz\/velkoobchod\/?post_type=product&#038;p=8913"},"modified":"2026-01-18T20:16:48","modified_gmt":"2026-01-18T20:16:48","slug":"ryinz-cerne-prosivane-lyzarske-rukavice-zateplene-nepromokave-zimni-rukavice-s-protiskluzovou-rukojeti-pro-snowboarding-alpske-pouziti","status":"publish","type":"product","link":"https:\/\/ryinz.cz\/velkoobchod\/cs\/product\/ryinz-black-quilted-ski-snow-gloves-insulated-waterproof-winter-gloves-with-anti-slip-grip-for-snowboarding-alpine-use\/","title":{"rendered":"RYINZ Black Quilted Ski &amp; Snow Gloves - zateplen\u00e9, vod\u011bodoln\u00e9, zimn\u00ed rukavice s protiskluzov\u00fdm gripem pro snowboarding a alpsk\u00e9 ly\u017eov\u00e1n\u00ed"},"content":{"rendered":"<p class=\"\" data-start=\"344\" data-end=\"786\">Vydejte se do extr\u00e9mn\u00edch mraz\u016f s vynikaj\u00edc\u00ed ochranou a v\u00fdkonem v modelu <strong data-start=\"413\" data-end=\"448\">RYINZ GMFG-32 Ly\u017ea\u0159sk\u00e9 a sn\u011bhov\u00e9 rukavice<\/strong> - odborn\u011b navr\u017een\u00e9 pro snowboardisty, ly\u017ea\u0159e a outdoorov\u00e9 profesion\u00e1ly, kte\u0159\u00ed vy\u017eaduj\u00ed odolnost, pohodl\u00ed a styl. Tyto zimn\u00ed rukavice jsou vyrobeny z pro\u0161\u00edvan\u00e9ho vn\u011bj\u0161\u00edho pl\u00e1\u0161t\u011b a precizn\u011b pro\u0161it\u00e9 konstrukce a kombinuj\u00ed teplo a v\u011btruodolnou ochranu s elegantn\u00edm designem \u010dern\u00e9 barvy, kter\u00fd je vhodn\u00fd pro horsk\u00e9 prost\u0159ed\u00ed a zlep\u0161uje formu i funkci.<\/p>\n<p class=\"\" data-start=\"788\" data-end=\"1203\">Vn\u011bj\u0161\u00ed strana rukavice je navr\u017eena s pou\u017eit\u00edm <strong data-start=\"832\" data-end=\"869\">pokro\u010dil\u00e1 tkanina odoln\u00e1 proti pov\u011btrnostn\u00edm vliv\u016fm<\/strong> kter\u00e1 odpuzuje sn\u00edh, vlhkost a v\u00edtr. Matn\u00fd \u010dern\u00fd pro\u0161\u00edvan\u00fd vzor nejen\u017ee dod\u00e1v\u00e1 stylov\u00fd vizu\u00e1ln\u00ed prvek, ale tak\u00e9 zlep\u0161uje udr\u017een\u00ed tepla t\u00edm, \u017ee sni\u017euje pronik\u00e1n\u00ed studen\u00e9ho vzduchu. Tato tkanina je spojena s <strong data-start=\"1070\" data-end=\"1097\">vnit\u0159ek z termovl\u00e1kna<\/strong> pod\u0161\u00edvka zaji\u0161\u0165uje st\u00e1l\u00e9 teplo a pohodl\u00ed po cel\u00fd den, a to i ve vysokohorsk\u00e9m prost\u0159ed\u00ed pod bodem mrazu.<\/p>\n<p class=\"\" data-start=\"1205\" data-end=\"1585\">Strategicky um\u00edst\u011bn\u00e9 <strong data-start=\"1226\" data-end=\"1261\">protiskluzov\u00e9 silikonov\u00e9 vzory rukojet\u00ed<\/strong> na dlani a prstech zlep\u0161uj\u00ed \u00fachop a umo\u017e\u0148uj\u00ed jistou manipulaci s ly\u017ea\u0159sk\u00fdmi h\u016flkami, hranami snowboardu nebo mobiln\u00edmi za\u0159\u00edzen\u00edmi. A\u0165 u\u017e stoup\u00e1te na horu, nebo se \u0159\u00edt\u00edte po sjezdovce, tyto rukavice jsou p\u0159il\u00e9hav\u00e9, citliv\u00e9 a spolehliv\u00e9. Zes\u00edlen\u00e9 z\u00f3ny na m\u00edstech s vysok\u00fdm t\u0159en\u00edm prodlu\u017euj\u00ed odolnost i p\u0159i n\u00e1ro\u010dn\u00e9m a opakovan\u00e9m pou\u017e\u00edv\u00e1n\u00ed.<\/p>\n<p class=\"\" data-start=\"1587\" data-end=\"2024\">Dlouh\u00e1 man\u017eeta na z\u00e1p\u011bst\u00ed obsahuje <strong data-start=\"1626\" data-end=\"1656\">nastaviteln\u00e1 stahovac\u00ed \u0161\u0148\u016frka<\/strong> k ut\u011bsn\u011bn\u00ed sn\u011bhu a udr\u017een\u00ed t\u011blesn\u00e9ho tepla. Elastick\u00fd p\u00e1sek na z\u00e1p\u011bst\u00ed se snadn\u00fdm stahov\u00e1n\u00edm zaji\u0161\u0165uje bezpe\u010dn\u00e9 uchycen\u00ed pro celodenn\u00ed pou\u017e\u00edv\u00e1n\u00ed, zat\u00edmco integrovan\u00e9 klipy udr\u017e\u00ed p\u00e1r pohromad\u011b b\u011bhem chvil mimo slu\u017ebu. Tyto rukavice jsou k dispozici v \u0159ad\u011b velikost\u00ed a podporuj\u00ed p\u0159izp\u016fsoben\u00ed pro zna\u010dky, distributory a maloobchodn\u00ed prodejny, kter\u00e9 cht\u011bj\u00ed roz\u0161\u00ed\u0159it svou zimn\u00ed kolekci o vlastn\u00ed zna\u010den\u00ed.<\/p>\n<p class=\"\" data-start=\"2026\" data-end=\"2165\"><strong data-start=\"2026\" data-end=\"2035\">RYINZ<\/strong> se t\u011b\u0161\u00ed d\u016fv\u011b\u0159e evropsk\u00fdch z\u00e1kazn\u00edk\u016f pro svou kvalitu, pohodl\u00ed a vst\u0159\u00edcn\u00e9 slu\u017eby B2B. Tento model GMFG-32 je p\u0159\u00edkladem tohoto z\u00e1vazku.<\/p>\n<hr class=\"\" data-start=\"2167\" data-end=\"2170\" \/>\n<p class=\"\" data-start=\"2172\" data-end=\"2195\"><strong data-start=\"2172\" data-end=\"2195\">Nejd\u016fle\u017eit\u011bj\u0161\u00ed vlastnosti produktu:<\/strong><\/p>\n<ul data-start=\"2197\" data-end=\"2611\">\n<li class=\"\" data-start=\"2197\" data-end=\"2233\">\n<p class=\"\" data-start=\"2199\" data-end=\"2233\">Pro\u0161\u00edvan\u00fd vn\u011bj\u0161\u00ed pl\u00e1\u0161\u0165 s matnou povrchovou \u00fapravou<\/p>\n<\/li>\n<li class=\"\" data-start=\"2234\" data-end=\"2272\">\n<p class=\"\" data-start=\"2236\" data-end=\"2272\">Vnit\u0159n\u00ed fleecov\u00e1 izolace pro teplo<\/p>\n<\/li>\n<li class=\"\" data-start=\"2273\" data-end=\"2314\">\n<p class=\"\" data-start=\"2275\" data-end=\"2314\">Vod\u011bodoln\u00e9 a v\u011btru odoln\u00e9 materi\u00e1ly<\/p>\n<\/li>\n<li class=\"\" data-start=\"2315\" data-end=\"2348\">\n<p class=\"\" data-start=\"2317\" data-end=\"2348\">Protiskluzov\u00e9 silikonov\u00e9 z\u00f3ny na dlani<\/p>\n<\/li>\n<li class=\"\" data-start=\"2349\" data-end=\"2379\">\n<p class=\"\" data-start=\"2351\" data-end=\"2379\">Zes\u00edlen\u00e9 oblasti s vysok\u00fdm opot\u0159eben\u00edm<\/p>\n<\/li>\n<li class=\"\" data-start=\"2380\" data-end=\"2420\">\n<p class=\"\" data-start=\"2382\" data-end=\"2420\">Nastaviteln\u00e9 stahov\u00e1n\u00ed na z\u00e1p\u011bst\u00ed<\/p>\n<\/li>\n<li class=\"\" data-start=\"2421\" data-end=\"2461\">\n<p class=\"\" data-start=\"2423\" data-end=\"2461\">Dlouh\u00e1 man\u017eeta pro v\u011bt\u0161\u00ed pokryt\u00ed p\u0159edlokt\u00ed<\/p>\n<\/li>\n<li class=\"\" data-start=\"2462\" data-end=\"2502\">\n<p class=\"\" data-start=\"2464\" data-end=\"2502\">Elastick\u00fd z\u00e1p\u011bstn\u00ed popruh s p\u0159ep\u00ednac\u00edm z\u00e1mkem<\/p>\n<\/li>\n<li class=\"\" data-start=\"2503\" data-end=\"2544\">\n<p class=\"\" data-start=\"2505\" data-end=\"2544\">P\u0159edem zak\u0159iven\u00e9 ulo\u017een\u00ed prst\u016f pro lep\u0161\u00ed \u00fachop<\/p>\n<\/li>\n<li class=\"\" data-start=\"2545\" data-end=\"2581\">\n<p class=\"\" data-start=\"2547\" data-end=\"2581\">Z\u00e1mek s klipem pro zav\u011b\u0161en\u00ed nebo sp\u00e1rov\u00e1n\u00ed<\/p>\n<\/li>\n<li class=\"\" data-start=\"2582\" data-end=\"2611\">\n<p class=\"\" data-start=\"2584\" data-end=\"2611\">Lze pr\u00e1t v pra\u010dce a opakovan\u011b pou\u017e\u00edvat<\/p>\n<\/li>\n<\/ul>\n<hr class=\"\" data-start=\"2613\" data-end=\"2616\" \/>\n<p class=\"\" data-start=\"2618\" data-end=\"2635\"><strong data-start=\"2618\" data-end=\"2635\">Aplikace:<\/strong><\/p>\n<ul data-start=\"2637\" data-end=\"2918\">\n<li class=\"\" data-start=\"2637\" data-end=\"2671\">\n<p class=\"\" data-start=\"2639\" data-end=\"2671\">Alpsk\u00e9 ly\u017eov\u00e1n\u00ed a snowboarding<\/p>\n<\/li>\n<li class=\"\" data-start=\"2672\" data-end=\"2712\">\n<p class=\"\" data-start=\"2674\" data-end=\"2712\">J\u00edzda na sn\u011b\u017en\u00e9m sk\u00fatru a outdoorov\u00e9 z\u00e1vody<\/p>\n<\/li>\n<li class=\"\" data-start=\"2713\" data-end=\"2753\">\n<p class=\"\" data-start=\"2715\" data-end=\"2753\">Zimn\u00ed trekking, kempov\u00e1n\u00ed a p\u011b\u0161\u00ed turistika<\/p>\n<\/li>\n<li class=\"\" data-start=\"2754\" data-end=\"2789\">\n<p class=\"\" data-start=\"2756\" data-end=\"2789\">Doj\u00ed\u017ed\u011bn\u00ed a pr\u00e1ce v chladn\u00e9m klimatu<\/p>\n<\/li>\n<li class=\"\" data-start=\"2790\" data-end=\"2827\">\n<p class=\"\" data-start=\"2792\" data-end=\"2827\">Mraz\u00edrensk\u00fd a chlad\u00edrensk\u00fd pr\u016fmysl<\/p>\n<\/li>\n<li class=\"\" data-start=\"2828\" data-end=\"2873\">\n<p class=\"\" data-start=\"2830\" data-end=\"2873\">Rybolov na ledu nebo z\u00e1vody v zimn\u00edch sportech<\/p>\n<\/li>\n<li class=\"\" data-start=\"2874\" data-end=\"2918\">\n<p class=\"\" data-start=\"2876\" data-end=\"2918\">z\u00e1chrann\u00e9 nebo sn\u011bhov\u00e9 hl\u00eddky<\/p>\n<\/li>\n<\/ul>\n<hr class=\"\" data-start=\"2920\" data-end=\"2923\" \/>\n<p class=\"\" data-start=\"2925\" data-end=\"2944\"><strong data-start=\"2925\" data-end=\"2944\">Specifikace:<\/strong><\/p>\n<ul data-start=\"2946\" data-end=\"3349\">\n<li class=\"\" data-start=\"2946\" data-end=\"2991\">\n<p class=\"\" data-start=\"2948\" data-end=\"2991\">Materi\u00e1l: Materi\u00e1l: polyesterov\u00e1 sko\u0159epina + PU \u00fachopov\u00e9 z\u00f3ny<\/p>\n<\/li>\n<li class=\"\" data-start=\"2992\" data-end=\"3026\">\n<p class=\"\" data-start=\"2994\" data-end=\"3026\">Oblo\u017een\u00ed: Termo kart\u00e1\u010dovan\u00fd fleece<\/p>\n<\/li>\n<li class=\"\" data-start=\"3027\" data-end=\"3054\">\n<p class=\"\" data-start=\"3029\" data-end=\"3054\">Velikosti: S, M, L, XL, XXL<\/p>\n<\/li>\n<li class=\"\" data-start=\"3055\" data-end=\"3100\">\n<p class=\"\" data-start=\"3057\" data-end=\"3100\">Uzav\u0159en\u00ed: Stahovac\u00ed \u0161\u0148\u016frka na z\u00e1p\u011bst\u00ed + elastick\u00fd p\u00e1sek<\/p>\n<\/li>\n<li class=\"\" data-start=\"3101\" data-end=\"3157\">\n<p class=\"\" data-start=\"3103\" data-end=\"3157\">Balen\u00ed: Varianty: Polybag, visa\u010dka nebo p\u0159ipraven\u00e9 pro maloobchodn\u00ed prodej<\/p>\n<\/li>\n<li class=\"\" data-start=\"3158\" data-end=\"3216\">\n<p class=\"\" data-start=\"3160\" data-end=\"3216\">Barvy: Standardn\u011b \u010dern\u00e1; na vy\u017e\u00e1d\u00e1n\u00ed lze objednat vlastn\u00ed barevn\u00e9 proveden\u00ed<\/p>\n<\/li>\n<li class=\"\" data-start=\"3217\" data-end=\"3255\">\n<p class=\"\" data-start=\"3219\" data-end=\"3255\">Certifikace: CE EN388, ISO 21420<\/p>\n<\/li>\n<li class=\"\" data-start=\"3256\" data-end=\"3289\">\n<p class=\"\" data-start=\"3258\" data-end=\"3289\">MOQ pro objedn\u00e1vky OEM: 500 p\u00e1r\u016f<\/p>\n<\/li>\n<li class=\"\" data-start=\"3290\" data-end=\"3349\">\n<p class=\"\" data-start=\"3292\" data-end=\"3349\">P\u0159izp\u016fsoben\u00ed: Zna\u010dka, balen\u00ed a velikost na vy\u017e\u00e1d\u00e1n\u00ed<\/p>\n<\/li>\n<\/ul>","protected":false},"excerpt":{"rendered":"<p>Ly\u017ea\u0159sk\u00e9 a sn\u011bhov\u00e9 rukavice RYINZ GMFG-32 poskytuj\u00ed teplo a nepromokavou ochranu pro extr\u00e9mn\u00ed zimn\u00ed dobrodru\u017estv\u00ed. Tyto rukavice jsou navr\u017eeny s \u010dern\u00fdm pro\u0161\u00edvan\u00fdm pl\u00e1\u0161t\u011bm, tepelnou izolac\u00ed a dlan\u011bmi se silikonov\u00fdm gripem a jsou ide\u00e1ln\u00ed pro vysokohorsk\u00e9 sporty, snowboarding a pr\u00e1ci v chladn\u00e9m po\u010das\u00ed v p\u0159\u00edrod\u011b. Dlouh\u00e9 man\u017eety se stahovac\u00edmi \u0161\u0148\u016frkami zabra\u0148uj\u00ed vniknut\u00ed sn\u011bhu a elastick\u00e9 p\u00e1sky na z\u00e1p\u011bst\u00ed zaji\u0161\u0165uj\u00ed bezpe\u010dn\u00e9 a nastaviteln\u00e9 uchycen\u00ed. Ide\u00e1ln\u00ed pro B2B z\u00e1kazn\u00edky, kte\u0159\u00ed hledaj\u00ed rukavice s vysokou viditelnost\u00ed p\u0159ipraven\u00e9 pro EU, kter\u00e9 spolehliv\u011b funguj\u00ed v mraziv\u00e9m prost\u0159ed\u00ed. D\u00edky mo\u017enostem priv\u00e1tn\u00edch zna\u010dek a certifikovan\u00fdm materi\u00e1l\u016fm jsou rukavice RYINZ vynikaj\u00edc\u00edm dopl\u0148kem ka\u017ed\u00e9ho portfolia zimn\u00edho vybaven\u00ed nebo profesion\u00e1ln\u00ed sn\u011bhov\u00e9 v\u00fdbavy.<\/p>","protected":false},"featured_media":8953,"comment_status":"closed","ping_status":"closed","template":"","meta":[],"product_brand":[35],"product_cat":[57],"product_tag":[77,78],"class_list":{"0":"post-8913","1":"product","2":"type-product","3":"status-publish","4":"has-post-thumbnail","6":"product_brand-ryinz","7":"product_cat-ski-snowboarding-gloves","8":"product_tag-amara-fabric-gloves","9":"product_tag-insulated-snow-gloves","11":"first","12":"instock","13":"taxable","14":"shipping-taxable","15":"purchasable","16":"product-type-simple"},"_links":{"self":[{"href":"https:\/\/ryinz.cz\/velkoobchod\/cs\/wp-json\/wp\/v2\/product\/8913","targetHints":{"allow":["GET"]}}],"collection":[{"href":"https:\/\/ryinz.cz\/velkoobchod\/cs\/wp-json\/wp\/v2\/product"}],"about":[{"href":"https:\/\/ryinz.cz\/velkoobchod\/cs\/wp-json\/wp\/v2\/types\/product"}],"replies":[{"embeddable":true,"href":"https:\/\/ryinz.cz\/velkoobchod\/cs\/wp-json\/wp\/v2\/comments?post=8913"}],"wp:featuredmedia":[{"embeddable":true,"href":"https:\/\/ryinz.cz\/velkoobchod\/cs\/wp-json\/wp\/v2\/media\/8953"}],"wp:attachment":[{"href":"https:\/\/ryinz.cz\/velkoobchod\/cs\/wp-json\/wp\/v2\/media?parent=8913"}],"wp:term":[{"taxonomy":"product_brand","embeddable":true,"href":"https:\/\/ryinz.cz\/velkoobchod\/cs\/wp-json\/wp\/v2\/product_brand?post=8913"},{"taxonomy":"product_cat","embeddable":true,"href":"https:\/\/ryinz.cz\/velkoobchod\/cs\/wp-json\/wp\/v2\/product_cat?post=8913"},{"taxonomy":"product_tag","embeddable":true,"href":"https:\/\/ryinz.cz\/velkoobchod\/cs\/wp-json\/wp\/v2\/product_tag?post=8913"}],"curies":[{"name":"wp","href":"https:\/\/api.w.org\/{rel}","templated":true}]}}