{"id":8912,"date":"2025-06-22T15:21:05","date_gmt":"2025-06-22T15:21:05","guid":{"rendered":"https:\/\/ryinz.cz\/velkoobchod\/?post_type=product&#038;p=8912"},"modified":"2026-01-18T20:16:48","modified_gmt":"2026-01-18T20:16:48","slug":"ryinz-premiove-nepromokave-zimni-sportovni-rukavice-termalni-lyzarske-snehove-rukavice-s-kapsou-na-zip-a-nastavitelnym-paskem","status":"publish","type":"product","link":"https:\/\/ryinz.cz\/velkoobchod\/cs\/product\/ryinz-premium-waterproof-winter-sports-gloves-thermal-ski-snow-gloves-with-zipper-pocket-and-adjustable-strap\/","title":{"rendered":"RYINZ Premium Waterproof Winter Sports Gloves - zateplen\u00e9 ly\u017ea\u0159sk\u00e9 a sn\u011bhov\u00e9 rukavice s kapsou na zip a nastaviteln\u00fdm p\u00e1skem"},"content":{"rendered":"<p class=\"\" data-start=\"362\" data-end=\"734\">Za\u017eijte bezkonkuren\u010dn\u00ed pohodl\u00ed a v\u00fdkon s <strong data-start=\"416\" data-end=\"465\">Vod\u011bodoln\u00e9 zimn\u00ed sportovn\u00ed rukavice RYINZ Premium<\/strong>, ur\u010den\u00e9 pro outdoorov\u00e9 nad\u0161ence, ly\u017ea\u0159e, snowboardisty a v\u0161echny, kte\u0159\u00ed pracuj\u00ed nebo se bav\u00ed v extr\u00e9mn\u00edch mrazech. Tyto rukavice jsou vyrobeny s ohledem na odolnost, ochranu a celodenn\u00ed teplo a z\u00e1rove\u0148 nab\u00edzej\u00ed elegantn\u00ed, taktick\u00fd vzhled, kter\u00fd vyva\u017euje styl a seri\u00f3zn\u00ed funk\u010dnost.<\/p>\n<p class=\"\" data-start=\"736\" data-end=\"1161\">Vyrobeno z <strong data-start=\"753\" data-end=\"798\">prav\u00e1 koz\u00ed k\u016f\u017ee a vyztu\u017een\u00fd nylon<\/strong>, tyto rukavice poskytuj\u00ed vynikaj\u00edc\u00ed odolnost proti od\u011bru a ochranu, ani\u017e by byla ob\u011btov\u00e1na jejich pru\u017enost. Vn\u011bj\u0161\u00ed pl\u00e1\u0161\u0165 poskytuje plnou odolnost proti v\u011btru a vod\u011b a chr\u00e1n\u00ed va\u0161e ruce p\u0159ed sn\u011bhem, ledem a sn\u011bhovou v\u00e1nic\u00ed. A\u0165 u\u017e sj\u00ed\u017ed\u00edte sjezdovky nebo se prod\u00edr\u00e1te sn\u011bhovou bou\u0159\u00ed, rukavice RYINZ jsou vyrobeny tak, aby udr\u017eely krok s va\u0161\u00edm tempem a vydr\u017eely i ty nejn\u00e1ro\u010dn\u011bj\u0161\u00ed podm\u00ednky.<\/p>\n<p class=\"\" data-start=\"1163\" data-end=\"1469\">Vnit\u0159ek rukavice je vybaven <strong data-start=\"1193\" data-end=\"1219\">v\u00edcevrstv\u00e1 izolace<\/strong>, v\u010detn\u011b syntetick\u00e9 vrstvy s vysokou h\u0159ejivost\u00ed a m\u011bkk\u00e9 kart\u00e1\u010dovan\u00e9 pod\u0161\u00edvky, kter\u00e1 je p\u0159\u00edjemn\u00e1 na dotek. Tyto materi\u00e1ly pracuj\u00ed ve vz\u00e1jemn\u00e9 harmonii tak, aby zadr\u017eovaly teplo uvnit\u0159 rukavice a z\u00e1rove\u0148 odv\u00e1d\u011bly vlhkost, tak\u017ee ruce z\u016fstanou such\u00e9 i p\u0159i intenzivn\u00ed aktivit\u011b.<\/p>\n<p class=\"\" data-start=\"1471\" data-end=\"1762\">Jednou z nejv\u00fdznamn\u011bj\u0161\u00edch funkc\u00ed je <strong data-start=\"1507\" data-end=\"1546\">praktick\u00e1 vodot\u011bsn\u00e1 kapsa na zip<\/strong> na h\u0159betu ruky. Tato kapsa je ide\u00e1ln\u00ed pro drobn\u00e9 nezbytnosti, jako jsou kl\u00ed\u010de, pen\u00edze nebo oh\u0159\u00edva\u010de rukou - ide\u00e1ln\u00ed pro dlouh\u00e9 ly\u017eov\u00e1n\u00ed nebo zimn\u00ed dobrodru\u017estv\u00ed, kdy pot\u0159ebujete snadn\u00fd p\u0159\u00edstup, ani\u017e byste si museli sund\u00e1vat rukavice.<\/p>\n<p class=\"\" data-start=\"1764\" data-end=\"2208\">Na str\u00e1nk\u00e1ch <strong data-start=\"1768\" data-end=\"1794\">nastaviteln\u00fd z\u00e1p\u011bstn\u00ed \u0159em\u00ednek<\/strong> a <strong data-start=\"1799\" data-end=\"1819\">elastick\u00e1 stahovac\u00ed \u0161\u0148\u016frka<\/strong> na man\u017eet\u011b poskytuj\u00ed pln\u011b p\u0159izp\u016fsobiteln\u00fd st\u0159ih, kter\u00fd nepropou\u0161t\u00ed studen\u00fd vzduch a sn\u00edh. D\u00edky dlouh\u00e9 man\u017eet\u011b jsou kompatibiln\u00ed se zimn\u00edmi bundami a vybaven\u00edm a zabra\u0148uj\u00ed vniknut\u00ed sn\u011bhu p\u0159i rychl\u00fdch sjezdech nebo j\u00edzd\u011b v hlubok\u00e9m pra\u0161anu. Zes\u00edlen\u00e9 z\u00f3ny dlan\u00ed s p\u0159idan\u00fdmi gripovac\u00edmi n\u00e1\u0161ivkami zaji\u0161\u0165uj\u00ed spolehlivou manipulaci s holemi, n\u00e1\u0159ad\u00edm a vybaven\u00edm, tak\u017ee m\u00e1te v\u0161e pod kontrolou, ani\u017e byste museli ob\u011btovat ochranu.<\/p>\n<p class=\"\" data-start=\"2210\" data-end=\"2547\">Ur\u010deno pro <strong data-start=\"2228\" data-end=\"2245\">mu\u017ei a \u017eeny<\/strong>, tyto rukavice kombinuj\u00ed odoln\u00e9 materi\u00e1ly, modern\u00ed prvky a ergonomick\u00e9 tvarov\u00e1n\u00ed, aby nab\u00eddly dokonalou rovnov\u00e1hu mezi pohodl\u00edm a odolnost\u00ed. A\u0165 u\u017e ly\u017eujete, jezd\u00edte na snowboardu, sn\u011b\u017en\u00e9m sk\u00fatru nebo odkl\u00edz\u00edte sn\u00edh, rukavice <strong data-start=\"2464\" data-end=\"2495\">Zimn\u00ed rukavice RYINZ Premium<\/strong> poskytuj\u00ed spolehliv\u00fd v\u00fdkon, kdy\u017e ho nejv\u00edce pot\u0159ebujete.<\/p>\n<hr class=\"\" data-start=\"2549\" data-end=\"2552\" \/>\n<h3 class=\"\" data-start=\"2554\" data-end=\"2581\"><strong data-start=\"2558\" data-end=\"2581\">Nejd\u016fle\u017eit\u011bj\u0161\u00ed vlastnosti produktu:<\/strong><\/h3>\n<ul data-start=\"2583\" data-end=\"3140\">\n<li class=\"\" data-start=\"2583\" data-end=\"2641\">\n<p class=\"\" data-start=\"2585\" data-end=\"2641\">Pr\u00e9miov\u00e1 koz\u00ed k\u016f\u017ee a zes\u00edlen\u00e1 nylonov\u00e1 konstrukce<\/p>\n<\/li>\n<li class=\"\" data-start=\"2642\" data-end=\"2687\">\n<p class=\"\" data-start=\"2644\" data-end=\"2687\">Vn\u011bj\u0161\u00ed pl\u00e1\u0161\u0165 odoln\u00fd proti vod\u011b a v\u011btru<\/p>\n<\/li>\n<li class=\"\" data-start=\"2688\" data-end=\"2758\">\n<p class=\"\" data-start=\"2690\" data-end=\"2758\">Zateplen\u00ed syntetickou v\u00fdpln\u00ed udr\u017euj\u00edc\u00ed teplo a kart\u00e1\u010dovanou pod\u0161\u00edvkou.<\/p>\n<\/li>\n<li class=\"\" data-start=\"2759\" data-end=\"2808\">\n<p class=\"\" data-start=\"2761\" data-end=\"2808\">Integrovan\u00e1 kapsa na zip na drobn\u00e9 pot\u0159eby<\/p>\n<\/li>\n<li class=\"\" data-start=\"2809\" data-end=\"2862\">\n<p class=\"\" data-start=\"2811\" data-end=\"2862\">Nastaviteln\u00fd p\u00e1sek na z\u00e1p\u011bst\u00ed pro pohodln\u00e9 no\u0161en\u00ed na m\u00edru<\/p>\n<\/li>\n<li class=\"\" data-start=\"2863\" data-end=\"2917\">\n<p class=\"\" data-start=\"2865\" data-end=\"2917\">Stahovac\u00ed \u0161\u0148\u016frka na man\u017eet\u011b pro uzav\u0159en\u00ed sn\u011bhu a studen\u00e9ho vzduchu<\/p>\n<\/li>\n<li class=\"\" data-start=\"2918\" data-end=\"2971\">\n<p class=\"\" data-start=\"2920\" data-end=\"2971\">P\u0159edem zak\u0159iven\u00e9 ergonomick\u00e9 prsty pro p\u0159irozen\u00fd pohyb<\/p>\n<\/li>\n<li class=\"\" data-start=\"2972\" data-end=\"3025\">\n<p class=\"\" data-start=\"2974\" data-end=\"3025\">Zes\u00edlen\u00e9 dlan\u011b pro odolnost a lep\u0161\u00ed \u00fachop<\/p>\n<\/li>\n<li class=\"\" data-start=\"3026\" data-end=\"3081\">\n<p class=\"\" data-start=\"3028\" data-end=\"3081\">Elegantn\u00ed tmav\u011b hn\u011bd\u00fd a \u010dern\u00fd design pro unisex vzhled<\/p>\n<\/li>\n<li class=\"\" data-start=\"3082\" data-end=\"3140\">\n<p class=\"\" data-start=\"3084\" data-end=\"3140\">Ide\u00e1ln\u00ed pro sport, z\u00e1chran\u00e1\u0159sk\u00e9 pr\u00e1ce nebo pr\u00e1ci v zim\u011b venku.<\/p>\n<\/li>\n<\/ul>\n<hr class=\"\" data-start=\"3142\" data-end=\"3145\" \/>\n<h3 class=\"\" data-start=\"3147\" data-end=\"3168\"><strong data-start=\"3151\" data-end=\"3168\">Aplikace:<\/strong><\/h3>\n<ul data-start=\"3170\" data-end=\"3418\">\n<li class=\"\" data-start=\"3170\" data-end=\"3197\">\n<p class=\"\" data-start=\"3172\" data-end=\"3197\">Ly\u017eov\u00e1n\u00ed a snowboarding<\/p>\n<\/li>\n<li class=\"\" data-start=\"3198\" data-end=\"3241\">\n<p class=\"\" data-start=\"3200\" data-end=\"3241\">Sn\u011b\u017enice, p\u011b\u0161\u00ed turistika a horolezectv\u00ed<\/p>\n<\/li>\n<li class=\"\" data-start=\"3242\" data-end=\"3276\">\n<p class=\"\" data-start=\"3244\" data-end=\"3276\">Venkovn\u00ed zimn\u00ed pr\u00e1ce a hl\u00eddky<\/p>\n<\/li>\n<li class=\"\" data-start=\"3277\" data-end=\"3308\">\n<p class=\"\" data-start=\"3279\" data-end=\"3308\">J\u00edzda na sn\u011b\u017en\u00fdch sk\u00fatrech a \u010dty\u0159kolk\u00e1ch<\/p>\n<\/li>\n<li class=\"\" data-start=\"3309\" data-end=\"3346\">\n<p class=\"\" data-start=\"3311\" data-end=\"3346\">Chlad\u00edrensk\u00e9 skladov\u00e1n\u00ed a vysokohorsk\u00e1 logistika<\/p>\n<\/li>\n<li class=\"\" data-start=\"3347\" data-end=\"3383\">\n<p class=\"\" data-start=\"3349\" data-end=\"3383\">Vojensk\u00e9 a taktick\u00e9 pou\u017eit\u00ed v zim\u011b<\/p>\n<\/li>\n<li class=\"\" data-start=\"3384\" data-end=\"3418\">\n<p class=\"\" data-start=\"3386\" data-end=\"3418\">Outdoorov\u00e9 sportovn\u00ed vybaven\u00ed a maloobchod<\/p>\n<\/li>\n<\/ul>\n<hr class=\"\" data-start=\"3420\" data-end=\"3423\" \/>\n<h3 class=\"\" data-start=\"3425\" data-end=\"3448\"><strong data-start=\"3429\" data-end=\"3448\">Specifikace:<\/strong><\/h3>\n<ul data-start=\"3450\" data-end=\"3822\">\n<li class=\"\" data-start=\"3450\" data-end=\"3490\">\n<p class=\"\" data-start=\"3452\" data-end=\"3490\">Materi\u00e1l: Materi\u00e1l: koz\u00ed k\u016f\u017ee, nylonov\u00e1 tkanina<\/p>\n<\/li>\n<li class=\"\" data-start=\"3491\" data-end=\"3532\">\n<p class=\"\" data-start=\"3493\" data-end=\"3532\">Izolace: Syntetika + fleecov\u00e1 pod\u0161\u00edvka<\/p>\n<\/li>\n<li class=\"\" data-start=\"3533\" data-end=\"3560\">\n<p class=\"\" data-start=\"3535\" data-end=\"3560\">Velikosti: S, M, L, XL, XXL<\/p>\n<\/li>\n<li class=\"\" data-start=\"3561\" data-end=\"3593\">\n<p class=\"\" data-start=\"3563\" data-end=\"3593\">P\u0159izp\u016fsoben\u00ed: Unisex ergonomick\u00fd design<\/p>\n<\/li>\n<li class=\"\" data-start=\"3594\" data-end=\"3649\">\n<p class=\"\" data-start=\"3596\" data-end=\"3649\">Vlastnosti: Kapsa na zip, poutko na z\u00e1p\u011bst\u00ed, man\u017eeta se \u0161\u0148\u016frkou na sta\u017een\u00ed<\/p>\n<\/li>\n<li class=\"\" data-start=\"3650\" data-end=\"3711\">\n<p class=\"\" data-start=\"3652\" data-end=\"3711\">P\u0159izp\u016fsoben\u00ed: Vlastn\u00ed zna\u010dka, potisk loga, v\u00fdb\u011br barvy<\/p>\n<\/li>\n<li class=\"\" data-start=\"3712\" data-end=\"3730\">\n<p class=\"\" data-start=\"3714\" data-end=\"3730\">MOQ: 300 p\u00e1r\u016f<\/p>\n<\/li>\n<li class=\"\" data-start=\"3731\" data-end=\"3779\">\n<p class=\"\" data-start=\"3733\" data-end=\"3779\">Certifikace: CE, EN388\/EN511 (na vy\u017e\u00e1d\u00e1n\u00ed)<\/p>\n<\/li>\n<li class=\"\" data-start=\"3780\" data-end=\"3822\">\n<p class=\"\" data-start=\"3782\" data-end=\"3822\">Balen\u00ed: Balen\u00ed: voln\u011b lo\u017een\u00e9 nebo v maloobchodn\u00edch krabic\u00edch na zak\u00e1zku<\/p>\n<\/li>\n<\/ul>","protected":false},"excerpt":{"rendered":"<p class=\"\" data-start=\"3881\" data-end=\"4496\">Z\u016fsta\u0148te chr\u00e1n\u011bni, v teple a p\u0159ipraveni na zimn\u00ed dobrodru\u017estv\u00ed s modelem <strong data-start=\"3944\" data-end=\"3983\">Vod\u011bodoln\u00e9 ly\u017ea\u0159sk\u00e9 rukavice RYINZ Premium<\/strong>. Tyto vysoce v\u00fdkonn\u00e9 rukavice jsou vyrobeny z koz\u00ed k\u016f\u017ee a odoln\u00e9ho nylonu, kter\u00fd zaji\u0161\u0165uje odolnost a styl. Maj\u00ed dlouhou man\u017eetu, nepromokav\u00fd vn\u011bj\u0161\u00ed pl\u00e1\u0161\u0165 a vnit\u0159ek s fleecovou pod\u0161\u00edvkou a jsou ide\u00e1ln\u00ed na ly\u017ea\u0159sk\u00e9 v\u00fdlety, snowboarding, horolezectv\u00ed a zimn\u00ed pr\u00e1ci. Integrovan\u00e1 kapsa na zip uchov\u00e1v\u00e1 drobn\u00e9 p\u0159edm\u011bty v bezpe\u010d\u00ed, zat\u00edmco nastaviteln\u00fd p\u00e1sek na z\u00e1p\u011bst\u00ed a \u0161\u0148\u016frka na man\u017eet\u011b zaji\u0161\u0165uj\u00ed dokonal\u00e9 p\u0159izp\u016fsoben\u00ed. Jsou navr\u017eeny s ohledem na pohodl\u00ed a v\u00fdkon a nab\u00edzej\u00ed vynikaj\u00edc\u00ed p\u0159ilnavost, izolaci a flexibilitu pro ka\u017edou sn\u011bhovou v\u00fdzvu.<\/p>","protected":false},"featured_media":8946,"comment_status":"closed","ping_status":"closed","template":"","meta":[],"product_brand":[35],"product_cat":[57],"product_tag":[75,76],"class_list":{"0":"post-8912","1":"product","2":"type-product","3":"status-publish","4":"has-post-thumbnail","6":"product_brand-ryinz","7":"product_cat-ski-snowboarding-gloves","8":"product_tag-custom-logo-winter-gloves","9":"product_tag-customizable-ski-gloves","11":"first","12":"instock","13":"taxable","14":"shipping-taxable","15":"purchasable","16":"product-type-simple"},"_links":{"self":[{"href":"https:\/\/ryinz.cz\/velkoobchod\/cs\/wp-json\/wp\/v2\/product\/8912","targetHints":{"allow":["GET"]}}],"collection":[{"href":"https:\/\/ryinz.cz\/velkoobchod\/cs\/wp-json\/wp\/v2\/product"}],"about":[{"href":"https:\/\/ryinz.cz\/velkoobchod\/cs\/wp-json\/wp\/v2\/types\/product"}],"replies":[{"embeddable":true,"href":"https:\/\/ryinz.cz\/velkoobchod\/cs\/wp-json\/wp\/v2\/comments?post=8912"}],"wp:featuredmedia":[{"embeddable":true,"href":"https:\/\/ryinz.cz\/velkoobchod\/cs\/wp-json\/wp\/v2\/media\/8946"}],"wp:attachment":[{"href":"https:\/\/ryinz.cz\/velkoobchod\/cs\/wp-json\/wp\/v2\/media?parent=8912"}],"wp:term":[{"taxonomy":"product_brand","embeddable":true,"href":"https:\/\/ryinz.cz\/velkoobchod\/cs\/wp-json\/wp\/v2\/product_brand?post=8912"},{"taxonomy":"product_cat","embeddable":true,"href":"https:\/\/ryinz.cz\/velkoobchod\/cs\/wp-json\/wp\/v2\/product_cat?post=8912"},{"taxonomy":"product_tag","embeddable":true,"href":"https:\/\/ryinz.cz\/velkoobchod\/cs\/wp-json\/wp\/v2\/product_tag?post=8912"}],"curies":[{"name":"wp","href":"https:\/\/api.w.org\/{rel}","templated":true}]}}