{"id":8911,"date":"2025-06-22T15:21:05","date_gmt":"2025-06-22T15:21:05","guid":{"rendered":"https:\/\/ryinz.cz\/velkoobchod\/?post_type=product&#038;p=8911"},"modified":"2026-01-18T20:16:47","modified_gmt":"2026-01-18T20:16:47","slug":"ryinz-vodotesne-termalni-palcaky-tezke-zateplene-snehove-palcaky-pro-lyze-snowboard-extremne-chladne-pocasi","status":"publish","type":"product","link":"https:\/\/ryinz.cz\/velkoobchod\/cs\/product\/ryinz-waterproof-thermal-mittens-heavy-duty-insulated-snow-mitts-for-ski-snowboard-extreme-cold-weather\/","title":{"rendered":"RYINZ Vod\u011bodoln\u00e9 term\u00e1ln\u00ed pal\u010d\u00e1ky - odoln\u00e9 zateplen\u00e9 pal\u010d\u00e1ky na ly\u017ee, snowboard a do extr\u00e9mn\u011b chladn\u00e9ho po\u010das\u00ed"},"content":{"rendered":"<p class=\"\" data-start=\"360\" data-end=\"732\">P\u0159edstaven\u00ed <strong data-start=\"376\" data-end=\"412\">RYINZ Vod\u011bodoln\u00e9 zateplen\u00e9 pal\u010d\u00e1ky<\/strong> - navr\u017een\u00e9 tak, aby poskytovaly v\u00fdjime\u010dn\u00e9 teplo, pohodl\u00ed a ochranu v extr\u00e9mn\u011b chladn\u00e9m prost\u0159ed\u00ed. Tyto rukavice jsou ur\u010deny pro n\u00e1ro\u010dn\u00e9 zimn\u00ed podm\u00ednky a kombinuj\u00ed pokro\u010dil\u00e9 materi\u00e1ly a chytr\u00fd design, aby va\u0161e ruce z\u016fstaly v suchu a teple, a\u0165 u\u017e ly\u017eujete, jezd\u00edte na snowboardu, chod\u00edte na t\u00fary nebo vykon\u00e1v\u00e1te n\u00e1ro\u010dnou pr\u00e1ci v p\u0159\u00edrod\u011b.<\/p>\n<p class=\"\" data-start=\"734\" data-end=\"1169\">Pal\u010d\u00e1ky jsou p\u0159irozen\u011b teplej\u0161\u00ed ne\u017e rukavice, proto\u017ee maj\u00ed schopnost \u00fa\u010dinn\u011bji zadr\u017eovat teplo t\u00edm, \u017ee dr\u017e\u00ed prsty u sebe. Na <strong data-start=\"859\" data-end=\"899\">Konstrukce RYINZ tuto v\u00fdhodu je\u0161t\u011b zvy\u0161uje<\/strong> s v\u00edcevrstv\u00fdm izola\u010dn\u00edm syst\u00e9mem, kter\u00fd zahrnuje vod\u011bodoln\u00fd vn\u011bj\u0161\u00ed pl\u00e1\u0161\u0165, termofleecovou pod\u0161\u00edvku a bari\u00e9rovou vrstvu, kter\u00e1 udr\u017euje teplo i p\u0159i n\u00edzk\u00fdch teplot\u00e1ch. Ide\u00e1ln\u00ed pro pou\u017eit\u00ed na sjezdovk\u00e1ch, ve sn\u011bhov\u00fdch pol\u00edch nebo p\u0159i cestov\u00e1n\u00ed a doj\u00ed\u017ed\u011bn\u00ed do pr\u00e1ce pod bodem mrazu.<\/p>\n<p class=\"\" data-start=\"1171\" data-end=\"1576\">Vyrobeno z <strong data-start=\"1184\" data-end=\"1238\">robustn\u00ed nylonov\u00e9 a syntetick\u00e9 materi\u00e1ly odoln\u00e9 proti pov\u011btrnostn\u00edm vliv\u016fm.<\/strong>, tyto rukavice jsou vyrobeny tak, aby vydr\u017eely n\u00e1ro\u010dn\u00e9 podm\u00ednky. Vn\u011bj\u0161\u00ed pl\u00e1\u0161\u0165 odol\u00e1v\u00e1 vod\u011b, sn\u011bhu a v\u011btru, zat\u00edmco vnit\u0159n\u00ed pod\u0161\u00edvka zaji\u0161\u0165uje m\u011bkk\u00fd, k poko\u017ece p\u0159\u00edjemn\u00fd pocit, kter\u00fd udr\u017euje ruce v suchu t\u00edm, \u017ee odv\u00e1d\u00ed vnit\u0159n\u00ed vlhkost. A <strong data-start=\"1458\" data-end=\"1483\">zes\u00edlen\u00fd panel dlan\u011b<\/strong> poskytuje odolnost a oporu p\u0159i uchopen\u00ed, tak\u017ee se v n\u00ed l\u00e9pe dr\u017e\u00ed ly\u017ea\u0159sk\u00e9 h\u016flky, lopaty nebo n\u00e1\u0159ad\u00ed.<\/p>\n<p class=\"\" data-start=\"1578\" data-end=\"1998\">Pro pohodl\u00ed a funk\u010dnost jsou rukavice RYINZ vybaveny <strong data-start=\"1636\" data-end=\"1680\">nastaviteln\u00fd \u0159em\u00ednek s p\u0159ezkou p\u0159es z\u00e1p\u011bst\u00ed<\/strong> abyste rukavici pevn\u011b ut\u00e1hli a zabr\u00e1nili vniknut\u00ed sn\u011bhu. Prodlou\u017een\u00e1 man\u017eeta s <strong data-start=\"1775\" data-end=\"1805\">nastaviteln\u00e1 \u0161\u0148\u016frka s p\u0159ep\u00edn\u00e1n\u00edm<\/strong> poskytuje dodate\u010dnou ochranu a kompatibilitu s bundami nebo sn\u011bhov\u00fdmi obleky. A\u0165 u\u017e jezd\u00edte v pra\u0161anu nebo pracujete venku na sn\u011bhu, tyto pal\u010d\u00e1ky jsou vyrobeny tak, aby udr\u017eely chlad venku a teplo uvnit\u0159.<\/p>\n<p class=\"\" data-start=\"2000\" data-end=\"2203\">Krom\u011b technick\u00fdch v\u00fdhod rukavice nab\u00edzej\u00ed i tyto vlastnosti <strong data-start=\"2057\" data-end=\"2098\">minimalistick\u00e1 estetika \u010dern\u00e9 na \u010dern\u00e9<\/strong> s charakteristickou zna\u010dkou RYINZ - ide\u00e1ln\u00ed pro mu\u017ee i \u017eeny, kte\u0159\u00ed d\u00e1vaj\u00ed p\u0159ednost elegantn\u00ed, taktick\u00e9 zimn\u00ed v\u00fdbav\u011b.<\/p>\n<hr class=\"\" data-start=\"2205\" data-end=\"2208\" \/>\n<h3 class=\"\" data-start=\"2210\" data-end=\"2237\"><strong data-start=\"2214\" data-end=\"2237\">Nejd\u016fle\u017eit\u011bj\u0161\u00ed vlastnosti produktu:<\/strong><\/h3>\n<ul data-start=\"2239\" data-end=\"2775\">\n<li class=\"\" data-start=\"2239\" data-end=\"2298\">\n<p class=\"\" data-start=\"2241\" data-end=\"2298\">Zateplen\u00e9 zimn\u00ed pal\u010d\u00e1ky pro sn\u011bhov\u00e9 sporty a extr\u00e9mn\u00ed mrazy<\/p>\n<\/li>\n<li class=\"\" data-start=\"2299\" data-end=\"2356\">\n<p class=\"\" data-start=\"2301\" data-end=\"2356\">Vn\u011bj\u0161\u00ed pl\u00e1\u0161\u0165 odoln\u00fd proti v\u011btru, vod\u011b a sn\u011bhu<\/p>\n<\/li>\n<li class=\"\" data-start=\"2357\" data-end=\"2428\">\n<p class=\"\" data-start=\"2359\" data-end=\"2428\">V\u00edcevrstv\u00e1 tepeln\u00e1 izolace s fleecov\u00fdm vnit\u0159kem odv\u00e1d\u011bj\u00edc\u00edm vlhkost<\/p>\n<\/li>\n<li class=\"\" data-start=\"2429\" data-end=\"2473\">\n<p class=\"\" data-start=\"2431\" data-end=\"2473\">Zes\u00edlen\u00e1 rukoje\u0165 v dlani pro bezpe\u010dnou manipulaci<\/p>\n<\/li>\n<li class=\"\" data-start=\"2474\" data-end=\"2533\">\n<p class=\"\" data-start=\"2476\" data-end=\"2533\">Ergonomick\u00fd st\u0159ih pro p\u0159irozen\u00fd pohyb a udr\u017een\u00ed tepla<\/p>\n<\/li>\n<li class=\"\" data-start=\"2534\" data-end=\"2594\">\n<p class=\"\" data-start=\"2536\" data-end=\"2594\">Nastaviteln\u00fd popruh s p\u0159ezkou na z\u00e1p\u011bst\u00ed pro bezpe\u010dn\u00e9 p\u0159izp\u016fsoben\u00ed.<\/p>\n<\/li>\n<li class=\"\" data-start=\"2595\" data-end=\"2646\">\n<p class=\"\" data-start=\"2597\" data-end=\"2646\">Stahovac\u00ed \u0161\u0148\u016frka na man\u017eet\u011b pro ut\u011bsn\u011bn\u00ed proti sn\u011bhu a v\u011btru<\/p>\n<\/li>\n<li class=\"\" data-start=\"2647\" data-end=\"2693\">\n<p class=\"\" data-start=\"2649\" data-end=\"2693\">Prodlou\u017een\u00e9 man\u017eety rukavic pro v\u011bt\u0161\u00ed kryt\u00ed<\/p>\n<\/li>\n<li class=\"\" data-start=\"2694\" data-end=\"2744\">\n<p class=\"\" data-start=\"2696\" data-end=\"2744\">Odoln\u00e9 \u0161it\u00ed a materi\u00e1ly odoln\u00e9 proti opot\u0159eben\u00ed<\/p>\n<\/li>\n<li class=\"\" data-start=\"2745\" data-end=\"2775\">\n<p class=\"\" data-start=\"2747\" data-end=\"2775\">Vhodn\u00e9 pro mu\u017ee i \u017eeny<\/p>\n<\/li>\n<\/ul>\n<hr class=\"\" data-start=\"2777\" data-end=\"2780\" \/>\n<h3 class=\"\" data-start=\"2782\" data-end=\"2803\"><strong data-start=\"2786\" data-end=\"2803\">Aplikace:<\/strong><\/h3>\n<ul data-start=\"2805\" data-end=\"3115\">\n<li class=\"\" data-start=\"2805\" data-end=\"2842\">\n<p class=\"\" data-start=\"2807\" data-end=\"2842\">Sjezdov\u00e9 a b\u011b\u017eeck\u00e9 ly\u017eov\u00e1n\u00ed<\/p>\n<\/li>\n<li class=\"\" data-start=\"2843\" data-end=\"2876\">\n<p class=\"\" data-start=\"2845\" data-end=\"2876\">Snowboarding a j\u00edzda na sn\u011b\u017en\u00e9m sk\u00fatru<\/p>\n<\/li>\n<li class=\"\" data-start=\"2877\" data-end=\"2919\">\n<p class=\"\" data-start=\"2879\" data-end=\"2919\">Horolezectv\u00ed a p\u011b\u0161\u00ed turistika v chladn\u00e9m po\u010das\u00ed<\/p>\n<\/li>\n<li class=\"\" data-start=\"2920\" data-end=\"2968\">\n<p class=\"\" data-start=\"2922\" data-end=\"2968\">Venkovn\u00ed zimn\u00ed pr\u00e1ce v\u010detn\u011b \u00faklidu sn\u011bhu<\/p>\n<\/li>\n<li class=\"\" data-start=\"2969\" data-end=\"3005\">\n<p class=\"\" data-start=\"2971\" data-end=\"3005\">Pou\u017eit\u00ed pro vojensk\u00e9 a bezpe\u010dnostn\u00ed hl\u00eddky<\/p>\n<\/li>\n<li class=\"\" data-start=\"3006\" data-end=\"3042\">\n<p class=\"\" data-start=\"3008\" data-end=\"3042\">Z\u00e1chran\u00e1\u0159sk\u00e9 a nouzov\u00e9 vybaven\u00ed<\/p>\n<\/li>\n<li class=\"\" data-start=\"3043\" data-end=\"3089\">\n<p class=\"\" data-start=\"3045\" data-end=\"3089\">Doj\u00ed\u017ed\u011bn\u00ed nebo cestov\u00e1n\u00ed v podm\u00ednk\u00e1ch pod bodem mrazu<\/p>\n<\/li>\n<li class=\"\" data-start=\"3090\" data-end=\"3115\">\n<p class=\"\" data-start=\"3092\" data-end=\"3115\">Manipulace v chlad\u00edrn\u00e1ch<\/p>\n<\/li>\n<\/ul>\n<hr class=\"\" data-start=\"3117\" data-end=\"3120\" \/>\n<h3 class=\"\" data-start=\"3122\" data-end=\"3145\"><strong data-start=\"3126\" data-end=\"3145\">Specifikace:<\/strong><\/h3>\n<ul data-start=\"3147\" data-end=\"3513\">\n<li class=\"\" data-start=\"3147\" data-end=\"3220\">\n<p class=\"\" data-start=\"3149\" data-end=\"3220\">Materi\u00e1ly: Materi\u00e1l: nepromokav\u00fd nylonov\u00fd pl\u00e1\u0161\u0165, fleecov\u00e1 pod\u0161\u00edvka, syntetick\u00e1 izolace.<\/p>\n<\/li>\n<li class=\"\" data-start=\"3221\" data-end=\"3248\">\n<p class=\"\" data-start=\"3223\" data-end=\"3248\">Velikosti: S, M, L, XL, XXL<\/p>\n<\/li>\n<li class=\"\" data-start=\"3249\" data-end=\"3271\">\n<p class=\"\" data-start=\"3251\" data-end=\"3271\">Barva: Matn\u00e1 \u010dern\u00e1<\/p>\n<\/li>\n<li class=\"\" data-start=\"3272\" data-end=\"3319\">\n<p class=\"\" data-start=\"3274\" data-end=\"3319\">Zap\u00edn\u00e1n\u00ed: z\u00e1p\u011bstn\u00ed p\u00e1sek s p\u0159ezkou + man\u017eeta se stahovac\u00ed \u0161\u0148\u016frkou<\/p>\n<\/li>\n<li class=\"\" data-start=\"3320\" data-end=\"3388\">\n<p class=\"\" data-start=\"3322\" data-end=\"3388\">P\u0159izp\u016fsoben\u00ed: Vlastn\u00ed zna\u010dka, \u00fapravy barev, vlastn\u00ed zna\u010dka<\/p>\n<\/li>\n<li class=\"\" data-start=\"3389\" data-end=\"3451\">\n<p class=\"\" data-start=\"3391\" data-end=\"3451\">Balen\u00ed: Standardn\u00ed polyetylenov\u00fd s\u00e1\u010dek nebo zna\u010dkov\u00e1 krabice (dle p\u0159\u00e1n\u00ed)<\/p>\n<\/li>\n<li class=\"\" data-start=\"3452\" data-end=\"3494\">\n<p class=\"\" data-start=\"3454\" data-end=\"3494\">Certifikace: CE &amp; EN 511 (na vy\u017e\u00e1d\u00e1n\u00ed)<\/p>\n<\/li>\n<li class=\"\" data-start=\"3495\" data-end=\"3513\">\n<p class=\"\" data-start=\"3497\" data-end=\"3513\">MOQ: 200 p\u00e1r\u016f<\/p>\n<\/li>\n<\/ul>","protected":false},"excerpt":{"rendered":"<p>Vod\u011bodoln\u00e9 zateplen\u00e9 pal\u010d\u00e1ky RYINZ poskytuj\u00ed v\u00fdjime\u010dn\u00e9 teplo a ochranu v nejn\u00e1ro\u010dn\u011bj\u0161\u00edch zimn\u00edch podm\u00ednk\u00e1ch. Tyto pal\u010d\u00e1ky jsou ur\u010deny pro ly\u017eov\u00e1n\u00ed, snowboarding a treking na sn\u011bhu a jsou vybaveny v\u00edcevrstvou izolac\u00ed a vod\u011bodolnou sko\u0159epinovou konstrukc\u00ed, kter\u00e1 uzamyk\u00e1 teplo a blokuje v\u00edtr, sn\u00edh a vlhkost. Jejich zes\u00edlen\u00e1 dla\u0148 dod\u00e1v\u00e1 odolnost pro uchopen\u00ed vybaven\u00ed, zat\u00edmco \u0161irok\u00e1 man\u017eeta a dvojit\u00fd syst\u00e9m zap\u00edn\u00e1n\u00ed (p\u00e1sek a \u0161\u0148\u016frka) zaji\u0161\u0165uj\u00ed pevn\u00e9 uchycen\u00ed ve sn\u011bhu. Pohodln\u00e9 a odoln\u00e9 pal\u010d\u00e1ky jsou ide\u00e1ln\u00ed pro vysokohorsk\u00e9 sporty, pr\u00e1ci v mraziv\u00e9m ter\u00e9nu nebo cestov\u00e1n\u00ed v mrazu. Jsou vhodn\u00e9 pro mu\u017ee i \u017eeny a lze je p\u0159izp\u016fsobit pot\u0159eb\u00e1m va\u0161\u00ed zna\u010dky.<\/p>","protected":false},"featured_media":8945,"comment_status":"closed","ping_status":"closed","template":"","meta":[],"product_brand":[35],"product_cat":[57],"product_tag":[73,74],"class_list":{"0":"post-8911","1":"product","2":"type-product","3":"status-publish","4":"has-post-thumbnail","6":"product_brand-ryinz","7":"product_cat-ski-snowboarding-gloves","8":"product_tag-adjustable-snow-mittens","9":"product_tag-fleece-lined-mittens","11":"first","12":"instock","13":"taxable","14":"shipping-taxable","15":"purchasable","16":"product-type-simple"},"_links":{"self":[{"href":"https:\/\/ryinz.cz\/velkoobchod\/cs\/wp-json\/wp\/v2\/product\/8911","targetHints":{"allow":["GET"]}}],"collection":[{"href":"https:\/\/ryinz.cz\/velkoobchod\/cs\/wp-json\/wp\/v2\/product"}],"about":[{"href":"https:\/\/ryinz.cz\/velkoobchod\/cs\/wp-json\/wp\/v2\/types\/product"}],"replies":[{"embeddable":true,"href":"https:\/\/ryinz.cz\/velkoobchod\/cs\/wp-json\/wp\/v2\/comments?post=8911"}],"wp:featuredmedia":[{"embeddable":true,"href":"https:\/\/ryinz.cz\/velkoobchod\/cs\/wp-json\/wp\/v2\/media\/8945"}],"wp:attachment":[{"href":"https:\/\/ryinz.cz\/velkoobchod\/cs\/wp-json\/wp\/v2\/media?parent=8911"}],"wp:term":[{"taxonomy":"product_brand","embeddable":true,"href":"https:\/\/ryinz.cz\/velkoobchod\/cs\/wp-json\/wp\/v2\/product_brand?post=8911"},{"taxonomy":"product_cat","embeddable":true,"href":"https:\/\/ryinz.cz\/velkoobchod\/cs\/wp-json\/wp\/v2\/product_cat?post=8911"},{"taxonomy":"product_tag","embeddable":true,"href":"https:\/\/ryinz.cz\/velkoobchod\/cs\/wp-json\/wp\/v2\/product_tag?post=8911"}],"curies":[{"name":"wp","href":"https:\/\/api.w.org\/{rel}","templated":true}]}}