{"id":8910,"date":"2025-06-22T15:21:05","date_gmt":"2025-06-22T15:21:05","guid":{"rendered":"https:\/\/ryinz.cz\/velkoobchod\/?post_type=product&#038;p=8910"},"modified":"2026-01-18T20:16:47","modified_gmt":"2026-01-18T20:16:47","slug":"ryinz-gsg-0501-nepromokave-lyzarske-rukavice-s-nastavitelnym-paskem-vicebarevne-zateplene-rukavice-pro-zimni-sporty","status":"publish","type":"product","link":"https:\/\/ryinz.cz\/velkoobchod\/cs\/product\/ryinz-gsg-0501-waterproof-ski-snow-gloves-with-adjustable-strap-multicolor-insulated-gloves-for-winter-sports\/","title":{"rendered":"RYINZ GSG-0501 Vod\u011bodoln\u00e9 ly\u017ea\u0159sk\u00e9 a sn\u011bhov\u00e9 rukavice s nastaviteln\u00fdm p\u00e1skem - v\u00edcebarevn\u00e9 zateplen\u00e9 rukavice pro zimn\u00ed sporty"},"content":{"rendered":"<p class=\"\" data-start=\"330\" data-end=\"694\">P\u0159ekonejte zimu v z\u00e1\u0159iv\u00e9m stylu s modelem <strong data-start=\"373\" data-end=\"420\">RYINZ GSG-0501 Vod\u011bodoln\u00e9 ly\u017ea\u0159sk\u00e9 a sn\u011bhov\u00e9 rukavice<\/strong>, pe\u010dliv\u011b navr\u017een\u00e9 pro ly\u017eov\u00e1n\u00ed, snowboarding a extr\u00e9mn\u00ed zimn\u00ed sporty. Tyto rukavice kombinuj\u00ed v\u00fdkonnou izolaci, nepromokavou ochranu a odv\u00e1\u017enou v\u00edcebarevnou estetiku a nab\u00edzej\u00ed zimn\u00edm sportovc\u016fm, outdoorov\u00fdm pracovn\u00edk\u016fm a horsk\u00fdm dobrodruh\u016fm funk\u010dnost i m\u00f3du.<\/p>\n<p class=\"\" data-start=\"696\" data-end=\"1067\">Tyto rukavice jsou vyrobeny z vysoce kvalitn\u00ed polyesterov\u00e9 vn\u011bj\u0161\u00ed tkaniny odoln\u00e9 proti pov\u011btrnostn\u00edm vliv\u016fm a jsou pod\u0161ity teplou a prody\u0161nou izolac\u00ed, tak\u017ee jsou ide\u00e1ln\u00ed pro dlouhodob\u00e9 pou\u017e\u00edv\u00e1n\u00ed v chladn\u00e9m, vlhk\u00e9m a v\u011btrn\u00e9m prost\u0159ed\u00ed. Dla\u0148 m\u00e1 zes\u00edlen\u00e9 \u00fachopov\u00e9 plochy s p\u0159ekryvy z odoln\u00e9 PU k\u016f\u017ee, kter\u00e9 zaji\u0161\u0165uj\u00ed vynikaj\u00edc\u00ed kontrolu \u00fachopu ly\u017ea\u0159sk\u00fdch hol\u00ed, snowboard\u016f nebo manipulace s vybaven\u00edm - a to i za mokra.<\/p>\n<p class=\"\" data-start=\"1069\" data-end=\"1403\">Rukavice RYINZ GSG-0501 jsou ur\u010deny pro profesion\u00e1ln\u00ed pou\u017eit\u00ed i pro voln\u00fd \u010das. <strong data-start=\"1153\" data-end=\"1180\">v\u00edcebarevn\u00fd design panel\u016f<\/strong> (b\u00edl\u00e1, oran\u017eov\u00e1, modr\u00e1, m\u00e1tov\u011b zelen\u00e1 a \u010dern\u00e1) s dob\u0159e viditelnou zna\u010dkou. Odv\u00e1\u017en\u00e1 barevn\u00e1 kombinace nejen dod\u00e1v\u00e1 \u0161mrnc, ale tak\u00e9 zvy\u0161uje viditelnost na sjezdovk\u00e1ch, \u010d\u00edm\u017e zvy\u0161uje bezpe\u010dnost v p\u0159epln\u011bn\u00e9m prost\u0159ed\u00ed nebo v prost\u0159ed\u00ed se sn\u00ed\u017eenou viditelnost\u00ed.<\/p>\n<p class=\"\" data-start=\"1405\" data-end=\"1672\">Tyto rukavice jsou vybaveny <strong data-start=\"1436\" data-end=\"1469\">pln\u011b nastaviteln\u00e9 z\u00e1p\u011bstn\u00ed popruhy<\/strong> pro individu\u00e1ln\u00ed p\u0159izp\u016fsoben\u00ed a roz\u0161\u00ed\u0159enou ochranu man\u017eety. Spolehliv\u00fd syst\u00e9m klip\u016f udr\u017euje rukavice bezpe\u010dn\u011b spojen\u00e9 b\u011bhem p\u0159est\u00e1vek a elastick\u00e9 vod\u00edtko zabra\u0148uje n\u00e1hodn\u00fdm p\u00e1d\u016fm na lanovk\u00e1ch nebo zasn\u011b\u017een\u00fdch stezk\u00e1ch.<\/p>\n<p class=\"\" data-start=\"1674\" data-end=\"1958\">Pro v\u011bt\u0161\u00ed pohodl\u00ed je model GSG-0501 vybaven <strong data-start=\"1727\" data-end=\"1760\">vodot\u011bsn\u00e1 bo\u010dn\u00ed kapsa na zip<\/strong>-ide\u00e1ln\u00ed pro p\u0159en\u00e1\u0161en\u00ed kl\u00ed\u010d\u016f, permanentek na v\u00fdtah nebo tepeln\u00fdch z\u00e1bal\u016f p\u0159i del\u0161\u00edch sezen\u00edch. Vnit\u0159n\u00ed \u010d\u00e1st je vybavena m\u011bkkou fleecovou pod\u0161\u00edvkou pro v\u011bt\u0161\u00ed pohodl\u00ed, zat\u00edmco vn\u011bj\u0161\u00ed polstrov\u00e1n\u00ed zaji\u0161\u0165uje ochranu p\u0159ed n\u00e1razy a od\u0159eninami.<\/p>\n<p class=\"\" data-start=\"1960\" data-end=\"2240\">A\u0165 u\u017e ly\u017eujete v Alp\u00e1ch, nebo se vyd\u00e1v\u00e1te na trek v hust\u00e9m sn\u011b\u017een\u00ed, tyto rukavice nab\u00edzej\u00ed vysokou \u00farove\u0148 obratnosti, tepla a odolnosti proti vod\u011b - d\u016fv\u011b\u0159uj\u00ed jim evrop\u0161t\u00ed z\u00e1kazn\u00edci i distributo\u0159i. Spole\u010dnost RYINZ podporuje slu\u017eby priv\u00e1tn\u00edch zna\u010dek a OEM s rychl\u00fdm vy\u0159\u00edzen\u00edm hromadn\u00fdch objedn\u00e1vek.<\/p>\n<hr class=\"\" data-start=\"2242\" data-end=\"2245\" \/>\n<h3 class=\"\" data-start=\"2247\" data-end=\"2274\"><strong data-start=\"2251\" data-end=\"2274\">Nejd\u016fle\u017eit\u011bj\u0161\u00ed vlastnosti produktu:<\/strong><\/h3>\n<ul data-start=\"2276\" data-end=\"2770\">\n<li class=\"\" data-start=\"2276\" data-end=\"2333\">\n<p class=\"\" data-start=\"2278\" data-end=\"2333\">Vod\u011bodoln\u00fd polyesterov\u00fd pl\u00e1\u0161\u0165 s dlan\u00ed s PU zes\u00edlenou p\u0159ilnavost\u00ed<\/p>\n<\/li>\n<li class=\"\" data-start=\"2334\" data-end=\"2399\">\n<p class=\"\" data-start=\"2336\" data-end=\"2399\">V\u00edcebarevn\u00fd vn\u011bj\u0161\u00ed design (b\u00edl\u00e1, oran\u017eov\u00e1, m\u00e1tov\u00e1, modr\u00e1, \u010dern\u00e1)<\/p>\n<\/li>\n<li class=\"\" data-start=\"2400\" data-end=\"2451\">\n<p class=\"\" data-start=\"2402\" data-end=\"2451\">M\u011bkk\u00e1 vnit\u0159n\u00ed fleecov\u00e1 pod\u0161\u00edvka pro teplo a pohodl\u00ed<\/p>\n<\/li>\n<li class=\"\" data-start=\"2452\" data-end=\"2505\">\n<p class=\"\" data-start=\"2454\" data-end=\"2505\">Nastaviteln\u00e1 spona na z\u00e1p\u011bst\u00ed + stahovac\u00ed \u0161\u0148\u016frka pro bezpe\u010dn\u00e9 uchycen\u00ed<\/p>\n<\/li>\n<li class=\"\" data-start=\"2506\" data-end=\"2539\">\n<p class=\"\" data-start=\"2508\" data-end=\"2539\">Dlouh\u00e1 man\u017eeta pro ochranu p\u0159ed sn\u011bhem<\/p>\n<\/li>\n<li class=\"\" data-start=\"2540\" data-end=\"2591\">\n<p class=\"\" data-start=\"2542\" data-end=\"2591\">Zes\u00edlen\u00e1 dla\u0148 a kone\u010dky prst\u016f pro dlouhodob\u00e9 pou\u017e\u00edv\u00e1n\u00ed<\/p>\n<\/li>\n<li class=\"\" data-start=\"2592\" data-end=\"2650\">\n<p class=\"\" data-start=\"2594\" data-end=\"2650\">Kapsa na zip na zadn\u00ed stran\u011b ruky (ide\u00e1ln\u00ed na pr\u016fkaz nebo kl\u00ed\u010de)<\/p>\n<\/li>\n<li class=\"\" data-start=\"2651\" data-end=\"2690\">\n<p class=\"\" data-start=\"2653\" data-end=\"2690\">Elastick\u00e9 vod\u00edtko na z\u00e1p\u011bst\u00ed pro bezpe\u010dnost p\u0159i p\u00e1du<\/p>\n<\/li>\n<li class=\"\" data-start=\"2691\" data-end=\"2718\">\n<p class=\"\" data-start=\"2693\" data-end=\"2718\">Prody\u0161n\u00e1 vnit\u0159n\u00ed pod\u0161\u00edvka<\/p>\n<\/li>\n<li class=\"\" data-start=\"2719\" data-end=\"2770\">\n<p class=\"\" data-start=\"2721\" data-end=\"2770\">Vhodn\u00e9 pro mu\u017ee, \u017eeny, dosp\u00edvaj\u00edc\u00ed a profesion\u00e1ly<\/p>\n<\/li>\n<\/ul>\n<hr class=\"\" data-start=\"2772\" data-end=\"2775\" \/>\n<h3 class=\"\" data-start=\"2777\" data-end=\"2798\"><strong data-start=\"2781\" data-end=\"2798\">Aplikace:<\/strong><\/h3>\n<ul data-start=\"2800\" data-end=\"3069\">\n<li class=\"\" data-start=\"2800\" data-end=\"2837\">\n<p class=\"\" data-start=\"2802\" data-end=\"2837\">Ly\u017eov\u00e1n\u00ed, snowboarding, sn\u011bhov\u00e9 sporty<\/p>\n<\/li>\n<li class=\"\" data-start=\"2838\" data-end=\"2867\">\n<p class=\"\" data-start=\"2840\" data-end=\"2867\">J\u00edzda na sn\u011b\u017en\u00fdch sk\u00fatrech a \u010dty\u0159kolk\u00e1ch<\/p>\n<\/li>\n<li class=\"\" data-start=\"2868\" data-end=\"2909\">\n<p class=\"\" data-start=\"2870\" data-end=\"2909\">Outdoorov\u00e9 horolezectv\u00ed, trekking ve sn\u011bhu<\/p>\n<\/li>\n<li class=\"\" data-start=\"2910\" data-end=\"2936\">\n<p class=\"\" data-start=\"2912\" data-end=\"2936\">Doj\u00ed\u017ed\u011bn\u00ed za chladn\u00e9ho po\u010das\u00ed<\/p>\n<\/li>\n<li class=\"\" data-start=\"2937\" data-end=\"2980\">\n<p class=\"\" data-start=\"2939\" data-end=\"2980\">Profesion\u00e1ln\u00ed pou\u017eit\u00ed ve vysokohorsk\u00e9m prost\u0159ed\u00ed<\/p>\n<\/li>\n<li class=\"\" data-start=\"2981\" data-end=\"3031\">\n<p class=\"\" data-start=\"2983\" data-end=\"3031\">Vojensk\u00e9 a hl\u00eddkov\u00e9 pou\u017eit\u00ed v podm\u00ednk\u00e1ch pod bodem mrazu<\/p>\n<\/li>\n<li class=\"\" data-start=\"3032\" data-end=\"3069\">\n<p class=\"\" data-start=\"3034\" data-end=\"3069\">Venkovn\u00ed zimn\u00ed pr\u00e1ce a \u00fadr\u017eba<\/p>\n<\/li>\n<\/ul>\n<hr class=\"\" data-start=\"3071\" data-end=\"3074\" \/>\n<h3 class=\"\" data-start=\"3076\" data-end=\"3099\"><strong data-start=\"3080\" data-end=\"3099\">Specifikace:<\/strong><\/h3>\n<ul data-start=\"3101\" data-end=\"3587\">\n<li class=\"\" data-start=\"3101\" data-end=\"3174\">\n<p class=\"\" data-start=\"3103\" data-end=\"3174\">Materi\u00e1ly: Materi\u00e1l: vod\u011bodoln\u00fd polyesterov\u00fd pl\u00e1\u0161\u0165, PU k\u016f\u017ee na dlani, fleecov\u00e1 pod\u0161\u00edvka.<\/p>\n<\/li>\n<li class=\"\" data-start=\"3175\" data-end=\"3207\">\n<p class=\"\" data-start=\"3177\" data-end=\"3207\">Velikosti: XS-XXL (p\u0159izp\u016fsobiteln\u00e9)<\/p>\n<\/li>\n<li class=\"\" data-start=\"3208\" data-end=\"3226\">\n<p class=\"\" data-start=\"3210\" data-end=\"3226\">Pohlav\u00ed: Unisex<\/p>\n<\/li>\n<li class=\"\" data-start=\"3227\" data-end=\"3281\">\n<p class=\"\" data-start=\"3229\" data-end=\"3281\">Barva: Standardn\u00ed v\u00edcebarevn\u00e9 nebo OEM barvy k dispozici<\/p>\n<\/li>\n<li class=\"\" data-start=\"3282\" data-end=\"3329\">\n<p class=\"\" data-start=\"3284\" data-end=\"3329\">Uzav\u0159en\u00ed: Nastaviteln\u00fd popruh + stahovac\u00ed \u0161\u0148\u016frka.<\/p>\n<\/li>\n<li class=\"\" data-start=\"3330\" data-end=\"3382\">\n<p class=\"\" data-start=\"3332\" data-end=\"3382\">Zna\u010dka: Logo RYINZ (podporov\u00e1n vlastn\u00ed branding)<\/p>\n<\/li>\n<li class=\"\" data-start=\"3383\" data-end=\"3419\">\n<p class=\"\" data-start=\"3385\" data-end=\"3419\">Certifikace: CE EN388 \/ EN511<\/p>\n<\/li>\n<li class=\"\" data-start=\"3420\" data-end=\"3464\">\n<p class=\"\" data-start=\"3422\" data-end=\"3464\">MOQ: 300-500 p\u00e1r\u016f pro zak\u00e1zkov\u00e9 objedn\u00e1vky<\/p>\n<\/li>\n<li class=\"\" data-start=\"3465\" data-end=\"3524\">\n<p class=\"\" data-start=\"3467\" data-end=\"3524\">Balen\u00ed: Balen\u00ed: Polybag s \u010d\u00e1rov\u00fdm k\u00f3dem nebo maloobchodn\u00ed balen\u00ed OEM<\/p>\n<\/li>\n<li class=\"\" data-start=\"3525\" data-end=\"3587\">\n<p class=\"\" data-start=\"3527\" data-end=\"3587\">P\u0159\u00edplatky: Voliteln\u00e9 hroty pro dotykovou obrazovku, kompatibilita s tepelnou kapsou<\/p>\n<\/li>\n<\/ul>","protected":false},"excerpt":{"rendered":"<p>Ly\u017ea\u0159sk\u00e9 rukavice RYINZ GSG-0501 jsou navr\u017eeny pro optim\u00e1ln\u00ed zimn\u00ed v\u00fdkon d\u00edky nepromokav\u00fdm materi\u00e1l\u016fm, term\u00e1ln\u00ed fleecov\u00e9 pod\u0161\u00edvce a barevn\u00e9mu designu zvy\u0161uj\u00edc\u00edmu bezpe\u010dnost. Tyto rukavice obsahuj\u00ed nastaviteln\u00e9 z\u00e1p\u011bstn\u00ed p\u00e1sky, dlan\u011b s PU gripem a prodlou\u017een\u00e9 man\u017eety pro pln\u00e9 pokryt\u00ed sn\u011bhu. Praktick\u00e1 nepromokav\u00e1 kapsa na zip na h\u0159betu umo\u017e\u0148uje ulo\u017eit nezbytn\u00e9 v\u011bci, jako je skipas nebo teplej\u0161\u00ed bal\u00ed\u010dky. Perfektn\u00ed pro ly\u017eov\u00e1n\u00ed, snowboarding, j\u00edzdu na sn\u011b\u017en\u00e9m sk\u00fatru a dobrodru\u017estv\u00ed v chladn\u00e9m po\u010das\u00ed. Ide\u00e1ln\u00ed pro B2B velkoobchody, sportovn\u00ed prodejce nebo dodavatele bezpe\u010dnostn\u00edho vybaven\u00ed. K dispozici s mo\u017enost\u00ed p\u0159izp\u016fsoben\u00ed OEM a slu\u017ebami priv\u00e1tn\u00edch zna\u010dek pro evropsk\u00e9 odb\u011bratele.<\/p>","protected":false},"featured_media":8952,"comment_status":"closed","ping_status":"closed","template":"","meta":[],"product_brand":[35],"product_cat":[57],"product_tag":[62,72],"class_list":{"0":"post-8910","1":"product","2":"type-product","3":"status-publish","4":"has-post-thumbnail","6":"product_brand-ryinz","7":"product_cat-ski-snowboarding-gloves","8":"product_tag-insulated-snowboarding-gloves","9":"product_tag-stretch-fabric-ski-gloves","11":"first","12":"instock","13":"taxable","14":"shipping-taxable","15":"purchasable","16":"product-type-simple"},"_links":{"self":[{"href":"https:\/\/ryinz.cz\/velkoobchod\/cs\/wp-json\/wp\/v2\/product\/8910","targetHints":{"allow":["GET"]}}],"collection":[{"href":"https:\/\/ryinz.cz\/velkoobchod\/cs\/wp-json\/wp\/v2\/product"}],"about":[{"href":"https:\/\/ryinz.cz\/velkoobchod\/cs\/wp-json\/wp\/v2\/types\/product"}],"replies":[{"embeddable":true,"href":"https:\/\/ryinz.cz\/velkoobchod\/cs\/wp-json\/wp\/v2\/comments?post=8910"}],"wp:featuredmedia":[{"embeddable":true,"href":"https:\/\/ryinz.cz\/velkoobchod\/cs\/wp-json\/wp\/v2\/media\/8952"}],"wp:attachment":[{"href":"https:\/\/ryinz.cz\/velkoobchod\/cs\/wp-json\/wp\/v2\/media?parent=8910"}],"wp:term":[{"taxonomy":"product_brand","embeddable":true,"href":"https:\/\/ryinz.cz\/velkoobchod\/cs\/wp-json\/wp\/v2\/product_brand?post=8910"},{"taxonomy":"product_cat","embeddable":true,"href":"https:\/\/ryinz.cz\/velkoobchod\/cs\/wp-json\/wp\/v2\/product_cat?post=8910"},{"taxonomy":"product_tag","embeddable":true,"href":"https:\/\/ryinz.cz\/velkoobchod\/cs\/wp-json\/wp\/v2\/product_tag?post=8910"}],"curies":[{"name":"wp","href":"https:\/\/api.w.org\/{rel}","templated":true}]}}