{"id":8909,"date":"2025-06-22T15:21:05","date_gmt":"2025-06-22T15:21:05","guid":{"rendered":"https:\/\/ryinz.cz\/velkoobchod\/?post_type=product&#038;p=8909"},"modified":"2026-01-18T20:16:46","modified_gmt":"2026-01-18T20:16:46","slug":"ryinz-split-finger-kozene-lyzarske-palcaky-hybridni-teplo-dexterity-rukavice-pro-extremni-zimu-snowboarding-lyzovani","status":"publish","type":"product","link":"https:\/\/ryinz.cz\/velkoobchod\/cs\/product\/ryinz-split-finger-leather-ski-mittens-hybrid-warmth-dexterity-gloves-for-extreme-cold-snowboarding-skiing\/","title":{"rendered":"Ko\u017een\u00e9 ly\u017ea\u0159sk\u00e9 rukavice RYINZ s d\u011blen\u00fdmi prsty - hybridn\u00ed h\u0159ejiv\u00e9 a obratn\u00e9 rukavice do extr\u00e9mn\u00edch mraz\u016f pro snowboarding a ly\u017eov\u00e1n\u00ed"},"content":{"rendered":"<p class=\"\" data-start=\"432\" data-end=\"848\">Objevte ide\u00e1ln\u00ed spojen\u00ed tepla a ovl\u00e1d\u00e1n\u00ed s <strong data-start=\"485\" data-end=\"527\">Ko\u017een\u00e9 ly\u017ea\u0159sk\u00e9 pal\u010d\u00e1ky RYINZ s d\u011blen\u00fdmi prsty<\/strong>, odborn\u011b vytvo\u0159en\u00e9 pro horsk\u00e9 ly\u017ea\u0159e, snowboardisty a zimn\u00ed pracovn\u00edky, kte\u0159\u00ed vy\u017eaduj\u00ed flexibilitu bez sn\u00ed\u017een\u00ed tepeln\u00e9 izolace. Tyto vysoce v\u00fdkonn\u00e9 hybridn\u00ed pal\u010d\u00e1ky jsou navr\u017eeny s jedine\u010dnou <strong data-start=\"727\" data-end=\"758\">hum\u0159\u00ed dr\u00e1p (roz\u0161t\u011bpen\u00fd prst)<\/strong> kombinuje obratnost prst\u016f jako rukavice s tepelnou izolac\u00ed jako pal\u010d\u00e1ky.<\/p>\n<p class=\"\" data-start=\"850\" data-end=\"1226\">Vyrobeno z <strong data-start=\"860\" data-end=\"890\">odoln\u00e1 celoko\u017een\u00e1 k\u016f\u017ee<\/strong> tyto pal\u010d\u00e1ky v kontrastn\u00edch t\u00f3nech \u010dern\u00e9, \u0161ed\u00e9 a hn\u011bd\u00e9 barvy nab\u00edzej\u00ed robustn\u00ed styl a p\u0159irozenou odolnost v\u016f\u010di pov\u011btrnostn\u00edm vliv\u016fm. Ko\u017een\u00fd vn\u011bj\u0161\u00ed povrch je dostate\u010dn\u011b odoln\u00fd, aby vydr\u017eel drsn\u00e9 horsk\u00e9 podm\u00ednky, od\u011bruj\u00edc\u00ed se vybaven\u00ed a dlouhodob\u00e9 no\u0161en\u00ed, a z\u00e1rove\u0148 dostate\u010dn\u011b m\u011bkk\u00fd, aby umo\u017enil hbit\u00fd pohyb rukou p\u0159i zap\u00edn\u00e1n\u00ed p\u0159ezek, uchopov\u00e1n\u00ed hol\u00ed nebo pou\u017e\u00edv\u00e1n\u00ed mobiln\u00edch za\u0159\u00edzen\u00ed.<\/p>\n<p class=\"\" data-start=\"1228\" data-end=\"1597\">Uvnit\u0159 jsou tyto rukavice navr\u017eeny pro <strong data-start=\"1268\" data-end=\"1286\">maxim\u00e1ln\u00ed teplo<\/strong> pomoc\u00ed <strong data-start=\"1293\" data-end=\"1319\">v\u00edcevrstv\u00e1 izolace<\/strong>. M\u011bkk\u00e1 fleecov\u00e1 vnit\u0159n\u00ed pod\u0161\u00edvka poskytuje ruce pohodl\u00ed, zat\u00edmco siln\u00e1 st\u0159edn\u00ed vrstva tepeln\u00e9ho polstrov\u00e1n\u00ed udr\u017euje teplo p\u0159i dlouhodob\u00e9m vystaven\u00ed teplot\u00e1m pod bodem mrazu. A\u0165 u\u017e se pohybujete po zledovat\u011bl\u00fdch svaz\u00edch nebo zdol\u00e1v\u00e1te sjezdovky v pra\u0161anu, tyto rukavice zajist\u00ed, \u017ee va\u0161e ruce z\u016fstanou v suchu, teple a pohotov\u011b reaguj\u00ed.<\/p>\n<p class=\"\" data-start=\"1599\" data-end=\"1880\">Na str\u00e1nk\u00e1ch <strong data-start=\"1603\" data-end=\"1632\">konstrukce s d\u011blen\u00fdmi prsty<\/strong> umo\u017e\u0148uje ukazov\u00e1ku a palci nez\u00e1visl\u00fd pohyb, co\u017e umo\u017e\u0148uje lep\u0161\u00ed kontrolu nad \u00fachopem a p\u0159esnost v p\u0159\u00edpad\u011b pot\u0159eby - kl\u00ed\u010dov\u00e1 v\u00fdhoda pro snowboardisty, kte\u0159\u00ed nastavuj\u00ed v\u00e1z\u00e1n\u00ed, pro jezdce na sn\u011b\u017en\u00fdch sk\u00fatrech, kte\u0159\u00ed pou\u017e\u00edvaj\u00ed plyn, nebo pro \u010dleny z\u00e1chrann\u00fdch t\u00fdm\u016f, kte\u0159\u00ed pot\u0159ebuj\u00ed rychlou koordinaci.<\/p>\n<p class=\"\" data-start=\"1882\" data-end=\"2207\">Mezi dal\u0161\u00ed komfortn\u00ed funkce pat\u0159\u00ed <strong data-start=\"1915\" data-end=\"1943\">kloubov\u00fd panel flex-ridge<\/strong> kter\u00fd podporuje p\u0159irozen\u00fd pohyb rukou, a <strong data-start=\"1984\" data-end=\"2010\">nastaviteln\u00fd z\u00e1p\u011bstn\u00ed \u0159em\u00ednek<\/strong> se zap\u00edn\u00e1n\u00edm na such\u00fd zip pro bezpe\u010dn\u00e9 uchycen\u00ed. <strong data-start=\"2056\" data-end=\"2082\">elastick\u00e1 vnit\u0159n\u00ed man\u017eeta<\/strong> blokovat pronik\u00e1n\u00ed sn\u011bhu. M\u011bkk\u00e1 st\u00edrac\u00ed z\u00e1plata na palci a zes\u00edlen\u00e9 z\u00f3ny dlan\u011b d\u00e1le zvy\u0161uj\u00ed u\u017eitn\u00e9 vlastnosti a odolnost.<\/p>\n<p class=\"\" data-start=\"2209\" data-end=\"2510\">Tyto rukavice jsou ur\u010deny pro profesion\u00e1ly, dobrodruhy a prodejce horsk\u00fdch pot\u0159eb, kte\u0159\u00ed hledaj\u00ed inovace a pohodl\u00ed v jednom robustn\u00edm balen\u00ed. Jsou dostate\u010dn\u011b stylov\u00e9 pro rekrea\u010dn\u00ed ly\u017ea\u0159e a dostate\u010dn\u011b odoln\u00e9 pro ly\u017ea\u0159sk\u00e9 hl\u00eddky nebo cestovn\u00ed kancel\u00e1\u0159e. <strong data-start=\"2433\" data-end=\"2463\">RYINZ Rukavice s d\u011blen\u00fdmi prsty<\/strong> stanovila nov\u00fd standard v oblasti zimn\u00ed v\u00fdkonnostn\u00ed v\u00fdbavy.<\/p>\n<hr class=\"\" data-start=\"2512\" data-end=\"2515\" \/>\n<h3 class=\"\" data-start=\"2517\" data-end=\"2544\"><strong data-start=\"2521\" data-end=\"2544\">Nejd\u016fle\u017eit\u011bj\u0161\u00ed vlastnosti produktu:<\/strong><\/h3>\n<ul data-start=\"2546\" data-end=\"3195\">\n<li class=\"\" data-start=\"2546\" data-end=\"2620\">\n<p class=\"\" data-start=\"2548\" data-end=\"2620\">Hybridn\u00ed konstrukce ve stylu humra: kombinuje h\u0159ejivost rukavic s jejich obratnost\u00ed.<\/p>\n<\/li>\n<li class=\"\" data-start=\"2621\" data-end=\"2691\">\n<p class=\"\" data-start=\"2623\" data-end=\"2691\">Vn\u011bj\u0161\u00ed pl\u00e1\u0161\u0165 z celoko\u017een\u00e9 k\u016f\u017ee pro trvanlivost a odolnost proti vod\u011b<\/p>\n<\/li>\n<li class=\"\" data-start=\"2692\" data-end=\"2770\">\n<p class=\"\" data-start=\"2694\" data-end=\"2770\">Vnit\u0159n\u00ed strana pod\u0161it\u00e1 fleecem s izolovan\u00fdm tepeln\u00fdm j\u00e1drem pro ochranu p\u0159ed extr\u00e9mn\u00edm chladem<\/p>\n<\/li>\n<li class=\"\" data-start=\"2771\" data-end=\"2828\">\n<p class=\"\" data-start=\"2773\" data-end=\"2828\">Nez\u00e1visl\u00fd pohyb ukazov\u00e1\u010dku a palce pro ovl\u00e1d\u00e1n\u00ed \u00fachopu<\/p>\n<\/li>\n<li class=\"\" data-start=\"2829\" data-end=\"2878\">\n<p class=\"\" data-start=\"2831\" data-end=\"2878\">Zes\u00edlen\u00e9 oblasti dlan\u011b a palce pro n\u00e1ro\u010dn\u00e9 pou\u017e\u00edv\u00e1n\u00ed<\/p>\n<\/li>\n<li class=\"\" data-start=\"2879\" data-end=\"2937\">\n<p class=\"\" data-start=\"2881\" data-end=\"2937\">Konstrukce kloub\u016f Accordion-Flex pro v\u011bt\u0161\u00ed flexibilitu<\/p>\n<\/li>\n<li class=\"\" data-start=\"2938\" data-end=\"2985\">\n<p class=\"\" data-start=\"2940\" data-end=\"2985\">M\u011bkk\u00fd panel na palec pro ot\u00edr\u00e1n\u00ed br\u00fdl\u00ed nebo obli\u010deje<\/p>\n<\/li>\n<li class=\"\" data-start=\"2986\" data-end=\"3047\">\n<p class=\"\" data-start=\"2988\" data-end=\"3047\">P\u00e1sek na such\u00fd zip na z\u00e1p\u011bst\u00ed s pevn\u00fdm uchycen\u00edm a elastickou vnit\u0159n\u00ed man\u017eetou<\/p>\n<\/li>\n<li class=\"\" data-start=\"3048\" data-end=\"3118\">\n<p class=\"\" data-start=\"3050\" data-end=\"3118\">Atraktivn\u00ed kombinace hn\u011bd\u00e9, \u010dern\u00e9 a \u0161ed\u00e9 k\u016f\u017ee pro prvot\u0159\u00eddn\u00ed, robustn\u00ed vzhled<\/p>\n<\/li>\n<li class=\"\" data-start=\"3119\" data-end=\"3195\">\n<p class=\"\" data-start=\"3121\" data-end=\"3195\">Vhodn\u00e9 pro ly\u017eov\u00e1n\u00ed, snowboarding, j\u00edzdu na sn\u011b\u017en\u00fdch sk\u00fatrech a pro horskou z\u00e1chrannou slu\u017ebu.<\/p>\n<\/li>\n<\/ul>\n<hr class=\"\" data-start=\"3197\" data-end=\"3200\" \/>\n<h3 class=\"\" data-start=\"3202\" data-end=\"3223\"><strong data-start=\"3206\" data-end=\"3223\">Aplikace:<\/strong><\/h3>\n<ul data-start=\"3225\" data-end=\"3497\">\n<li class=\"\" data-start=\"3225\" data-end=\"3257\">\n<p class=\"\" data-start=\"3227\" data-end=\"3257\">Alpsk\u00e9 ly\u017eov\u00e1n\u00ed a snowboarding<\/p>\n<\/li>\n<li class=\"\" data-start=\"3258\" data-end=\"3289\">\n<p class=\"\" data-start=\"3260\" data-end=\"3289\">J\u00edzda na sn\u011b\u017en\u00fdch sk\u00fatrech a \u010dty\u0159kolk\u00e1ch<\/p>\n<\/li>\n<li class=\"\" data-start=\"3290\" data-end=\"3330\">\n<p class=\"\" data-start=\"3292\" data-end=\"3330\">vysokohorsk\u00e1 turistika, horolezectv\u00ed<\/p>\n<\/li>\n<li class=\"\" data-start=\"3331\" data-end=\"3379\">\n<p class=\"\" data-start=\"3333\" data-end=\"3379\">Ly\u017ea\u0159sk\u00e9 hl\u00eddky, pr\u016fvodci a pracovn\u00edci v zimn\u00edch ter\u00e9nech<\/p>\n<\/li>\n<li class=\"\" data-start=\"3380\" data-end=\"3431\">\n<p class=\"\" data-start=\"3382\" data-end=\"3431\">Maloobchodn\u00ed prodejny s letovisky, p\u016fj\u010dovnami a outdoorov\u00fdmi sporty<\/p>\n<\/li>\n<li class=\"\" data-start=\"3432\" data-end=\"3497\">\n<p class=\"\" data-start=\"3434\" data-end=\"3497\">V\u00fdcvik v p\u0159\u00edrod\u011b, bezpe\u010dnostn\u00ed person\u00e1l a provoz ly\u017ea\u0159sk\u00e9 \u0161koly<\/p>\n<\/li>\n<\/ul>\n<hr class=\"\" data-start=\"3499\" data-end=\"3502\" \/>\n<h3 class=\"\" data-start=\"3504\" data-end=\"3527\"><strong data-start=\"3508\" data-end=\"3527\">Specifikace:<\/strong><\/h3>\n<ul data-start=\"3529\" data-end=\"4047\">\n<li class=\"\" data-start=\"3529\" data-end=\"3580\">\n<p class=\"\" data-start=\"3531\" data-end=\"3580\">Vn\u011bj\u0161\u00ed: Pr\u00e9miov\u00e1 celoko\u017een\u00e1 k\u016f\u017ee (v\u00edcebarevn\u00e1)<\/p>\n<\/li>\n<li class=\"\" data-start=\"3581\" data-end=\"3633\">\n<p class=\"\" data-start=\"3583\" data-end=\"3633\">Interi\u00e9r: M\u011bkk\u00e1 fleecov\u00e1 vlo\u017eka + tepeln\u00e1 izolace<\/p>\n<\/li>\n<li class=\"\" data-start=\"3634\" data-end=\"3670\">\n<p class=\"\" data-start=\"3636\" data-end=\"3670\">P\u0159izp\u016fsoben\u00ed: Rukavice s rozd\u011blen\u00fdmi prsty<\/p>\n<\/li>\n<li class=\"\" data-start=\"3671\" data-end=\"3740\">\n<p class=\"\" data-start=\"3673\" data-end=\"3740\">Velikosti: (pro hromadn\u00e9 objedn\u00e1vky jsou k dispozici vlastn\u00ed velikosti).<\/p>\n<\/li>\n<li class=\"\" data-start=\"3741\" data-end=\"3796\">\n<p class=\"\" data-start=\"3743\" data-end=\"3796\">Zna\u010dka: RYINZ s volitelnou slu\u017ebou priv\u00e1tn\u00ed zna\u010dky<\/p>\n<\/li>\n<li class=\"\" data-start=\"3797\" data-end=\"3844\">\n<p class=\"\" data-start=\"3799\" data-end=\"3844\">Man\u017eeta: Neoprenov\u00e1 v\u00fdztu\u017e s p\u00e1skem na such\u00fd zip<\/p>\n<\/li>\n<li class=\"\" data-start=\"3845\" data-end=\"3896\">\n<p class=\"\" data-start=\"3847\" data-end=\"3896\">Balen\u00ed: Balen\u00ed: jednotliv\u00e9 polybagy nebo vlastn\u00ed krabice OEM<\/p>\n<\/li>\n<li class=\"\" data-start=\"3897\" data-end=\"3915\">\n<p class=\"\" data-start=\"3899\" data-end=\"3915\">MOQ: 300 p\u00e1r\u016f<\/p>\n<\/li>\n<li class=\"\" data-start=\"3916\" data-end=\"3978\">\n<p class=\"\" data-start=\"3918\" data-end=\"3978\">P\u0159izp\u016fsoben\u00ed: K dispozici je logo, barva, pod\u0161\u00edvka a balen\u00ed.<\/p>\n<\/li>\n<li class=\"\" data-start=\"3979\" data-end=\"4047\">\n<p class=\"\" data-start=\"3981\" data-end=\"4047\">Certifikace: CE EN388 a normy odolnosti proti chladu na vy\u017e\u00e1d\u00e1n\u00ed<\/p>\n<\/li>\n<\/ul>","protected":false},"excerpt":{"rendered":"<p>Z\u016fsta\u0148te v teple a m\u011bjte v\u0161e pod kontrolou d\u00edky inovativn\u00edm <strong data-start=\"4161\" data-end=\"4195\">Ly\u017ea\u0159sk\u00e9 pal\u010d\u00e1ky RYINZ s d\u011blen\u00fdmi prsty<\/strong> - revolu\u010dn\u00ed hybridn\u00ed konstrukce pro ty, kte\u0159\u00ed cht\u011bj\u00ed v\u00fdkon i teplo. Tyto rukavice kombinuj\u00ed p\u0159irozenou schopnost udr\u017eet teplo, kterou maj\u00ed pal\u010d\u00e1ky, s obratnost\u00ed rukavic d\u00edky chytr\u00e9 konstrukci s rozd\u011blen\u00fdmi prsty, a nab\u00edzej\u00ed tak lep\u0161\u00ed \u00fachop a pohyb v mraziv\u00fdch teplot\u00e1ch. Jsou vyrobeny z prvot\u0159\u00eddn\u00ed k\u016f\u017ee, maj\u00ed pru\u017en\u00e9 polstrov\u00e1n\u00ed kloub\u016f, tepelnou izolaci a zes\u00edlen\u00e9 oblasti s vysok\u00fdm opot\u0159eben\u00edm a zvl\u00e1dnou v\u0161e od b\u011bhu v ter\u00e9nu a\u017e po ledov\u00e9 sjezdy. A\u0165 u\u017e jste profesion\u00e1ln\u00ed pr\u016fvodce, vysokohorsk\u00fd nad\u0161enec nebo zimn\u00ed prodejce, tyto rukavice jsou \u0161pi\u010dkovou volbou pro robustn\u00ed funk\u010dnost s modern\u00edm n\u00e1dechem.<\/p>","protected":false},"featured_media":8948,"comment_status":"closed","ping_status":"closed","template":"","meta":[],"product_brand":[35],"product_cat":[57],"product_tag":[70,71],"class_list":{"0":"post-8909","1":"product","2":"type-product","3":"status-publish","4":"has-post-thumbnail","6":"product_brand-ryinz","7":"product_cat-ski-snowboarding-gloves","8":"product_tag-amara-patch-gloves","9":"product_tag-amara-patch-snow-gloves","11":"first","12":"instock","13":"taxable","14":"shipping-taxable","15":"purchasable","16":"product-type-simple"},"_links":{"self":[{"href":"https:\/\/ryinz.cz\/velkoobchod\/cs\/wp-json\/wp\/v2\/product\/8909","targetHints":{"allow":["GET"]}}],"collection":[{"href":"https:\/\/ryinz.cz\/velkoobchod\/cs\/wp-json\/wp\/v2\/product"}],"about":[{"href":"https:\/\/ryinz.cz\/velkoobchod\/cs\/wp-json\/wp\/v2\/types\/product"}],"replies":[{"embeddable":true,"href":"https:\/\/ryinz.cz\/velkoobchod\/cs\/wp-json\/wp\/v2\/comments?post=8909"}],"wp:featuredmedia":[{"embeddable":true,"href":"https:\/\/ryinz.cz\/velkoobchod\/cs\/wp-json\/wp\/v2\/media\/8948"}],"wp:attachment":[{"href":"https:\/\/ryinz.cz\/velkoobchod\/cs\/wp-json\/wp\/v2\/media?parent=8909"}],"wp:term":[{"taxonomy":"product_brand","embeddable":true,"href":"https:\/\/ryinz.cz\/velkoobchod\/cs\/wp-json\/wp\/v2\/product_brand?post=8909"},{"taxonomy":"product_cat","embeddable":true,"href":"https:\/\/ryinz.cz\/velkoobchod\/cs\/wp-json\/wp\/v2\/product_cat?post=8909"},{"taxonomy":"product_tag","embeddable":true,"href":"https:\/\/ryinz.cz\/velkoobchod\/cs\/wp-json\/wp\/v2\/product_tag?post=8909"}],"curies":[{"name":"wp","href":"https:\/\/api.w.org\/{rel}","templated":true}]}}