{"id":8908,"date":"2025-06-22T15:21:04","date_gmt":"2025-06-22T15:21:04","guid":{"rendered":"https:\/\/ryinz.cz\/velkoobchod\/?post_type=product&#038;p=8908"},"modified":"2026-01-18T20:16:45","modified_gmt":"2026-01-18T20:16:45","slug":"ryinz-art-print-vodeodolne-lyzarske-snowboardove-rukavice-s-nastavitelnym-paskem-zimni-rukavice-se-stylovym-grafickym-designem","status":"publish","type":"product","link":"https:\/\/ryinz.cz\/velkoobchod\/cs\/product\/ryinz-art-print-waterproof-ski-snowboard-gloves-adjustable-strap-winter-gloves-with-stylish-graphic-design\/","title":{"rendered":"RYINZ Art-Print Vod\u011bodoln\u00e9 ly\u017ea\u0159sk\u00e9 a snowboardov\u00e9 rukavice - nastaviteln\u00fd p\u00e1sek zimn\u00edch rukavic se stylov\u00fdm grafick\u00fdm designem"},"content":{"rendered":"<p class=\"\" data-start=\"326\" data-end=\"639\">Z\u016fsta\u0148te na svaz\u00edch v teple, stylov\u011b a chr\u00e1n\u011bni s modelem <strong data-start=\"383\" data-end=\"424\">RYINZ GSG-0502 Ly\u017ea\u0159sk\u00e9 a snowboardov\u00e9 rukavice<\/strong>, ur\u010den\u00e9 pro vysoce v\u00fdkonn\u00e9 zimn\u00ed sporty a vysokohorsk\u00e1 dobrodru\u017estv\u00ed. Tyto rukavice jsou v\u00edc ne\u017e jen ochranou - jsou vyj\u00e1d\u0159en\u00edm osobnosti, s jedine\u010dn\u00fdm designem s um\u011bleck\u00fdm potiskem, kter\u00fd v\u00e1s na hor\u00e1ch odli\u0161\u00ed.<\/p>\n<p class=\"\" data-start=\"641\" data-end=\"940\">Vyrobeno s pou\u017eit\u00edm <strong data-start=\"655\" data-end=\"698\">odoln\u00fd vod\u011bodoln\u00fd polyesterov\u00fd pl\u00e1\u0161\u0165<\/strong> a zes\u00edlenou dlan\u00ed z PU k\u016f\u017ee jsou tyto rukavice navr\u017eeny tak, aby odolaly siln\u00e9mu chladu, mokr\u00e9mu sn\u011bhu a v\u011btru. Vnit\u0159n\u00ed pod\u0161\u00edvka je vybavena m\u011bkkou fleecovou izolac\u00ed pro optim\u00e1ln\u00ed udr\u017een\u00ed tepla a celodenn\u00ed pohodl\u00ed v mraziv\u00fdch teplot\u00e1ch.<\/p>\n<p class=\"\" data-start=\"942\" data-end=\"1247\">Hlavn\u00ed p\u0159ednost\u00ed modelu GSG-0502 je jeho <strong data-start=\"985\" data-end=\"1021\">exkluzivn\u00ed exteri\u00e9r s v\u00edce vzory<\/strong>, kter\u00e9 jsou k dispozici v r\u016fzn\u00fdch digit\u00e1ln\u011b ti\u0161t\u011bn\u00fdch vzorech inspirovan\u00fdch um\u011bn\u00edm. Tyto v\u00fdrazn\u00e9 vizu\u00e1ln\u00ed vzory nejen odr\u00e1\u017eej\u00ed osobn\u00ed styl, ale tak\u00e9 zvy\u0161uj\u00ed viditelnost p\u0159i j\u00edzd\u011b na snowboardu, ly\u017e\u00edch, sn\u011b\u017en\u00fdch sk\u00fatrech a p\u011b\u0161\u00ed turistice v zasn\u011b\u017een\u00e9m ter\u00e9nu.<\/p>\n<p class=\"\" data-start=\"1249\" data-end=\"1667\"><strong data-start=\"1249\" data-end=\"1277\">V\u00fdkon se snoub\u00ed s designem<\/strong> s ergonomicky tvarovan\u00fdm st\u0159ihem, p\u0159edem zak\u0159iven\u00fdmi prsty a pevn\u00fdm nastaviteln\u00fdm p\u00e1skem na z\u00e1p\u011bst\u00ed, kter\u00fd zaji\u0161\u0165uje pevn\u00e9 uchycen\u00ed. Rukavice obsahuj\u00ed odoln\u00fd <strong data-start=\"1423\" data-end=\"1472\">popruh na such\u00fd zip s rychloup\u00ednac\u00ed sponou<\/strong> aby byly rukavice zaji\u0161t\u011bn\u00e9 a sn\u00ed\u017eilo se riziko vniknut\u00ed sn\u011bhu. Kdy\u017e rukavice nepou\u017e\u00edv\u00e1te, dr\u017e\u00ed je pohromad\u011b uzamykateln\u00e1 spona a voliteln\u00e9 poutko na z\u00e1p\u011bst\u00ed zajist\u00ed, \u017ee je nikdy neshod\u00edte z vleku.<\/p>\n<p class=\"\" data-start=\"1669\" data-end=\"1947\">Rukavice jsou uvnit\u0159 vybaveny <strong data-start=\"1702\" data-end=\"1742\">prody\u0161n\u00e1 membr\u00e1na odv\u00e1d\u011bj\u00edc\u00ed vlhkost<\/strong> kter\u00e1 zabra\u0148uje hromad\u011bn\u00ed potu p\u0159i intenzivn\u00edch aktivit\u00e1ch a z\u00e1rove\u0148 udr\u017euje vn\u011bj\u0161\u00ed vlhkost venku. D\u00edky tomu jsou vhodn\u00e9 pro u\u017eivatele, kte\u0159\u00ed provozuj\u00ed aktivn\u00ed zimn\u00ed sporty ve vysok\u00fdch nadmo\u0159sk\u00fdch v\u00fd\u0161k\u00e1ch a vy\u017eaduj\u00ed pohodl\u00ed i v\u00fdkon.<\/p>\n<p class=\"\" data-start=\"1949\" data-end=\"2224\">Tyto rukavice jsou ide\u00e1ln\u00ed pro unisexov\u00e9 pou\u017eit\u00ed (mu\u017ei i \u017eeny) a jsou k dispozici ve velikostech od XS do XXL. A\u0165 u\u017e se chyst\u00e1te na dal\u0161\u00ed ly\u017ea\u0159skou v\u00fdpravu do Alp, nebo sh\u00e1n\u00edte funk\u010dn\u00ed a m\u00f3dn\u00ed rukavice pro sv\u016fj obchod, <strong data-start=\"2169\" data-end=\"2187\">RYINZ GSG-0502<\/strong> p\u0159edstavuje chytr\u00e9 a v\u00fdjime\u010dn\u00e9 \u0159e\u0161en\u00ed.<\/p>\n<hr class=\"\" data-start=\"2226\" data-end=\"2229\" \/>\n<h3 class=\"\" data-start=\"2231\" data-end=\"2258\"><strong data-start=\"2235\" data-end=\"2258\">Nejd\u016fle\u017eit\u011bj\u0161\u00ed vlastnosti produktu:<\/strong><\/h3>\n<ul data-start=\"2260\" data-end=\"2823\">\n<li class=\"\" data-start=\"2260\" data-end=\"2325\">\n<p class=\"\" data-start=\"2262\" data-end=\"2325\">Vod\u011bodoln\u00fd a v\u011btruodoln\u00fd polyesterov\u00fd pl\u00e1\u0161\u0165 s dlan\u00ed z PU k\u016f\u017ee<\/p>\n<\/li>\n<li class=\"\" data-start=\"2326\" data-end=\"2396\">\n<p class=\"\" data-start=\"2328\" data-end=\"2396\">Digit\u00e1ln\u011b poti\u0161t\u011bn\u00fd v\u00edcebarevn\u00fd exteri\u00e9r s mnoha mo\u017enostmi designu<\/p>\n<\/li>\n<li class=\"\" data-start=\"2397\" data-end=\"2442\">\n<p class=\"\" data-start=\"2399\" data-end=\"2442\">M\u011bkk\u00e1 fleecov\u00e1 pod\u0161\u00edvka pro tepelnou izolaci<\/p>\n<\/li>\n<li class=\"\" data-start=\"2443\" data-end=\"2493\">\n<p class=\"\" data-start=\"2445\" data-end=\"2493\">Nastaviteln\u00fd popruh + rychloup\u00ednac\u00ed p\u0159ezka<\/p>\n<\/li>\n<li class=\"\" data-start=\"2494\" data-end=\"2544\">\n<p class=\"\" data-start=\"2496\" data-end=\"2544\">Zes\u00edlen\u00e1 dla\u0148 pro lep\u0161\u00ed \u00fachop a odolnost<\/p>\n<\/li>\n<li class=\"\" data-start=\"2545\" data-end=\"2591\">\n<p class=\"\" data-start=\"2547\" data-end=\"2591\">Prody\u0161n\u00e1 vnit\u0159n\u00ed membr\u00e1na odv\u00e1d\u011bj\u00edc\u00ed vlhkost<\/p>\n<\/li>\n<li class=\"\" data-start=\"2592\" data-end=\"2633\">\n<p class=\"\" data-start=\"2594\" data-end=\"2633\">Uzamykac\u00ed klip a voliteln\u00e9 vod\u00edtko na z\u00e1p\u011bst\u00ed<\/p>\n<\/li>\n<li class=\"\" data-start=\"2634\" data-end=\"2704\">\n<p class=\"\" data-start=\"2636\" data-end=\"2704\">K dispozici ve v\u00edce grafick\u00fdch proveden\u00edch (zobrazeno pod hlavn\u00edm obr\u00e1zkem)<\/p>\n<\/li>\n<li class=\"\" data-start=\"2705\" data-end=\"2772\">\n<p class=\"\" data-start=\"2707\" data-end=\"2772\">Ide\u00e1ln\u00ed pro ly\u017eov\u00e1n\u00ed, snowboarding, zimn\u00ed turistiku a j\u00edzdu na sn\u011b\u017en\u00fdch sk\u00fatrech.<\/p>\n<\/li>\n<li class=\"\" data-start=\"2773\" data-end=\"2823\">\n<p class=\"\" data-start=\"2775\" data-end=\"2823\">K dispozici jsou slu\u017eby zna\u010den\u00ed OEM a priv\u00e1tn\u00edch zna\u010dek<\/p>\n<\/li>\n<\/ul>\n<hr class=\"\" data-start=\"2825\" data-end=\"2828\" \/>\n<h3 class=\"\" data-start=\"2830\" data-end=\"2851\"><strong data-start=\"2834\" data-end=\"2851\">Aplikace:<\/strong><\/h3>\n<ul data-start=\"2853\" data-end=\"3100\">\n<li class=\"\" data-start=\"2853\" data-end=\"2893\">\n<p class=\"\" data-start=\"2855\" data-end=\"2893\">Rekrea\u010dn\u00ed ly\u017eov\u00e1n\u00ed a snowboarding<\/p>\n<\/li>\n<li class=\"\" data-start=\"2894\" data-end=\"2924\">\n<p class=\"\" data-start=\"2896\" data-end=\"2924\">Profesion\u00e1ln\u00ed alpsk\u00e9 sporty<\/p>\n<\/li>\n<li class=\"\" data-start=\"2925\" data-end=\"2946\">\n<p class=\"\" data-start=\"2927\" data-end=\"2946\">J\u00edzda na sn\u011b\u017en\u00e9m sk\u00fatru<\/p>\n<\/li>\n<li class=\"\" data-start=\"2947\" data-end=\"2978\">\n<p class=\"\" data-start=\"2949\" data-end=\"2978\">Doj\u00ed\u017ed\u011bn\u00ed a cestov\u00e1n\u00ed v zim\u011b<\/p>\n<\/li>\n<li class=\"\" data-start=\"2979\" data-end=\"3015\">\n<p class=\"\" data-start=\"2981\" data-end=\"3015\">Pozn\u00e1v\u00e1n\u00ed p\u0159\u00edrody a p\u011b\u0161\u00ed turistika<\/p>\n<\/li>\n<li class=\"\" data-start=\"3016\" data-end=\"3059\">\n<p class=\"\" data-start=\"3018\" data-end=\"3059\">Ly\u017ea\u0159\u0161t\u00ed instrukto\u0159i a pracovn\u00edci sn\u011bhov\u00fdch st\u0159edisek<\/p>\n<\/li>\n<li class=\"\" data-start=\"3060\" data-end=\"3100\">\n<p class=\"\" data-start=\"3062\" data-end=\"3100\">M\u00f3dn\u00ed kolekce zimn\u00edho oble\u010den\u00ed<\/p>\n<\/li>\n<\/ul>\n<hr class=\"\" data-start=\"3102\" data-end=\"3105\" \/>\n<h3 class=\"\" data-start=\"3107\" data-end=\"3130\"><strong data-start=\"3111\" data-end=\"3130\">Specifikace:<\/strong><\/h3>\n<ul data-start=\"3132\" data-end=\"3608\">\n<li class=\"\" data-start=\"3132\" data-end=\"3193\">\n<p class=\"\" data-start=\"3134\" data-end=\"3193\">Materi\u00e1l: Materi\u00e1l: nepromokav\u00fd polyester, PU k\u016f\u017ee, fleecov\u00e1 pod\u0161\u00edvka<\/p>\n<\/li>\n<li class=\"\" data-start=\"3194\" data-end=\"3264\">\n<p class=\"\" data-start=\"3196\" data-end=\"3264\">Velikosti: XS, S, M, L, XL, XXL (p\u0159i hromadn\u00e9 objedn\u00e1vce je mo\u017en\u00e9 zvolit vlastn\u00ed velikost).<\/p>\n<\/li>\n<li class=\"\" data-start=\"3265\" data-end=\"3330\">\n<p class=\"\" data-start=\"3267\" data-end=\"3330\">Barva\/designy: R\u016fzn\u00e9 modern\u00ed grafick\u00e9 potisky (k dispozici OEM)<\/p>\n<\/li>\n<li class=\"\" data-start=\"3331\" data-end=\"3384\">\n<p class=\"\" data-start=\"3333\" data-end=\"3384\">Zap\u00edn\u00e1n\u00ed: h\u00e1\u010dek a smy\u010dka s nastavitelnou p\u0159ezkou<\/p>\n<\/li>\n<li class=\"\" data-start=\"3385\" data-end=\"3437\">\n<p class=\"\" data-start=\"3387\" data-end=\"3437\">Zna\u010dka: Standardn\u00ed nebo vlastn\u00ed logo RYINZ<\/p>\n<\/li>\n<li class=\"\" data-start=\"3438\" data-end=\"3473\">\n<p class=\"\" data-start=\"3440\" data-end=\"3473\">Certifikace: CE EN388, EN511<\/p>\n<\/li>\n<li class=\"\" data-start=\"3474\" data-end=\"3514\">\n<p class=\"\" data-start=\"3476\" data-end=\"3514\">Balen\u00ed: Balen\u00ed: Polybag nebo maloobchodn\u00ed krabice OEM<\/p>\n<\/li>\n<li class=\"\" data-start=\"3515\" data-end=\"3537\">\n<p class=\"\" data-start=\"3517\" data-end=\"3537\">MOQ: 300-500 p\u00e1r\u016f<\/p>\n<\/li>\n<li class=\"\" data-start=\"3538\" data-end=\"3608\">\n<p class=\"\" data-start=\"3540\" data-end=\"3608\">Voliteln\u00e9 dopl\u0148ky: Dotykov\u00fd ukazov\u00e1\u010dek, tepeln\u00e1 kapsa, vod\u00edtko na z\u00e1p\u011bst\u00ed<\/p>\n<\/li>\n<\/ul>","protected":false},"excerpt":{"rendered":"<p>Rukavice RYINZ GSG-0502 jsou va\u0161\u00edm zimn\u00edm spole\u010dn\u00edkem, kter\u00fd kombinuje teplo, nepromokavost a \u00fa\u017easn\u00fd vizu\u00e1ln\u00ed vzhled. Tyto rukavice, navr\u017een\u00e9 pro milovn\u00edky sn\u011bhov\u00fdch sport\u016f, maj\u00ed prody\u0161nou fleecovou pod\u0161\u00edvku, \u00fachop na dlani z PU k\u016f\u017ee a v\u00fdrazn\u00fd svr\u0161ek s digit\u00e1ln\u00edm potiskem. Nastaviteln\u00fd p\u00e1sek s p\u0159ezkou zaji\u0161\u0165uje dokonal\u00e9 p\u0159izp\u016fsoben\u00ed, zat\u00edmco um\u011bleck\u00fd grafick\u00fd design odli\u0161\u00ed v\u00e1\u0161 vzhled na svaz\u00edch. Ide\u00e1ln\u00ed na ly\u017eov\u00e1n\u00ed, snowboarding nebo pr\u016fzkum v chladn\u00e9m po\u010das\u00ed. K dispozici ve v\u00edce vzorech a velikostech, s plnou podporou OEM brandingu pro kupuj\u00edc\u00ed v Evrop\u011b i mimo ni.<\/p>","protected":false},"featured_media":8951,"comment_status":"closed","ping_status":"closed","template":"","meta":[],"product_brand":[35],"product_cat":[57],"product_tag":[66,58,67],"class_list":{"0":"post-8908","1":"product","2":"type-product","3":"status-publish","4":"has-post-thumbnail","6":"product_brand-ryinz","7":"product_cat-ski-snowboarding-gloves","8":"product_tag-adjustable-winter-gloves","9":"product_tag-cowhide-leather-gloves","10":"product_tag-stretch-fabric-gloves","12":"first","13":"instock","14":"taxable","15":"shipping-taxable","16":"purchasable","17":"product-type-simple"},"_links":{"self":[{"href":"https:\/\/ryinz.cz\/velkoobchod\/cs\/wp-json\/wp\/v2\/product\/8908","targetHints":{"allow":["GET"]}}],"collection":[{"href":"https:\/\/ryinz.cz\/velkoobchod\/cs\/wp-json\/wp\/v2\/product"}],"about":[{"href":"https:\/\/ryinz.cz\/velkoobchod\/cs\/wp-json\/wp\/v2\/types\/product"}],"replies":[{"embeddable":true,"href":"https:\/\/ryinz.cz\/velkoobchod\/cs\/wp-json\/wp\/v2\/comments?post=8908"}],"wp:featuredmedia":[{"embeddable":true,"href":"https:\/\/ryinz.cz\/velkoobchod\/cs\/wp-json\/wp\/v2\/media\/8951"}],"wp:attachment":[{"href":"https:\/\/ryinz.cz\/velkoobchod\/cs\/wp-json\/wp\/v2\/media?parent=8908"}],"wp:term":[{"taxonomy":"product_brand","embeddable":true,"href":"https:\/\/ryinz.cz\/velkoobchod\/cs\/wp-json\/wp\/v2\/product_brand?post=8908"},{"taxonomy":"product_cat","embeddable":true,"href":"https:\/\/ryinz.cz\/velkoobchod\/cs\/wp-json\/wp\/v2\/product_cat?post=8908"},{"taxonomy":"product_tag","embeddable":true,"href":"https:\/\/ryinz.cz\/velkoobchod\/cs\/wp-json\/wp\/v2\/product_tag?post=8908"}],"curies":[{"name":"wp","href":"https:\/\/api.w.org\/{rel}","templated":true}]}}