{"id":8907,"date":"2025-06-22T15:21:04","date_gmt":"2025-06-22T15:21:04","guid":{"rendered":"https:\/\/ryinz.cz\/velkoobchod\/?post_type=product&#038;p=8907"},"modified":"2026-01-18T20:16:45","modified_gmt":"2026-01-18T20:16:45","slug":"ryinz-lyzarske-rukavice-do-kazdeho-pocasi-zesilene-tepelne-zimni-rukavice-s-nastavitelnymi-manzetami-pro-muze-zeny","status":"publish","type":"product","link":"https:\/\/ryinz.cz\/velkoobchod\/cs\/product\/ryinz-all-weather-snow-ski-gloves-reinforced-thermal-winter-gloves-with-adjustable-cuffs-for-men-women\/","title":{"rendered":"RYINZ Rukavice do ka\u017ed\u00e9ho po\u010das\u00ed na sn\u00edh a ly\u017ee - zes\u00edlen\u00e9 zateplen\u00e9 zimn\u00ed rukavice s nastaviteln\u00fdmi man\u017eetami pro mu\u017ee a \u017eeny"},"content":{"rendered":"<p class=\"\" data-start=\"325\" data-end=\"664\">Navr\u017eeno pro ty, kte\u0159\u00ed \u017eij\u00ed pro hory. <strong data-start=\"376\" data-end=\"415\">RYINZ Rukavice na sn\u00edh a ly\u017ee do ka\u017ed\u00e9ho po\u010das\u00ed<\/strong> poskytuj\u00ed maxim\u00e1ln\u00ed ochranu, pohodl\u00ed a v\u00fdkon v chladn\u00e9m po\u010das\u00ed. A\u0165 u\u017e br\u00e1zd\u00edte sjezdovky, proj\u00ed\u017ed\u00edte na sn\u011b\u017enic\u00edch zledovat\u011bl\u00e9 stezky nebo pracujete venku v mrazu, tyto rukavice jsou navr\u017eeny tak, aby v\u00e1s udr\u017eely v suchu, teple a pod plnou kontrolou.<\/p>\n<p class=\"\" data-start=\"666\" data-end=\"1135\">Vyrobeno z <strong data-start=\"679\" data-end=\"733\">vyztu\u017een\u00e1 syntetick\u00e1 k\u016f\u017ee a odoln\u00e1 tkanina.<\/strong>, tyto rukavice poskytuj\u00ed vynikaj\u00edc\u00ed trvanlivost a odolnost proti od\u011bru, a to i v t\u011bch nejn\u00e1ro\u010dn\u011bj\u0161\u00edch zimn\u00edch podm\u00ednk\u00e1ch. Vn\u011bj\u0161\u00ed pl\u00e1\u0161\u0165 odol\u00e1v\u00e1 v\u011btru a vlhkosti, zat\u00edmco dlan\u011b a kone\u010dky prst\u016f jsou vyztu\u017eeny materi\u00e1ly s vysokou odolnost\u00ed proti opot\u0159eben\u00ed, aby v\u00e1m poskytly vynikaj\u00edc\u00ed p\u0159ilnavost a dlouhou \u017eivotnost. Jejich elegantn\u00ed, modern\u00ed dvoubarevn\u00fd \u0161ed\u00fd design je stylov\u00fd a z\u00e1rove\u0148 robustn\u00ed, tak\u017ee jsou ide\u00e1ln\u00ed pro sportovn\u00ed nad\u0161ence i outdoorov\u00e9 profesion\u00e1ly.<\/p>\n<p class=\"\" data-start=\"1137\" data-end=\"1547\">Vnit\u0159ek rukavice je vybaven <strong data-start=\"1172\" data-end=\"1214\">v\u00edcevrstv\u00fd tepeln\u011b izola\u010dn\u00ed syst\u00e9m<\/strong>, kter\u00e1 nab\u00edz\u00ed vynikaj\u00edc\u00ed schopnost udr\u017eet teplo p\u0159i zachov\u00e1n\u00ed prody\u0161nosti. M\u011bkk\u00e1 pod\u0161\u00edvka na dotek zaji\u0161\u0165uje celodenn\u00ed pohodl\u00ed, zat\u00edmco st\u0159edn\u00ed vrstva izolace vytv\u00e1\u0159\u00ed tepelnou bari\u00e9ru proti ledov\u00e9mu v\u011btru a mokr\u00e9mu sn\u011bhu. Tyto rukavice zachycuj\u00ed teplo a odv\u00e1d\u011bj\u00ed vlhkost, \u010d\u00edm\u017e zabra\u0148uj\u00ed hromad\u011bn\u00ed potu a udr\u017euj\u00ed va\u0161e ruce v dlouh\u00fdch sn\u011bhov\u00fdch dnech v p\u0159\u00edjemn\u00e9m suchu.<\/p>\n<p class=\"\" data-start=\"1549\" data-end=\"2017\">. <strong data-start=\"1552\" data-end=\"1578\">nastaviteln\u00fd z\u00e1p\u011bstn\u00ed \u0159em\u00ednek<\/strong> a <strong data-start=\"1583\" data-end=\"1605\">elastick\u00e1 \u0161\u0148\u016frka cinch<\/strong> na man\u017eet\u011b rukavice umo\u017e\u0148uj\u00ed p\u0159izp\u016fsobit st\u0159ih a zabr\u00e1nit sn\u011bhu, ledu a v\u011btru. Tyto rukavice bezpe\u010dn\u011b padnou p\u0159es ruk\u00e1vy bundy, tak\u017ee jsou ide\u00e1ln\u00ed pro snowboarding, ly\u017eov\u00e1n\u00ed, turistiku nebo j\u00edzdu na sn\u011b\u017en\u00e9m sk\u00fatru. Str\u00e1nka . <strong data-start=\"1812\" data-end=\"1840\">p\u0159edsazen\u00fd design prst\u016f<\/strong> napodobuje p\u0159irozen\u00fd pohyb ruky pro neunavuj\u00edc\u00ed \u00fachop a lep\u0161\u00ed obratnost, a\u0165 u\u017e pou\u017e\u00edv\u00e1te hole, vybaven\u00ed nebo telefony s mo\u017enost\u00ed hrotu citliv\u00e9ho na dotyk (k dispozici na zak\u00e1zku).<\/p>\n<p class=\"\" data-start=\"2019\" data-end=\"2330\">Na h\u0159betu ruky je nav\u00edc <strong data-start=\"2063\" data-end=\"2103\">zes\u00edlen\u00e9 oblo\u017een\u00ed a polstrovan\u00e9 z\u00f3ny<\/strong>, kter\u00e1 nab\u00edz\u00ed odolnost proti n\u00e1razu a zv\u00fd\u0161enou trvanlivost. Man\u017eeta po cel\u00e9 d\u00e9lce je navr\u017eena tak, aby p\u0159esahovala p\u0159es ruk\u00e1vy pro maxim\u00e1ln\u00ed ochranu p\u0159ed pov\u011btrnostn\u00edmi vlivy, a lehk\u00e1 konstrukce zabra\u0148uje objemn\u00e9mu a strnul\u00e9mu pohybu p\u0159i zachov\u00e1n\u00ed struktury.<\/p>\n<p class=\"\" data-start=\"2332\" data-end=\"2536\">Ide\u00e1ln\u00ed pro <strong data-start=\"2342\" data-end=\"2359\">mu\u017ei a \u017eeny<\/strong>, ... <strong data-start=\"2365\" data-end=\"2404\">RYINZ Rukavice na sn\u00edh a ly\u017ee do ka\u017ed\u00e9ho po\u010das\u00ed<\/strong> jsou dokonalou kombinac\u00ed v\u00fdkonu, ochrany a pohodl\u00ed - jsou ur\u010deny pro rekrea\u010dn\u00ed z\u00e1bavu i profesion\u00e1ln\u00ed pr\u00e1ci v zim\u011b.<\/p>\n<hr class=\"\" data-start=\"2538\" data-end=\"2541\" \/>\n<h3 class=\"\" data-start=\"2543\" data-end=\"2570\"><strong data-start=\"2547\" data-end=\"2570\">Nejd\u016fle\u017eit\u011bj\u0161\u00ed vlastnosti produktu:<\/strong><\/h3>\n<ul data-start=\"2572\" data-end=\"3128\">\n<li class=\"\" data-start=\"2572\" data-end=\"2625\">\n<p class=\"\" data-start=\"2574\" data-end=\"2625\">Vn\u011bj\u0161\u00ed pl\u00e1\u0161\u0165 z tkaniny odoln\u00e9 proti vod\u011b a v\u011btru<\/p>\n<\/li>\n<li class=\"\" data-start=\"2626\" data-end=\"2687\">\n<p class=\"\" data-start=\"2628\" data-end=\"2687\">Odoln\u00e1 dla\u0148 ze syntetick\u00e9 k\u016f\u017ee se zes\u00edlen\u00fdmi z\u00f3nami opot\u0159eben\u00ed<\/p>\n<\/li>\n<li class=\"\" data-start=\"2688\" data-end=\"2743\">\n<p class=\"\" data-start=\"2690\" data-end=\"2743\">V\u00edcevrstv\u00e1 izolace pro teplo a prody\u0161nost<\/p>\n<\/li>\n<li class=\"\" data-start=\"2744\" data-end=\"2779\">\n<p class=\"\" data-start=\"2746\" data-end=\"2779\">M\u011bkk\u00e1 kart\u00e1\u010dovan\u00e1 pod\u0161\u00edvka pro pohodl\u00ed<\/p>\n<\/li>\n<li class=\"\" data-start=\"2780\" data-end=\"2839\">\n<p class=\"\" data-start=\"2782\" data-end=\"2839\">Nastaviteln\u00fd p\u00e1sek na z\u00e1p\u011bst\u00ed + \u0161\u0148\u016frka pro t\u011bsn\u00e9 uzav\u0159en\u00ed sn\u011bhu<\/p>\n<\/li>\n<li class=\"\" data-start=\"2840\" data-end=\"2897\">\n<p class=\"\" data-start=\"2842\" data-end=\"2897\">Prodlou\u017een\u00e1 man\u017eeta ve stylu rukavice se hod\u00ed na ruk\u00e1vy bundy.<\/p>\n<\/li>\n<li class=\"\" data-start=\"2898\" data-end=\"2946\">\n<p class=\"\" data-start=\"2900\" data-end=\"2946\">P\u0159edem zak\u0159iven\u00e9 prsty pro p\u0159irozen\u00fd pohyb ruky<\/p>\n<\/li>\n<li class=\"\" data-start=\"2947\" data-end=\"3011\">\n<p class=\"\" data-start=\"2949\" data-end=\"3011\">Dvoubarevn\u00fd modern\u00ed design (sv\u011btle\/tmav\u011b \u0161ed\u00fd) pro unisex vzhled<\/p>\n<\/li>\n<li class=\"\" data-start=\"3012\" data-end=\"3072\">\n<p class=\"\" data-start=\"3014\" data-end=\"3072\">Dostate\u010dn\u011b odoln\u00fd pro backcountry, dostate\u010dn\u011b stylov\u00fd pro st\u0159ediska<\/p>\n<\/li>\n<li class=\"\" data-start=\"3073\" data-end=\"3128\">\n<p class=\"\" data-start=\"3075\" data-end=\"3128\">Vhodn\u00e9 pro sport, z\u00e1chran\u00e1\u0159stv\u00ed a pr\u00e1ci v chladn\u00e9m po\u010das\u00ed<\/p>\n<\/li>\n<\/ul>\n<hr class=\"\" data-start=\"3130\" data-end=\"3133\" \/>\n<h3 class=\"\" data-start=\"3135\" data-end=\"3156\"><strong data-start=\"3139\" data-end=\"3156\">Aplikace:<\/strong><\/h3>\n<ul data-start=\"3158\" data-end=\"3415\">\n<li class=\"\" data-start=\"3158\" data-end=\"3185\">\n<p class=\"\" data-start=\"3160\" data-end=\"3185\">Ly\u017eov\u00e1n\u00ed a snowboarding<\/p>\n<\/li>\n<li class=\"\" data-start=\"3186\" data-end=\"3218\">\n<p class=\"\" data-start=\"3188\" data-end=\"3218\">Trekking v ledu, horolezectv\u00ed<\/p>\n<\/li>\n<li class=\"\" data-start=\"3219\" data-end=\"3253\">\n<p class=\"\" data-start=\"3221\" data-end=\"3253\">J\u00edzda na sn\u011b\u017en\u00fdch sk\u00fatrech a zimn\u00ed cyklistika<\/p>\n<\/li>\n<li class=\"\" data-start=\"3254\" data-end=\"3293\">\n<p class=\"\" data-start=\"3256\" data-end=\"3293\">Skladov\u00e1n\u00ed v chladu nebo venkovn\u00ed zimn\u00ed pr\u00e1ce<\/p>\n<\/li>\n<li class=\"\" data-start=\"3294\" data-end=\"3326\">\n<p class=\"\" data-start=\"3296\" data-end=\"3326\">Alpsk\u00e1 z\u00e1chrann\u00e1 slu\u017eba a ly\u017ea\u0159sk\u00e1 hl\u00eddka<\/p>\n<\/li>\n<li class=\"\" data-start=\"3327\" data-end=\"3369\">\n<p class=\"\" data-start=\"3329\" data-end=\"3369\">Manipulace se za\u0159\u00edzen\u00edm v ledov\u00e9m prost\u0159ed\u00ed<\/p>\n<\/li>\n<li class=\"\" data-start=\"3370\" data-end=\"3415\">\n<p class=\"\" data-start=\"3372\" data-end=\"3415\">Maloobchod s outdoorov\u00fdm sportovn\u00edm oble\u010den\u00edm a p\u016fj\u010dovna vybaven\u00ed<\/p>\n<\/li>\n<\/ul>\n<hr class=\"\" data-start=\"3417\" data-end=\"3420\" \/>\n<h3 class=\"\" data-start=\"3422\" data-end=\"3445\"><strong data-start=\"3426\" data-end=\"3445\">Specifikace:<\/strong><\/h3>\n<ul data-start=\"3447\" data-end=\"3911\">\n<li class=\"\" data-start=\"3447\" data-end=\"3489\">\n<p class=\"\" data-start=\"3449\" data-end=\"3489\">Materi\u00e1l: Materi\u00e1l: polyester, syntetick\u00e1 k\u016f\u017ee<\/p>\n<\/li>\n<li class=\"\" data-start=\"3490\" data-end=\"3540\">\n<p class=\"\" data-start=\"3492\" data-end=\"3540\">Izolace: Kart\u00e1\u010dovan\u00e1 pod\u0161\u00edvka + tepeln\u00e1 mezivrstva<\/p>\n<\/li>\n<li class=\"\" data-start=\"3541\" data-end=\"3594\">\n<p class=\"\" data-start=\"3543\" data-end=\"3594\">Velikosti: S, M, L, XL, XXL (k dispozici jsou velikosti na p\u0159\u00e1n\u00ed).<\/p>\n<\/li>\n<li class=\"\" data-start=\"3595\" data-end=\"3624\">\n<p class=\"\" data-start=\"3597\" data-end=\"3624\">P\u0159izp\u016fsoben\u00ed: Unisex ergonomick\u00fd st\u0159ih<\/p>\n<\/li>\n<li class=\"\" data-start=\"3625\" data-end=\"3682\">\n<p class=\"\" data-start=\"3627\" data-end=\"3682\">Uzav\u0159en\u00ed: Nastaviteln\u00fd p\u00e1sek na such\u00fd zip + knofl\u00edk na z\u00e1p\u011bst\u00ed<\/p>\n<\/li>\n<li class=\"\" data-start=\"3683\" data-end=\"3738\">\n<p class=\"\" data-start=\"3685\" data-end=\"3738\">Zna\u010dka: K dispozici je standardn\u00ed nebo priv\u00e1tn\u00ed zna\u010dka RYINZ<\/p>\n<\/li>\n<li class=\"\" data-start=\"3739\" data-end=\"3788\">\n<p class=\"\" data-start=\"3741\" data-end=\"3788\">P\u0159izp\u016fsoben\u00ed: Logo, barevn\u00e9 sch\u00e9ma, typ pod\u0161\u00edvky<\/p>\n<\/li>\n<li class=\"\" data-start=\"3789\" data-end=\"3807\">\n<p class=\"\" data-start=\"3791\" data-end=\"3807\">MOQ: 300 p\u00e1r\u016f<\/p>\n<\/li>\n<li class=\"\" data-start=\"3808\" data-end=\"3859\">\n<p class=\"\" data-start=\"3810\" data-end=\"3859\">Certifikace: K dispozici na vy\u017e\u00e1d\u00e1n\u00ed (CE, EN388)<\/p>\n<\/li>\n<li class=\"\" data-start=\"3860\" data-end=\"3911\">\n<p class=\"\" data-start=\"3862\" data-end=\"3911\">Balen\u00ed: Balen\u00ed: jednotliv\u00e9 polybagy nebo krabice na m\u00edru<\/p>\n<\/li>\n<\/ul>","protected":false},"excerpt":{"rendered":"<p>Z\u016fsta\u0148te na sn\u011bhu v pohodl\u00ed a jistot\u011b s <strong data-start=\"4018\" data-end=\"4057\">RYINZ Rukavice na sn\u00edh a ly\u017ee do ka\u017ed\u00e9ho po\u010das\u00ed<\/strong> - rukavice p\u0159ipraven\u00e9 na zimu, kter\u00e9 jsou stvo\u0159en\u00e9 pro po\u0159\u00e1dn\u00fd v\u00fdkon v extr\u00e9mn\u00edch podm\u00ednk\u00e1ch. Tyto rukavice kombinuj\u00ed odoln\u00fd vn\u011bj\u0161\u00ed pl\u00e1\u0161\u0165 s tepelnou izolac\u00ed a pohodlnou pod\u0161\u00edvkou, co\u017e zaji\u0161\u0165uje spolehlivou ochranu proti v\u011btru, sn\u011bhu a vlhkosti. Jejich dlouh\u00e1 man\u017eeta poskytuje dodate\u010dn\u00e9 kryt\u00ed, zat\u00edmco nastaviteln\u00fd p\u00e1sek a stahov\u00e1n\u00ed na z\u00e1p\u011bst\u00ed je bezpe\u010dn\u011b udr\u017e\u00ed na m\u00edst\u011b. Vyztu\u017een\u00e1 dla\u0148 zlep\u0161uje \u00fachop, zat\u00edmco polstrovan\u00e9 oblasti a p\u0159edem prohnut\u00e9 prsty zvy\u0161uj\u00ed pru\u017enost a ochranu. Tyto rukavice jsou ide\u00e1ln\u00ed pro ly\u017eov\u00e1n\u00ed, snowboarding, j\u00edzdu na sn\u011b\u017en\u00e9m sk\u00fatru a pr\u00e1ci v chladn\u00e9m po\u010das\u00ed a jsou ur\u010deny pro mu\u017ee i \u017eeny, kte\u0159\u00ed pot\u0159ebuj\u00ed styl i v\u00fdkon v jednom.<\/p>","protected":false},"featured_media":8947,"comment_status":"closed","ping_status":"closed","template":"","meta":[],"product_brand":[35],"product_cat":[57],"product_tag":[63,65],"class_list":{"0":"post-8907","1":"product","2":"type-product","3":"status-publish","4":"has-post-thumbnail","6":"product_brand-ryinz","7":"product_cat-ski-snowboarding-gloves","8":"product_tag-adjustable-snowboarding-gloves","9":"product_tag-cordura-ski-gloves","11":"first","12":"instock","13":"taxable","14":"shipping-taxable","15":"purchasable","16":"product-type-simple"},"_links":{"self":[{"href":"https:\/\/ryinz.cz\/velkoobchod\/cs\/wp-json\/wp\/v2\/product\/8907","targetHints":{"allow":["GET"]}}],"collection":[{"href":"https:\/\/ryinz.cz\/velkoobchod\/cs\/wp-json\/wp\/v2\/product"}],"about":[{"href":"https:\/\/ryinz.cz\/velkoobchod\/cs\/wp-json\/wp\/v2\/types\/product"}],"replies":[{"embeddable":true,"href":"https:\/\/ryinz.cz\/velkoobchod\/cs\/wp-json\/wp\/v2\/comments?post=8907"}],"wp:featuredmedia":[{"embeddable":true,"href":"https:\/\/ryinz.cz\/velkoobchod\/cs\/wp-json\/wp\/v2\/media\/8947"}],"wp:attachment":[{"href":"https:\/\/ryinz.cz\/velkoobchod\/cs\/wp-json\/wp\/v2\/media?parent=8907"}],"wp:term":[{"taxonomy":"product_brand","embeddable":true,"href":"https:\/\/ryinz.cz\/velkoobchod\/cs\/wp-json\/wp\/v2\/product_brand?post=8907"},{"taxonomy":"product_cat","embeddable":true,"href":"https:\/\/ryinz.cz\/velkoobchod\/cs\/wp-json\/wp\/v2\/product_cat?post=8907"},{"taxonomy":"product_tag","embeddable":true,"href":"https:\/\/ryinz.cz\/velkoobchod\/cs\/wp-json\/wp\/v2\/product_tag?post=8907"}],"curies":[{"name":"wp","href":"https:\/\/api.w.org\/{rel}","templated":true}]}}