{"id":8906,"date":"2025-06-22T15:21:04","date_gmt":"2025-06-22T15:21:04","guid":{"rendered":"https:\/\/ryinz.cz\/velkoobchod\/?post_type=product&#038;p=8906"},"modified":"2026-01-18T20:16:44","modified_gmt":"2026-01-18T20:16:44","slug":"ryinz-extremni-chladne-pocasi-lyzarske-snowboardove-rukavice-vetruodolne-vodotesne-zateplene-zimni-rukavice-s-paskem-na-zapesti","status":"publish","type":"product","link":"https:\/\/ryinz.cz\/velkoobchod\/cs\/product\/ryinz-extreme-cold-weather-ski-snowboarding-gloves-windproof-waterproof-insulated-winter-gloves-with-wrist-strap\/","title":{"rendered":"RYINZ Extreme Cold Weather Ski &amp; Snowboarding Gloves - v\u011btruodoln\u00e9, vod\u011bodoln\u00e9, zateplen\u00e9 zimn\u00ed rukavice s p\u00e1skem na z\u00e1p\u011bst\u00ed"},"content":{"rendered":"<p class=\"\" data-start=\"346\" data-end=\"701\">Za\u017eijte \u0161pi\u010dkov\u00fd v\u00fdkon a v\u00fdjime\u010dnou ochranu v drsn\u00e9m zimn\u00edm prost\u0159ed\u00ed s modelem <strong data-start=\"439\" data-end=\"504\">RYINZ MSG-0064 Rukavice pro ly\u017eov\u00e1n\u00ed a snowboarding do extr\u00e9mn\u011b chladn\u00e9ho po\u010das\u00ed<\/strong>. Tyto rukavice jsou ur\u010deny pro sportovce, outdoorov\u00e9 pracovn\u00edky, milovn\u00edky sn\u011bhov\u00fdch sport\u016f a vysokohorsk\u00e9 cestovatele, kte\u0159\u00ed vy\u017eaduj\u00ed teplo, funk\u010dnost a dlouhou \u017eivotnost p\u0159i teplot\u00e1ch pod bodem mrazu.<\/p>\n<p class=\"\" data-start=\"703\" data-end=\"1106\">Vyrobeno s <strong data-start=\"722\" data-end=\"744\">t\u0159\u00edvrstv\u00fd syst\u00e9m<\/strong>, tyto rukavice maj\u00ed <strong data-start=\"769\" data-end=\"807\">odoln\u00fd nepromokav\u00fd nylonov\u00fd vn\u011bj\u0161\u00ed pl\u00e1\u0161\u0165<\/strong>, a <strong data-start=\"811\" data-end=\"848\">zes\u00edlen\u00e1 dla\u0148 ze syntetick\u00e9 k\u016f\u017ee<\/strong>, a <strong data-start=\"856\" data-end=\"894\">m\u011bkk\u00e1 zateplen\u00e1 fleecov\u00e1 vnit\u0159n\u00ed pod\u0161\u00edvka<\/strong> pro maxim\u00e1ln\u00ed ochranu p\u0159ed v\u011btrem, vlhkost\u00ed a mrazem. A\u0165 u\u017e ly\u017eujete, jezd\u00edte na snowboardu, odkl\u00edz\u00edte sn\u00edh, nebo se vyd\u00e1v\u00e1te na t\u00fary horsk\u00fdm ter\u00e9nem, MSG-0064 nab\u00edz\u00ed neochv\u011bjnou spolehlivost a teplo.<\/p>\n<p class=\"\" data-start=\"1108\" data-end=\"1434\">Oblast dlan\u00ed je tvo\u0159ena <strong data-start=\"1138\" data-end=\"1162\">vysoce p\u0159ilnav\u00e1 PU k\u016f\u017ee<\/strong>, navr\u017een\u00e9 tak, aby zlep\u0161ily kontrolu a zabr\u00e1nily sklouznut\u00ed p\u0159i dr\u017een\u00ed ly\u017ea\u0159sk\u00fdch hol\u00ed, rukojet\u00ed sn\u011b\u017en\u00fdch sk\u00fatr\u016f nebo vybaven\u00ed. Strategick\u00e9 v\u00fdztuhy ve spodn\u00ed \u010d\u00e1sti dlan\u011b a na kone\u010dc\u00edch prst\u016f zvy\u0161uj\u00ed pevnost v oblastech s vysok\u00fdm opot\u0159eben\u00edm, tak\u017ee tyto rukavice jsou mimo\u0159\u00e1dn\u011b odoln\u00e9 pro aktivn\u00ed pou\u017e\u00edv\u00e1n\u00ed v n\u00e1ro\u010dn\u00fdch podm\u00ednk\u00e1ch.<\/p>\n<p class=\"\" data-start=\"1436\" data-end=\"1770\">Vnit\u0159n\u00ed \u010d\u00e1st rukavic obsahuje <strong data-start=\"1469\" data-end=\"1511\">prody\u0161n\u00e1, ale teplo zadr\u017euj\u00edc\u00ed membr\u00e1na<\/strong>, co\u017e umo\u017e\u0148uje \u00fanik vlhkosti a z\u00e1rove\u0148 zadr\u017euje tepl\u00fd vzduch uvnit\u0159. To vytv\u00e1\u0159\u00ed optim\u00e1ln\u00ed mikroklima pro va\u0161e ruce i p\u0159i del\u0161\u00edm pobytu venku. Str\u00e1nka <strong data-start=\"1672\" data-end=\"1695\">m\u011bkk\u00e1 kart\u00e1\u010dovan\u00e1 pod\u0161\u00edvka<\/strong> poskytuje p\u0159\u00edjemn\u00fd pocit a zabra\u0148uje t\u0159en\u00ed nebo podr\u00e1\u017ed\u011bn\u00ed p\u0159i dlouhodob\u00e9m no\u0161en\u00ed.<\/p>\n<p class=\"\" data-start=\"1772\" data-end=\"2067\">Rukavice MSG-0064 jsou tak\u00e9 vybaveny <strong data-start=\"1805\" data-end=\"1847\">prodlou\u017een\u00e9 man\u017eety se stahovac\u00edmi \u0161\u0148\u016frkami<\/strong> a <strong data-start=\"1852\" data-end=\"1879\">nastaviteln\u00e9 z\u00e1p\u011bstn\u00ed \u0159em\u00ednky<\/strong>, co\u017e umo\u017e\u0148uje \u00fa\u010dinn\u011b chr\u00e1nit p\u0159ed sn\u011bhem a v\u011btrem. Integrovan\u00fd <strong data-start=\"1947\" data-end=\"1991\">nastaviteln\u00fd \u0159em\u00ednek s p\u0159ezkou p\u0159es z\u00e1p\u011bst\u00ed<\/strong> zaji\u0161\u0165uje bezpe\u010dn\u00e9 uchycen\u00ed a zabra\u0148uje sklouznut\u00ed i p\u0159i rychl\u00e9 aktivit\u011b.<\/p>\n<p class=\"\" data-start=\"2069\" data-end=\"2305\">Rukavice jsou nav\u00edc vybaveny <strong data-start=\"2104\" data-end=\"2144\">zaji\u0161\u0165ovac\u00ed klipy pro udr\u017een\u00ed p\u00e1r\u016f pohromad\u011b<\/strong> a jsou kompatibiln\u00ed s vod\u00edtky na z\u00e1p\u011bst\u00ed pro v\u011bt\u0161\u00ed bezpe\u010dnost na ly\u017ea\u0159sk\u00fdch vlec\u00edch. Reflexn\u00ed logo zvy\u0161uje viditelnost p\u0159i slab\u00e9m osv\u011btlen\u00ed a zaji\u0161\u0165uje v\u011bt\u0161\u00ed bezpe\u010dnost.<\/p>\n<p class=\"\" data-start=\"2307\" data-end=\"2603\">Ergonomick\u00fd tvar rukavic je navr\u017een s ohledem na v\u00fdkonnost a zaji\u0161\u0165uje pru\u017enost a obratnost p\u0159i zachov\u00e1n\u00ed izolace. Jsou ide\u00e1ln\u00ed pro <strong data-start=\"2463\" data-end=\"2526\">ly\u017ea\u0159i, snowboardist\u00e9, pracovn\u00edci v chladn\u00e9m podneb\u00ed, hor\u0161t\u00ed turist\u00e9.<\/strong>, a v\u0161em, kte\u0159\u00ed pot\u0159ebuj\u00ed spolehliv\u00e9 termo rukavice do nejchladn\u011bj\u0161\u00edho prost\u0159ed\u00ed.<\/p>\n<p class=\"\" data-start=\"2605\" data-end=\"2795\">D\u00edky unisexov\u00e9mu designu a dostupnosti ve v\u00edce velikostech je <strong data-start=\"2666\" data-end=\"2684\">RYINZ MSG-0064<\/strong> je nejlep\u0161\u00ed volbou pro prodejce vybaven\u00ed pro zimn\u00ed sporty, prodejce horsk\u00e9 v\u00fdstroje nebo pro osobn\u00ed vylep\u0161en\u00ed vybaven\u00ed do chladn\u00e9ho po\u010das\u00ed.<\/p>\n<hr class=\"\" data-start=\"2797\" data-end=\"2800\" \/>\n<h3 class=\"\" data-start=\"2802\" data-end=\"2829\"><strong data-start=\"2806\" data-end=\"2829\">Nejd\u016fle\u017eit\u011bj\u0161\u00ed vlastnosti produktu:<\/strong><\/h3>\n<ul data-start=\"2831\" data-end=\"3515\">\n<li class=\"\" data-start=\"2831\" data-end=\"2929\">\n<p class=\"\" data-start=\"2833\" data-end=\"2929\">T\u0159\u00edvrstv\u00e1 ochrana: Vn\u011bj\u0161\u00ed nepromokav\u00fd pl\u00e1\u0161\u0165, h\u0159ejiv\u00e1 izolace a m\u011bkk\u00e1 fleecov\u00e1 vnit\u0159n\u00ed pod\u0161\u00edvka.<\/p>\n<\/li>\n<li class=\"\" data-start=\"2930\" data-end=\"2989\">\n<p class=\"\" data-start=\"2932\" data-end=\"2989\">Vysoce p\u0159ilnav\u00e1 dla\u0148 z PU k\u016f\u017ee se zes\u00edlen\u00fdmi kontaktn\u00edmi z\u00f3nami<\/p>\n<\/li>\n<li class=\"\" data-start=\"2990\" data-end=\"3065\">\n<p class=\"\" data-start=\"2992\" data-end=\"3065\">V\u011btruvzdorn\u00fd a sn\u011bhuodoln\u00fd s nastaviteln\u00fdm z\u00e1p\u011bstn\u00edm p\u00e1skem a prodlou\u017eenou man\u017eetou<\/p>\n<\/li>\n<li class=\"\" data-start=\"3066\" data-end=\"3136\">\n<p class=\"\" data-start=\"3068\" data-end=\"3136\">Prody\u0161n\u00e1 vnit\u0159n\u00ed membr\u00e1na odv\u00e1d\u011bj\u00edc\u00ed vlhkost pro sucho a pohodl\u00ed<\/p>\n<\/li>\n<li class=\"\" data-start=\"3137\" data-end=\"3224\">\n<p class=\"\" data-start=\"3139\" data-end=\"3224\">Bezpe\u010dn\u00fd z\u00e1p\u011bstn\u00ed popruh s p\u0159ezkou + zaji\u0161\u0165ovac\u00ed klipy + stahovac\u00ed man\u017eeta pro kompletn\u00ed ochranu<\/p>\n<\/li>\n<li class=\"\" data-start=\"3225\" data-end=\"3281\">\n<p class=\"\" data-start=\"3227\" data-end=\"3281\">Ergonomick\u00fd design pro flexibilitu a pohyb prst\u016f<\/p>\n<\/li>\n<li class=\"\" data-start=\"3282\" data-end=\"3349\">\n<p class=\"\" data-start=\"3284\" data-end=\"3349\">Reflexn\u00ed logo RYINZ pro viditelnost v noci nebo za sn\u011bhov\u00e9 bou\u0159e<\/p>\n<\/li>\n<li class=\"\" data-start=\"3350\" data-end=\"3448\">\n<p class=\"\" data-start=\"3352\" data-end=\"3448\">Vhodn\u00e9 pro snowboarding, ly\u017eov\u00e1n\u00ed, zimn\u00ed turistiku, odkl\u00edzen\u00ed sn\u011bhu nebo pr\u00e1ci v chladn\u00e9m po\u010das\u00ed.<\/p>\n<\/li>\n<li class=\"\" data-start=\"3449\" data-end=\"3515\">\n<p class=\"\" data-start=\"3451\" data-end=\"3515\">K dispozici v \u010dern\u00e9\/\u0161ed\u00e9 barv\u011b a s mo\u017enost\u00ed p\u0159izp\u016fsoben\u00ed pomoc\u00ed soukrom\u00e9ho zna\u010den\u00ed.<\/p>\n<\/li>\n<\/ul>\n<hr class=\"\" data-start=\"3517\" data-end=\"3520\" \/>\n<h3 class=\"\" data-start=\"3522\" data-end=\"3543\"><strong data-start=\"3526\" data-end=\"3543\">Aplikace:<\/strong><\/h3>\n<ul data-start=\"3545\" data-end=\"3891\">\n<li class=\"\" data-start=\"3545\" data-end=\"3583\">\n<p class=\"\" data-start=\"3547\" data-end=\"3583\">Rekrea\u010dn\u00ed ly\u017eov\u00e1n\u00ed a snowboarding<\/p>\n<\/li>\n<li class=\"\" data-start=\"3584\" data-end=\"3632\">\n<p class=\"\" data-start=\"3586\" data-end=\"3632\">Zimn\u00ed outdoorov\u00e9 sporty a vysokohorsk\u00e9 expedice<\/p>\n<\/li>\n<li class=\"\" data-start=\"3633\" data-end=\"3677\">\n<p class=\"\" data-start=\"3635\" data-end=\"3677\">Pr\u016fmyslov\u00e9 a venkovn\u00ed pr\u00e1ce v chladn\u00e9m klimatu<\/p>\n<\/li>\n<li class=\"\" data-start=\"3678\" data-end=\"3721\">\n<p class=\"\" data-start=\"3680\" data-end=\"3721\">Vojensk\u00e9 a taktick\u00e9 zimn\u00ed operace<\/p>\n<\/li>\n<li class=\"\" data-start=\"3722\" data-end=\"3760\">\n<p class=\"\" data-start=\"3724\" data-end=\"3760\">J\u00edzda na sn\u011b\u017en\u00e9m sk\u00fatru a j\u00edzda se ps\u00edm sp\u0159e\u017een\u00edm<\/p>\n<\/li>\n<li class=\"\" data-start=\"3761\" data-end=\"3801\">\n<p class=\"\" data-start=\"3763\" data-end=\"3801\">P\u011b\u0161\u00ed turistika, trekking a horolezectv\u00ed<\/p>\n<\/li>\n<li class=\"\" data-start=\"3802\" data-end=\"3849\">\n<p class=\"\" data-start=\"3804\" data-end=\"3849\">Pou\u017eit\u00ed v chlad\u00edrn\u00e1ch a chlad\u00edrensk\u00fdch skladech<\/p>\n<\/li>\n<li class=\"\" data-start=\"3850\" data-end=\"3891\">\n<p class=\"\" data-start=\"3852\" data-end=\"3891\">Policie, z\u00e1chran\u00e1\u0159i a pohotovostn\u00ed person\u00e1l<\/p>\n<\/li>\n<\/ul>\n<hr class=\"\" data-start=\"3893\" data-end=\"3896\" \/>\n<h3 class=\"\" data-start=\"3898\" data-end=\"3921\"><strong data-start=\"3902\" data-end=\"3921\">Specifikace:<\/strong><\/h3>\n<ul data-start=\"3923\" data-end=\"4431\">\n<li class=\"\" data-start=\"3923\" data-end=\"3942\">\n<p class=\"\" data-start=\"3925\" data-end=\"3942\">Model: MSG-0064<\/p>\n<\/li>\n<li class=\"\" data-start=\"3943\" data-end=\"4017\">\n<p class=\"\" data-start=\"3945\" data-end=\"4017\">Materi\u00e1ly: Materi\u00e1l: nepromokav\u00fd nylon, PU syntetick\u00e1 k\u016f\u017ee, m\u011bkk\u00fd kart\u00e1\u010dovan\u00fd fleece.<\/p>\n<\/li>\n<li class=\"\" data-start=\"4018\" data-end=\"4049\">\n<p class=\"\" data-start=\"4020\" data-end=\"4049\">Velikosti: XS, S, M, L, XL, XXL<\/p>\n<\/li>\n<li class=\"\" data-start=\"4050\" data-end=\"4122\">\n<p class=\"\" data-start=\"4052\" data-end=\"4122\">Typ uz\u00e1v\u011bru: Nastaviteln\u00fd popruh s h\u00e1\u010dkem a smy\u010dkou a man\u017eetou se stahovac\u00ed \u0161\u0148\u016frkou<\/p>\n<\/li>\n<li class=\"\" data-start=\"4123\" data-end=\"4175\">\n<p class=\"\" data-start=\"4125\" data-end=\"4175\">Barva: \u010dern\u00e1\/\u0161ed\u00e1 (mo\u017enost p\u0159izp\u016fsoben\u00ed pro hromadn\u00e9 objedn\u00e1vky)<\/p>\n<\/li>\n<li class=\"\" data-start=\"4176\" data-end=\"4220\">\n<p class=\"\" data-start=\"4178\" data-end=\"4220\">Logo: RYINZ (mo\u017enost potisku loga OEM)<\/p>\n<\/li>\n<li class=\"\" data-start=\"4221\" data-end=\"4285\">\n<p class=\"\" data-start=\"4223\" data-end=\"4285\">Teplotn\u00ed hodnocen\u00ed: Vhodn\u00e9 pro prost\u0159ed\u00ed s teplotou od -25 \u00b0C do -30 \u00b0C.<\/p>\n<\/li>\n<li class=\"\" data-start=\"4286\" data-end=\"4344\">\n<p class=\"\" data-start=\"4288\" data-end=\"4344\">Certifikace: CE EN388 \/ EN511 na vy\u017e\u00e1d\u00e1n\u00ed<\/p>\n<\/li>\n<li class=\"\" data-start=\"4345\" data-end=\"4385\">\n<p class=\"\" data-start=\"4347\" data-end=\"4385\">MOQ: 300-500 p\u00e1r\u016f pro zak\u00e1zkov\u00e9 objedn\u00e1vky<\/p>\n<\/li>\n<li class=\"\" data-start=\"4386\" data-end=\"4431\">\n<p class=\"\" data-start=\"4388\" data-end=\"4431\">Balen\u00ed: Balen\u00ed: Polybag, voliteln\u00e1 maloobchodn\u00ed krabice OEM<\/p>\n<\/li>\n<\/ul>","protected":false},"excerpt":{"rendered":"<p>Vydejte se do nejchladn\u011bj\u0161\u00edch podm\u00ednek s jistotou a oble\u010dte si <strong data-start=\"4549\" data-end=\"4593\">RYINZ MSG-0064 Rukavice pro ly\u017eov\u00e1n\u00ed a snowboarding<\/strong>. Tyto rukavice jsou navr\u017eeny pro extr\u00e9mn\u00ed v\u00fdkon a kombinuj\u00ed vod\u011bodolnou vn\u011bj\u0161\u00ed tkaninu, izolaci s fleecovou pod\u0161\u00edvkou a dlan\u011b s vysokou p\u0159ilnavost\u00ed PU pro vynikaj\u00edc\u00ed teplo a pou\u017eitelnost ve sn\u011bhu. D\u00edky prodlou\u017een\u00fdm man\u017eet\u00e1m, stahovac\u00edm \u0161\u0148\u016frk\u00e1m a nastaviteln\u00fdm p\u00e1sk\u016fm na z\u00e1p\u011bst\u00ed nab\u00edzej\u00ed bezpe\u010dn\u00e9 no\u0161en\u00ed a plnou ochranu proti v\u011btru a sn\u011bhu. Jsou vyztu\u017een\u00e9 v nam\u00e1han\u00fdch m\u00edstech a prody\u0161n\u00e9 zevnit\u0159, tak\u017ee jsou ide\u00e1ln\u00ed pro snowboarding, ly\u017eov\u00e1n\u00ed, zimn\u00ed turistiku nebo pr\u00e1ci v chladn\u00e9m po\u010das\u00ed. Tyto rukavice jsou navr\u017eeny tak, aby odol\u00e1valy klimatick\u00fdm podm\u00ednk\u00e1m pod bodem mrazu, a vyzna\u010duj\u00ed se d\u016fv\u011bryhodnou kvalitou RYINZ, jsou k dispozici ve v\u00edce velikostech a nab\u00edzej\u00ed mo\u017enosti brandingu OEM pro profesion\u00e1ln\u00ed odb\u011bratele v Evrop\u011b i mimo ni.<\/p>","protected":false},"featured_media":8950,"comment_status":"closed","ping_status":"closed","template":"","meta":[],"product_brand":[35],"product_cat":[57],"product_tag":[63,64],"class_list":{"0":"post-8906","1":"product","2":"type-product","3":"status-publish","4":"has-post-thumbnail","6":"product_brand-ryinz","7":"product_cat-ski-snowboarding-gloves","8":"product_tag-adjustable-snowboarding-gloves","9":"product_tag-fleece-lined-snowboarding-gloves","11":"first","12":"instock","13":"taxable","14":"shipping-taxable","15":"purchasable","16":"product-type-simple"},"_links":{"self":[{"href":"https:\/\/ryinz.cz\/velkoobchod\/cs\/wp-json\/wp\/v2\/product\/8906","targetHints":{"allow":["GET"]}}],"collection":[{"href":"https:\/\/ryinz.cz\/velkoobchod\/cs\/wp-json\/wp\/v2\/product"}],"about":[{"href":"https:\/\/ryinz.cz\/velkoobchod\/cs\/wp-json\/wp\/v2\/types\/product"}],"replies":[{"embeddable":true,"href":"https:\/\/ryinz.cz\/velkoobchod\/cs\/wp-json\/wp\/v2\/comments?post=8906"}],"wp:featuredmedia":[{"embeddable":true,"href":"https:\/\/ryinz.cz\/velkoobchod\/cs\/wp-json\/wp\/v2\/media\/8950"}],"wp:attachment":[{"href":"https:\/\/ryinz.cz\/velkoobchod\/cs\/wp-json\/wp\/v2\/media?parent=8906"}],"wp:term":[{"taxonomy":"product_brand","embeddable":true,"href":"https:\/\/ryinz.cz\/velkoobchod\/cs\/wp-json\/wp\/v2\/product_brand?post=8906"},{"taxonomy":"product_cat","embeddable":true,"href":"https:\/\/ryinz.cz\/velkoobchod\/cs\/wp-json\/wp\/v2\/product_cat?post=8906"},{"taxonomy":"product_tag","embeddable":true,"href":"https:\/\/ryinz.cz\/velkoobchod\/cs\/wp-json\/wp\/v2\/product_tag?post=8906"}],"curies":[{"name":"wp","href":"https:\/\/api.w.org\/{rel}","templated":true}]}}