{"id":8905,"date":"2025-06-22T15:21:04","date_gmt":"2025-06-22T15:21:04","guid":{"rendered":"https:\/\/ryinz.cz\/velkoobchod\/?post_type=product&#038;p=8905"},"modified":"2026-01-18T20:16:44","modified_gmt":"2026-01-18T20:16:44","slug":"ryinz-nepromokave-lyzarske-snowboardove-rukavice-s-kozenou-dlani-tepla-podsivka-vetruodolna-ochrana-pro-sporty-v-chladnem-pocasi","status":"publish","type":"product","link":"https:\/\/ryinz.cz\/velkoobchod\/cs\/product\/ryinz-waterproof-ski-snowboarding-gloves-with-leather-palm-warm-lining-windproof-protection-for-cold-weather-sports\/","title":{"rendered":"RYINZ Vod\u011bodoln\u00e9 ly\u017ea\u0159sk\u00e9 a snowboardov\u00e9 rukavice s ko\u017eenou dlan\u00ed, teplou pod\u0161\u00edvkou a v\u011btruodolnou ochranou pro sporty v chladn\u00e9m po\u010das\u00ed"},"content":{"rendered":"<p class=\"\" data-start=\"320\" data-end=\"635\">Z\u016fsta\u0148te na svaz\u00edch v teple, chr\u00e1n\u011bni a stylov\u011b oble\u010deni s modelem <strong data-start=\"377\" data-end=\"412\">RYINZ Ly\u017ea\u0159sk\u00e9 a snowboardov\u00e9 rukavice<\/strong>, ur\u010den\u00e9 pro vysoce v\u00fdkonn\u00e9 zimn\u00ed sporty a pr\u00e1ci v ter\u00e9nu pod bodem mrazu. Tento model rukavic kombinuje funk\u010dn\u00ed design, odoln\u00e9 materi\u00e1ly a modern\u00ed estetiku, aby splnil o\u010dek\u00e1v\u00e1n\u00ed profesion\u00e1l\u016f i nad\u0161enc\u016f.<\/p>\n<p class=\"\" data-start=\"637\" data-end=\"1050\">Vyrobeno s <strong data-start=\"656\" data-end=\"689\">vn\u011bj\u0161\u00ed pl\u00e1\u0161\u0165 odoln\u00fd proti pov\u011btrnostn\u00edm vliv\u016fm<\/strong>, tyto rukavice chr\u00e1n\u00ed va\u0161e ruce p\u0159ed sn\u011bhem, sn\u011bhovou v\u00e1nic\u00ed a kousav\u00fdm v\u011btrem. V\u00fdrazn\u00e9 oran\u017eovo-\u0161edo-\u010dern\u00e9 barevn\u00e9 sch\u00e9ma nab\u00edz\u00ed vysokou viditelnost v zasn\u011b\u017een\u00e9m ter\u00e9nu a z\u00e1rove\u0148 zachov\u00e1v\u00e1 elegantn\u00ed sportovn\u00ed vzhled. Dla\u0148 je vyztu\u017eena <strong data-start=\"912\" data-end=\"931\">prav\u00e1 k\u016f\u017ee<\/strong>, kter\u00e9 nab\u00edzej\u00ed vynikaj\u00edc\u00ed p\u0159ilnavost a dlouhotrvaj\u00edc\u00ed odolnost - a to i p\u0159i n\u00e1ro\u010dn\u00e9m pou\u017eit\u00ed, jako je ly\u017eov\u00e1n\u00ed, snowboarding a j\u00edzda na sn\u011b\u017en\u00e9m sk\u00fatru.<\/p>\n<p class=\"\" data-start=\"1052\" data-end=\"1461\">Uvnit\u0159 najdete <strong data-start=\"1074\" data-end=\"1097\">m\u011bkk\u00e1 tepeln\u00e1 pod\u0161\u00edvka<\/strong> kter\u00e1 zachycuje t\u011blesn\u00e9 teplo a izoluje ruce, abyste se zah\u0159\u00e1li na del\u0161\u00ed dobu, ani\u017e by doch\u00e1zelo k p\u0159eh\u0159\u00edv\u00e1n\u00ed. Vnit\u0159ek je prody\u0161n\u00fd, odv\u00e1d\u00ed vlhkost od poko\u017eky a z\u00e1rove\u0148 nepropou\u0161t\u00ed chladn\u00fd vzduch. Polstrovan\u00fd panel na kloubech zvy\u0161uje ochranu p\u0159ed n\u00e1razy a nep\u0159\u00edzniv\u00fdmi pov\u011btrnostn\u00edmi podm\u00ednkami a p\u0159edem zak\u0159iven\u00e1 konstrukce prst\u016f zaji\u0161\u0165uje p\u0159irozen\u00e9 padnut\u00ed a v\u011bt\u0161\u00ed pohodl\u00ed p\u0159i dlouhodob\u00e9m pou\u017e\u00edv\u00e1n\u00ed.<\/p>\n<p class=\"\" data-start=\"1463\" data-end=\"1806\">Oblast z\u00e1p\u011bst\u00ed je vybavena pru\u017en\u00fdm <strong data-start=\"1504\" data-end=\"1536\">syst\u00e9m uzav\u00edr\u00e1n\u00ed na h\u00e1\u010dky a smy\u010dky<\/strong> pro pohodln\u00e9 a p\u0159izp\u016fsobiteln\u00e9 no\u0161en\u00ed. Elastick\u00e9 sb\u011bry na z\u00e1p\u011bst\u00ed zabra\u0148uj\u00ed vniknut\u00ed sn\u011bhu a pom\u00e1haj\u00ed udr\u017eet vnit\u0159n\u00ed teplo. A\u0165 u\u017e se dr\u017e\u00edte ly\u017ea\u0159sk\u00fdch hol\u00ed, pohybujete se v zledovat\u011bl\u00e9m ter\u00e9nu nebo sj\u00ed\u017ed\u00edte sjezdovky, ergonomick\u00e9 \u00fachopov\u00e9 z\u00f3ny zaji\u0161\u0165uj\u00ed vynikaj\u00edc\u00ed dr\u017een\u00ed a sni\u017euj\u00ed \u00fanavu.<\/p>\n<p class=\"\" data-start=\"1808\" data-end=\"2049\">Tyto rukavice jsou navr\u017eeny tak, aby fungovaly pod tlakem testovan\u00fdm sportovci a zimn\u00edmi profesion\u00e1ly a zajistily dlouhotrvaj\u00edc\u00ed no\u0161en\u00ed v chladn\u00e9m a n\u00e1ro\u010dn\u00e9m prost\u0159ed\u00ed. Od vrcholk\u016f hor a\u017e po pr\u016fmyslov\u00e1 pracovi\u0161t\u011b, <strong data-start=\"2011\" data-end=\"2048\">Rukavice RYINZ jsou vyrobeny tak, aby chr\u00e1nily<\/strong>.<\/p>\n<p class=\"\" data-start=\"2051\" data-end=\"2074\"><strong data-start=\"2051\" data-end=\"2074\">Nejd\u016fle\u017eit\u011bj\u0161\u00ed vlastnosti produktu:<\/strong><\/p>\n<ul data-start=\"2076\" data-end=\"3000\">\n<li class=\"\" data-start=\"2076\" data-end=\"2176\">\n<p class=\"\" data-start=\"2078\" data-end=\"2176\"><strong data-start=\"2078\" data-end=\"2103\">Odoln\u00e1 konstrukce:<\/strong> V\u011btru a vod\u011b odoln\u00fd vn\u011bj\u0161\u00ed pl\u00e1\u0161\u0165 se zes\u00edlenou ko\u017eenou dlan\u00ed<\/p>\n<\/li>\n<li class=\"\" data-start=\"2177\" data-end=\"2270\">\n<p class=\"\" data-start=\"2179\" data-end=\"2270\"><strong data-start=\"2179\" data-end=\"2202\">Tepl\u00e9 a pohodln\u00e9:<\/strong> Vnit\u0159ek je pod\u0161it\u00fd tepeln\u011b-izola\u010dn\u00edm materi\u00e1lem, kter\u00fd udr\u017euje ruce v teple.<\/p>\n<\/li>\n<li class=\"\" data-start=\"2271\" data-end=\"2356\">\n<p class=\"\" data-start=\"2273\" data-end=\"2356\"><strong data-start=\"2273\" data-end=\"2295\">Prody\u0161n\u00fd design:<\/strong> Sni\u017euje pocen\u00ed a zlep\u0161uje ventilaci p\u0159i intenzivn\u00edm pou\u017e\u00edv\u00e1n\u00ed<\/p>\n<\/li>\n<li class=\"\" data-start=\"2357\" data-end=\"2428\">\n<p class=\"\" data-start=\"2359\" data-end=\"2428\"><strong data-start=\"2359\" data-end=\"2386\">Protiskluzov\u00e1 ko\u017een\u00e1 dla\u0148:<\/strong> Vynikaj\u00edc\u00ed p\u0159ilnavost za mokra nebo na n\u00e1led\u00ed<\/p>\n<\/li>\n<li class=\"\" data-start=\"2429\" data-end=\"2506\">\n<p class=\"\" data-start=\"2431\" data-end=\"2506\"><strong data-start=\"2431\" data-end=\"2446\">Bezpe\u010dn\u00e9 uchycen\u00ed:<\/strong> Nastaviteln\u00fd p\u00e1sek na z\u00e1p\u011bst\u00ed a elastick\u00e1 man\u017eeta pro pln\u00e9 pokryt\u00ed<\/p>\n<\/li>\n<li class=\"\" data-start=\"2507\" data-end=\"2580\">\n<p class=\"\" data-start=\"2509\" data-end=\"2580\"><strong data-start=\"2509\" data-end=\"2529\">Vysok\u00e1 viditelnost:<\/strong> Jasn\u00fd oran\u017eovo-\u0161edo-\u010dern\u00fd design pro v\u011bt\u0161\u00ed bezpe\u010dnost<\/p>\n<\/li>\n<li class=\"\" data-start=\"2581\" data-end=\"2672\">\n<p class=\"\" data-start=\"2583\" data-end=\"2672\"><strong data-start=\"2583\" data-end=\"2606\">P\u0159edem zak\u0159iven\u00e9 prsty:<\/strong> P\u0159irozen\u00fd st\u0159ih pro men\u0161\u00ed \u00fanavu rukou p\u0159i ly\u017eov\u00e1n\u00ed nebo snowboardingu<\/p>\n<\/li>\n<li class=\"\" data-start=\"2673\" data-end=\"2756\">\n<p class=\"\" data-start=\"2675\" data-end=\"2756\"><strong data-start=\"2675\" data-end=\"2697\">Ochrana proti n\u00e1razu:<\/strong> Zes\u00edlen\u00e1 z\u00f3na kloub\u016f pro bezpe\u010dnost p\u0159i p\u00e1du nebo p\u0159ek\u00e1\u017ece<\/p>\n<\/li>\n<li class=\"\" data-start=\"2757\" data-end=\"2848\">\n<p class=\"\" data-start=\"2759\" data-end=\"2848\"><strong data-start=\"2759\" data-end=\"2780\">V\u00edce\u00fa\u010delov\u00e9 pou\u017eit\u00ed:<\/strong> Vhodn\u00e9 pro sport, odkl\u00edzen\u00ed sn\u011bhu, turistiku a doj\u00ed\u017ed\u011bn\u00ed do pr\u00e1ce v zim\u011b.<\/p>\n<\/li>\n<li class=\"\" data-start=\"2849\" data-end=\"2922\">\n<p class=\"\" data-start=\"2851\" data-end=\"2922\"><strong data-start=\"2851\" data-end=\"2871\">Dostupn\u00e9 velikosti:<\/strong> S, M, L, XL, XXL (pro hromadn\u00e9 objedn\u00e1vky na m\u00edru)<\/p>\n<\/li>\n<li class=\"\" data-start=\"2923\" data-end=\"3000\">\n<p class=\"\" data-start=\"2925\" data-end=\"3000\"><strong data-start=\"2925\" data-end=\"2945\">Vlastn\u00ed zna\u010den\u00ed:<\/strong> Mo\u017enost priv\u00e1tn\u00ed zna\u010dky s ti\u0161t\u011bn\u00fdm nebo vy\u0161\u00edvan\u00fdm logem<\/p>\n<\/li>\n<\/ul>\n<p class=\"\" data-start=\"3002\" data-end=\"3019\"><strong data-start=\"3002\" data-end=\"3019\">Aplikace:<\/strong><\/p>\n<ul data-start=\"3021\" data-end=\"3314\">\n<li class=\"\" data-start=\"3021\" data-end=\"3057\">\n<p class=\"\" data-start=\"3023\" data-end=\"3057\">Sjezdov\u00e9 ly\u017eov\u00e1n\u00ed a snowboarding<\/p>\n<\/li>\n<li class=\"\" data-start=\"3058\" data-end=\"3106\">\n<p class=\"\" data-start=\"3060\" data-end=\"3106\">B\u011bh na ly\u017e\u00edch nebo trekking v ter\u00e9nu<\/p>\n<\/li>\n<li class=\"\" data-start=\"3107\" data-end=\"3137\">\n<p class=\"\" data-start=\"3109\" data-end=\"3137\">J\u00edzda na sn\u011b\u017en\u00fdch sk\u00fatrech nebo \u010dty\u0159kolk\u00e1ch<\/p>\n<\/li>\n<li class=\"\" data-start=\"3138\" data-end=\"3171\">\n<p class=\"\" data-start=\"3140\" data-end=\"3171\">Pr\u016fmyslov\u00e9 \u00fakoly v chladn\u00e9m po\u010das\u00ed<\/p>\n<\/li>\n<li class=\"\" data-start=\"3172\" data-end=\"3202\">\n<p class=\"\" data-start=\"3174\" data-end=\"3202\">Pr\u00e1ce v mraz\u00edrn\u00e1ch a skladech<\/p>\n<\/li>\n<li class=\"\" data-start=\"3203\" data-end=\"3247\">\n<p class=\"\" data-start=\"3205\" data-end=\"3247\">Pou\u017eit\u00ed stavebn\u00ed a silni\u010dn\u00ed \u010dety v zim\u011b<\/p>\n<\/li>\n<li class=\"\" data-start=\"3248\" data-end=\"3288\">\n<p class=\"\" data-start=\"3250\" data-end=\"3288\">Doj\u00ed\u017ed\u011bn\u00ed v extr\u00e9mn\u011b chladn\u00e9m podneb\u00ed<\/p>\n<\/li>\n<li class=\"\" data-start=\"3289\" data-end=\"3314\">\n<p class=\"\" data-start=\"3291\" data-end=\"3314\">Horolezectv\u00ed a p\u011b\u0161\u00ed turistika<\/p>\n<\/li>\n<\/ul>\n<p class=\"\" data-start=\"3316\" data-end=\"3338\"><strong data-start=\"3316\" data-end=\"3338\">Mo\u017enosti balen\u00ed:<\/strong><\/p>\n<ul data-start=\"3340\" data-end=\"3526\">\n<li class=\"\" data-start=\"3340\" data-end=\"3388\">\n<p class=\"\" data-start=\"3342\" data-end=\"3388\">Standardn\u00ed polybag nebo vlastn\u00ed zna\u010dkov\u00e9 balen\u00ed<\/p>\n<\/li>\n<li class=\"\" data-start=\"3389\" data-end=\"3431\">\n<p class=\"\" data-start=\"3391\" data-end=\"3431\">Etikety s \u010d\u00e1rov\u00fdm k\u00f3dem pro maloobchodn\u00ed jednotky<\/p>\n<\/li>\n<li class=\"\" data-start=\"3432\" data-end=\"3473\">\n<p class=\"\" data-start=\"3434\" data-end=\"3473\">Hromadn\u00e9 balen\u00ed pro B2B odb\u011bratele<\/p>\n<\/li>\n<li class=\"\" data-start=\"3474\" data-end=\"3526\">\n<p class=\"\" data-start=\"3476\" data-end=\"3526\">Voliteln\u00fd z\u00e1v\u011bsn\u00fd \u0161t\u00edtek a obal pro maloobchodn\u00ed prodej<\/p>\n<\/li>\n<\/ul>\n<p class=\"\" data-start=\"3528\" data-end=\"3547\"><strong data-start=\"3528\" data-end=\"3547\">Certifikace:<\/strong><\/p>\n<ul data-start=\"3549\" data-end=\"3734\">\n<li class=\"\" data-start=\"3549\" data-end=\"3565\">\n<p class=\"\" data-start=\"3551\" data-end=\"3565\">Certifik\u00e1t CE<\/p>\n<\/li>\n<li class=\"\" data-start=\"3566\" data-end=\"3610\">\n<p class=\"\" data-start=\"3568\" data-end=\"3610\">Ochrana p\u0159ed chladn\u00fdm po\u010das\u00edm v souladu s normou EN 511<\/p>\n<\/li>\n<li class=\"\" data-start=\"3611\" data-end=\"3640\">\n<p class=\"\" data-start=\"3613\" data-end=\"3640\">Materi\u00e1ly vyhovuj\u00edc\u00ed na\u0159\u00edzen\u00ed REACH<\/p>\n<\/li>\n<li class=\"\" data-start=\"3641\" data-end=\"3695\">\n<p class=\"\" data-start=\"3643\" data-end=\"3695\">Navr\u017eeno v souladu s bezpe\u010dnostn\u00edmi pokyny EU pro osobn\u00ed ochrann\u00e9 prost\u0159edky<\/p>\n<\/li>\n<li class=\"\" data-start=\"3696\" data-end=\"3734\">\n<p class=\"\" data-start=\"3698\" data-end=\"3734\">Dodr\u017eov\u00e1n\u00ed v\u00fdrobn\u00edch norem ISO<\/p>\n<\/li>\n<\/ul>\n<p class=\"\" data-start=\"3736\" data-end=\"3763\"><strong data-start=\"3736\" data-end=\"3763\">Slu\u017eby p\u0159izp\u016fsoben\u00ed:<\/strong><\/p>\n<p class=\"\" data-start=\"3765\" data-end=\"4074\">Jako evropsk\u00fd dodavatel <strong data-start=\"3791\" data-end=\"3800\">RYINZ<\/strong>, nab\u00edz\u00edme flexibiln\u00ed slu\u017eby OEM\/ODM. Klienti si mohou vy\u017e\u00e1dat vlastn\u00ed velikosti, loga zna\u010dek, kombinace barev s potiskem a specializovan\u00e1 balen\u00ed pro maloobchodn\u00ed, t\u00fdmov\u00e9 nebo pracovn\u00ed \u00fa\u010dely. Specializujeme se na <strong data-start=\"3996\" data-end=\"4041\">hromadn\u00e9 objedn\u00e1vky s pr\u00e9miovou z\u00e1kaznickou podporou<\/strong> pro kupuj\u00edc\u00ed v EU a USA.<\/p>","protected":false},"excerpt":{"rendered":"<p>V\u00edcevrstv\u00e9 ly\u017ea\u0159sk\u00e9 a snowboardov\u00e9 rukavice RYINZ maj\u00ed vod\u011bodoln\u00fd pl\u00e1\u0161\u0165, h\u0159ejivou vnit\u0159n\u00ed pod\u0161\u00edvku a odolnou ko\u017eenou rukoje\u0165 na dlani - jsou navr\u017eeny pro vysokohorsk\u00e9 podm\u00ednky. P\u0159edsazen\u00e9 prsty, bezpe\u010dn\u00e9 zap\u00edn\u00e1n\u00ed na z\u00e1p\u011bst\u00ed a konstrukce ut\u011bsn\u011bn\u00e1 proti pov\u011btrnostn\u00edm vliv\u016fm udr\u017euj\u00ed ruce v teple a suchu a z\u00e1rove\u0148 poskytuj\u00ed ochranu proti v\u011btru a vlhkosti. Tyto rukavice jsou ur\u010deny pro ly\u017eov\u00e1n\u00ed, snowboarding, j\u00edzdu na sn\u011b\u017en\u00e9m sk\u00fatru a pr\u00e1ci v p\u0159\u00edrod\u011b a poskytuj\u00ed celodenn\u00ed pohodl\u00ed a dlouhou \u017eivotnost s mo\u017enost\u00ed vlastn\u00edho ozna\u010den\u00ed pro prodejce a t\u00fdmy.<\/p>","protected":false},"featured_media":8955,"comment_status":"closed","ping_status":"closed","template":"","meta":[],"product_brand":[35],"product_cat":[57],"product_tag":[61,62],"class_list":{"0":"post-8905","1":"product","2":"type-product","3":"status-publish","4":"has-post-thumbnail","6":"product_brand-ryinz","7":"product_cat-ski-snowboarding-gloves","8":"product_tag-cowhide-leather-ski-gloves","9":"product_tag-insulated-snowboarding-gloves","11":"first","12":"instock","13":"taxable","14":"shipping-taxable","15":"purchasable","16":"product-type-simple"},"_links":{"self":[{"href":"https:\/\/ryinz.cz\/velkoobchod\/cs\/wp-json\/wp\/v2\/product\/8905","targetHints":{"allow":["GET"]}}],"collection":[{"href":"https:\/\/ryinz.cz\/velkoobchod\/cs\/wp-json\/wp\/v2\/product"}],"about":[{"href":"https:\/\/ryinz.cz\/velkoobchod\/cs\/wp-json\/wp\/v2\/types\/product"}],"replies":[{"embeddable":true,"href":"https:\/\/ryinz.cz\/velkoobchod\/cs\/wp-json\/wp\/v2\/comments?post=8905"}],"wp:featuredmedia":[{"embeddable":true,"href":"https:\/\/ryinz.cz\/velkoobchod\/cs\/wp-json\/wp\/v2\/media\/8955"}],"wp:attachment":[{"href":"https:\/\/ryinz.cz\/velkoobchod\/cs\/wp-json\/wp\/v2\/media?parent=8905"}],"wp:term":[{"taxonomy":"product_brand","embeddable":true,"href":"https:\/\/ryinz.cz\/velkoobchod\/cs\/wp-json\/wp\/v2\/product_brand?post=8905"},{"taxonomy":"product_cat","embeddable":true,"href":"https:\/\/ryinz.cz\/velkoobchod\/cs\/wp-json\/wp\/v2\/product_cat?post=8905"},{"taxonomy":"product_tag","embeddable":true,"href":"https:\/\/ryinz.cz\/velkoobchod\/cs\/wp-json\/wp\/v2\/product_tag?post=8905"}],"curies":[{"name":"wp","href":"https:\/\/api.w.org\/{rel}","templated":true}]}}