{"id":8903,"date":"2025-06-22T15:21:03","date_gmt":"2025-06-22T15:21:03","guid":{"rendered":"https:\/\/ryinz.cz\/velkoobchod\/?post_type=product&#038;p=8903"},"modified":"2026-01-18T20:16:42","modified_gmt":"2026-01-18T20:16:42","slug":"vyhrivane-lyzarske-snowboardove-rukavice-ryinz-s-vodotesnym-plastem-dobijeci-baterii-a-dotykovou-obrazovkou","status":"publish","type":"product","link":"https:\/\/ryinz.cz\/velkoobchod\/cs\/product\/ryinz-heated-ski-snowboarding-gloves-with-waterproof-shell-rechargeable-battery-and-touchscreen-capability\/","title":{"rendered":"Vyh\u0159\u00edvan\u00e9 ly\u017ea\u0159sk\u00e9 a snowboardov\u00e9 rukavice RYINZ s vodot\u011bsn\u00fdm pl\u00e1\u0161t\u011bm, dob\u00edjec\u00ed bateri\u00ed a dotykov\u00fdm displejem"},"content":{"rendered":"<p class=\"\" data-start=\"351\" data-end=\"761\">Za\u017eijte vzru\u0161en\u00ed ze zimn\u00edch sport\u016f, ani\u017e byste museli ob\u011btovat pohodl\u00ed nebo teplo. <strong data-start=\"433\" data-end=\"475\">Vyh\u0159\u00edvan\u00e9 ly\u017ea\u0159sk\u00e9 a snowboardov\u00e9 rukavice RYINZ<\/strong>, ur\u010den\u00e9 do extr\u00e9mn\u00edch pov\u011btrnostn\u00edch podm\u00ednek a pro vysoce v\u00fdkonn\u00e9 outdoorov\u00e9 aktivity. Tyto rukavice kombinuj\u00ed pokro\u010dilou technologii vyh\u0159\u00edv\u00e1n\u00ed, odolnou konstrukci a u\u017eivatelsky p\u0159\u00edv\u011btiv\u00e9 funkce, aby spl\u0148ovaly pot\u0159eby ly\u017ea\u0159\u016f, snowboardist\u016f, jezdc\u016f na sn\u011b\u017en\u00fdch sk\u00fatrech a pracovn\u00edk\u016f v p\u0159\u00edrod\u011b p\u016fsob\u00edc\u00edch v chladn\u00e9m podneb\u00ed.<\/p>\n<p class=\"\" data-start=\"763\" data-end=\"1206\">Vyrobeno z vysoce v\u00fdkonn\u00e9ho <strong data-start=\"795\" data-end=\"829\">nepromokav\u00fd a v\u011btruodoln\u00fd pl\u00e1\u0161\u0165<\/strong>, tyto rukavice jsou vyrobeny tak, aby udr\u017eely va\u0161e ruce v suchu a chr\u00e1nily je ve sn\u011bhu, de\u0161ti nebo sn\u011bhov\u00e9 v\u00e1nici. Vn\u011bj\u0161\u00ed vrstva je tvo\u0159ena kombinac\u00ed syntetick\u00fdch textili\u00ed a ko\u017een\u00fdch v\u00fdztuh pro maxim\u00e1ln\u00ed odolnost a pru\u017enost. Uvnit\u0159 se nach\u00e1z\u00ed mimo\u0159\u00e1dn\u011b m\u011bkk\u00e1 zateplen\u00e1 pod\u0161\u00edvka a integrovan\u00e1 <strong data-start=\"1113\" data-end=\"1146\">topn\u00e9 prvky z uhl\u00edkov\u00fdch vl\u00e1ken<\/strong> poskytuj\u00ed nep\u0159etr\u017eit\u00e9 teplo prst\u016fm a h\u0159betu ruky.<\/p>\n<p class=\"\" data-start=\"1208\" data-end=\"1564\">Stisknut\u00edm tla\u010d\u00edtka mohou u\u017eivatel\u00e9 aktivovat jednu z n\u00e1sleduj\u00edc\u00edch funkc\u00ed. <strong data-start=\"1261\" data-end=\"1285\">t\u0159i \u00farovn\u011b oh\u0159evu<\/strong>, kter\u00e9 okam\u017eit\u011b rozv\u00e1d\u00ed teplo tam, kde je ho nejv\u00edce pot\u0159eba. Rukavice jsou nap\u00e1jeny <strong data-start=\"1365\" data-end=\"1403\">dob\u00edjec\u00ed lithium-iontov\u00e9 baterie<\/strong>, kter\u00e1 nab\u00edz\u00ed a\u017e 6-8 hodin tepla p\u0159i n\u00edzk\u00e9m nastaven\u00ed, 4-5 hodin p\u0159i st\u0159edn\u00edm a 2-3 hodiny p\u0159i vysok\u00e9m - ide\u00e1ln\u00ed pro dlouh\u00e9 dny na svaz\u00edch nebo v mraziv\u00fdch pracovn\u00edch podm\u00ednk\u00e1ch.<\/p>\n<p class=\"\" data-start=\"1566\" data-end=\"1982\">Ergonomick\u00fd design zahrnuje <strong data-start=\"1596\" data-end=\"1615\">polstrovan\u00e9 klouby<\/strong>, p\u0159edem prohnut\u00e9 prsty a protiskluzov\u00e9 dlan\u011b z PU k\u016f\u017ee pro vynikaj\u00edc\u00ed \u00fachop ly\u017ea\u0159sk\u00fdch hol\u00ed, snowboard\u016f nebo n\u00e1\u0159ad\u00ed. Prodlou\u017een\u00e1 konstrukce man\u017eety s nastavitelnou \u0161\u0148\u016frkou a elastick\u00fdm z\u00e1p\u011bst\u00edm zaji\u0161\u0165uje bezpe\u010dn\u00e9 uchycen\u00ed a z\u00e1rove\u0148 zabra\u0148uje p\u0159\u00edstupu sn\u011bhu a studen\u00e9ho vzduchu. I v rukavic\u00edch je integrovan\u00e1 <strong data-start=\"1885\" data-end=\"1922\">kone\u010dky prst\u016f kompatibiln\u00ed s dotykovou obrazovkou<\/strong> umo\u017e\u0148uj\u00ed u\u017eivatel\u016fm bezprobl\u00e9mov\u00e9 pou\u017e\u00edv\u00e1n\u00ed chytr\u00fdch telefon\u016f nebo za\u0159\u00edzen\u00ed GPS.<\/p>\n<p class=\"\" data-start=\"1984\" data-end=\"2001\"><strong data-start=\"1984\" data-end=\"2001\">Kl\u00ed\u010dov\u00e9 vlastnosti:<\/strong><\/p>\n<ul data-start=\"2003\" data-end=\"2974\">\n<li class=\"\" data-start=\"2003\" data-end=\"2116\">\n<p class=\"\" data-start=\"2005\" data-end=\"2116\"><strong data-start=\"2005\" data-end=\"2037\">Dob\u00edjec\u00ed topn\u00fd syst\u00e9m:<\/strong> T\u0159i nastaven\u00ed teploty (n\u00edzk\u00e1\/st\u0159edn\u00ed\/vysok\u00e1) s v\u00fddr\u017e\u00ed baterie a\u017e 8 hodin<\/p>\n<\/li>\n<li class=\"\" data-start=\"2117\" data-end=\"2208\">\n<p class=\"\" data-start=\"2119\" data-end=\"2208\"><strong data-start=\"2119\" data-end=\"2150\">Topn\u00e9 z\u00f3ny z uhl\u00edkov\u00fdch vl\u00e1ken:<\/strong> Rovnom\u011brn\u011b rozlo\u017een\u00e9 teplo na h\u0159betu ruky a prstech<\/p>\n<\/li>\n<li class=\"\" data-start=\"2209\" data-end=\"2301\">\n<p class=\"\" data-start=\"2211\" data-end=\"2301\"><strong data-start=\"2211\" data-end=\"2229\">Odoln\u00e1 konstrukce:<\/strong> Vod\u011bodolnost, v\u011btruodolnost a zes\u00edlen\u00ed k\u016f\u017e\u00ed v oblastech s vysok\u00fdm opot\u0159eben\u00edm.<\/p>\n<\/li>\n<li class=\"\" data-start=\"2302\" data-end=\"2377\">\n<p class=\"\" data-start=\"2304\" data-end=\"2377\"><strong data-start=\"2304\" data-end=\"2328\">Prsty na dotykov\u00e9 obrazovce:<\/strong> Obsluha mobiln\u00edch za\u0159\u00edzen\u00ed bez nutnosti sund\u00e1vat rukavice<\/p>\n<\/li>\n<li class=\"\" data-start=\"2378\" data-end=\"2452\">\n<p class=\"\" data-start=\"2380\" data-end=\"2452\"><strong data-start=\"2380\" data-end=\"2395\">Bezpe\u010dn\u00e9 uchycen\u00ed:<\/strong> Nastaviteln\u00fd p\u00e1sek na z\u00e1p\u011bst\u00ed a elastick\u00e1 man\u017eeta se stahovac\u00ed \u0161\u0148\u016frkou<\/p>\n<\/li>\n<li class=\"\" data-start=\"2453\" data-end=\"2528\">\n<p class=\"\" data-start=\"2455\" data-end=\"2528\"><strong data-start=\"2455\" data-end=\"2478\">Dla\u0148 se zv\u00fd\u0161en\u00fdm \u00fachopem:<\/strong> Protiskluzov\u00fd PU pro lep\u0161\u00ed ovl\u00e1d\u00e1n\u00ed a p\u0159esnost<\/p>\n<\/li>\n<li class=\"\" data-start=\"2529\" data-end=\"2622\">\n<p class=\"\" data-start=\"2531\" data-end=\"2622\"><strong data-start=\"2531\" data-end=\"2553\">Polstrovan\u00e1 ochrana:<\/strong> Extra vrstva na kloubech a dlani pro bezpe\u010dnost p\u0159i p\u00e1du nebo n\u00e1razu<\/p>\n<\/li>\n<li class=\"\" data-start=\"2623\" data-end=\"2711\">\n<p class=\"\" data-start=\"2625\" data-end=\"2711\"><strong data-start=\"2625\" data-end=\"2657\">Rychl\u00e9 nab\u00edjen\u00ed akumul\u00e1toru:<\/strong> Sou\u010d\u00e1st\u00ed balen\u00ed jsou dv\u011b baterie s nab\u00edje\u010dkou a kabelem<\/p>\n<\/li>\n<li class=\"\" data-start=\"2712\" data-end=\"2775\">\n<p class=\"\" data-start=\"2714\" data-end=\"2775\"><strong data-start=\"2714\" data-end=\"2740\">Prody\u0161n\u00e1 izolace:<\/strong> Udr\u017euje teplo uvnit\u0159 a vlhkost venku<\/p>\n<\/li>\n<li class=\"\" data-start=\"2776\" data-end=\"2858\">\n<p class=\"\" data-start=\"2778\" data-end=\"2858\"><strong data-start=\"2778\" data-end=\"2801\">P\u0159izp\u016fsoben\u00ed loga:<\/strong> K dispozici pro priv\u00e1tn\u00ed zna\u010dku nebo hromadn\u00e9 firemn\u00ed zna\u010den\u00ed<\/p>\n<\/li>\n<li class=\"\" data-start=\"2859\" data-end=\"2913\">\n<p class=\"\" data-start=\"2861\" data-end=\"2913\"><strong data-start=\"2861\" data-end=\"2871\">Velikosti:<\/strong> M, L, XL, XXL (vlastn\u00ed velikosti na vy\u017e\u00e1d\u00e1n\u00ed)<\/p>\n<\/li>\n<li class=\"\" data-start=\"2914\" data-end=\"2974\">\n<p class=\"\" data-start=\"2916\" data-end=\"2974\"><strong data-start=\"2916\" data-end=\"2926\">Barva:<\/strong> \u010cern\u00e1 s \u010derven\u00fdmi akcenty (vlastn\u00ed barvy na objedn\u00e1vku)<\/p>\n<\/li>\n<\/ul>\n<p class=\"\" data-start=\"2976\" data-end=\"2993\"><strong data-start=\"2976\" data-end=\"2993\">Aplikace:<\/strong><\/p>\n<ul data-start=\"2995\" data-end=\"3309\">\n<li class=\"\" data-start=\"2995\" data-end=\"3040\">\n<p class=\"\" data-start=\"2997\" data-end=\"3040\">Alpsk\u00e9 ly\u017eov\u00e1n\u00ed, snowboarding, j\u00edzda na sn\u011b\u017en\u00e9m sk\u00fatru<\/p>\n<\/li>\n<li class=\"\" data-start=\"3041\" data-end=\"3070\">\n<p class=\"\" data-start=\"3043\" data-end=\"3070\">Zimn\u00ed turistika a kempov\u00e1n\u00ed<\/p>\n<\/li>\n<li class=\"\" data-start=\"3071\" data-end=\"3104\">\n<p class=\"\" data-start=\"3073\" data-end=\"3104\">Chlad\u00edrensk\u00e9 a mraz\u00edrensk\u00e9 pr\u00e1ce<\/p>\n<\/li>\n<li class=\"\" data-start=\"3105\" data-end=\"3132\">\n<p class=\"\" data-start=\"3107\" data-end=\"3132\">Ryba\u0159en\u00ed a lov na ledu<\/p>\n<\/li>\n<li class=\"\" data-start=\"3133\" data-end=\"3162\">\n<p class=\"\" data-start=\"3135\" data-end=\"3162\">Horsk\u00e1 z\u00e1chrann\u00e1 slu\u017eba nebo hl\u00eddka<\/p>\n<\/li>\n<li class=\"\" data-start=\"3163\" data-end=\"3204\">\n<p class=\"\" data-start=\"3165\" data-end=\"3204\">J\u00edzda na motocyklu nebo elektrokole v zim\u011b<\/p>\n<\/li>\n<li class=\"\" data-start=\"3205\" data-end=\"3255\">\n<p class=\"\" data-start=\"3207\" data-end=\"3255\">Venkovn\u00ed sportovn\u00ed akce v mraziv\u00fdch teplot\u00e1ch<\/p>\n<\/li>\n<li class=\"\" data-start=\"3256\" data-end=\"3309\">\n<p class=\"\" data-start=\"3258\" data-end=\"3309\">V\u00fdstavba a \u00fadr\u017eba v podm\u00ednk\u00e1ch pod bodem mrazu<\/p>\n<\/li>\n<\/ul>\n<p class=\"\" data-start=\"3311\" data-end=\"3335\"><strong data-start=\"3311\" data-end=\"3335\">Sou\u010d\u00e1st\u00ed balen\u00ed je:<\/strong><\/p>\n<ul data-start=\"3337\" data-end=\"3563\">\n<li class=\"\" data-start=\"3337\" data-end=\"3364\">\n<p class=\"\" data-start=\"3339\" data-end=\"3364\">1 p\u00e1r vyh\u0159\u00edvan\u00fdch rukavic<\/p>\n<\/li>\n<li class=\"\" data-start=\"3365\" data-end=\"3414\">\n<p class=\"\" data-start=\"3367\" data-end=\"3414\">2 dob\u00edjec\u00ed baterie (jedna pro ka\u017edou rukavici)<\/p>\n<\/li>\n<li class=\"\" data-start=\"3415\" data-end=\"3456\">\n<p class=\"\" data-start=\"3417\" data-end=\"3456\">1 du\u00e1ln\u00ed nab\u00edjec\u00ed kabel nebo s\u00ed\u0165ov\u00fd adapt\u00e9r<\/p>\n<\/li>\n<li class=\"\" data-start=\"3457\" data-end=\"3503\">\n<p class=\"\" data-start=\"3459\" data-end=\"3503\">U\u017eivatelsk\u00e1 p\u0159\u00edru\u010dka s v\u00edcejazy\u010dn\u00fdmi pokyny<\/p>\n<\/li>\n<li class=\"\" data-start=\"3504\" data-end=\"3563\">\n<p class=\"\" data-start=\"3506\" data-end=\"3563\">Voliteln\u00e9 vodot\u011bsn\u00e9 pouzdro pro ulo\u017een\u00ed do cestovn\u00ed ta\u0161ky nebo ta\u0161ky na vybaven\u00ed<\/p>\n<\/li>\n<\/ul>\n<p class=\"\" data-start=\"3565\" data-end=\"3597\"><strong data-start=\"3565\" data-end=\"3597\">Dodr\u017eov\u00e1n\u00ed p\u0159edpis\u016f a certifikace:<\/strong><\/p>\n<ul data-start=\"3599\" data-end=\"3781\">\n<li class=\"\" data-start=\"3599\" data-end=\"3630\">\n<p class=\"\" data-start=\"3601\" data-end=\"3630\">Certifik\u00e1t CE - p\u0159ipraveno pro Evropu<\/p>\n<\/li>\n<li class=\"\" data-start=\"3631\" data-end=\"3660\">\n<p class=\"\" data-start=\"3633\" data-end=\"3660\">Sou\u010d\u00e1sti vyhovuj\u00edc\u00ed RoHS<\/p>\n<\/li>\n<li class=\"\" data-start=\"3661\" data-end=\"3699\">\n<p class=\"\" data-start=\"3663\" data-end=\"3699\">Certifikovan\u00e9 bezpe\u010dnostn\u00ed normy pro baterie<\/p>\n<\/li>\n<li class=\"\" data-start=\"3700\" data-end=\"3727\">\n<p class=\"\" data-start=\"3702\" data-end=\"3727\">Hodnocen\u00ed vodot\u011bsnosti: IPX4<\/p>\n<\/li>\n<li class=\"\" data-start=\"3728\" data-end=\"3781\">\n<p class=\"\" data-start=\"3730\" data-end=\"3781\">Bezpe\u010dn\u00e9 pro styk s poko\u017ekou - Hypoalergenn\u00ed vnit\u0159n\u00ed v\u00fdstelka<\/p>\n<\/li>\n<\/ul>\n<p class=\"\" data-start=\"3783\" data-end=\"3813\"><strong data-start=\"3783\" data-end=\"3813\">Priv\u00e1tn\u00ed zna\u010dka a velkoobchod:<\/strong><\/p>\n<p class=\"\" data-start=\"3815\" data-end=\"4141\">Spole\u010dnost RYINZ nab\u00edz\u00ed plnou podporu OEM a ODM pro velkoobchodn\u00edky, distributory a maloobchodn\u00edky v Evrop\u011b, Severn\u00ed Americe a Asii. A\u0165 u\u017e chcete p\u0159idat sv\u00e9 logo, zm\u011bnit barvy nebo zahrnout vlastn\u00ed balen\u00ed, na\u0161e n\u00e1vrh\u00e1\u0159sk\u00e9 a v\u00fdrobn\u00ed t\u00fdmy jsou p\u0159ipraveny splnit specifick\u00e9 po\u017eadavky va\u0161\u00ed zna\u010dky s rychl\u00fdmi dodac\u00edmi lh\u016ftami a konkurenceschopn\u00fdmi cenami.<\/p>","protected":false},"excerpt":{"rendered":"<p>Na str\u00e1nk\u00e1ch <strong data-start=\"4200\" data-end=\"4242\">Vyh\u0159\u00edvan\u00e9 ly\u017ea\u0159sk\u00e9 a snowboardov\u00e9 rukavice RYINZ<\/strong> nab\u00edz\u00ed dokonalou kombinaci pokro\u010dil\u00e9 tepeln\u00e9 technologie a odoln\u00e9 ochrany pro nad\u0161ence zimn\u00edch sport\u016f i profesion\u00e1ly. D\u00edky vod\u011bodoln\u00e9mu pl\u00e1\u0161ti, dob\u00edjec\u00edmu vyh\u0159\u00edvac\u00edmu syst\u00e9mu, protiskluzov\u00e9mu \u00fachopu a dotykov\u00fdm prst\u016fm udr\u017e\u00ed tyto rukavice va\u0161e ruce v teple, suchu a funk\u010dn\u00ed i v t\u011bch nejchladn\u011bj\u0161\u00edch podm\u00ednk\u00e1ch. Jsou ide\u00e1ln\u00ed pro ly\u017eov\u00e1n\u00ed, snowboarding, j\u00edzdu na sn\u011b\u017en\u00e9m sk\u00fatru nebo pr\u00e1ci venku b\u011bhem zimy. T\u0159i nastaviteln\u00e9 \u00farovn\u011b tepla nap\u00e1jen\u00e9 vestav\u011bn\u00fdmi bateriemi zaji\u0161\u0165uj\u00ed st\u00e1l\u00e9 teplo. K dispozici ve v\u00edce velikostech a s vlastn\u00edm ozna\u010den\u00edm pro velkoodb\u011bratele.<\/p>","protected":false},"featured_media":8944,"comment_status":"closed","ping_status":"closed","template":"","meta":[],"product_brand":[35],"product_cat":[57],"product_tag":[55,56],"class_list":{"0":"post-8903","1":"product","2":"type-product","3":"status-publish","4":"has-post-thumbnail","6":"product_brand-ryinz","7":"product_cat-ski-snowboarding-gloves","8":"product_tag-heated-ski-gloves","9":"product_tag-heated-snowboarding-gloves","11":"first","12":"instock","13":"taxable","14":"shipping-taxable","15":"purchasable","16":"product-type-simple"},"_links":{"self":[{"href":"https:\/\/ryinz.cz\/velkoobchod\/cs\/wp-json\/wp\/v2\/product\/8903","targetHints":{"allow":["GET"]}}],"collection":[{"href":"https:\/\/ryinz.cz\/velkoobchod\/cs\/wp-json\/wp\/v2\/product"}],"about":[{"href":"https:\/\/ryinz.cz\/velkoobchod\/cs\/wp-json\/wp\/v2\/types\/product"}],"replies":[{"embeddable":true,"href":"https:\/\/ryinz.cz\/velkoobchod\/cs\/wp-json\/wp\/v2\/comments?post=8903"}],"wp:featuredmedia":[{"embeddable":true,"href":"https:\/\/ryinz.cz\/velkoobchod\/cs\/wp-json\/wp\/v2\/media\/8944"}],"wp:attachment":[{"href":"https:\/\/ryinz.cz\/velkoobchod\/cs\/wp-json\/wp\/v2\/media?parent=8903"}],"wp:term":[{"taxonomy":"product_brand","embeddable":true,"href":"https:\/\/ryinz.cz\/velkoobchod\/cs\/wp-json\/wp\/v2\/product_brand?post=8903"},{"taxonomy":"product_cat","embeddable":true,"href":"https:\/\/ryinz.cz\/velkoobchod\/cs\/wp-json\/wp\/v2\/product_cat?post=8903"},{"taxonomy":"product_tag","embeddable":true,"href":"https:\/\/ryinz.cz\/velkoobchod\/cs\/wp-json\/wp\/v2\/product_tag?post=8903"}],"curies":[{"name":"wp","href":"https:\/\/api.w.org\/{rel}","templated":true}]}}