{"id":8902,"date":"2025-06-22T15:21:03","date_gmt":"2025-06-22T15:21:03","guid":{"rendered":"https:\/\/ryinz.cz\/velkoobchod\/?post_type=product&#038;p=8902"},"modified":"2026-01-18T20:16:42","modified_gmt":"2026-01-18T20:16:42","slug":"ryinz-profesionalni-rukavice-pro-horska-kola-s-plnymi-prsty-odolne-mtb-rukavice-pro-muze-a-zeny-protiskluzove-prodysne-stylove","status":"publish","type":"product","link":"https:\/\/ryinz.cz\/velkoobchod\/cs\/product\/ryinz-professional-mountain-bike-gloves-full-finger-durable-mtb-gloves-for-men-and-women-anti-slip-breathable-stylish\/","title":{"rendered":"RYINZ Professional Mountain Bike Gloves - Celoprst\u00e9 odoln\u00e9 MTB rukavice pro mu\u017ee a \u017eeny - protiskluzov\u00e9, prody\u0161n\u00e9, stylov\u00e9"},"content":{"rendered":"<p class=\"\" data-start=\"298\" data-end=\"823\">Rukavice RYINZ Professional pro horsk\u00e1 kola jsou navr\u017eeny tak, aby nov\u011b definovaly va\u0161e cyklistick\u00e9 dobrodru\u017estv\u00ed v n\u00e1ro\u010dn\u00e9m ter\u00e9nu. Tyto rukavice, \u0161it\u00e9 na m\u00edru s v\u00e1\u0161n\u00ed a preciznost\u00ed, p\u0159edstavuj\u00ed dokonalou rovnov\u00e1hu mezi odolnost\u00ed, stylem, pohodl\u00edm a bezpe\u010dnost\u00ed - jsou nezbytn\u00e9 pro ka\u017ed\u00e9ho v\u00e1\u017en\u00e9ho z\u00e1jemce o horsk\u00e1 kola, BMX nebo ter\u00e9nn\u00ed cyklistiku. A\u0165 u\u017e zdol\u00e1v\u00e1te drsn\u00e9 horsk\u00e9 stezky, nebo se pohybujete v rychl\u00fdch sjezdov\u00fdch z\u00e1vodech, tyto rukavice jsou navr\u017eeny tak, aby poskytovaly v\u00fdjime\u010dnou kontrolu a jistotu.<\/p>\n<p class=\"\" data-start=\"825\" data-end=\"1283\">Rukavice jsou vyrobeny z prvot\u0159\u00eddn\u00ed sm\u011bsi syntetick\u00e9 k\u016f\u017ee a prody\u0161n\u00e9 stre\u010dov\u00e9 tkaniny a poskytuj\u00ed vynikaj\u00edc\u00ed ochranu, ani\u017e by byla omezena jejich pru\u017enost nebo ventilace. Lehk\u00e1 konstrukce zaji\u0161\u0165uje, \u017ee va\u0161e ruce z\u016fstanou v chladu a suchu, a zabra\u0148uje tak p\u0159eh\u0159\u00e1t\u00ed i p\u0159i t\u011bch nejintenzivn\u011bj\u0161\u00edch vyj\u00ed\u017e\u010fk\u00e1ch. Perforovan\u00e1 k\u016f\u017ee na kl\u00ed\u010dov\u00fdch m\u00edstech maximalizuje proud\u011bn\u00ed vzduchu, \u010d\u00edm\u017e vytv\u00e1\u0159\u00ed z\u00e1\u017eitek z j\u00edzdy bez pocen\u00ed, kter\u00fd je ide\u00e1ln\u00ed pro jarn\u00ed, letn\u00ed a \u010dasn\u00e9 podzimn\u00ed obdob\u00ed.<\/p>\n<p class=\"\" data-start=\"1285\" data-end=\"1622\">Ergonomick\u00fd design s pln\u00fdmi prsty odr\u00e1\u017e\u00ed p\u0159irozen\u00fd tvar ruky a zaji\u0161\u0165uje, \u017ee se p\u0159izp\u016fsob\u00ed druh\u00e9 k\u016f\u017ei, co\u017e zvy\u0161uje obratnost a zabra\u0148uje \u00fanav\u011b p\u0159i dlouh\u00fdch j\u00edzd\u00e1ch. D\u00edky inovativn\u00ed konstrukci s p\u0159edem zak\u0159iven\u00fdmi prsty jezdci t\u011b\u017e\u00ed z p\u0159irozen\u00e9ho \u00fachopu \u0159\u00edd\u00edtek, co\u017e zlep\u0161uje dovednosti p\u0159i ovl\u00e1d\u00e1n\u00ed kola a z\u00e1rove\u0148 sni\u017euje riziko vzniku puch\u00fd\u0159\u016f a p\u0159et\u00ed\u017een\u00ed.<\/p>\n<p class=\"\" data-start=\"1624\" data-end=\"2153\">Zv\u00fd\u0161en\u00e1 bezpe\u010dnost je jednou z nejv\u00fdznamn\u011bj\u0161\u00edch vlastnost\u00ed t\u011bchto rukavic. Oblast dlan\u011b je vyztu\u017eena mimo\u0159\u00e1dn\u011b siln\u00fdm polstrov\u00e1n\u00edm ze syntetick\u00e9 k\u016f\u017ee, kter\u00e9 tlum\u00ed n\u00e1razy a sni\u017euje vibrace z nerovn\u00e9ho ter\u00e9nu. Integrovan\u00e9 protiskluzov\u00e9 prou\u017eky na prstech a dlani zaji\u0161\u0165uj\u00ed bezpe\u010dn\u00fd a jist\u00fd \u00fachop \u0159\u00edd\u00edtek a \u0159adic\u00edch p\u00e1k, a to i za mokra. Zes\u00edlen\u00e9 n\u00e1razov\u00e9 z\u00f3ny na h\u0159betu ruky a kloubech p\u0159id\u00e1vaj\u00ed vrstvu ochrany proti ne\u010dekan\u00fdm p\u00e1d\u016fm, v\u011btv\u00edm nebo kamen\u016fm, tak\u017ee va\u0161e j\u00edzda bude bezpe\u010dn\u011bj\u0161\u00ed, ani\u017e by v\u00e1m zbyte\u010dn\u011b p\u0159id\u00e1valy na objemu.<\/p>\n<p class=\"\" data-start=\"2155\" data-end=\"2492\">Dal\u0161\u00edm kl\u00ed\u010dov\u00fdm prvkem je pru\u017en\u00e9 a odoln\u00e9 zap\u00edn\u00e1n\u00ed na such\u00fd zip na z\u00e1p\u011bst\u00ed, kter\u00e9 umo\u017e\u0148uje snadn\u00e9 zap\u00edn\u00e1n\u00ed a vyp\u00edn\u00e1n\u00ed a pln\u011b nastaviteln\u00e9 no\u0161en\u00ed. A\u0165 u\u017e m\u00e1te na sob\u011b lehk\u00fd dres nebo silnou bundu, tyto rukavice se dokonale p\u0159izp\u016fsob\u00ed, ani\u017e by omezovaly pohyb z\u00e1p\u011bst\u00ed. P\u0159il\u00e9hav\u00fd st\u0159ih zabra\u0148uje vniknut\u00ed prachu, ne\u010distot a \u00falomk\u016f p\u0159i zachov\u00e1n\u00ed pln\u00e9ho rozsahu pohybu.<\/p>\n<p class=\"\" data-start=\"2494\" data-end=\"2931\">Tyto rukavice RYINZ pro horsk\u00e1 kola nejsou jen funk\u010dn\u00ed, ale p\u0159in\u00e1\u0161ej\u00ed tak\u00e9 modern\u00ed, agresivn\u00ed styl do va\u0161eho jezdeck\u00e9ho vybaven\u00ed. D\u00edky dynamick\u00e9 kombinaci b\u00edl\u00e9, hn\u011bd\u00e9 a \u010dern\u00e9 barvy a minimalistick\u00fdm reflexn\u00edm prou\u017ek\u016fm pro lep\u0161\u00ed viditelnost za zhor\u0161en\u00fdch sv\u011bteln\u00fdch podm\u00ednek jsou tyto rukavice z\u00e1rukou, \u017ee budete vypadat stejn\u011b dob\u0159e jako jezdit. Ikonick\u00e9 logo RYINZ um\u00edst\u011bn\u00e9 odv\u00e1\u017en\u011b na h\u0159betu signalizuje kvalitu a profesionalitu, a\u0165 u\u017e v\u00e1s va\u0161e cesta zavede kamkoli.<\/p>\n<p class=\"\" data-start=\"2933\" data-end=\"3212\">Rukavice jsou ide\u00e1ln\u00ed pro r\u016fzn\u00e9 discipl\u00edny - MTB, BMX, dirt biking, trail riding, cross-country, downhill racing, freeride a dokonce i pro pou\u017eit\u00ed na motocyklu. Jejich v\u0161estrannost z nich d\u011bl\u00e1 nezbytnou sou\u010d\u00e1st v\u00fdbavy pro jezdce v\u0161ech \u00farovn\u00ed, od za\u010d\u00e1te\u010dn\u00edk\u016f a\u017e po profesion\u00e1ly.<\/p>\n<p class=\"\" data-start=\"3214\" data-end=\"3541\">\u00dadr\u017eba je bezprobl\u00e9mov\u00e1 - rukavice se snadno \u010dist\u00ed jemn\u00fdm ru\u010dn\u00edm pran\u00edm ve studen\u00e9 vod\u011b a rychle schnou na vzduchu, ani\u017e by ztratily sv\u016fj tvar nebo pru\u017enost. Rukavice RYINZ MTB jsou vyrobeny tak, aby vydr\u017eely ka\u017edodenn\u00ed tr\u00e9nink i z\u00e1vod\u011bn\u00ed, a jsou tak nejlep\u0161\u00ed volbou pro jezdce, kte\u0159\u00ed odm\u00edtaj\u00ed d\u011blat kompromisy v oblasti v\u00fdkonu.<\/p>\n<p class=\"\" data-start=\"3543\" data-end=\"3738\">K dispozici je n\u011bkolik velikost\u00ed (S, M, L, XL, XXL), aby dokonale padly ka\u017ed\u00e9mu jezdci. P\u0159esn\u00e9 rozm\u011bry pro maxim\u00e1ln\u00ed pohodl\u00ed a \u00fa\u010dinnost naleznete v na\u0161\u00ed podrobn\u00e9 tabulce velikost\u00ed.<\/p>\n<p class=\"\" data-start=\"3740\" data-end=\"4005\">Zlep\u0161ete sv\u016fj z\u00e1\u017eitek z j\u00edzdy s rukavicemi, kter\u00e9 jsou stejn\u011b odoln\u00e9 a dobrodru\u017en\u00e9 jako vy. S rukavicemi RYINZ je ka\u017ed\u00e1 j\u00edzda v\u00edt\u011bzn\u00e1. P\u0159ipravte se na tvrd\u0161\u00ed, rychlej\u0161\u00ed a bezpe\u010dn\u011bj\u0161\u00ed j\u00edzdu - za kterou stoj\u00ed d\u016fv\u011bryhodn\u00e9 inovace a \u0159emesln\u00e9 zpracov\u00e1n\u00ed profesion\u00e1ln\u00ed v\u00fdbavy RYINZ.<\/p>","protected":false},"excerpt":{"rendered":"<p>S profesion\u00e1ln\u00edmi rukavicemi RYINZ pro horsk\u00e1 kola poko\u0159\u00edte ka\u017ed\u00fd trail. Tyto celoprst\u00e9 MTB rukavice, navr\u017een\u00e9 pro \u0161pi\u010dkov\u00fd v\u00fdkon, jsou vybaveny prody\u0161nou, elastickou tkaninou s v\u00fdztuhou ze syntetick\u00e9 k\u016f\u017ee pro v\u00fdjime\u010dnou odolnost a ventilaci. P\u0159edsazen\u00e9 prsty, polstrov\u00e1n\u00ed dlan\u011b tlum\u00edc\u00ed n\u00e1razy a protiskluzov\u00e9 prou\u017eky zlep\u0161uj\u00ed v\u00e1\u0161 \u00fachop, pohodl\u00ed a kontrolu. D\u00edky nastaviteln\u00e9mu zap\u00edn\u00e1n\u00ed na such\u00fd zip, stylov\u00fdm reflexn\u00edm akcent\u016fm a n\u011bkolika variant\u00e1m velikost\u00ed jsou tyto rukavice dokonal\u00fdm spole\u010dn\u00edkem pro j\u00edzdu na horsk\u00e9m kole, BMX, j\u00edzdu na stezce a dobrodru\u017estv\u00ed v ter\u00e9nu. Vytvo\u0159eny jako odoln\u00e9 pro seri\u00f3zn\u00ed jezdce, kte\u0159\u00ed od sv\u00e9ho cyklistick\u00e9ho vybaven\u00ed vy\u017eaduj\u00ed styl, ochranu a vynikaj\u00edc\u00ed v\u00fdkon.<\/p>","protected":false},"featured_media":8934,"comment_status":"closed","ping_status":"closed","template":"","meta":[],"product_brand":[35],"product_cat":[31,50],"product_tag":[49,54,40],"class_list":{"0":"post-8902","1":"product","2":"type-product","3":"status-publish","4":"has-post-thumbnail","6":"product_brand-ryinz","7":"product_cat-cycling-mountain-gloves","8":"product_cat-mountain-bike-gloves","9":"product_tag-full-finger-cycling-gloves","10":"product_tag-microfiber-palm-gloves","11":"product_tag-performance-cycling-gear","13":"first","14":"instock","15":"sold-individually","16":"taxable","17":"shipping-taxable","18":"purchasable","19":"product-type-simple"},"_links":{"self":[{"href":"https:\/\/ryinz.cz\/velkoobchod\/cs\/wp-json\/wp\/v2\/product\/8902","targetHints":{"allow":["GET"]}}],"collection":[{"href":"https:\/\/ryinz.cz\/velkoobchod\/cs\/wp-json\/wp\/v2\/product"}],"about":[{"href":"https:\/\/ryinz.cz\/velkoobchod\/cs\/wp-json\/wp\/v2\/types\/product"}],"replies":[{"embeddable":true,"href":"https:\/\/ryinz.cz\/velkoobchod\/cs\/wp-json\/wp\/v2\/comments?post=8902"}],"wp:featuredmedia":[{"embeddable":true,"href":"https:\/\/ryinz.cz\/velkoobchod\/cs\/wp-json\/wp\/v2\/media\/8934"}],"wp:attachment":[{"href":"https:\/\/ryinz.cz\/velkoobchod\/cs\/wp-json\/wp\/v2\/media?parent=8902"}],"wp:term":[{"taxonomy":"product_brand","embeddable":true,"href":"https:\/\/ryinz.cz\/velkoobchod\/cs\/wp-json\/wp\/v2\/product_brand?post=8902"},{"taxonomy":"product_cat","embeddable":true,"href":"https:\/\/ryinz.cz\/velkoobchod\/cs\/wp-json\/wp\/v2\/product_cat?post=8902"},{"taxonomy":"product_tag","embeddable":true,"href":"https:\/\/ryinz.cz\/velkoobchod\/cs\/wp-json\/wp\/v2\/product_tag?post=8902"}],"curies":[{"name":"wp","href":"https:\/\/api.w.org\/{rel}","templated":true}]}}