{"id":8901,"date":"2025-06-22T15:21:03","date_gmt":"2025-06-22T15:21:03","guid":{"rendered":"https:\/\/ryinz.cz\/velkoobchod\/?post_type=product&#038;p=8901"},"modified":"2026-01-18T20:16:41","modified_gmt":"2026-01-18T20:16:41","slug":"ryinz-all-terrain-full-finger-mountain-bike-gloves-prodysne-lehke-narazuvzdorne-mtb-rukavice-pro-muze-a-zeny","status":"publish","type":"product","link":"https:\/\/ryinz.cz\/velkoobchod\/cs\/product\/ryinz-all-terrain-full-finger-mountain-bike-gloves-breathable-lightweight-shockproof-mtb-gloves-for-men-and-women\/","title":{"rendered":"RYINZ All-Terrain Full Finger Mountain Bike Gloves - prody\u0161n\u00e9, lehk\u00e9, n\u00e1razuvzdorn\u00e9 MTB rukavice pro mu\u017ee a \u017eeny"},"content":{"rendered":"<p class=\"\" data-start=\"280\" data-end=\"723\">P\u0159edstavujeme v\u00e1m celoprst\u00e9 rukavice RYINZ pro horsk\u00e1 kola All-Terrain - pr\u016flom v profesion\u00e1ln\u00edm cyklistick\u00e9m vybaven\u00ed ur\u010den\u00e9m pro v\u00e1\u0161niv\u00e9 jezdce. A\u0165 u\u017e br\u00e1zd\u00edte horsk\u00e9 stezky, z\u00e1vod\u00edte ve sjezdu, br\u00e1zd\u00edte n\u00e1ro\u010dn\u00e9 ter\u00e9ny, nebo jen doj\u00ed\u017ed\u00edte do pr\u00e1ce, tyto rukavice zaru\u010duj\u00ed bezkonkuren\u010dn\u00ed v\u00fdkon, ochranu a pohodl\u00ed. Jsou vyrobeny z pokro\u010dil\u00fdch materi\u00e1l\u016f a ergonomick\u00e9ho in\u017een\u00fdrstv\u00ed, aby udr\u017eely krok s va\u0161imi nejn\u00e1ro\u010dn\u011bj\u0161\u00edmi vyj\u00ed\u017e\u010fkami.<\/p>\n<p class=\"\" data-start=\"725\" data-end=\"1163\">Svrchn\u00ed konstrukce je vyrobena z robustn\u00ed a z\u00e1rove\u0148 velmi prody\u0161n\u00e9 3D s\u00ed\u0165oviny, kter\u00e1 zaji\u0161\u0165uje optim\u00e1ln\u00ed proud\u011bn\u00ed vzduchu, aby va\u0161e ruce z\u016fstaly chladn\u00e9 a such\u00e9 i p\u0159i intenzivn\u00edm v\u00fdkonu. Teplo a vlhkost jsou \u00fa\u010dinn\u011b odv\u00e1d\u011bny pry\u010d, co\u017e zabra\u0148uje nep\u0159\u00edjemn\u00fdm pocit\u016fm ze zpocen\u00fdch dlan\u00ed. Ve spojen\u00ed s elastick\u00fdmi panely ze spandexu nab\u00edzej\u00ed rukavice p\u0159izp\u016fsobiv\u00fd, p\u0159il\u00e9hav\u00fd st\u0159ih, kter\u00fd p\u016fsob\u00ed jako druh\u00e1 k\u016f\u017ee, a zlep\u0161uj\u00ed tak p\u0159irozen\u00fd pohyb a flexibilitu, ani\u017e by se sn\u00ed\u017eila jejich odolnost.<\/p>\n<p class=\"\" data-start=\"1165\" data-end=\"1659\">Oblast dlan\u00ed je skute\u010dn\u00fdm mistrovsk\u00fdm d\u00edlem technick\u00e9ho designu. Je vyrobena ze syntetick\u00e9 k\u016f\u017ee odoln\u00e9 proti od\u011bru a poskytuje mimo\u0159\u00e1dnou rovnov\u00e1hu mezi odolnost\u00ed, p\u0159ilnavost\u00ed a ochranou. Zes\u00edlen\u00e9 gelov\u00e9 polstrov\u00e1n\u00ed v kritick\u00fdch tlakov\u00fdch z\u00f3n\u00e1ch tlum\u00ed n\u00e1razy a sni\u017euje vibrace p\u0159en\u00e1\u0161en\u00e9 p\u0159es \u0159\u00edd\u00edtka, \u010d\u00edm\u017e chr\u00e1n\u00ed va\u0161e nervy a klouby p\u0159ed nam\u00e1h\u00e1n\u00edm a \u00fanavou. A\u0165 u\u017e zdol\u00e1v\u00e1te kamenit\u00e9 sjezdy, nebo se prod\u00edr\u00e1te ko\u0159eny a vyjet\u00fdmi kolejemi, tyto rukavice minimalizuj\u00ed znecitliv\u011bn\u00ed rukou a maximalizuj\u00ed kontrolu.<\/p>\n<p class=\"\" data-start=\"1661\" data-end=\"2032\">Integrovan\u00e9 silikonov\u00e9 otisky na kone\u010dc\u00edch prst\u016f zaji\u0161\u0165uj\u00ed vynikaj\u00edc\u00ed p\u0159ilnavost, kter\u00e1 je d\u016fle\u017eit\u00e1 zejm\u00e9na pro p\u0159esn\u00e9 ovl\u00e1d\u00e1n\u00ed brzdov\u00e9 a \u0159adic\u00ed p\u00e1ky v mokr\u00fdch, bl\u00e1tiv\u00fdch nebo pra\u0161n\u00fdch podm\u00ednk\u00e1ch. Rukavice jsou nav\u00edc kompatibiln\u00ed s dotykov\u00fdm displejem, tak\u017ee umo\u017e\u0148uj\u00ed bezprobl\u00e9movou interakci s chytr\u00fdmi telefony nebo za\u0159\u00edzen\u00edmi GPS, ani\u017e by bylo nutn\u00e9 je sund\u00e1vat - co\u017e je pro modern\u00ed cyklisty nezbytn\u00e1 vlastnost.<\/p>\n<p class=\"\" data-start=\"2034\" data-end=\"2396\">Bezpe\u010dnost a p\u0159izp\u016fsoben\u00ed d\u00e1le zvy\u0161uje nastaviteln\u00fd z\u00e1p\u011bstn\u00ed p\u00e1sek s pevn\u00fdm syst\u00e9mem zap\u00edn\u00e1n\u00ed na such\u00fd zip. Ten zaji\u0161\u0165uje nejen p\u0159izp\u016fsoben\u00ed r\u016fzn\u00fdm velikostem z\u00e1p\u011bst\u00ed, ale tak\u00e9 zabra\u0148uje sklouznut\u00ed rukavic p\u0159i agresivn\u00ed j\u00edzd\u011b. N\u00e1ramek na z\u00e1p\u011bst\u00ed je vyroben z m\u011bkk\u00e9, pru\u017en\u00e9 tkaniny pro snadn\u00fd pohyb a del\u0161\u00ed pohodl\u00ed p\u0159i d\u00e1lkov\u00fdch j\u00edzd\u00e1ch.<\/p>\n<p class=\"\" data-start=\"2398\" data-end=\"2757\">P\u0159i n\u00e1vrhu je kladen z\u00e1sadn\u00ed d\u016fraz na bezpe\u010dnost. Reflexn\u00ed detaily jsou strategicky um\u00edst\u011bny tak, aby zvy\u0161ovaly viditelnost v prost\u0159ed\u00ed se slab\u00fdm osv\u011btlen\u00edm, a nab\u00edzej\u00ed dal\u0161\u00ed vrstvu ochrany pro ve\u010dern\u00ed nebo rann\u00ed j\u00edzdy. Zes\u00edlen\u00e9 panely na kloubech poskytuj\u00ed m\u00edrnou ochranu p\u0159ed v\u011btvemi, \u00falomky nebo ne\u010dekan\u00fdmi n\u00e1razy, ani\u017e by zvy\u0161ovaly tuhost nebo sni\u017eovaly pru\u017enost.<\/p>\n<p class=\"\" data-start=\"2759\" data-end=\"3098\">Tyto rukavice RYINZ jsou neuv\u011b\u0159iteln\u011b v\u0161estrann\u00e9, ide\u00e1ln\u00ed nejen pro j\u00edzdu na horsk\u00e9m kole, ale tak\u00e9 pro j\u00edzdu na \u0161otolin\u011b, motokros, trailov\u00fd b\u011bh, horolezectv\u00ed, dobrodru\u017en\u00e9 z\u00e1vody a dokonce i pro cvi\u010den\u00ed v posilovn\u011b, kde je ochrana rukou nezbytn\u00e1. Jsou vyrobeny tak, aby fungovaly ve v\u0161ech ro\u010dn\u00edch obdob\u00edch - od chladn\u00fdch jarn\u00edch r\u00e1n a hork\u00fdch letn\u00edch odpoledn\u00ed a\u017e po m\u00edrn\u00e9 podzimn\u00ed ve\u010dery.<\/p>\n<p class=\"\" data-start=\"3100\" data-end=\"3360\">P\u00e9\u010de o rukavice je snadn\u00e1: lze je pr\u00e1t v ruce jemn\u00fdm m\u00fddlem a studenou vodou. Jejich barevn\u00e9 proveden\u00ed odoln\u00e9 proti vyblednut\u00ed a odoln\u00e9 \u0161vy zaji\u0161\u0165uj\u00ed, \u017ee si zachovaj\u00ed sv\u016fj profesion\u00e1ln\u00ed vzhled a v\u00fdkon i po opakovan\u00e9m pran\u00ed a del\u0161\u00edm pou\u017e\u00edv\u00e1n\u00ed.<\/p>\n<p class=\"\" data-start=\"3362\" data-end=\"3630\">Tyto rukavice jsou k dispozici v r\u016fzn\u00fdch velikostech od S do XXL a jsou p\u0159izp\u016fsobeny tak, aby dokonale padly ka\u017ed\u00e9mu jezdci. Jejich elegantn\u00ed a agresivn\u00ed estetika, kombinuj\u00edc\u00ed modr\u00e9, \u010dern\u00e9 a \u0161ed\u00e9 t\u00f3ny s v\u00fdrazn\u00fdm n\u00e1pisem RYINZ, jist\u011b ud\u011bl\u00e1 siln\u00fd dojem na ka\u017ed\u00e9m trailu nebo ulici.<\/p>\n<p class=\"\" data-start=\"3632\" data-end=\"3843\">Celoprstov\u00e9 MTB rukavice RYINZ All-Terrain jsou v\u00edc ne\u017e jen rukavice - jsou prodlou\u017een\u00edm va\u0161eho t\u011bla, kter\u00e9 zvy\u0161uje v\u00fdkon. Jezd\u011bte tvrd\u011bji, l\u00e9pe se dr\u017ete a poci\u0165te rozd\u00edl, kter\u00fd p\u0159in\u00e1\u0161\u00ed vybaven\u00ed profesion\u00e1ln\u00ed \u00farovn\u011b.<\/p>","protected":false},"excerpt":{"rendered":"<p>S celoprst\u00fdmi rukavicemi na horsk\u00e9 kolo RYINZ All-Terrain ovl\u00e1dnete ka\u017edou j\u00edzdu. Tyto vysoce v\u00fdkonn\u00e9 cyklistick\u00e9 rukavice maj\u00ed prody\u0161nou s\u00ed\u0165ovanou konstrukci pro maxim\u00e1ln\u00ed proud\u011bn\u00ed vzduchu a stre\u010dovou tkaninu pro p\u0159izp\u016fsobiv\u00fd st\u0159ih jako druh\u00e1 k\u016f\u017ee. Dla\u0148 je zpevn\u011bna syntetickou k\u016f\u017e\u00ed odolnou proti od\u011bru a gelov\u00fdmi pol\u0161t\u00e1\u0159ky tlum\u00edc\u00edmi n\u00e1razy, kter\u00e9 tlum\u00ed n\u00e1razy a sni\u017euj\u00ed \u00fanavu v n\u00e1ro\u010dn\u00e9m ter\u00e9nu. Silikonov\u00e1 vylep\u0161en\u00ed \u00fachopu zaji\u0161\u0165uj\u00ed bezpe\u010dn\u00e9 dr\u017een\u00ed brzdov\u00fdch p\u00e1k a \u0159azen\u00ed i v n\u00e1ro\u010dn\u00fdch podm\u00ednk\u00e1ch. D\u00edky kompatibilit\u011b s dotykov\u00fdm displejem, nastaviteln\u00fdm p\u00e1sk\u016fm na z\u00e1p\u011bst\u00ed na such\u00fd zip, reflexn\u00edm bezpe\u010dnostn\u00edm akcent\u016fm a zes\u00edlen\u00e9 ochran\u011b kloub\u016f poskytuj\u00ed tyto rukavice v\u0161e, co ter\u00e9nn\u00ed jezdec pot\u0159ebuje: pohodl\u00ed, p\u0159ilnavost, flexibilitu a bezpe\u010dnost. Ide\u00e1ln\u00ed pro MTB, j\u00edzdu na stezce, dobrodru\u017estv\u00ed na \u0161otolin\u011b, motokros a celodenn\u00ed cyklistick\u00e9 mise. Rukavice RYINZ udr\u017e\u00ed va\u0161e ruce chr\u00e1n\u011bn\u00e9, jist\u00e9 a pod naprostou kontrolou, kilometr za kilometrem.<\/p>","protected":false},"featured_media":8933,"comment_status":"closed","ping_status":"closed","template":"","meta":[],"product_brand":[35],"product_cat":[31,50],"product_tag":[52,49,53],"class_list":{"0":"post-8901","1":"product","2":"type-product","3":"status-publish","4":"has-post-thumbnail","6":"product_brand-ryinz","7":"product_cat-cycling-mountain-gloves","8":"product_cat-mountain-bike-gloves","9":"product_tag-breathable-neoprene-gloves","10":"product_tag-full-finger-cycling-gloves","11":"product_tag-professional-cycling-gloves","13":"first","14":"instock","15":"sold-individually","16":"taxable","17":"shipping-taxable","18":"purchasable","19":"product-type-simple"},"_links":{"self":[{"href":"https:\/\/ryinz.cz\/velkoobchod\/cs\/wp-json\/wp\/v2\/product\/8901","targetHints":{"allow":["GET"]}}],"collection":[{"href":"https:\/\/ryinz.cz\/velkoobchod\/cs\/wp-json\/wp\/v2\/product"}],"about":[{"href":"https:\/\/ryinz.cz\/velkoobchod\/cs\/wp-json\/wp\/v2\/types\/product"}],"replies":[{"embeddable":true,"href":"https:\/\/ryinz.cz\/velkoobchod\/cs\/wp-json\/wp\/v2\/comments?post=8901"}],"wp:featuredmedia":[{"embeddable":true,"href":"https:\/\/ryinz.cz\/velkoobchod\/cs\/wp-json\/wp\/v2\/media\/8933"}],"wp:attachment":[{"href":"https:\/\/ryinz.cz\/velkoobchod\/cs\/wp-json\/wp\/v2\/media?parent=8901"}],"wp:term":[{"taxonomy":"product_brand","embeddable":true,"href":"https:\/\/ryinz.cz\/velkoobchod\/cs\/wp-json\/wp\/v2\/product_brand?post=8901"},{"taxonomy":"product_cat","embeddable":true,"href":"https:\/\/ryinz.cz\/velkoobchod\/cs\/wp-json\/wp\/v2\/product_cat?post=8901"},{"taxonomy":"product_tag","embeddable":true,"href":"https:\/\/ryinz.cz\/velkoobchod\/cs\/wp-json\/wp\/v2\/product_tag?post=8901"}],"curies":[{"name":"wp","href":"https:\/\/api.w.org\/{rel}","templated":true}]}}