{"id":8900,"date":"2025-06-22T15:21:03","date_gmt":"2025-06-22T15:21:03","guid":{"rendered":"https:\/\/ryinz.cz\/velkoobchod\/?post_type=product&#038;p=8900"},"modified":"2026-01-18T20:16:41","modified_gmt":"2026-01-18T20:16:41","slug":"profesionalni-rukavice-pro-horska-kola-mtb-s-plnymi-prsty-neklouzave-prodysne-dotykove-obrazovky-kompatibilni-s-ryinz","status":"publish","type":"product","link":"https:\/\/ryinz.cz\/velkoobchod\/cs\/product\/professional-full-finger-mtb-mountain-bike-gloves-non-slip-breathable-touchscreen-compatible-by-ryinz\/","title":{"rendered":"Profesion\u00e1ln\u00ed celoprst\u00e9 rukavice pro horsk\u00e1 kola MTB - protiskluzov\u00e9, prody\u0161n\u00e9, kompatibiln\u00ed s dotykov\u00fdm displejem od RYINZ"},"content":{"rendered":"<p class=\"\" data-start=\"304\" data-end=\"759\">P\u0159edstavujeme profesion\u00e1ln\u00ed celoprst\u00e9 rukavice RYINZ MTB pro horsk\u00e1 kola, kter\u00e9 jsou prvot\u0159\u00eddn\u00edm \u0159e\u0161en\u00edm navr\u017een\u00fdm speci\u00e1ln\u011b pro v\u00e1\u017en\u00e9 cyklisty, horsk\u00e9 cyklisty a dobrodruhy. Tyto rukavice kombinuj\u00ed odolnost, pohodl\u00ed a pokro\u010dil\u00e9 funkce, kter\u00e9 pov\u00fd\u0161\u00ed va\u0161e cyklistick\u00e9 z\u00e1\u017eitky na vy\u0161\u0161\u00ed \u00farove\u0148. A\u0165 u\u017e zdol\u00e1v\u00e1te drsn\u00e9 horsk\u00e9 stezky, doj\u00ed\u017ed\u00edte do m\u011bsta nebo jezd\u00edte dlouh\u00e9 silni\u010dn\u00ed trasy, tyto rukavice v\u00e1m poskytnou bezkonkuren\u010dn\u00ed ochranu, p\u0159ilnavost a kontrolu na ka\u017ed\u00e9 cest\u011b.<\/p>\n<p class=\"\" data-start=\"761\" data-end=\"1188\">Tyto rukavice jsou vyrobeny z vynikaj\u00edc\u00ed sm\u011bsi prody\u0161n\u00e9ho polyesteru, syntetick\u00e9 k\u016f\u017ee a spandexu, tak\u017ee zaji\u0161\u0165uj\u00ed optim\u00e1ln\u00ed proud\u011bn\u00ed vzduchu a z\u00e1rove\u0148 jsou odoln\u00e9. Vysoce odv\u011btran\u00e1 tkanina udr\u017e\u00ed va\u0161e ruce v suchu a bez pocen\u00ed i b\u011bhem intenzivn\u00edch j\u00edzd pod sluncem. Vlastnosti materi\u00e1l\u016f odv\u00e1d\u011bj\u00edc\u00edch vlhkost zaji\u0161\u0165uj\u00ed celodenn\u00ed pohodl\u00ed, tak\u017ee tyto rukavice jsou ide\u00e1ln\u00edm spole\u010dn\u00edkem pro profesion\u00e1ln\u00ed z\u00e1vodn\u00edky i p\u0159\u00edle\u017eitostn\u00e9 cyklisty.<\/p>\n<p class=\"\" data-start=\"1190\" data-end=\"1649\">Rukavice maj\u00ed ergonomick\u00fd design s pln\u00fdmi prsty p\u0159izp\u016fsoben\u00fd p\u0159irozen\u00e9mu zak\u0159iven\u00ed rukou. To zaji\u0161\u0165uje p\u0159il\u00e9hav\u00e9 a z\u00e1rove\u0148 pru\u017en\u00e9 no\u0161en\u00ed, kter\u00e9 neomezuje va\u0161e pohyby. P\u0159edsazen\u00e1 konstrukce sni\u017euje \u00fanavu rukou a umo\u017e\u0148uje v\u00e1m l\u00e9pe ovl\u00e1dat \u0159\u00edd\u00edtka p\u0159i prudk\u00fdch stoup\u00e1n\u00edch a rychl\u00fdch sjezdech. Zes\u00edlen\u00e9 \u0161vy pod\u00e9l kritick\u00fdch m\u00edst zaru\u010duj\u00ed, \u017ee rukavice vydr\u017e\u00ed ka\u017edodenn\u00ed opot\u0159eben\u00ed i v extr\u00e9mn\u00edch podm\u00ednk\u00e1ch.<\/p>\n<p class=\"\" data-start=\"1651\" data-end=\"2028\">Hlavn\u00ed p\u0159ednost\u00ed t\u011bchto rukavic je protiskluzov\u00e1 dla\u0148 z prvot\u0159\u00eddn\u00ed syntetick\u00e9 k\u016f\u017ee se silikonov\u00fdmi vzory pro uchopen\u00ed. To zaji\u0161\u0165uje vynikaj\u00edc\u00ed kontrolu nad \u0159\u00edd\u00edtky, zejm\u00e9na p\u0159i prudk\u00fdch man\u00e9vrech nebo za mokra. Strategicky um\u00edst\u011bn\u00e9 tlumic\u00ed pol\u0161t\u00e1\u0159ky sni\u017euj\u00ed vibrace z nerovn\u00e9ho ter\u00e9nu a chr\u00e1n\u00ed va\u0161e ruce p\u0159ed znecitliv\u011bn\u00edm, bolestivost\u00ed a dlouhodobou z\u00e1t\u011b\u017e\u00ed.<\/p>\n<p class=\"\" data-start=\"2030\" data-end=\"2443\">Bezpe\u010dnost a pohodl\u00ed jdou ruku v ruce d\u00edky kompatibilit\u011b s integrovan\u00fdm dotykov\u00fdm displejem na palci a ukazov\u00e1\u010dku. M\u016f\u017eete snadno ovl\u00e1dat sv\u016fj chytr\u00fd telefon, za\u0159\u00edzen\u00ed GPS nebo cyklistick\u00fd po\u010d\u00edta\u010d, ani\u017e byste si museli sund\u00e1vat rukavice, co\u017e usnad\u0148uje navigaci nebo komunikaci b\u011bhem j\u00edzdy. Zes\u00edlen\u00e9 kone\u010dky prst\u016f nab\u00edzej\u00ed zv\u00fd\u0161enou odolnost, ani\u017e by byla sn\u00ed\u017eena citlivost, a zaji\u0161\u0165uj\u00ed tak dlouhotrvaj\u00edc\u00ed v\u00fdkon dotykov\u00e9 obrazovky.<\/p>\n<p class=\"\" data-start=\"2445\" data-end=\"2718\">Rukavice jsou vybaveny nastaviteln\u00fdm p\u00e1skem na such\u00fd zip na z\u00e1p\u011bst\u00ed, kter\u00fd umo\u017e\u0148uje bezpe\u010dn\u00e9 a p\u0159izp\u016fsobiteln\u00e9 no\u0161en\u00ed pro r\u016fzn\u00e9 velikosti z\u00e1p\u011bst\u00ed. To zabra\u0148uje sklouz\u00e1v\u00e1n\u00ed rukavic p\u0159i vysoce intenzivn\u00edch aktivit\u00e1ch a zaji\u0161\u0165uje, \u017ee rukavice z\u016fstanou pohodln\u011b na sv\u00e9m m\u00edst\u011b po celou dobu j\u00edzdy.<\/p>\n<p class=\"\" data-start=\"2720\" data-end=\"3084\">Z estetick\u00e9ho hlediska vynikaj\u00ed rukavice RYINZ Professional Full Finger MTB elegantn\u00edm, dynamick\u00fdm designem kombinuj\u00edc\u00edm tmav\u011b modr\u00e9, \u010dern\u00e9 a zlat\u00e9 prvky. Reli\u00e9fn\u00ed grafick\u00e9 linie nejen zvy\u0161uj\u00ed vizu\u00e1ln\u00ed p\u0159ita\u017elivost, ale tak\u00e9 dod\u00e1vaj\u00ed jemnou texturu pro v\u011bt\u0161\u00ed p\u0159ilnavost. D\u00edky tomuto stylov\u00e9mu vzhledu jsou vhodn\u00e9 pro mu\u017ee i \u017eeny, kte\u0159\u00ed si cen\u00ed v\u00fdkonu i vzhledu.<\/p>\n<p class=\"\" data-start=\"3086\" data-end=\"3370\">Tyto rukavice jsou ide\u00e1ln\u00ed pro \u0161irokou \u0161k\u00e1lu aktivit mimo horskou cyklistiku, v\u010detn\u011b j\u00edzdy na BMX, motokrosu, ter\u00e9nn\u00edch kol, p\u011b\u0161\u00ed turistiky, tr\u00e9ninku v posilovn\u011b a dokonce i pro b\u011b\u017en\u00e9 venkovn\u00ed dobrodru\u017estv\u00ed. Jsou ide\u00e1ln\u00ed pro jarn\u00ed, letn\u00ed a podzimn\u00ed pou\u017eit\u00ed, snadno se p\u0159izp\u016fsob\u00ed r\u016fzn\u00fdm pov\u011btrnostn\u00edm podm\u00ednk\u00e1m.<\/p>\n<p class=\"\" data-start=\"3372\" data-end=\"3714\">Celoprstov\u00e9 MTB rukavice RYINZ Professional jsou k dispozici ve v\u00edce velikostech, kter\u00e9 jsou p\u0159izp\u016fsoben\u00e9 pro mal\u00e9, st\u0159edn\u00ed, velk\u00e9 a velmi velk\u00e9 ruce. Pro dokonal\u00e9 p\u0159izp\u016fsoben\u00ed se pod\u00edvejte na na\u0161i podrobnou tabulku velikost\u00ed. Tyto rukavice se nav\u00edc snadno udr\u017euj\u00ed - sta\u010d\u00ed je vyprat v ruce ve studen\u00e9 vod\u011b a usu\u0161it na vzduchu, aby si zachovaly sv\u016fj tvar a v\u00fdkon.<\/p>\n<p class=\"\" data-start=\"3716\" data-end=\"4046\">Ka\u017ed\u00fd seri\u00f3zn\u00ed cyklista v\u00ed, \u017ee je d\u016fle\u017eit\u00e9 chr\u00e1nit ruce, a s bra\u0161nami RYINZ investujete do kvality, bezpe\u010dnosti a dlouhodob\u00e9ho pohodl\u00ed. Jsme hrd\u00ed na to, \u017ee dod\u00e1v\u00e1me vysoce v\u00fdkonn\u00e9 cyklistick\u00e9 vybaven\u00ed, kter\u00e9mu d\u016fv\u011b\u0159uj\u00ed sportovci po cel\u00e9m sv\u011bt\u011b. Vyzkou\u0161ejte rozd\u00edl je\u0161t\u011b dnes s RYINZ - va\u0161\u00edm dokonal\u00fdm partnerem v oblasti cyklistiky.<\/p>\n<p class=\"\" data-start=\"4048\" data-end=\"4277\">A\u0165 u\u017e se chyst\u00e1te na intenzivn\u00ed horsk\u00fd z\u00e1vod, nebo pl\u00e1nujete v\u00edkendovou vyj\u00ed\u017e\u010fku na trailu, rukavice RYINZ MTB jsou va\u0161\u00edm z\u00e1kladn\u00edm vybaven\u00edm. Objednejte si je je\u0161t\u011b dnes a jezd\u011bte s jistotou, stylem a vynikaj\u00edc\u00edm v\u00fdkonem na ka\u017ed\u00e9m kilometru!<\/p>","protected":false},"excerpt":{"rendered":"<p><strong>Zlep\u0161ete sv\u016fj z\u00e1\u017eitek z j\u00edzdy na kole s profesion\u00e1ln\u00edmi celoprst\u00fdmi rukavicemi RYINZ MTB pro horsk\u00e1 kola. Tyto rukavice jsou navr\u017eeny pro v\u00fdkon a vyrobeny s ohledem na odolnost a nab\u00edzej\u00ed v\u00fdjime\u010dnou prody\u0161nost, pohodl\u00ed a kontrolu. D\u00edky protiskluzov\u00e9 dlani s tlumic\u00edmi pol\u0161t\u00e1\u0159ky, kompatibilit\u011b s dotykov\u00fdmi displeji, ergonomick\u00e9mu designu a nastaviteln\u00e9mu zap\u00edn\u00e1n\u00ed na such\u00fd zip jsou ide\u00e1ln\u00ed pro j\u00edzdu na horsk\u00e9m kole, BMX, motokros a dal\u0161\u00ed. Ide\u00e1ln\u00ed pro mu\u017ee a \u017eeny, kte\u0159\u00ed hledaj\u00ed dokonalou kombinaci stylu, ochrany a funk\u010dnosti. K dispozici ve stylov\u00fdch tmav\u011b modr\u00fdch, \u010dern\u00fdch a zlat\u00fdch barv\u00e1ch se zes\u00edlen\u00fdm pro\u0161\u00edv\u00e1n\u00edm pro lep\u0161\u00ed \u017eivotnost. Z\u016fsta\u0148te v pohodl\u00ed a sebev\u011bdom\u00ed na ka\u017ed\u00e9 stezce s RYINZ!<\/strong><\/p>","protected":false},"featured_media":8932,"comment_status":"closed","ping_status":"closed","template":"","meta":[],"product_brand":[35],"product_cat":[31,50],"product_tag":[49,51],"class_list":{"0":"post-8900","1":"product","2":"type-product","3":"status-publish","4":"has-post-thumbnail","6":"product_brand-ryinz","7":"product_cat-cycling-mountain-gloves","8":"product_cat-mountain-bike-gloves","9":"product_tag-full-finger-cycling-gloves","10":"product_tag-neoprene-cycling-gloves","12":"first","13":"instock","14":"sold-individually","15":"taxable","16":"shipping-taxable","17":"purchasable","18":"product-type-simple"},"_links":{"self":[{"href":"https:\/\/ryinz.cz\/velkoobchod\/cs\/wp-json\/wp\/v2\/product\/8900","targetHints":{"allow":["GET"]}}],"collection":[{"href":"https:\/\/ryinz.cz\/velkoobchod\/cs\/wp-json\/wp\/v2\/product"}],"about":[{"href":"https:\/\/ryinz.cz\/velkoobchod\/cs\/wp-json\/wp\/v2\/types\/product"}],"replies":[{"embeddable":true,"href":"https:\/\/ryinz.cz\/velkoobchod\/cs\/wp-json\/wp\/v2\/comments?post=8900"}],"wp:featuredmedia":[{"embeddable":true,"href":"https:\/\/ryinz.cz\/velkoobchod\/cs\/wp-json\/wp\/v2\/media\/8932"}],"wp:attachment":[{"href":"https:\/\/ryinz.cz\/velkoobchod\/cs\/wp-json\/wp\/v2\/media?parent=8900"}],"wp:term":[{"taxonomy":"product_brand","embeddable":true,"href":"https:\/\/ryinz.cz\/velkoobchod\/cs\/wp-json\/wp\/v2\/product_brand?post=8900"},{"taxonomy":"product_cat","embeddable":true,"href":"https:\/\/ryinz.cz\/velkoobchod\/cs\/wp-json\/wp\/v2\/product_cat?post=8900"},{"taxonomy":"product_tag","embeddable":true,"href":"https:\/\/ryinz.cz\/velkoobchod\/cs\/wp-json\/wp\/v2\/product_tag?post=8900"}],"curies":[{"name":"wp","href":"https:\/\/api.w.org\/{rel}","templated":true}]}}