{"id":8899,"date":"2025-06-22T15:21:02","date_gmt":"2025-06-22T15:21:02","guid":{"rendered":"https:\/\/ryinz.cz\/velkoobchod\/?post_type=product&#038;p=8899"},"modified":"2026-01-18T20:16:40","modified_gmt":"2026-01-18T20:16:40","slug":"ryinz-rukavice-na-horske-kolo-s-plnymi-prsty-prodysne-mtb-enduro-cross-country-downhill-rukavice-pro-muze-a-zeny","status":"publish","type":"product","link":"https:\/\/ryinz.cz\/velkoobchod\/cs\/product\/ryinz-mountain-bike-gloves-full-finger-breathable-mtb-enduro-cross-country-downhill-gloves-for-men-and-women\/","title":{"rendered":"RYINZ Mountain Bike Gloves Full Finger - prody\u0161n\u00e9 MTB, Enduro, Cross-Country, Downhill rukavice pro mu\u017ee a \u017eeny"},"content":{"rendered":"<p class=\"\" data-start=\"285\" data-end=\"734\">Rukavice RYINZ Mountain Bike Gloves Full Finger jsou navr\u017eeny tak, aby poskytovaly dokonalou kontrolu, pohodl\u00ed a ochranu pro v\u00e1\u017en\u00e9 cyklisty. A\u0165 u\u017e zdol\u00e1v\u00e1te n\u00e1ro\u010dn\u00e9 horsk\u00e9 stezky, zvl\u00e1d\u00e1te enduro v\u00fdzvy, z\u00e1vod\u00edte ve sjezdu nebo si u\u017e\u00edv\u00e1te cross-country dobrodru\u017estv\u00ed, tyto rukavice poskytuj\u00ed dokonalou kombinaci p\u0159ilnavosti, prody\u0161nosti a odolnosti, kter\u00e1 odpov\u00edd\u00e1 va\u0161\u00ed intenzit\u011b.<\/p>\n<p class=\"\" data-start=\"736\" data-end=\"1151\">Rukavice RYINZ na horsk\u00e9 kolo maj\u00ed lehk\u00fd, prody\u0161n\u00fd s\u00ed\u0165ovan\u00fd h\u0159bet, kter\u00fd udr\u017euje ruce v pohod\u011b i p\u0159i nejn\u00e1ro\u010dn\u011bj\u0161\u00edch vyj\u00ed\u017e\u010fk\u00e1ch. I p\u0159i velk\u00e9 n\u00e1maze nebo v hork\u00e9m po\u010das\u00ed zaji\u0161\u0165uje pokro\u010dil\u00fd ventila\u010dn\u00ed syst\u00e9m komfort p\u0159i odvodu vlhkosti, kter\u00fd zabra\u0148uje pocen\u00ed dlan\u00ed a zlep\u0161uje kontrolu nad \u00fachopem. Tyto rukavice byly navr\u017eeny speci\u00e1ln\u011b pro discipl\u00edny horsk\u00fdch kol a vynikaj\u00ed v n\u00e1ro\u010dn\u00fdch ter\u00e9nech a extr\u00e9mn\u00edch pov\u011btrnostn\u00edch podm\u00ednk\u00e1ch.<\/p>\n<p class=\"\" data-start=\"1153\" data-end=\"1624\">Dlan\u011b jsou vyrobeny z vysoce kvalitn\u00edho zes\u00edlen\u00e9ho syntetick\u00e9ho semi\u0161e, kter\u00fd nab\u00edz\u00ed vynikaj\u00edc\u00ed p\u0159ilnavost a odolnost proti od\u011bru, ani\u017e by byla ob\u011btov\u00e1na pru\u017enost. Protiskluzov\u00e9 silikonov\u00e9 prou\u017eky na prstech maximalizuj\u00ed va\u0161i kontrolu nad \u0159\u00edd\u00edtky, brzdami a \u0159adic\u00ed p\u00e1kou a poskytuj\u00ed v\u00e1m tak v\u00fdhodu pot\u0159ebnou pro technick\u00e9 sjezdy a ostr\u00e9 zat\u00e1\u010dky. Polstrov\u00e1n\u00ed tlum\u00edc\u00ed n\u00e1razy strategicky um\u00edst\u011bn\u00e9 na dlan\u00edch sni\u017euje vibrace, minimalizuje \u00fanavu a chr\u00e1n\u00ed citliv\u00e1 m\u00edsta p\u0159i del\u0161\u00ed j\u00edzd\u011b.<\/p>\n<p class=\"\" data-start=\"1626\" data-end=\"2011\">Tyto rukavice jsou navr\u017eeny pro agresivn\u00ed styl j\u00edzdy a nab\u00edzej\u00ed ochranu cel\u00fdch prst\u016f p\u0159i zachov\u00e1n\u00ed v\u00fdjime\u010dn\u00e9 lehkosti a citlivosti. Bezpe\u010dn\u00e9 zap\u00edn\u00e1n\u00ed na such\u00fd zip na z\u00e1p\u011bst\u00ed umo\u017e\u0148uje nastavit t\u011bsnost a p\u0159izp\u016fsobit si tak rukavice na m\u00edru, tak\u017ee z\u016fstanou na sv\u00e9m m\u00edst\u011b i p\u0159i intenzivn\u00edch j\u00edzd\u00e1ch. Zes\u00edlen\u00e9 panely na palci zaji\u0161\u0165uj\u00ed dodate\u010dnou odolnost v oblastech s vysokou z\u00e1t\u011b\u017e\u00ed.<\/p>\n<p class=\"\" data-start=\"2013\" data-end=\"2332\">Rukavice RYINZ pro horsk\u00e1 kola jsou tak\u00e9 kompatibiln\u00ed s dotykov\u00fdm displejem, tak\u017ee umo\u017e\u0148uj\u00ed snadn\u00e9 pou\u017e\u00edv\u00e1n\u00ed chytr\u00e9ho telefonu, za\u0159\u00edzen\u00ed GPS nebo ak\u010dn\u00ed kamery, ani\u017e byste si museli sund\u00e1vat rukavice. Tyto rukavice jsou k dispozici ve v\u00fdrazn\u00fdch a atraktivn\u00edch barv\u00e1ch, v\u010detn\u011b v\u00fdrazn\u00e9 \u010derveno-b\u00edlo-modr\u00e9 kombinace, a zajist\u00ed, \u017ee budete vypadat stejn\u011b v\u00fdkonn\u011b jako p\u0159i j\u00edzd\u011b.<\/p>\n<p class=\"\" data-start=\"2334\" data-end=\"2523\">Tyto rukavice jsou ide\u00e1ln\u00ed pro v\u0161echny typy horsk\u00fdch kol - od trailov\u00fdch a all-mountain a\u017e po sjezdov\u00e9 a cross-country - a jsou nezbytnou v\u00fdbavou pro jezdce, kte\u0159\u00ed vy\u017eaduj\u00ed v\u00fdkon, ochranu a styl.<\/p>\n<p class=\"\" data-start=\"2525\" data-end=\"2546\"><strong data-start=\"2525\" data-end=\"2544\">Specifikace:<\/strong><\/p>\n<ul data-start=\"2547\" data-end=\"3025\">\n<li class=\"\" data-start=\"2547\" data-end=\"2579\">\n<p class=\"\" data-start=\"2549\" data-end=\"2579\">Pohlav\u00ed: Unisex (mu\u017ei a \u017eeny)<\/p>\n<\/li>\n<li class=\"\" data-start=\"2580\" data-end=\"2622\">\n<p class=\"\" data-start=\"2582\" data-end=\"2622\">Typ: Celoprst\u00e9 rukavice pro horsk\u00e1 kola<\/p>\n<\/li>\n<li class=\"\" data-start=\"2623\" data-end=\"2669\">\n<p class=\"\" data-start=\"2625\" data-end=\"2669\">Barvy: \u010cerven\u00e1, b\u00edl\u00e1 a modr\u00e1 (v\u00edcebarevn\u00e1)<\/p>\n<\/li>\n<li class=\"\" data-start=\"2670\" data-end=\"2707\">\n<p class=\"\" data-start=\"2672\" data-end=\"2707\">Dostupn\u00e9 velikosti: S, M, L, XL, XXL<\/p>\n<\/li>\n<li class=\"\" data-start=\"2708\" data-end=\"2765\">\n<p class=\"\" data-start=\"2710\" data-end=\"2765\">Materi\u00e1l: Prody\u0161n\u00fd s\u00ed\u0165ovan\u00fd h\u0159bet, zes\u00edlen\u00e1 semi\u0161ov\u00e1 dla\u0148<\/p>\n<\/li>\n<li class=\"\" data-start=\"2766\" data-end=\"2882\">\n<p class=\"\" data-start=\"2768\" data-end=\"2882\">Vlastnosti: Protiskluzov\u00e1 silikonov\u00e1 rukoje\u0165, polstrov\u00e1n\u00ed dlan\u011b tlum\u00edc\u00ed n\u00e1razy, prody\u0161n\u00e1 s\u00ed\u0165ovina, nastaviteln\u00e9 zap\u00edn\u00e1n\u00ed na h\u00e1\u010dky a smy\u010dky.<\/p>\n<\/li>\n<li class=\"\" data-start=\"2883\" data-end=\"2936\">\n<p class=\"\" data-start=\"2885\" data-end=\"2936\">Speci\u00e1ln\u00ed dopl\u0148ky: Kompatibiln\u00ed s dotykov\u00fdm displejem<\/p>\n<\/li>\n<li class=\"\" data-start=\"2937\" data-end=\"3025\">\n<p class=\"\" data-start=\"2939\" data-end=\"3025\">Ide\u00e1ln\u00ed pro: MTB, Enduro, Cross-Country, Downhill, Trail Riding, Fitness, Nen\u00e1ro\u010dn\u00e1 cyklistika<\/p>\n<\/li>\n<\/ul>\n<p class=\"\" data-start=\"3027\" data-end=\"3046\"><strong data-start=\"3027\" data-end=\"3044\">Kl\u00ed\u010dov\u00e9 vlastnosti:<\/strong><\/p>\n<ul data-start=\"3047\" data-end=\"3849\">\n<li class=\"\" data-start=\"3047\" data-end=\"3104\">\n<p class=\"\" data-start=\"3049\" data-end=\"3104\">Lehk\u00e1, prody\u0161n\u00e1 s\u00ed\u0165ovina pro vynikaj\u00edc\u00ed ventilaci<\/p>\n<\/li>\n<li class=\"\" data-start=\"3105\" data-end=\"3157\">\n<p class=\"\" data-start=\"3107\" data-end=\"3157\">Zes\u00edlen\u00e1 protiskluzov\u00e1 semi\u0161ov\u00e1 dla\u0148 pro maxim\u00e1ln\u00ed p\u0159ilnavost<\/p>\n<\/li>\n<li class=\"\" data-start=\"3158\" data-end=\"3211\">\n<p class=\"\" data-start=\"3160\" data-end=\"3211\">Antivibra\u010dn\u00ed polstrov\u00e1n\u00ed pro pohodl\u00ed a ochranu<\/p>\n<\/li>\n<li class=\"\" data-start=\"3212\" data-end=\"3255\">\n<p class=\"\" data-start=\"3214\" data-end=\"3255\">Kompatibilita s dotykovou obrazovkou na kone\u010dc\u00edch prst\u016f<\/p>\n<\/li>\n<li class=\"\" data-start=\"3256\" data-end=\"3312\">\n<p class=\"\" data-start=\"3258\" data-end=\"3312\">Flexibiln\u00ed, lehk\u00e1 konstrukce pro hbitost a pohodl\u00ed<\/p>\n<\/li>\n<li class=\"\" data-start=\"3313\" data-end=\"3357\">\n<p class=\"\" data-start=\"3315\" data-end=\"3357\">Nastaviteln\u00fd p\u00e1sek na z\u00e1p\u011bst\u00ed pro dokonal\u00e9 p\u0159izp\u016fsoben\u00ed<\/p>\n<\/li>\n<li class=\"\" data-start=\"3358\" data-end=\"3405\">\n<p class=\"\" data-start=\"3360\" data-end=\"3405\">Absorpce n\u00e1raz\u016f v kritick\u00fdch tlakov\u00fdch z\u00f3n\u00e1ch<\/p>\n<\/li>\n<li class=\"\" data-start=\"3406\" data-end=\"3463\">\n<p class=\"\" data-start=\"3408\" data-end=\"3463\">Stylov\u00fd \u010derveno-b\u00edlo-modr\u00fd design pro lep\u0161\u00ed viditelnost<\/p>\n<\/li>\n<li class=\"\" data-start=\"3464\" data-end=\"3509\">\n<p class=\"\" data-start=\"3466\" data-end=\"3509\">Odoln\u00e9 \u0161it\u00ed a robustn\u00ed konstrukce<\/p>\n<\/li>\n<li class=\"\" data-start=\"3510\" data-end=\"3556\">\n<p class=\"\" data-start=\"3512\" data-end=\"3556\">Ide\u00e1ln\u00ed pro jarn\u00ed, letn\u00ed a podzimn\u00ed j\u00edzdy<\/p>\n<\/li>\n<li class=\"\" data-start=\"3557\" data-end=\"3615\">\n<p class=\"\" data-start=\"3559\" data-end=\"3615\">Ide\u00e1ln\u00ed pro z\u00e1vodn\u00ed i rekrea\u010dn\u00ed cyklistiku<\/p>\n<\/li>\n<li class=\"\" data-start=\"3616\" data-end=\"3662\">\n<p class=\"\" data-start=\"3618\" data-end=\"3662\">Vyrobeno tak, aby odolalo n\u00e1ro\u010dn\u00fdm horsk\u00fdm ter\u00e9n\u016fm<\/p>\n<\/li>\n<li class=\"\" data-start=\"3663\" data-end=\"3727\">\n<p class=\"\" data-start=\"3665\" data-end=\"3727\">Navr\u017eeno pro sn\u00ed\u017een\u00ed \u00fanavy rukou a zv\u00fd\u0161en\u00ed vytrvalosti p\u0159i j\u00edzd\u011b.<\/p>\n<\/li>\n<li class=\"\" data-start=\"3728\" data-end=\"3798\">\n<p class=\"\" data-start=\"3730\" data-end=\"3798\">Vhodn\u00e9 pro za\u010d\u00e1te\u010dn\u00edky, nad\u0161ence i profesion\u00e1ln\u00ed jezdce.<\/p>\n<\/li>\n<li class=\"\" data-start=\"3799\" data-end=\"3849\">\n<p class=\"\" data-start=\"3801\" data-end=\"3849\">Snadn\u00e1 \u00fadr\u017eba: lze pr\u00e1t v ruce a rychle schnout<\/p>\n<\/li>\n<\/ul>\n<p class=\"\" data-start=\"3851\" data-end=\"4023\">P\u0159ipravte se na dal\u0161\u00ed vyj\u00ed\u017e\u010fku s rukavicemi RYINZ na horsk\u00e9 kolo s cel\u00fdmi prsty - va\u0161\u00edm dokonal\u00fdm partnerem p\u0159i zdol\u00e1v\u00e1n\u00ed nejn\u00e1ro\u010dn\u011bj\u0161\u00edch trail\u016f a dosahov\u00e1n\u00ed \u0161pi\u010dkov\u00fdch v\u00fdkon\u016f na ka\u017ed\u00e9m kilometru.<\/p>","protected":false},"excerpt":{"rendered":"<p>S celoprst\u00fdmi rukavicemi na horsk\u00e9 kolo RYINZ poko\u0159\u00edte ka\u017ed\u00fd trail. Tyto rukavice jsou navr\u017eeny pro MTB, enduro, cross-country a sjezdov\u00e9 kolo, maj\u00ed prody\u0161nou s\u00ed\u0165ovinu, protiskluzov\u00e9 dlan\u011b, polstrov\u00e1n\u00ed tlum\u00edc\u00ed n\u00e1razy a kompatibilitu s dotykov\u00fdmi displeji. Jsou lehk\u00e9, pru\u017en\u00e9 a odoln\u00e9 a zaji\u0161\u0165uj\u00ed maxim\u00e1ln\u00ed kontrolu, pohodl\u00ed a ochranu p\u0159i ka\u017ed\u00e9 j\u00edzd\u011b. Jezd\u011bte chyt\u0159eji a tvrd\u011bji s rukavicemi RYINZ stvo\u0159en\u00fdmi pro \u0161ampiony.<\/p>\n<ul data-start=\"3047\" data-end=\"3849\">\n<li class=\"\" data-start=\"3256\" data-end=\"3312\">\n<p class=\"\" data-start=\"3258\" data-end=\"3312\">Flexibiln\u00ed, lehk\u00e1 konstrukce pro hbitost a pohodl\u00ed<\/p>\n<\/li>\n<li class=\"\" data-start=\"3313\" data-end=\"3357\">\n<p class=\"\" data-start=\"3315\" data-end=\"3357\">Nastaviteln\u00fd p\u00e1sek na z\u00e1p\u011bst\u00ed pro dokonal\u00e9 p\u0159izp\u016fsoben\u00ed<\/p>\n<\/li>\n<li class=\"\" data-start=\"3358\" data-end=\"3405\">\n<p class=\"\" data-start=\"3360\" data-end=\"3405\">Absorpce n\u00e1raz\u016f v kritick\u00fdch tlakov\u00fdch z\u00f3n\u00e1ch<\/p>\n<\/li>\n<li class=\"\" data-start=\"3406\" data-end=\"3463\">\n<p class=\"\" data-start=\"3408\" data-end=\"3463\">Stylov\u00fd \u010derveno-b\u00edlo-modr\u00fd design pro lep\u0161\u00ed viditelnost<\/p>\n<\/li>\n<li class=\"\" data-start=\"3464\" data-end=\"3509\">\n<p class=\"\" data-start=\"3466\" data-end=\"3509\">Odoln\u00e9 \u0161it\u00ed a robustn\u00ed konstrukce<\/p>\n<\/li>\n<li class=\"\" data-start=\"3510\" data-end=\"3556\">\n<p class=\"\" data-start=\"3512\" data-end=\"3556\">Ide\u00e1ln\u00ed pro jarn\u00ed, letn\u00ed a podzimn\u00ed j\u00edzdy<\/p>\n<\/li>\n<\/ul>","protected":false},"featured_media":8931,"comment_status":"closed","ping_status":"closed","template":"","meta":[],"product_brand":[35],"product_cat":[31,50],"product_tag":[49,34],"class_list":{"0":"post-8899","1":"product","2":"type-product","3":"status-publish","4":"has-post-thumbnail","6":"product_brand-ryinz","7":"product_cat-cycling-mountain-gloves","8":"product_cat-mountain-bike-gloves","9":"product_tag-full-finger-cycling-gloves","10":"product_tag-mountain-bike-gloves","12":"first","13":"instock","14":"sold-individually","15":"taxable","16":"shipping-taxable","17":"purchasable","18":"product-type-simple"},"_links":{"self":[{"href":"https:\/\/ryinz.cz\/velkoobchod\/cs\/wp-json\/wp\/v2\/product\/8899","targetHints":{"allow":["GET"]}}],"collection":[{"href":"https:\/\/ryinz.cz\/velkoobchod\/cs\/wp-json\/wp\/v2\/product"}],"about":[{"href":"https:\/\/ryinz.cz\/velkoobchod\/cs\/wp-json\/wp\/v2\/types\/product"}],"replies":[{"embeddable":true,"href":"https:\/\/ryinz.cz\/velkoobchod\/cs\/wp-json\/wp\/v2\/comments?post=8899"}],"wp:featuredmedia":[{"embeddable":true,"href":"https:\/\/ryinz.cz\/velkoobchod\/cs\/wp-json\/wp\/v2\/media\/8931"}],"wp:attachment":[{"href":"https:\/\/ryinz.cz\/velkoobchod\/cs\/wp-json\/wp\/v2\/media?parent=8899"}],"wp:term":[{"taxonomy":"product_brand","embeddable":true,"href":"https:\/\/ryinz.cz\/velkoobchod\/cs\/wp-json\/wp\/v2\/product_brand?post=8899"},{"taxonomy":"product_cat","embeddable":true,"href":"https:\/\/ryinz.cz\/velkoobchod\/cs\/wp-json\/wp\/v2\/product_cat?post=8899"},{"taxonomy":"product_tag","embeddable":true,"href":"https:\/\/ryinz.cz\/velkoobchod\/cs\/wp-json\/wp\/v2\/product_tag?post=8899"}],"curies":[{"name":"wp","href":"https:\/\/api.w.org\/{rel}","templated":true}]}}