{"id":8898,"date":"2025-06-22T15:21:02","date_gmt":"2025-06-22T15:21:02","guid":{"rendered":"https:\/\/ryinz.cz\/velkoobchod\/?post_type=product&#038;p=8898"},"modified":"2026-01-18T20:16:40","modified_gmt":"2026-01-18T20:16:40","slug":"ryinz-neonove-zelene-prodysne-cyklisticke-rukavice-s-gelovym-polstrovanim-a-protiskluzovym-gripem-pro-silnicni-mtb-a-fitness-pouziti","status":"publish","type":"product","link":"https:\/\/ryinz.cz\/velkoobchod\/cs\/product\/ryinz-neon-green-breathable-half-finger-cycling-gloves-with-gel-padding-anti-slip-grip-for-road-mtb-and-fitness-use\/","title":{"rendered":"RYINZ neonov\u011b zelen\u00e9 prody\u0161n\u00e9 cyklistick\u00e9 rukavice s gelovou v\u00fdstelkou a protiskluzov\u00fdm gripem pro silni\u010dn\u00ed, MTB a fitness pou\u017eit\u00ed"},"content":{"rendered":"<p class=\"\" data-start=\"396\" data-end=\"877\">P\u0159edstavujeme dokonal\u00e9 \u0159e\u0161en\u00ed pro cyklisty, kte\u0159\u00ed vy\u017eaduj\u00ed v\u00fdkon i viditelnost: cyklistick\u00e9 rukavice bez prst\u016f s vysokou viditelnost\u00ed od spole\u010dnosti RYINZ. Tyto rukavice jsou navr\u017eeny pro vytrvalostn\u00ed, rychlostn\u00ed a dlouh\u00e9 j\u00edzdy a kombinuj\u00ed v\u00fdjime\u010dnou funk\u010dnost s profesion\u00e1ln\u00ed estetikou. Tento model s modern\u00edm svr\u0161kem z neonov\u00e9 s\u00ed\u0165oviny s vysokou viditelnost\u00ed a ergonomickou konstrukc\u00ed poskytuje prvot\u0159\u00eddn\u00ed pohodl\u00ed a kontrolu jak amat\u00e9rsk\u00fdm, tak profesion\u00e1ln\u00edm cyklist\u016fm.<\/p>\n<p class=\"\" data-start=\"879\" data-end=\"1335\">Tyto rukavice jsou vyrobeny z odoln\u00e9ho syntetick\u00e9ho semi\u0161e, maj\u00ed zes\u00edlen\u00e9 \u0161vy a zaji\u0161\u0165uj\u00ed lep\u0161\u00ed ochranu dlan\u011b, ani\u017e by byla omezena jejich obratnost. Dla\u0148 je vybavena strategick\u00fdmi protiskluzov\u00fdmi silikonov\u00fdmi vzory, kter\u00e9 zvy\u0161uj\u00ed kontrolu a p\u0159ilnavost za v\u0161ech pov\u011btrnostn\u00edch podm\u00ednek, a\u0165 u\u017e \u0161lapete v de\u0161ti, v\u011btru nebo v potu. Konstrukce bez prst\u016f zlep\u0161uje v\u011btr\u00e1n\u00ed a umo\u017e\u0148uje voln\u00fd pohyb, tak\u017ee je ide\u00e1ln\u00ed pro hork\u00e9 podneb\u00ed a v\u00fdkonn\u00e9 pou\u017eit\u00ed.<\/p>\n<p class=\"\" data-start=\"1337\" data-end=\"1761\">Prody\u0161n\u00fd svr\u0161ek ze s\u00ed\u0165oviny rychle odv\u00e1d\u00ed vlhkost a zabra\u0148uje p\u0159eh\u0159\u00edv\u00e1n\u00ed, zat\u00edmco m\u011bkk\u00fd n\u00edzkoprofilov\u00fd p\u00e1sek na such\u00fd zip zaji\u0161\u0165uje bezpe\u010dn\u00e9 uchycen\u00ed bez \u00fanavy z\u00e1p\u011bst\u00ed. Tato kombinace poskytuje jezdci dal\u0161\u00ed vrstvu stability a kontroly nad \u0159\u00edd\u00edtky, brzdami a \u0159azen\u00edm. A\u0165 u\u017e zdol\u00e1v\u00e1te m\u011bstsk\u00e9 silnice, horsk\u00e9 stezky nebo venkovsk\u00e9 cesty, tyto rukavice jsou va\u0161\u00edm spolehliv\u00fdm partnerem pro rychlost a pohodl\u00ed.<\/p>\n<p class=\"\" data-start=\"1763\" data-end=\"2059\">Ka\u017ed\u00e1 rukavice je vybavena m\u011bkk\u00fdm frot\u00e9 panelem na palci, kter\u00fd ut\u00edr\u00e1 pot b\u011bhem intenzivn\u00edch j\u00edzd, a polstrovan\u00e9 z\u00f3ny sni\u017euj\u00ed vibrace na silnici, aby se zabr\u00e1nilo necitlivosti a \u00fanav\u011b. Rukavice jsou lehk\u00e9, pru\u017en\u00e9 a lze je pr\u00e1t v pra\u010dce - jsou tedy ide\u00e1ln\u00ed pro ka\u017edodenn\u00ed tr\u00e9nink, turistiku i doj\u00ed\u017ed\u011bn\u00ed.<\/p>\n<p class=\"\" data-start=\"2061\" data-end=\"2404\">Cyklistick\u00e9 rukavice RYINZ byly testov\u00e1ny profesion\u00e1ln\u00edmi i p\u0159\u00edle\u017eitostn\u00fdmi cyklisty, aby p\u0159ed\u010dily o\u010dek\u00e1v\u00e1n\u00ed. V r\u00e1mci na\u0161eho z\u00e1vazku ke kvalit\u011b proch\u00e1z\u00ed ka\u017ed\u00fd p\u00e1r b\u011bhem v\u00fdroby p\u0159\u00edsnou kontrolou kvality. Spole\u010dnost RYINZ nab\u00edz\u00ed velkoobchodn\u00ed p\u0159izp\u016fsoben\u00ed pro velkoodb\u011bratele, v\u010detn\u011b potisku loga, slad\u011bn\u00ed barev a mo\u017enosti maloobchodn\u00edho balen\u00ed.<\/p>\n<p class=\"\" data-start=\"2406\" data-end=\"2810\">Tyto rukavice jsou ide\u00e1ln\u00ed pro pou\u017eit\u00ed na cyklistick\u00fdch z\u00e1vodech, v z\u00e1vodn\u00edch t\u00fdmech nebo jako sou\u010d\u00e1st zna\u010dkov\u00e9ho zbo\u017e\u00ed pro fitness a sportovn\u00ed firmy. Dod\u00e1v\u00e1me na evropsk\u00e9 trhy, B2B odb\u011bratel\u016fm, sportovn\u00edm distributor\u016fm a outdoorov\u00fdm prodejc\u016fm ve 28 zem\u00edch. Na\u0161e rukavice jsou k dispozici v \u0161irok\u00e9 \u0161k\u00e1le velikost\u00ed a spl\u0148uj\u00ed mezin\u00e1rodn\u00ed bezpe\u010dnostn\u00ed a materi\u00e1lov\u00e9 normy. Na vy\u017e\u00e1d\u00e1n\u00ed jsou k dispozici tak\u00e9 mo\u017enosti MOQ a slu\u017eby OEM.<\/p>\n<p class=\"\" data-start=\"2812\" data-end=\"3124\">A\u0165 u\u017e jste zna\u010dka, kter\u00e1 hled\u00e1 vysoce viditeln\u00e9 cyklistick\u00e9 rukavice na zak\u00e1zku, nebo prodejce, kter\u00fd hled\u00e1 kvalitn\u00ed skladov\u00e9 z\u00e1soby, spole\u010dnost RYINZ je va\u0161\u00edm d\u016fv\u011bryhodn\u00fdm v\u00fdrobn\u00edm partnerem v oblasti v\u00fdkonn\u00fdch cyklistick\u00fdch rukavic. Na\u0161e v\u00fdrobky, za kter\u00fdmi stoj\u00ed dlouholet\u00e9 zku\u0161enosti s v\u00fdrobou rukavic a pov\u011bst spolehlivosti, zaru\u010duj\u00ed spokojenost a opakovan\u00fd prodej.<\/p>\n<p class=\"\" data-start=\"3126\" data-end=\"3788\"><strong data-start=\"3126\" data-end=\"3162\">Pro\u010d si vybrat cyklistick\u00e9 rukavice RYINZ?<\/strong><br data-start=\"3162\" data-end=\"3165\" \/>- Prody\u0161n\u00fd svr\u0161ek ze s\u00ed\u0165oviny pro regulaci tepla a potu<br data-start=\"3215\" data-end=\"3218\" \/>- Bezprst\u00e9 proveden\u00ed pro maxim\u00e1ln\u00ed flexibilitu a zp\u011btnou vazbu p\u0159i \u00fachopu<br data-start=\"3279\" data-end=\"3282\" \/>- M\u011bkk\u00e1 polstrovan\u00e1 semi\u0161ov\u00e1 dla\u0148 s gelov\u00fdmi z\u00f3nami pro sn\u00ed\u017een\u00ed vibrac\u00ed<br data-start=\"3345\" data-end=\"3348\" \/>- Nastaviteln\u00fd p\u00e1sek na such\u00fd zip pro pohodln\u00e9 z\u00e1p\u011bst\u00ed a bezpe\u010dn\u00e9 zap\u00edn\u00e1n\u00ed<br data-start=\"3410\" data-end=\"3413\" \/>- Lehk\u00e9, omyvateln\u00e9 a p\u0159ipraven\u00e9 na pov\u011btrnostn\u00ed podm\u00ednky<br data-start=\"3455\" data-end=\"3458\" \/>- Vhodn\u00e9 pro mu\u017ee, \u017eeny a unisex velikosti<br data-start=\"3502\" data-end=\"3505\" \/>- Ide\u00e1ln\u00ed pro silni\u010dn\u00ed cyklistiku, spinning, MTB, triatlon a m\u011bstskou cyklistiku.<br data-start=\"3573\" data-end=\"3576\" \/>- Hromadn\u00e1 v\u00fdroba s mo\u017enost\u00ed brandingu pro velkoobchodn\u00edky a OEM z\u00e1kazn\u00edky<br data-start=\"3647\" data-end=\"3650\" \/>- Rychl\u00e9 dod\u00e1n\u00ed, soukrom\u00e9 zna\u010den\u00ed a n\u00edzk\u00e9 minim\u00e1ln\u00ed mno\u017estv\u00ed objedn\u00e1vky<br data-start=\"3717\" data-end=\"3720\" \/>- D\u016fv\u011bra evropsk\u00fdch cyklistick\u00fdch prodejc\u016f a B2B spole\u010dnost\u00ed zab\u00fdvaj\u00edc\u00edch se sportovn\u00edm oble\u010den\u00edm<\/p>\n<p class=\"\" data-start=\"3790\" data-end=\"4107\"><strong data-start=\"3790\" data-end=\"3812\">P\u0159izp\u016fsobte si n\u00e1s:<\/strong><br data-start=\"3812\" data-end=\"3815\" \/>Spole\u010dnost RYINZ je profesion\u00e1ln\u00ed v\u00fdrobce se s\u00eddlem v P\u00e1kist\u00e1nu a evropskou prodejn\u00ed kancel\u00e1\u0159\u00ed. Nab\u00edz\u00edme slu\u017eby OEM, ODM a white-label pro kupuj\u00edc\u00ed po cel\u00e9m sv\u011bt\u011b. P\u0159izp\u016fsobte si tento model n\u00e1zvem sv\u00e9 spole\u010dnosti, logem nebo vlajkou sv\u00e9 zem\u011b. Kontaktujte n\u00e1s je\u0161t\u011b dnes a vy\u017e\u00e1dejte si vzorek nebo si prohl\u00e9dn\u011bte n\u00e1\u0161 kompletn\u00ed katalog cyklistick\u00e9ho vybaven\u00ed.<\/p>","protected":false},"excerpt":{"rendered":"<p>Cyklistick\u00e9 rukavice RYINZ s vysokou viditelnost\u00ed a bezprstovou rukavic\u00ed jsou pohodln\u00e9, prody\u0161n\u00e9 a maj\u00ed vynikaj\u00edc\u00ed p\u0159ilnavost - byly vytvo\u0159eny pro n\u00e1ro\u010dn\u00e9 jezdce, kte\u0159\u00ed vy\u017eaduj\u00ed \u0161pi\u010dkov\u00fd v\u00fdkon a ka\u017edodenn\u00ed pou\u017eitelnost. Tyto rukavice s lehk\u00fdm svr\u0161kem z neonov\u00e9 s\u00ed\u0165oviny odv\u00e1d\u011bj\u00edc\u00ed vlhkost a polstrovanou semi\u0161ovou dlan\u00ed sni\u017euj\u00ed vibrace na silnici a zlep\u0161uj\u00ed kontrolu v ka\u017ed\u00e9m ter\u00e9nu. Konstrukce s otev\u0159en\u00fdmi prsty nab\u00edz\u00ed vynikaj\u00edc\u00ed flexibilitu p\u0159i brzd\u011bn\u00ed, \u0159azen\u00ed a chlazen\u00ed na dlouh\u00fdch vyj\u00ed\u017e\u010fk\u00e1ch. Jsou stvo\u0159eny pro letn\u00ed po\u010das\u00ed, tr\u00e9nink v hale i venkovn\u00ed cyklistiku a jsou ide\u00e1ln\u00ed pro doj\u00ed\u017ed\u011bj\u00edc\u00ed, z\u00e1vodn\u00edky i kondi\u010dn\u00ed cyklisty. D\u00edky nastaviteln\u00fdm p\u00e1sk\u016fm na z\u00e1p\u011bst\u00ed, m\u011bkk\u00fdm palc\u016fm s pot\u00edtkem a zes\u00edlen\u00fdm \u0161v\u016fm nab\u00edzej\u00ed tyto rukavice styl i obsah - ide\u00e1ln\u00ed pro velkoobchod, propagaci zna\u010dky nebo osobn\u00ed pou\u017eit\u00ed.<\/p>\n<p>&nbsp;<\/p>","protected":false},"featured_media":8921,"comment_status":"closed","ping_status":"closed","template":"","meta":[],"product_brand":[35],"product_cat":[31,33],"product_tag":[46,47,48],"class_list":{"0":"post-8898","1":"product","2":"type-product","3":"status-publish","4":"has-post-thumbnail","6":"product_brand-ryinz","7":"product_cat-cycling-mountain-gloves","8":"product_cat-cycling-gloves","9":"product_tag-breathable-mesh-gloves","10":"product_tag-lightweight-cycling-gloves","11":"product_tag-padded-palm-gloves","13":"first","14":"instock","15":"sold-individually","16":"taxable","17":"shipping-taxable","18":"purchasable","19":"product-type-simple"},"_links":{"self":[{"href":"https:\/\/ryinz.cz\/velkoobchod\/cs\/wp-json\/wp\/v2\/product\/8898","targetHints":{"allow":["GET"]}}],"collection":[{"href":"https:\/\/ryinz.cz\/velkoobchod\/cs\/wp-json\/wp\/v2\/product"}],"about":[{"href":"https:\/\/ryinz.cz\/velkoobchod\/cs\/wp-json\/wp\/v2\/types\/product"}],"replies":[{"embeddable":true,"href":"https:\/\/ryinz.cz\/velkoobchod\/cs\/wp-json\/wp\/v2\/comments?post=8898"}],"wp:featuredmedia":[{"embeddable":true,"href":"https:\/\/ryinz.cz\/velkoobchod\/cs\/wp-json\/wp\/v2\/media\/8921"}],"wp:attachment":[{"href":"https:\/\/ryinz.cz\/velkoobchod\/cs\/wp-json\/wp\/v2\/media?parent=8898"}],"wp:term":[{"taxonomy":"product_brand","embeddable":true,"href":"https:\/\/ryinz.cz\/velkoobchod\/cs\/wp-json\/wp\/v2\/product_brand?post=8898"},{"taxonomy":"product_cat","embeddable":true,"href":"https:\/\/ryinz.cz\/velkoobchod\/cs\/wp-json\/wp\/v2\/product_cat?post=8898"},{"taxonomy":"product_tag","embeddable":true,"href":"https:\/\/ryinz.cz\/velkoobchod\/cs\/wp-json\/wp\/v2\/product_tag?post=8898"}],"curies":[{"name":"wp","href":"https:\/\/api.w.org\/{rel}","templated":true}]}}