{"id":8896,"date":"2025-06-22T15:21:02","date_gmt":"2025-06-22T15:21:02","guid":{"rendered":"https:\/\/ryinz.cz\/velkoobchod\/?post_type=product&#038;p=8896"},"modified":"2026-01-18T20:16:39","modified_gmt":"2026-01-18T20:16:39","slug":"ryinz-pro-grip-poloprste-cyklisticke-rukavice-tlumici-narazy-protiskluzove-prodysne-zavodni-cyklisticke-rukavice-pro-muze-a-zeny","status":"publish","type":"product","link":"https:\/\/ryinz.cz\/velkoobchod\/cs\/product\/ryinz-pro-grip-half-finger-cycling-gloves-shock-absorbing-anti-slip-breathable-racing-bike-gloves-for-men-and-women\/","title":{"rendered":"Cyklistick\u00e9 rukavice RYINZ Pro Grip Half Finger - prody\u0161n\u00e9 z\u00e1vodn\u00ed cyklistick\u00e9 rukavice pro mu\u017ee a \u017eeny, kter\u00e9 tlum\u00ed n\u00e1razy, neklou\u017eou a jsou prody\u0161n\u00e9"},"content":{"rendered":"<p class=\"\" data-start=\"241\" data-end=\"736\">Cyklistick\u00e9 rukavice RYINZ Pro Grip Half Finger poskytuj\u00ed maxim\u00e1ln\u00ed pohodl\u00ed a kontrolu nad j\u00edzdou. Tyto rukavice, speci\u00e1ln\u011b navr\u017een\u00e9 pro silni\u010dn\u00ed z\u00e1vodn\u00edky, cyklisty na horsk\u00fdch kolech, doj\u00ed\u017ed\u011bj\u00edc\u00ed do pr\u00e1ce a fitness nad\u0161ence, nab\u00edzej\u00ed vynikaj\u00edc\u00ed v\u00fdkon, odolnost a styl. Rukavice RYINZ Pro Grip, vytvo\u0159en\u00e9 pro seri\u00f3zn\u00ed jezdce, kombinuj\u00ed nejmodern\u011bj\u0161\u00ed materi\u00e1ly a ergonomick\u00fd st\u0159ih, aby zv\u00fd\u0161ily v\u00e1\u0161 z\u00e1\u017eitek z j\u00edzdy, sn\u00ed\u017eily \u00fanavu a zv\u00fd\u0161ily bezpe\u010dnost p\u0159i ka\u017ed\u00e9m dobrodru\u017estv\u00ed.<\/p>\n<p class=\"\" data-start=\"738\" data-end=\"1216\">Tyto rukavice jsou vyrobeny z vysoce elastick\u00e9 prody\u0161n\u00e9 s\u00ed\u0165oviny, kter\u00e1 umo\u017e\u0148uje optim\u00e1ln\u00ed proud\u011bn\u00ed vzduchu a zabra\u0148uje p\u0159eh\u0159\u00edv\u00e1n\u00ed a hromad\u011bn\u00ed potu i b\u011bhem dlouh\u00fdch letn\u00edch j\u00edzd. Konstrukce s polovinou prst\u016f poskytuje vynikaj\u00edc\u00ed flexibilitu a hmatovou citlivost, tak\u017ee m\u016f\u017eete \u0159adit, ovl\u00e1dat brzdy a manipulovat s mobiln\u00edmi za\u0159\u00edzen\u00edmi, ani\u017e byste si rukavice sund\u00e1vali. Jsou ide\u00e1ln\u00ed pro sportovce i p\u0159\u00edle\u017eitostn\u00e9 jezdce a poskytuj\u00ed volnost a obratnost, kterou pot\u0159ebujete pro plnou kontrolu na silnici nebo na stezce.<\/p>\n<p class=\"\" data-start=\"1218\" data-end=\"1616\">V\u00fdrazn\u00fdm prvkem t\u011bchto rukavic je strategicky um\u00edst\u011bn\u00e9 gelov\u00e9 polstrov\u00e1n\u00ed tlum\u00edc\u00ed n\u00e1razy v oblasti dlan\u011b. Je navr\u017eeno tak, aby pohlcovalo vibrace a n\u00e1razy na silnici, a v\u00fdrazn\u011b tak sni\u017euje nam\u00e1h\u00e1n\u00ed a necitlivost rukou, zejm\u00e9na v n\u00e1ro\u010dn\u00e9m ter\u00e9nu nebo p\u0159i d\u00e1lkov\u00fdch j\u00edzd\u00e1ch. Rukavice RYINZ Pro Grip chr\u00e1n\u00ed va\u0161e ruce, a\u0165 u\u017e z\u00e1vod\u00edte, nebo jezd\u00edte na t\u00fary, a p\u0159itom si zachov\u00e1vaj\u00ed lehkost a pru\u017enost.<\/p>\n<p class=\"\" data-start=\"1618\" data-end=\"2034\">Dlan\u011b jsou vyztu\u017eeny protiskluzov\u00fdmi \u0161estihrann\u00fdmi strukturovan\u00fdmi n\u00e1\u0161ivkami, kter\u00e9 zaji\u0161\u0165uj\u00ed bezpe\u010dn\u00fd \u00fachop \u0159\u00edd\u00edtek i za mokra, bl\u00e1ta nebo potu. Tyto rukavice v\u00e1m dodaj\u00ed sebed\u016fv\u011bru p\u0159i agresivn\u00ed j\u00edzd\u011b a z\u00e1rove\u0148 si za v\u0161ech okolnost\u00ed zachovaj\u00ed pevnou kontrolu nad motocyklem. Ergonomick\u00fd st\u0159ih a 3D krej\u010dovsk\u00e9 zpracov\u00e1n\u00ed zaji\u0161\u0165uj\u00ed p\u0159il\u00e9hav\u00e9 no\u0161en\u00ed bez omezen\u00ed pohybu rukou, co\u017e zlep\u0161uje ovladatelnost a p\u0159enos s\u00edly na \u0159\u00edd\u00edtka.<\/p>\n<p class=\"\" data-start=\"2036\" data-end=\"2404\">Mezi dal\u0161\u00ed konstruk\u010dn\u00ed prvky pat\u0159\u00ed snadno vytahovateln\u00e1 poutka na prstech pro rychl\u00e9 sund\u00e1n\u00ed, reflexn\u00ed prvky pro v\u011bt\u0161\u00ed bezpe\u010dnost za zhor\u0161en\u00fdch sv\u011bteln\u00fdch podm\u00ednek a m\u011bkk\u00e1 n\u00e1\u0161ivka z mikrovl\u00e1kna na palci pro ot\u00edr\u00e1n\u00ed potu p\u0159i intenzivn\u00edch j\u00edzd\u00e1ch. Nastaviteln\u00e9 zap\u00edn\u00e1n\u00ed na z\u00e1p\u011bst\u00ed poskytuje p\u0159izp\u016fsoben\u00e9 a bezpe\u010dn\u00e9 uchycen\u00ed a zabra\u0148uje sklouz\u00e1v\u00e1n\u00ed rukavic p\u0159i j\u00edzd\u011b na kole, fitness tr\u00e9ninku nebo tr\u00e9ninku v posilovn\u011b.<\/p>\n<p class=\"\" data-start=\"2406\" data-end=\"2841\">Rukavice RYINZ Pro Grip Half Finger jsou k dispozici ve stylov\u00e9 \u010dern\u00e9, \u0161ed\u00e9 a z\u00e1vodn\u00ed zlat\u00e9 barv\u011b a jsou stejn\u011b m\u00f3dn\u00ed jako funk\u010dn\u00ed. Jejich odoln\u00e9 \u0161it\u00ed a vysoce kvalitn\u00ed materi\u00e1ly slibuj\u00ed dlouhotrvaj\u00edc\u00ed v\u00fdkon sez\u00f3nu za sez\u00f3nou. Jsou ide\u00e1ln\u00ed pro silni\u010dn\u00ed cyklistiku, horsk\u00e1 kola, BMX, j\u00edzdu na \u0161otolin\u011b, indoor cycling, spinningov\u00e9 lekce a dokonce i pro b\u011b\u017en\u00e9 pou\u017eit\u00ed v posilovn\u011b, a proto je mus\u00ed m\u00edt ka\u017ed\u00fd, kdo to mysl\u00ed s pohodl\u00edm a v\u00fdkonem v\u00e1\u017en\u011b.<\/p>\n<p class=\"\" data-start=\"2843\" data-end=\"2864\"><strong data-start=\"2843\" data-end=\"2862\">Specifikace:<\/strong><\/p>\n<ul data-start=\"2865\" data-end=\"3258\">\n<li class=\"\" data-start=\"2865\" data-end=\"2897\">\n<p class=\"\" data-start=\"2867\" data-end=\"2897\">Pohlav\u00ed: Unisex (mu\u017ei a \u017eeny)<\/p>\n<\/li>\n<li class=\"\" data-start=\"2898\" data-end=\"2944\">\n<p class=\"\" data-start=\"2900\" data-end=\"2944\">Styl: P\u016flpalcov\u00fd, Pro Grip Racing Design<\/p>\n<\/li>\n<li class=\"\" data-start=\"2945\" data-end=\"2981\">\n<p class=\"\" data-start=\"2947\" data-end=\"2981\">Barvy: \u010cern\u00e1, \u0161ed\u00e1, z\u00e1vodn\u00ed zlat\u00e1<\/p>\n<\/li>\n<li class=\"\" data-start=\"2982\" data-end=\"3014\">\n<p class=\"\" data-start=\"2984\" data-end=\"3014\">Dostupn\u00e9 velikosti: S, M, L, XL<\/p>\n<\/li>\n<li class=\"\" data-start=\"3015\" data-end=\"3112\">\n<p class=\"\" data-start=\"3017\" data-end=\"3112\">Materi\u00e1ly: Prody\u0161n\u00e1 s\u00ed\u0165ovina na z\u00e1dech, gelov\u00e9 polstrov\u00e1n\u00ed tlum\u00edc\u00ed n\u00e1razy, protiskluzov\u00e9 texturovan\u00e9 dlan\u011b.<\/p>\n<\/li>\n<li class=\"\" data-start=\"3113\" data-end=\"3160\">\n<p class=\"\" data-start=\"3115\" data-end=\"3160\">Typ uz\u00e1v\u011bru: Nastaviteln\u00fd p\u00e1sek na z\u00e1p\u011bst\u00ed na such\u00fd zip<\/p>\n<\/li>\n<li class=\"\" data-start=\"3161\" data-end=\"3258\">\n<p class=\"\" data-start=\"3163\" data-end=\"3258\">Ide\u00e1ln\u00ed pro: J\u00edzda na silni\u010dn\u00edm kole, horsk\u00e9m kole, fitness tr\u00e9nink, indoor cycling, BMX, j\u00edzda na kolob\u011b\u017ece.<\/p>\n<\/li>\n<\/ul>\n<p class=\"\" data-start=\"3260\" data-end=\"3613\">Vybavte se cyklistick\u00fdmi rukavicemi RYINZ Pro Grip Half Finger a jezd\u011bte s nep\u0159ekonatelnou jistotou, pohodl\u00edm a stylem. A\u0165 u\u017e zdol\u00e1v\u00e1te horsk\u00e9 stezky, sprintujete po d\u00e1lnic\u00edch nebo \u0161lapete v ulic\u00edch m\u011bsta, tyto rukavice jsou navr\u017eeny tak, aby podporovaly ka\u017ed\u00fd v\u00e1\u0161 pohyb. Jezd\u011bte rychleji, d\u00e9le a chyt\u0159eji s rukavicemi RYINZ - va\u0161\u00edm partnerem na ka\u017ed\u00e9m kilometru.<\/p>","protected":false},"excerpt":{"rendered":"<p class=\"\" data-start=\"3620\" data-end=\"4068\"><br data-start=\"3665\" data-end=\"3668\" \/>S cyklistick\u00fdmi rukavicemi RYINZ Pro Grip Half Finger z\u00edsk\u00e1te nadvl\u00e1du nad j\u00edzdou. Tyto rukavice jsou ur\u010deny pro z\u00e1vodn\u00edky i ka\u017edodenn\u00ed cyklisty a jsou vybaveny prody\u0161nou s\u00ed\u0165ovinou, protiskluzov\u00fdm \u0161estihrann\u00fdm \u00fachopem, gelov\u00fdmi pol\u0161t\u00e1\u0159ky tlum\u00edc\u00edmi n\u00e1razy a lehkou, pru\u017enou konstrukc\u00ed. Jsou ide\u00e1ln\u00ed pro silni\u010dn\u00ed, MTB, BMX a fitness tr\u00e9ninky a udr\u017e\u00ed va\u0161e ruce v pohod\u011b, chr\u00e1n\u011bn\u00e9 a komfortn\u00ed. Zvy\u0161te sv\u016fj v\u00fdkon a z\u016fsta\u0148te stylov\u00ed s obuv\u00ed RYINZ.<\/p>\n<p data-start=\"3620\" data-end=\"4068\">Rukavice RYINZ Pro Grip Half Finger jsou k dispozici ve stylov\u00e9 \u010dern\u00e9, \u0161ed\u00e9 a z\u00e1vodn\u00ed zlat\u00e9 barv\u011b a jsou stejn\u011b m\u00f3dn\u00ed jako funk\u010dn\u00ed. Jejich odoln\u00e9 \u0161it\u00ed a vysoce kvalitn\u00ed materi\u00e1ly slibuj\u00ed dlouhotrvaj\u00edc\u00ed v\u00fdkon sez\u00f3nu za sez\u00f3nou. Jsou ide\u00e1ln\u00ed pro silni\u010dn\u00ed cyklistiku, horsk\u00e1 kola, BMX, j\u00edzdu na \u0161otolin\u011b, indoor cycling, spinningov\u00e9 lekce a dokonce i pro b\u011b\u017en\u00e9 pou\u017eit\u00ed v posilovn\u011b, a proto je mus\u00ed m\u00edt ka\u017ed\u00fd, kdo to mysl\u00ed s pohodl\u00edm a v\u00fdkonem v\u00e1\u017en\u011b.<\/p>","protected":false},"featured_media":8926,"comment_status":"closed","ping_status":"closed","template":"","meta":[],"product_brand":[35],"product_cat":[31,33],"product_tag":[36,37,40],"class_list":{"0":"post-8896","1":"product","2":"type-product","3":"status-publish","4":"has-post-thumbnail","6":"product_brand-ryinz","7":"product_cat-cycling-mountain-gloves","8":"product_cat-cycling-gloves","9":"product_tag-cycling-gloves","10":"product_tag-half-finger-gloves","11":"product_tag-performance-cycling-gear","13":"first","14":"instock","15":"taxable","16":"shipping-taxable","17":"purchasable","18":"product-type-simple"},"_links":{"self":[{"href":"https:\/\/ryinz.cz\/velkoobchod\/cs\/wp-json\/wp\/v2\/product\/8896","targetHints":{"allow":["GET"]}}],"collection":[{"href":"https:\/\/ryinz.cz\/velkoobchod\/cs\/wp-json\/wp\/v2\/product"}],"about":[{"href":"https:\/\/ryinz.cz\/velkoobchod\/cs\/wp-json\/wp\/v2\/types\/product"}],"replies":[{"embeddable":true,"href":"https:\/\/ryinz.cz\/velkoobchod\/cs\/wp-json\/wp\/v2\/comments?post=8896"}],"wp:featuredmedia":[{"embeddable":true,"href":"https:\/\/ryinz.cz\/velkoobchod\/cs\/wp-json\/wp\/v2\/media\/8926"}],"wp:attachment":[{"href":"https:\/\/ryinz.cz\/velkoobchod\/cs\/wp-json\/wp\/v2\/media?parent=8896"}],"wp:term":[{"taxonomy":"product_brand","embeddable":true,"href":"https:\/\/ryinz.cz\/velkoobchod\/cs\/wp-json\/wp\/v2\/product_brand?post=8896"},{"taxonomy":"product_cat","embeddable":true,"href":"https:\/\/ryinz.cz\/velkoobchod\/cs\/wp-json\/wp\/v2\/product_cat?post=8896"},{"taxonomy":"product_tag","embeddable":true,"href":"https:\/\/ryinz.cz\/velkoobchod\/cs\/wp-json\/wp\/v2\/product_tag?post=8896"}],"curies":[{"name":"wp","href":"https:\/\/api.w.org\/{rel}","templated":true}]}}