{"id":8894,"date":"2025-06-22T15:21:01","date_gmt":"2025-06-22T15:21:01","guid":{"rendered":"https:\/\/ryinz.cz\/velkoobchod\/?post_type=product&#038;p=8894"},"modified":"2026-01-18T20:16:38","modified_gmt":"2026-01-18T20:16:38","slug":"ryinz-zebra-print-cyklisticke-rukavice-poloprste-polstrovane-rukavice-pro-cyklistiku-spinning-telocvicnu-a-fitness-prodysne-a-stylove","status":"publish","type":"product","link":"https:\/\/ryinz.cz\/velkoobchod\/cs\/product\/ryinz-zebra-print-cycling-gloves-half-finger-padded-gloves-for-biking-spinning-gym-and-fitness-breathable-and-stylish\/","title":{"rendered":"Cyklistick\u00e9 rukavice RYINZ Zebra Print - polstrovan\u00e9 rukavice na p\u016fl prstu pro j\u00edzdu na kole, spinning, posilovnu a fitness - prody\u0161n\u00e9 a stylov\u00e9"},"content":{"rendered":"<p>Odhalte svou divokou str\u00e1nku s cyklistick\u00fdmi rukavicemi RYINZ Zebra Print, kter\u00e9 jsou navr\u017eeny tak, aby kombinovaly odv\u00e1\u017en\u00fd styl s bezkonkuren\u010dn\u00edm v\u00fdkonem. A\u0165 u\u017e se proh\u00e1n\u00edte ulicemi m\u011bsta, prozkoum\u00e1v\u00e1te drsn\u00e9 horsk\u00e9 stezky, nebo se drt\u00edte p\u0159i intenzivn\u00edch j\u00edzd\u00e1ch na kole v hale, tyto rukavice nab\u00edzej\u00ed dokonalou kombinaci pohodl\u00ed, kontroly a osobitosti. Jsou ide\u00e1ln\u00ed pro cyklisty, kte\u0159\u00ed cht\u011bj\u00ed vyniknout a z\u00e1rove\u0148 z\u016fstat chr\u00e1n\u011bni a pod\u00e1vat co nejlep\u0161\u00ed v\u00fdkony.<\/p>\n<p>Cyklistick\u00e9 rukavice RYINZ Zebra Print jsou vyrobeny z vysoce elastick\u00fdch a prody\u0161n\u00fdch materi\u00e1l\u016f a udr\u017euj\u00ed va\u0161e ruce v suchu a pohod\u011b bez ohledu na to, jak intenzivn\u011b jezd\u00edte. Tkanina odv\u00e1d\u011bj\u00edc\u00ed vlhkost na h\u0159betu zaji\u0161\u0165uje spr\u00e1vn\u00e9 odv\u011btr\u00e1v\u00e1n\u00ed, sni\u017euje hromad\u011bn\u00ed potu a zabra\u0148uje p\u0159eh\u0159\u00edv\u00e1n\u00ed b\u011bhem hork\u00fdch letn\u00edch j\u00edzd. Konstrukce s polovi\u010dn\u00edmi prsty zvy\u0161uje flexibilitu a poskytuje hmatovou kontrolu, co\u017e umo\u017e\u0148uje snadn\u00e9 \u0159azen\u00ed, brzd\u011bn\u00ed a pou\u017e\u00edv\u00e1n\u00ed chytr\u00e9ho telefonu bez nutnosti sund\u00e1vat rukavice.<\/p>\n<p>Strategicky um\u00edst\u011bn\u00e9 dlan\u011b s gelov\u00fdm polstrov\u00e1n\u00edm tlum\u00ed n\u00e1razy a vibrace z nerovn\u00e9ho ter\u00e9nu, tak\u017ee va\u0161e ruce z\u016fstanou uvoln\u011bn\u00e9 a neunav\u00ed se ani p\u0159i dlouh\u00fdch j\u00edzd\u00e1ch. Oblast dlan\u00ed je vylep\u0161ena odolnou protiskluzovou texturou, kter\u00e1 udr\u017euje bezpe\u010dn\u00fd \u00fachop \u0159\u00edd\u00edtek za v\u0161ech pov\u011btrnostn\u00edch podm\u00ednek - v de\u0161ti, bl\u00e1t\u011b i potu. Zes\u00edlen\u00e9 \u0161vy zaji\u0161\u0165uj\u00ed, \u017ee tyto rukavice vydr\u017e\u00ed n\u00e1ro\u010dnou j\u00edzdu sez\u00f3nu co sez\u00f3nu.<\/p>\n<p>Krom\u011b cyklistiky jsou tyto rukavice dostate\u010dn\u011b univerz\u00e1ln\u00ed pro fitness tr\u00e9nink, posilov\u00e1n\u00ed, spinning a b\u011b\u017en\u00e9 cvi\u010den\u00ed v posilovn\u011b. Jejich p\u0159il\u00e9hav\u00fd, ergonomick\u00fd st\u0159ih minimalizuje t\u0159en\u00ed, sni\u017euje riziko vzniku puch\u00fd\u0159\u016f a zlep\u0161uje celkov\u00fd v\u00fdkon p\u0159i j\u00edzd\u011b. Syst\u00e9m snadn\u00e9ho stahov\u00e1n\u00ed poutka umo\u017e\u0148uje rychl\u00e9 sund\u00e1n\u00ed po dlouh\u00e9 j\u00edzd\u011b, zat\u00edmco nastaviteln\u00fd p\u00e1sek na such\u00fd zip zaji\u0161\u0165uje p\u0159izp\u016fsoben\u00e9, bezpe\u010dn\u00e9 uchycen\u00ed, kter\u00e9 z\u016fstane na sv\u00e9m m\u00edst\u011b, ani\u017e by omezovalo pohyb z\u00e1p\u011bst\u00ed.<\/p>\n<p>Ikonick\u00fd \u010dernob\u00edl\u00fd vzor se zeb\u0159\u00edm vzorem nejen\u017ee dod\u00e1 va\u0161emu cyklistick\u00e9mu oble\u010den\u00ed stylov\u00fd n\u00e1dech, ale tak\u00e9 jedine\u010dn\u00fd \u0161mrnc, kter\u00fd v\u00e1s odli\u0161\u00ed na trati, na dr\u00e1ze nebo v posilovn\u011b. A\u0165 u\u017e jste z\u00e1vodn\u00edk, p\u0159\u00edle\u017eitostn\u00fd doj\u00ed\u017ed\u011b\u010d nebo fitness nad\u0161enec, cyklistick\u00e9 rukavice RYINZ Zebra Print jsou tou nejlep\u0161\u00ed volbou pro vynikaj\u00edc\u00ed ochranu rukou, v\u00fdjime\u010dn\u00e9 pohodl\u00ed a v\u00fdrazn\u00fd styl.<\/p>\n<p>Specifikace:<\/p>\n<p>Pohlav\u00ed: Unisex (mu\u017ei a \u017eeny)<\/p>\n<p>Styl: Polovi\u010dn\u00ed prst, polstrovan\u00e1 dla\u0148, design Zebra Print<\/p>\n<p>Barvy: \u010cernob\u00edl\u00fd zeb\u0159\u00ed vzor<\/p>\n<p>Dostupn\u00e9 velikosti: S, M, L, XL<\/p>\n<p>Materi\u00e1ly: Prody\u0161n\u00e1 stre\u010dov\u00e1 tkanina, gelov\u00e9 polstrov\u00e1n\u00ed dlan\u00ed, protiskluzov\u00e1 texturovan\u00e1 rukoje\u0165.<\/p>\n<p>Typ uz\u00e1v\u011bru: Nastaviteln\u00fd p\u00e1sek na z\u00e1p\u011bst\u00ed na such\u00fd zip<\/p>\n<p>Ide\u00e1ln\u00ed pro: Silni\u010dn\u00ed cyklistika, horsk\u00e1 kola, fitness tr\u00e9nink, indoor cycling, spinning, cvi\u010den\u00ed v posilovn\u011b.<\/p>\n<p>Vlastnosti:<\/p>\n<p>Poutav\u00fd design se zeb\u0159\u00edm potiskem<\/p>\n<p>Prody\u0161n\u00e1 a vlhkost odv\u00e1d\u011bj\u00edc\u00ed zadn\u00ed tkanina<\/p>\n<p>Gelov\u00e9 polstrov\u00e1n\u00ed dlan\u011b tlum\u00edc\u00ed n\u00e1razy<\/p>\n<p>Protiskluzov\u00e1 rukoje\u0165 pro bezpe\u010dnou manipulaci<\/p>\n<p>Lehk\u00e9 a pru\u017en\u00e9 pro maxim\u00e1ln\u00ed obratnost<\/p>\n<p>Snadn\u00e9 stahov\u00e1n\u00ed z\u00e1lo\u017eek pro pohodl\u00ed<\/p>\n<p>Nastaviteln\u00fd p\u00e1sek na z\u00e1p\u011bst\u00ed pro bezpe\u010dn\u00e9 uchycen\u00ed<\/p>\n<p>Odoln\u00e9 \u0161vy pro dlouhotrvaj\u00edc\u00ed no\u0161en\u00ed<\/p>\n<p>Vybavte se cyklistick\u00fdmi rukavicemi RYINZ s potiskem zebry a pozvedn\u011bte \u00farove\u0148 ka\u017ed\u00e9 j\u00edzdy nebo tr\u00e9ninku. Tyto rukavice, kter\u00e9 nab\u00edzej\u00ed bezkonkuren\u010dn\u00ed pohodl\u00ed, ochranu a design, kter\u00fd v\u00e1s zaujme, udr\u017e\u00ed va\u0161e ruce v bezpe\u010d\u00ed a stylov\u00e9, j\u00edzdu za j\u00edzdou, kilometr za kilometrem.<\/p>","protected":false},"excerpt":{"rendered":"<p>Vybavte se cyklistick\u00fdmi rukavicemi RYINZ s potiskem zebry a pozvedn\u011bte \u00farove\u0148 ka\u017ed\u00e9 j\u00edzdy nebo tr\u00e9ninku. Tyto rukavice, kter\u00e9 nab\u00edzej\u00ed bezkonkuren\u010dn\u00ed pohodl\u00ed, ochranu a design, kter\u00fd v\u00e1s zaujme, udr\u017e\u00ed va\u0161e ruce v bezpe\u010d\u00ed a stylov\u00e9, j\u00edzdu za j\u00edzdou, kilometr za kilometrem.<\/p>\n<p>Jezd\u011bte stylov\u011b a sebev\u011bdom\u011b s cyklistick\u00fdmi rukavicemi RYINZ s potiskem zebry. Tyto rukavice s polovi\u010dn\u00edmi prsty jsou navr\u017eeny z prody\u0161n\u00e9 tkaniny odv\u00e1d\u011bj\u00edc\u00ed vlhkost, maj\u00ed gelov\u00e9 pol\u0161t\u00e1\u0159ky tlum\u00edc\u00ed n\u00e1razy a bezpe\u010dn\u00fd protiskluzov\u00fd \u00fachop a poskytuj\u00ed celodenn\u00ed pohodl\u00ed a kontrolu. Jsou ide\u00e1ln\u00ed pro silni\u010dn\u00ed cyklistiku, j\u00edzdu na horsk\u00e9m kole, kondi\u010dn\u00ed tr\u00e9nink a cvi\u010den\u00ed v posilovn\u011b a jejich odv\u00e1\u017en\u00fd zeb\u0159\u00ed design zajist\u00ed, \u017ee vyniknete p\u0159i ka\u017ed\u00e9 j\u00edzd\u011b.<\/p>","protected":false},"featured_media":8922,"comment_status":"closed","ping_status":"closed","template":"","meta":[],"product_brand":[35],"product_cat":[31,33],"product_tag":[36,37,41],"class_list":{"0":"post-8894","1":"product","2":"type-product","3":"status-publish","4":"has-post-thumbnail","6":"product_brand-ryinz","7":"product_cat-cycling-mountain-gloves","8":"product_cat-cycling-gloves","9":"product_tag-cycling-gloves","10":"product_tag-half-finger-gloves","11":"product_tag-lightweight-gloves","13":"first","14":"instock","15":"taxable","16":"shipping-taxable","17":"purchasable","18":"product-type-simple"},"_links":{"self":[{"href":"https:\/\/ryinz.cz\/velkoobchod\/cs\/wp-json\/wp\/v2\/product\/8894","targetHints":{"allow":["GET"]}}],"collection":[{"href":"https:\/\/ryinz.cz\/velkoobchod\/cs\/wp-json\/wp\/v2\/product"}],"about":[{"href":"https:\/\/ryinz.cz\/velkoobchod\/cs\/wp-json\/wp\/v2\/types\/product"}],"replies":[{"embeddable":true,"href":"https:\/\/ryinz.cz\/velkoobchod\/cs\/wp-json\/wp\/v2\/comments?post=8894"}],"wp:featuredmedia":[{"embeddable":true,"href":"https:\/\/ryinz.cz\/velkoobchod\/cs\/wp-json\/wp\/v2\/media\/8922"}],"wp:attachment":[{"href":"https:\/\/ryinz.cz\/velkoobchod\/cs\/wp-json\/wp\/v2\/media?parent=8894"}],"wp:term":[{"taxonomy":"product_brand","embeddable":true,"href":"https:\/\/ryinz.cz\/velkoobchod\/cs\/wp-json\/wp\/v2\/product_brand?post=8894"},{"taxonomy":"product_cat","embeddable":true,"href":"https:\/\/ryinz.cz\/velkoobchod\/cs\/wp-json\/wp\/v2\/product_cat?post=8894"},{"taxonomy":"product_tag","embeddable":true,"href":"https:\/\/ryinz.cz\/velkoobchod\/cs\/wp-json\/wp\/v2\/product_tag?post=8894"}],"curies":[{"name":"wp","href":"https:\/\/api.w.org\/{rel}","templated":true}]}}