{"id":8893,"date":"2025-06-22T15:21:01","date_gmt":"2025-06-22T15:21:01","guid":{"rendered":"https:\/\/ryinz.cz\/velkoobchod\/?post_type=product&#038;p=8893"},"modified":"2026-01-18T20:16:37","modified_gmt":"2026-01-18T20:16:37","slug":"ryinz-ultralehke-prodysne-cyklisticke-rukavice-s-protiskluzovou-upravou-tlumici-narazy-letni-cyklisticke-rukavice-pro-muze-a-zeny","status":"publish","type":"product","link":"https:\/\/ryinz.cz\/velkoobchod\/cs\/product\/ryinz-ultra-light-breathable-half-finger-cycling-gloves-anti-slip-shock-absorbing-summer-bike-gloves-for-men-and-women\/","title":{"rendered":"RYINZ Ultra-Light Breathable Half Finger Cycling Gloves - protiskluzov\u00e9, tlum\u00edc\u00ed n\u00e1razy, letn\u00ed cyklistick\u00e9 rukavice pro mu\u017ee a \u017eeny"},"content":{"rendered":"<p class=\"\" data-start=\"284\" data-end=\"797\">P\u0159edstavujeme ultralehk\u00e9 prody\u0161n\u00e9 cyklistick\u00e9 rukavice RYINZ s p\u016flprstem, kter\u00e9 jsou va\u0161\u00edm dokonal\u00fdm spole\u010dn\u00edkem pro v\u0161echna cyklistick\u00e1 dobrodru\u017estv\u00ed! Tyto rukavice, precizn\u011b navr\u017een\u00e9 pro mu\u017ee a \u017eeny, kte\u0159\u00ed vy\u017eaduj\u00ed vynikaj\u00edc\u00ed pohodl\u00ed, odolnost a v\u00fdkon, kombinuj\u00ed styl a technologie a poskytuj\u00ed nep\u0159ekonateln\u00fd z\u00e1\u017eitek z j\u00edzdy. A\u0165 u\u017e jezd\u00edte po horsk\u00fdch stezk\u00e1ch, z\u00e1vod\u00edte na d\u00e1lnic\u00edch nebo doj\u00ed\u017ed\u00edte do pr\u00e1ce ve m\u011bst\u011b, tyto rukavice nab\u00edzej\u00ed dokonalou kombinaci ochrany, prody\u0161nosti a p\u0159ilnavosti.<\/p>\n<p class=\"\" data-start=\"799\" data-end=\"1183\">Rukavice jsou vyrobeny z vysoce kvalitn\u00ed lehk\u00e9 s\u00ed\u0165oviny a nab\u00edzej\u00ed v\u00fdjime\u010dnou ventilaci, kter\u00e1 udr\u017e\u00ed va\u0161e ruce v chladu a suchu i v t\u011bch nejteplej\u0161\u00edch dnech. Konstrukce s polovi\u010dn\u00edmi prsty zaji\u0161\u0165uje maxim\u00e1ln\u00ed pohyblivost prst\u016f, tak\u017ee m\u016f\u017eete ovl\u00e1dat \u0159azen\u00ed, brzdy a chytr\u00e9 telefony, ani\u017e byste si museli rukavice sund\u00e1vat. Jejich prody\u0161n\u00e1 struktura sni\u017euje hromad\u011bn\u00ed potu, \u010d\u00edm\u017e zabra\u0148uje nepohodl\u00ed b\u011bhem dlouh\u00fdch j\u00edzd.<\/p>\n<p class=\"\" data-start=\"1185\" data-end=\"1468\">Dla\u0148 je vybavena tlumic\u00ed p\u011bnou strategicky um\u00edst\u011bnou tak, aby minimalizovala vibrace a chr\u00e1nila va\u0161e ruce p\u0159i del\u0161\u00ed j\u00edzd\u011b na kole. Tyto rukavice jsou navr\u017eeny pro zdol\u00e1v\u00e1n\u00ed n\u00e1ro\u010dn\u00fdch ter\u00e9n\u016f a m\u011bstsk\u00fdch tras, sni\u017euj\u00ed necitlivost a \u00fanavu rukou a zvy\u0161uj\u00ed bezpe\u010dnost i v\u00fddr\u017e.<\/p>\n<p class=\"\" data-start=\"1470\" data-end=\"1840\">Dlan\u011b vyztu\u017een\u00e9 odolnou protiskluzovou syntetickou k\u016f\u017e\u00ed poskytuj\u00ed pevn\u00fd \u00fachop za v\u0161ech pov\u011btrnostn\u00edch podm\u00ednek. Rukavice RYINZ udr\u017e\u00ed va\u0161e ruce pevn\u011b spojen\u00e9 s \u0159\u00edd\u00edtky, a\u0165 u\u017e jedete v de\u0161ti, po bl\u00e1tiv\u00fdch cest\u00e1ch nebo po such\u00e9m chodn\u00edku. Ergonomick\u00e9 pro\u0161\u00edv\u00e1n\u00ed se p\u0159irozen\u011b p\u0159izp\u016fsob\u00ed tvaru va\u0161\u00ed ruky a nab\u00edz\u00ed p\u0159il\u00e9hav\u00e9 dr\u017een\u00ed, kter\u00e9 zvy\u0161uje kontrolu a ovladatelnost.<\/p>\n<p class=\"\" data-start=\"1842\" data-end=\"2164\">Rychl\u00e9 stahov\u00e1n\u00ed na prstech umo\u017e\u0148uje snadn\u00e9 a rychl\u00e9 sund\u00e1n\u00ed po intenzivn\u00ed j\u00edzd\u011b, zat\u00edmco nastaviteln\u00fd z\u00e1p\u011bstn\u00ed p\u00e1sek se such\u00fdm zipem zaji\u0161\u0165uje p\u0159izp\u016fsoben\u00ed pro v\u0161echny velikosti z\u00e1p\u011bst\u00ed. Dvojit\u00e9 pro\u0161it\u00ed v m\u00edstech s vysokou z\u00e1t\u011b\u017e\u00ed zvy\u0161uje \u017eivotnost rukavic, tak\u017ee jsou spolehlivou investic\u00ed pro v\u00e1\u017en\u00e9 i p\u0159\u00edle\u017eitostn\u00e9 jezdce.<\/p>\n<p class=\"\" data-start=\"2166\" data-end=\"2490\">Krom\u011b cyklistiky lze tyto univerz\u00e1ln\u00ed rukavice pou\u017e\u00edt tak\u00e9 p\u0159i fitness aktivit\u00e1ch, jako je posilov\u00e1n\u00ed, spinning, veslov\u00e1n\u00ed a b\u011b\u017en\u00e9 outdoorov\u00e9 sporty. Jejich stylov\u00e1 kombinace \u010dern\u00e9, b\u00edl\u00e9 a k\u00e1vov\u00e9 barvy dod\u00e1v\u00e1 m\u00f3dn\u00ed, sportovn\u00ed vzhled, kter\u00fd se dokonale hod\u00ed k \u0161irok\u00e9 \u0161k\u00e1le cyklistick\u00e9ho a t\u011blocvi\u010dn\u00e9ho oble\u010den\u00ed.<\/p>\n<p class=\"\" data-start=\"2492\" data-end=\"2513\"><strong data-start=\"2492\" data-end=\"2511\">Specifikace:<\/strong><\/p>\n<ul data-start=\"2514\" data-end=\"2883\">\n<li class=\"\" data-start=\"2514\" data-end=\"2546\">\n<p class=\"\" data-start=\"2516\" data-end=\"2546\">Pohlav\u00ed: Unisex (mu\u017ei a \u017eeny)<\/p>\n<\/li>\n<li class=\"\" data-start=\"2547\" data-end=\"2569\">\n<p class=\"\" data-start=\"2549\" data-end=\"2569\">Styl: P\u016flpalec<\/p>\n<\/li>\n<li class=\"\" data-start=\"2570\" data-end=\"2602\">\n<p class=\"\" data-start=\"2572\" data-end=\"2602\">Barvy: \u010cern\u00e1, b\u00edl\u00e1, k\u00e1va<\/p>\n<\/li>\n<li class=\"\" data-start=\"2603\" data-end=\"2635\">\n<p class=\"\" data-start=\"2605\" data-end=\"2635\">Dostupn\u00e9 velikosti: S, M, L, XL<\/p>\n<\/li>\n<li class=\"\" data-start=\"2636\" data-end=\"2726\">\n<p class=\"\" data-start=\"2638\" data-end=\"2726\">Materi\u00e1ly: Prody\u0161n\u00fd s\u00ed\u0165ovan\u00fd h\u0159bet, protiskluzov\u00e1 dla\u0148 ze syntetick\u00e9 k\u016f\u017ee, polstrovan\u00e9 p\u011bnov\u00e9 vlo\u017eky.<\/p>\n<\/li>\n<li class=\"\" data-start=\"2727\" data-end=\"2763\">\n<p class=\"\" data-start=\"2729\" data-end=\"2763\">Uzav\u0159en\u00ed: Nastaviteln\u00fd p\u00e1sek na such\u00fd zip<\/p>\n<\/li>\n<li class=\"\" data-start=\"2764\" data-end=\"2883\">\n<p class=\"\" data-start=\"2766\" data-end=\"2883\">Ide\u00e1ln\u00ed pro: Silni\u010dn\u00ed cyklistika, MTB, turistika, fitness v t\u011blocvi\u010dn\u011b, posilov\u00e1n\u00ed, indoor cycling, j\u00edzda na kolob\u011b\u017ece, dobrodru\u017en\u00e1 cyklistika.<\/p>\n<\/li>\n<\/ul>\n<p class=\"\" data-start=\"2885\" data-end=\"3178\">Pokud hled\u00e1te pohodl\u00ed, ochranu a stylov\u00fd vzhled v jednom p\u00e1ru rukavic, jsou ultralehk\u00e9 prody\u0161n\u00e9 cyklistick\u00e9 rukavice RYINZ s poloprstem va\u0161\u00ed volbou. Navr\u017eeny pro v\u00fdkon, vyrobeny pro vytrvalost a stvo\u0159eny pro ka\u017edodenn\u00ed \u0161ampiony - jezd\u011bte chyt\u0159eji, jezd\u011bte d\u00e1l, jezd\u011bte s RYINZ.<\/p>","protected":false},"excerpt":{"rendered":"<p class=\"\" data-start=\"3185\" data-end=\"3740\"><br data-start=\"3230\" data-end=\"3233\" \/>S ultralehk\u00fdmi prody\u0161n\u00fdmi poloprst\u00fdmi cyklistick\u00fdmi rukavicemi RYINZ budete v pohod\u011b, komfortu a pod kontrolou. Tyto rukavice jsou ide\u00e1ln\u00ed pro letn\u00ed vyj\u00ed\u017e\u010fky, tr\u00e9ninky v posilovn\u011b i venkovn\u00ed dobrodru\u017estv\u00ed a jsou vybaveny prody\u0161nou s\u00ed\u0165ovinou, polstrov\u00e1n\u00edm dlan\u011b tlum\u00edc\u00edm n\u00e1razy a protiskluzov\u00fdm \u00fachopem. Stylov\u00e9 \u010dernob\u00edl\u00e9 a k\u00e1vov\u00e9 barevn\u00e9 proveden\u00ed dopln\u00ed jakoukoli v\u00fdbavu. Jsou ur\u010deny pro mu\u017ee i \u017eeny a poskytuj\u00ed optim\u00e1ln\u00ed pru\u017enost, vynikaj\u00edc\u00ed p\u0159ilnavost a zv\u00fd\u0161enou odolnost. Zvy\u0161te sv\u016fj v\u00fdkon a za\u017eijte maxim\u00e1ln\u00ed pohodl\u00ed s obuv\u00ed RYINZ.<\/p>","protected":false},"featured_media":8928,"comment_status":"closed","ping_status":"closed","template":"","meta":[],"product_brand":[35],"product_cat":[31,33],"product_tag":[40,39],"class_list":{"0":"post-8893","1":"product","2":"type-product","3":"status-publish","4":"has-post-thumbnail","6":"product_brand-ryinz","7":"product_cat-cycling-mountain-gloves","8":"product_cat-cycling-gloves","9":"product_tag-performance-cycling-gear","10":"product_tag-sport-gloves","12":"first","13":"instock","14":"taxable","15":"shipping-taxable","16":"purchasable","17":"product-type-simple"},"_links":{"self":[{"href":"https:\/\/ryinz.cz\/velkoobchod\/cs\/wp-json\/wp\/v2\/product\/8893","targetHints":{"allow":["GET"]}}],"collection":[{"href":"https:\/\/ryinz.cz\/velkoobchod\/cs\/wp-json\/wp\/v2\/product"}],"about":[{"href":"https:\/\/ryinz.cz\/velkoobchod\/cs\/wp-json\/wp\/v2\/types\/product"}],"replies":[{"embeddable":true,"href":"https:\/\/ryinz.cz\/velkoobchod\/cs\/wp-json\/wp\/v2\/comments?post=8893"}],"wp:featuredmedia":[{"embeddable":true,"href":"https:\/\/ryinz.cz\/velkoobchod\/cs\/wp-json\/wp\/v2\/media\/8928"}],"wp:attachment":[{"href":"https:\/\/ryinz.cz\/velkoobchod\/cs\/wp-json\/wp\/v2\/media?parent=8893"}],"wp:term":[{"taxonomy":"product_brand","embeddable":true,"href":"https:\/\/ryinz.cz\/velkoobchod\/cs\/wp-json\/wp\/v2\/product_brand?post=8893"},{"taxonomy":"product_cat","embeddable":true,"href":"https:\/\/ryinz.cz\/velkoobchod\/cs\/wp-json\/wp\/v2\/product_cat?post=8893"},{"taxonomy":"product_tag","embeddable":true,"href":"https:\/\/ryinz.cz\/velkoobchod\/cs\/wp-json\/wp\/v2\/product_tag?post=8893"}],"curies":[{"name":"wp","href":"https:\/\/api.w.org\/{rel}","templated":true}]}}