{"id":8892,"date":"2025-06-22T15:21:01","date_gmt":"2025-06-22T15:21:01","guid":{"rendered":"https:\/\/ryinz.cz\/velkoobchod\/?post_type=product&#038;p=8892"},"modified":"2026-01-18T20:16:36","modified_gmt":"2026-01-18T20:16:36","slug":"ryinz-ruzove-pulprstove-cyklisticke-rukavice-prodysne-lehke-polstrovane-cyklisticke-rukavice-pro-zeny-a-muze-pohlcujici-narazy-pohodli","status":"publish","type":"product","link":"https:\/\/ryinz.cz\/velkoobchod\/cs\/product\/ryinz-pink-half-finger-cycling-gloves-breathable-lightweight-padded-bike-gloves-for-women-and-men-shock-absorbing-comfort\/","title":{"rendered":"RYINZ Pink Half Finger Cycling Gloves - prody\u0161n\u00e9 lehk\u00e9 polstrovan\u00e9 cyklistick\u00e9 rukavice pro \u017eeny a mu\u017ee, tlum\u00edc\u00ed n\u00e1razy a pohodl\u00ed"},"content":{"rendered":"<p class=\"\" data-start=\"262\" data-end=\"748\">P\u0159edstavujeme v\u00e1m r\u016f\u017eov\u00e9 cyklistick\u00e9 rukavice RYINZ s p\u016flprstem, kter\u00e9 jsou dokonalou kombinac\u00ed v\u00fdkonu, pohodl\u00ed a poutav\u00e9ho stylu. Tyto rukavice, navr\u017een\u00e9 speci\u00e1ln\u011b pro jezdce, kte\u0159\u00ed vy\u017eaduj\u00ed funk\u010dnost, ani\u017e by ob\u011btovali m\u00f3du, nab\u00edzej\u00ed v\u0161e pot\u0159ebn\u00e9 pro lep\u0161\u00ed z\u00e1\u017eitek z j\u00edzdy na kole. A\u0165 u\u017e z\u00e1vod\u00edte na silnici, zdol\u00e1v\u00e1te n\u00e1ro\u010dn\u00e9 kopce, spinningujete v hale nebo se proj\u00ed\u017ed\u00edte po m\u011bst\u011b, rukavice RYINZ v\u00e1m poskytnou v\u00fdkon, kter\u00fd si zaslou\u017e\u00edte.<\/p>\n<p class=\"\" data-start=\"750\" data-end=\"1087\">Tyto rukavice jsou vyrobeny z vysoce kvalitn\u00edch prody\u0161n\u00fdch materi\u00e1l\u016f a umo\u017e\u0148uj\u00ed maxim\u00e1ln\u00ed proud\u011bn\u00ed vzduchu, tak\u017ee va\u0161e ruce z\u016fstanou chladn\u00e9, such\u00e9 a pohodln\u00e9 i p\u0159i t\u011bch nejintenzivn\u011bj\u0161\u00edch vyj\u00ed\u017e\u010fk\u00e1ch. Tkanina odv\u00e1d\u011bj\u00edc\u00ed vlhkost udr\u017euje pot na uzd\u011b, zat\u00edmco lehk\u00e1 konstrukce poskytuje sotva znateln\u00fd pocit, kter\u00fd v\u00e1m umo\u017en\u00ed soust\u0159edit se na j\u00edzdu bez rozptylov\u00e1n\u00ed.<\/p>\n<p class=\"\" data-start=\"1089\" data-end=\"1464\">Dlan\u011b jsou promy\u0161len\u011b polstrovan\u00e9 gelov\u00fdmi a p\u011bnov\u00fdmi vlo\u017ekami, kter\u00e9 tlum\u00ed n\u00e1razy a jsou strategicky rozm\u00edst\u011bny tak, aby sni\u017eovaly vibrace p\u0159i j\u00edzd\u011b, zm\u00edr\u0148ovaly tlak na ruce a zabra\u0148ovaly jejich znecitliv\u011bn\u00ed a \u00fanav\u011b. Tyto rukavice chr\u00e1n\u00ed va\u0161e ruce p\u0159i dlouh\u00fdch j\u00edzd\u00e1ch a z\u00e1rove\u0148 zlep\u0161uj\u00ed va\u0161i kontrolu nad \u0159\u00edd\u00edtky. Texturovan\u00fd protiskluzov\u00fd povrch zaji\u0161\u0165uje bezpe\u010dn\u00fd a jist\u00fd \u00fachop i za mokra.<\/p>\n<p class=\"\" data-start=\"1466\" data-end=\"1796\">Tyto rukavice jsou navr\u017eeny ve stylov\u00e9 a z\u00e1\u0159iv\u00e9 r\u016f\u017eov\u00e9 barv\u011b v kombinaci s elegantn\u00edmi \u010dern\u00fdmi akcenty a logem RYINZ a nab\u00edzej\u00ed jak m\u00f3dn\u00ed vzhled, tak profesion\u00e1ln\u00ed kvalitu. Konstrukce s p\u016flkou prst\u016f zaji\u0161\u0165uje volnost pohybu a hmatov\u00e9 ovl\u00e1d\u00e1n\u00ed, tak\u017ee m\u016f\u017eete snadno ovl\u00e1dat brzdy, \u0159azen\u00ed a mobiln\u00ed za\u0159\u00edzen\u00ed, ani\u017e byste si museli rukavice sund\u00e1vat.<\/p>\n<p class=\"\" data-start=\"1798\" data-end=\"2168\">Nastaviteln\u00e9 zap\u00edn\u00e1n\u00ed na such\u00fd zip zaji\u0161\u0165uje t\u011bsn\u00e9 a p\u0159izp\u016fsobiteln\u00e9 uchycen\u00ed kolem z\u00e1p\u011bst\u00ed, zabra\u0148uje sklouz\u00e1v\u00e1n\u00ed a umo\u017e\u0148uje rychl\u00e9 nasazen\u00ed a sund\u00e1n\u00ed. Stahovac\u00ed p\u00e1sky na prstech nav\u00edc umo\u017e\u0148uj\u00ed rychl\u00e9 a snadn\u00e9 sund\u00e1n\u00ed i po zpocen\u00e9 j\u00edzd\u011b. Zes\u00edlen\u00e9 dvojit\u011b pro\u0161it\u00e9 \u0161vy zvy\u0161uj\u00ed odolnost rukavic, tak\u017ee jsou ide\u00e1ln\u00ed pro ka\u017edodenn\u00ed j\u00edzdu i n\u00e1ro\u010dn\u00e9 tr\u00e9ninky.<\/p>\n<p class=\"\" data-start=\"2170\" data-end=\"2440\">R\u016f\u017eov\u00e9 cyklistick\u00e9 rukavice RYINZ nejsou ur\u010deny pouze pro j\u00edzdu na kole - jsou vynikaj\u00edc\u00ed pro r\u016fzn\u00e9 fitness aktivity, jako je cvi\u010den\u00ed v posilovn\u011b, posilov\u00e1n\u00ed, veslov\u00e1n\u00ed, a dokonce i j\u00edzda na kolob\u011b\u017ece nebo elektrokole. Jejich multifunk\u010dn\u00ed design v\u00e1m zajist\u00ed, \u017ee svou investici vyu\u017eijete na maximum.<\/p>\n<p class=\"\" data-start=\"2442\" data-end=\"2779\">D\u00edky ergonomick\u00e9mu tvaru a prody\u0161n\u00e9 konstrukci tyto rukavice minimalizuj\u00ed riziko \u00fanavy rukou, puch\u00fd\u0159\u016f nebo p\u0159eh\u0159\u00e1t\u00ed, a pom\u00e1haj\u00ed v\u00e1m tak jezdit d\u00e9le a c\u00edtit se l\u00e9pe. A\u0165 u\u017e jste p\u0159\u00edle\u017eitostn\u00fd cyklista, m\u011bstsk\u00fd cyklista, z\u00e1vodn\u00edk nebo fitness nad\u0161enec, tyto rukavice poskytuj\u00ed spolehliv\u00fd v\u00fdkon p\u0159i ka\u017ed\u00e9 j\u00edzd\u011b.<\/p>\n<p class=\"\" data-start=\"2781\" data-end=\"3056\">Se zna\u010dkou RYINZ nem\u00e1te jen rukavice - vyb\u00edr\u00e1te si vybaven\u00ed, kter\u00e9 v\u00e1s podpo\u0159\u00ed p\u0159i ka\u017ed\u00e9m se\u0161l\u00e1pnut\u00ed ped\u00e1lu, p\u0159i ka\u017ed\u00e9m stoup\u00e1n\u00ed a p\u0159i ka\u017ed\u00e9m projet\u00ed c\u00edlov\u00e9 p\u00e1sky. D\u016fv\u011b\u0159ujte spole\u010dnosti RYINZ, \u017ee dod\u00e1v\u00e1 rukavice navr\u017een\u00e9 pro \u0161ampiony a navr\u017een\u00e9 pro jedince, kte\u0159\u00ed se neboj\u00ed vyniknout.<\/p>","protected":false},"excerpt":{"rendered":"<p>Jezd\u011bte stylov\u011b a pohodln\u011b v r\u016f\u017eov\u00fdch cyklistick\u00fdch rukavic\u00edch RYINZ s p\u016flprstem. Tyto prody\u0161n\u00e9, lehk\u00e9 rukavice nab\u00edzej\u00ed vynikaj\u00edc\u00ed ventilaci, protiskluzov\u00e9 polstrov\u00e1n\u00ed dlan\u011b tlum\u00edc\u00ed n\u00e1razy a snadno nastaviteln\u00e9 zap\u00edn\u00e1n\u00ed na z\u00e1p\u011bst\u00ed pro bezpe\u010dn\u00e9 uchycen\u00ed. Jsou ide\u00e1ln\u00ed pro j\u00edzdu na kole, spinning, fitness tr\u00e9nink a j\u00edzdu na kolob\u011b\u017ece a kombinuj\u00ed m\u00f3dn\u00ed r\u016f\u017eov\u00fd design s robustn\u00ed odolnost\u00ed. U\u017eijte si maxim\u00e1ln\u00ed p\u0159ilnavost, men\u0161\u00ed \u00fanavu a dokonalou ochranu rukou p\u0159i ka\u017ed\u00e9 j\u00edzd\u011b. Vyberte si RYINZ pro styl zam\u011b\u0159en\u00fd na v\u00fdkon, kter\u00fd podpo\u0159\u00ed ka\u017ed\u00fd zdolan\u00fd kilometr.<\/p>","protected":false},"featured_media":8924,"comment_status":"closed","ping_status":"closed","template":"","meta":[],"product_brand":[35],"product_cat":[31,33],"product_tag":[36,37,38,39],"class_list":{"0":"post-8892","1":"product","2":"type-product","3":"status-publish","4":"has-post-thumbnail","6":"product_brand-ryinz","7":"product_cat-cycling-mountain-gloves","8":"product_cat-cycling-gloves","9":"product_tag-cycling-gloves","10":"product_tag-half-finger-gloves","11":"product_tag-pink-gloves","12":"product_tag-sport-gloves","14":"first","15":"instock","16":"taxable","17":"shipping-taxable","18":"purchasable","19":"product-type-simple"},"_links":{"self":[{"href":"https:\/\/ryinz.cz\/velkoobchod\/cs\/wp-json\/wp\/v2\/product\/8892","targetHints":{"allow":["GET"]}}],"collection":[{"href":"https:\/\/ryinz.cz\/velkoobchod\/cs\/wp-json\/wp\/v2\/product"}],"about":[{"href":"https:\/\/ryinz.cz\/velkoobchod\/cs\/wp-json\/wp\/v2\/types\/product"}],"replies":[{"embeddable":true,"href":"https:\/\/ryinz.cz\/velkoobchod\/cs\/wp-json\/wp\/v2\/comments?post=8892"}],"wp:featuredmedia":[{"embeddable":true,"href":"https:\/\/ryinz.cz\/velkoobchod\/cs\/wp-json\/wp\/v2\/media\/8924"}],"wp:attachment":[{"href":"https:\/\/ryinz.cz\/velkoobchod\/cs\/wp-json\/wp\/v2\/media?parent=8892"}],"wp:term":[{"taxonomy":"product_brand","embeddable":true,"href":"https:\/\/ryinz.cz\/velkoobchod\/cs\/wp-json\/wp\/v2\/product_brand?post=8892"},{"taxonomy":"product_cat","embeddable":true,"href":"https:\/\/ryinz.cz\/velkoobchod\/cs\/wp-json\/wp\/v2\/product_cat?post=8892"},{"taxonomy":"product_tag","embeddable":true,"href":"https:\/\/ryinz.cz\/velkoobchod\/cs\/wp-json\/wp\/v2\/product_tag?post=8892"}],"curies":[{"name":"wp","href":"https:\/\/api.w.org\/{rel}","templated":true}]}}