{"id":10437,"date":"2025-11-02T13:33:57","date_gmt":"2025-11-02T13:33:57","guid":{"rendered":"https:\/\/ryinz.cz\/velkoobchod\/?post_type=product&#038;p=10437"},"modified":"2026-01-18T20:23:49","modified_gmt":"2026-01-18T20:23:49","slug":"ryinz-stormguard-ce-level-2-motocyklove-rukavice-premiova-kozena-ochrana-pro-extremni-jezdce","status":"publish","type":"product","link":"https:\/\/ryinz.cz\/velkoobchod\/cs\/product\/ryinz-stormguard-ce-level-2-motorcycle-gloves-premium-leather-protection-for-extreme-riders\/","title":{"rendered":"RYINZ StormGuard CE Level 2 Motorcycle Gloves - \u0161pi\u010dkov\u00e1 ko\u017een\u00e1 ochrana pro extr\u00e9mn\u00ed jezdce"},"content":{"rendered":"<p data-start=\"122\" data-end=\"572\">Na str\u00e1nk\u00e1ch <strong data-start=\"175\" data-end=\"224\">RYINZ StormGuard CE Level 2 Rukavice na motorku<\/strong> p\u0159edstavuj\u00ed novou generaci profesion\u00e1ln\u00ed ochrany p\u0159i j\u00edzd\u011b na koni. Tyto rukavice jsou ur\u010deny pro jezdce, kte\u0159\u00ed odm\u00edtaj\u00ed kompromisy mezi pohodl\u00edm, v\u00fdkonem a bezpe\u010dnost\u00ed. <strong data-start=\"404\" data-end=\"440\">\u0159emesln\u00e9 zpracov\u00e1n\u00ed celoko\u017een\u00e9 k\u016f\u017ee<\/strong> s <strong data-start=\"446\" data-end=\"471\">pokro\u010dil\u00fd n\u00e1razov\u00fd panc\u00ed\u0159<\/strong> abyste m\u011bli jistotu na ka\u017ed\u00e9m kilometru - a\u0165 u\u017e na d\u00e1lnic\u00edch, z\u00e1vodn\u00edch okruz\u00edch nebo na b\u011b\u017ek\u00e1ch.<\/p>\n<p data-start=\"574\" data-end=\"913\">StormGuard je vyroben s ohledem na pevnost a odolnost. <strong data-start=\"642\" data-end=\"691\">vn\u011bj\u0161\u00ed pl\u00e1\u0161\u0165 z prvot\u0159\u00eddn\u00ed hov\u011bz\u00ed k\u016f\u017ee<\/strong>, vybran\u00fd pro svou odolnost proti od\u011bru a pru\u017enost. Rukavice jsou navr\u017eeny tak, aby se pohybovaly s va\u0161ima rukama, nikoli proti nim - poskytuj\u00ed v\u00e1m tak plnou kontrolu nad plynem, spojkou a brzdami i p\u0159i agresivn\u00ed j\u00edzd\u011b.<\/p>\n<p data-start=\"915\" data-end=\"1271\">J\u00e1drem ochrany rukavice je <strong data-start=\"958\" data-end=\"1010\">Chr\u00e1ni\u010d kloub\u016f vyztu\u017een\u00fd karbonem s certifikac\u00ed CE<\/strong>, osazen\u00e9 vo\u0161tinovou strukturou s odv\u011btr\u00e1v\u00e1n\u00edm, kter\u00e1 rozptyluje n\u00e1razy a z\u00e1rove\u0148 zachov\u00e1v\u00e1 proud\u011bn\u00ed vzduchu. Str\u00e1nky <strong data-start=\"1113\" data-end=\"1129\">brn\u011bn\u00ed prst\u016f<\/strong> a <strong data-start=\"1134\" data-end=\"1164\">polstrovan\u00e9 v\u00fdztuhy dlan\u00ed<\/strong> poskytuj\u00ed dodate\u010dnou ochranu v kritick\u00fdch oblastech a zaji\u0161\u0165uj\u00ed vynikaj\u00edc\u00ed ochranu bez ztr\u00e1ty obratnosti.<\/p>\n<p data-start=\"1273\" data-end=\"1596\">Na str\u00e1nk\u00e1ch <strong data-start=\"1277\" data-end=\"1304\">dvouvrstv\u00e1 ko\u017een\u00e1 dla\u0148<\/strong> zaji\u0161\u0165uje vynikaj\u00edc\u00ed p\u0159ilnavost a odolnost proti opot\u0159eben\u00ed skluznice, zat\u00edmco <strong data-start=\"1369\" data-end=\"1406\">strategicky um\u00edst\u011bn\u00e9 perforace<\/strong> po cel\u00e9 d\u00e9lce rukavice zvy\u0161uj\u00ed prody\u0161nost. Dvojit\u011b a trojit\u011b \u0161it\u00e9 \u0161vy zvy\u0161uj\u00ed odolnost rukavic p\u0159i n\u00e1maze a d\u011blaj\u00ed z nich spolehliv\u00e9ho spole\u010dn\u00edka pro cestovn\u00ed i sportovn\u00ed jezdce.<\/p>\n<p data-start=\"1598\" data-end=\"1853\">A <strong data-start=\"1600\" data-end=\"1624\">dlouh\u00e1 ochrann\u00e1 man\u017eeta<\/strong> s nastaviteln\u00fdm p\u00e1skem na such\u00fd zip zaji\u0161\u0165uje pln\u00e9 pokryt\u00ed z\u00e1p\u011bst\u00ed a p\u0159il\u00e9hav\u00e9 no\u0161en\u00ed, kompatibiln\u00ed s v\u011bt\u0161inou ruk\u00e1v\u016f bund. P\u0159edsazen\u00fd ergonomick\u00fd design sni\u017euje \u00fanavu, tak\u017ee tyto rukavice jsou ide\u00e1ln\u00ed pro pohodl\u00ed a kontrolu na dlouh\u00e9 vzd\u00e1lenosti.<\/p>\n<p data-start=\"1855\" data-end=\"2413\">Ka\u017ed\u00fd detail rukavic StormGuard odr\u00e1\u017e\u00ed z\u00e1vazek spole\u010dnosti RYINZ <strong data-start=\"1926\" data-end=\"1969\">etick\u00e9 \u0159emeslo a soci\u00e1ln\u00ed dopad<\/strong>. Ka\u017ed\u00fd p\u00e1r je pe\u010dliv\u011b ru\u010dn\u011b vyroben za spravedliv\u00fdch, bezpe\u010dn\u00fdch a posiluj\u00edc\u00edch pracovn\u00edch podm\u00ednek v r\u00e1mci kampan\u011b RYINZ. <strong data-start=\"2080\" data-end=\"2126\">Program pos\u00edlen\u00ed postaven\u00ed \u017een a lidsk\u00fdch pr\u00e1v<\/strong>. Tato iniciativa poskytuje \u017een\u00e1m v P\u00e1kist\u00e1nu a Banglad\u00e9\u0161i nejen stabiln\u00ed p\u0159\u00edjem a \u0161kolen\u00ed, ale tak\u00e9 nep\u0159etr\u017eitou emocion\u00e1ln\u00ed a psychologickou podporu ve v\u00edce ne\u017e 110 jazyc\u00edch - co\u017e je d\u016fkazem p\u0159esv\u011bd\u010den\u00ed spole\u010dnosti RYINZ, \u017ee ochrana by m\u011bla p\u0159esahovat jezdce i do rukou, kter\u00e9 tvo\u0159\u00ed.<\/p>\n<p data-start=\"2415\" data-end=\"2545\">V\u00fdb\u011brem zna\u010dky RYINZ se rozhodnete jezdit silou a srdcem - chr\u00e1n\u00edte sebe a podporujete v\u011bt\u0161\u00ed humanit\u00e1rn\u00ed c\u00edl.<\/p>\n<p data-start=\"2547\" data-end=\"2566\"><strong data-start=\"2547\" data-end=\"2564\">Kl\u00ed\u010dov\u00e9 vlastnosti:<\/strong><\/p>\n<ul data-start=\"2567\" data-end=\"3167\">\n<li data-start=\"2567\" data-end=\"2615\">\n<p data-start=\"2569\" data-end=\"2615\">\u00dapln\u00e1 ochrana s certifikac\u00ed CE Level 2.<\/p>\n<\/li>\n<li data-start=\"2616\" data-end=\"2668\">\n<p data-start=\"2618\" data-end=\"2668\">Pr\u00e9miov\u00e1 konstrukce z hov\u011bz\u00ed k\u016f\u017ee.<\/p>\n<\/li>\n<li data-start=\"2669\" data-end=\"2750\">\n<p data-start=\"2671\" data-end=\"2750\">Vzduchem odv\u011btr\u00e1van\u00fd chr\u00e1ni\u010d kloub\u016f vyztu\u017een\u00fd karbonem pro maxim\u00e1ln\u00ed tlumen\u00ed n\u00e1raz\u016f.<\/p>\n<\/li>\n<li data-start=\"2751\" data-end=\"2805\">\n<p data-start=\"2753\" data-end=\"2805\">Chr\u00e1ni\u010de prst\u016f a polstrov\u00e1n\u00ed dlan\u011b pro v\u011bt\u0161\u00ed bezpe\u010dnost.<\/p>\n<\/li>\n<li data-start=\"2806\" data-end=\"2857\">\n<p data-start=\"2808\" data-end=\"2857\">Dlouh\u00e1 man\u017eeta na rukavici pro del\u0161\u00ed pokryt\u00ed z\u00e1p\u011bst\u00ed.<\/p>\n<\/li>\n<li data-start=\"2858\" data-end=\"2912\">\n<p data-start=\"2860\" data-end=\"2912\">Dvouvrstv\u00e1 vyztu\u017een\u00e1 dla\u0148 s protiskluzovou k\u016f\u017e\u00ed.<\/p>\n<\/li>\n<li data-start=\"2913\" data-end=\"2969\">\n<p data-start=\"2915\" data-end=\"2969\">P\u0159edem zak\u0159iven\u00fd ergonomick\u00fd tvar pro ovl\u00e1d\u00e1n\u00ed bez \u00fanavy.<\/p>\n<\/li>\n<li data-start=\"2970\" data-end=\"3036\">\n<p data-start=\"2972\" data-end=\"3036\">Nastaviteln\u00e9 z\u00e1p\u011bst\u00ed a man\u017eety pro bezpe\u010dn\u00e9 a p\u0159izp\u016fsoben\u00e9 no\u0161en\u00ed.<\/p>\n<\/li>\n<li data-start=\"3037\" data-end=\"3097\">\n<p data-start=\"3039\" data-end=\"3097\">Strategick\u00e9 perfora\u010dn\u00ed z\u00f3ny pro v\u011btr\u00e1n\u00ed a pohodl\u00ed.<\/p>\n<\/li>\n<li data-start=\"3098\" data-end=\"3167\">\n<p data-start=\"3100\" data-end=\"3167\">Eticky ru\u010dn\u011b vyr\u00e1b\u011bn\u00e9 v r\u00e1mci iniciativy RYINZ Women Empowerment.<\/p>\n<\/li>\n<\/ul>\n<p data-start=\"3169\" data-end=\"3348\">Ka\u017ed\u00e1 rukavice RYINZ StormGuard je spojen\u00edm technologie, stylu a soucitu - umo\u017e\u0148uje jezdc\u016fm zdol\u00e1vat silnice s jistotou a z\u00e1rove\u0148 pom\u00e1h\u00e1 \u017een\u00e1m budovat siln\u011bj\u0161\u00ed budoucnost.<\/p>","protected":false},"excerpt":{"rendered":"<p data-start=\"3355\" data-end=\"3954\">Rukavice RYINZ StormGuard CE Level 2 jsou ur\u010deny pro jezdce, kte\u0159\u00ed vy\u017eaduj\u00ed maxim\u00e1ln\u00ed ochranu a pohodl\u00ed. Jsou vyrobeny z celoko\u017een\u00e9 k\u016f\u017ee s odv\u011btr\u00e1van\u00fdm karbonov\u00fdm panc\u00ed\u0159em kloub\u016f a zaji\u0161\u0165uj\u00ed vynikaj\u00edc\u00ed trvanlivost a odolnost proti n\u00e1raz\u016fm. Dlouh\u00e1 man\u017eeta a dva p\u00e1sky na such\u00fd zip zaru\u010duj\u00ed bezpe\u010dn\u00e9 uchycen\u00ed, zat\u00edmco perforovan\u00e9 z\u00f3ny zvy\u0161uj\u00ed prody\u0161nost. Tyto rukavice jsou ide\u00e1ln\u00ed pro turistiku nebo rychlou j\u00edzdu a spojuj\u00ed v sob\u011b pevnost, bezpe\u010dnost a \u00fa\u010delnost. Eticky vyroben\u00e9 v r\u00e1mci programu RYINZ pro pos\u00edlen\u00ed postaven\u00ed \u017een - ka\u017ed\u00e1 objedn\u00e1vka podporuje f\u00e9rovou pr\u00e1ci a emocion\u00e1ln\u00ed pohodu \u017een po cel\u00e9m sv\u011bt\u011b.<\/p>","protected":false},"featured_media":10438,"comment_status":"closed","ping_status":"closed","template":"","meta":[],"product_brand":[35],"product_cat":[1111,380,1268],"product_tag":[1270,1216,916,1212,1073,1273,1269,1271,841,1272,1055,123,419,1214,1091],"class_list":{"0":"post-10437","1":"product","2":"type-product","3":"status-publish","4":"has-post-thumbnail","6":"product_brand-ryinz","7":"product_cat-motorbike","8":"product_cat-motorbike-gloves","9":"product_cat-racing-ce-level-2-protective-gloves","10":"product_tag-armored-gloves","11":"product_tag-breathable-motorcycle-gloves","12":"product_tag-carbon-knuckle-gloves","13":"product_tag-ce-level-2-gloves","14":"product_tag-ethical-manufacturing","15":"product_tag-high-protection-gloves","16":"product_tag-leather-motorbike-gloves","17":"product_tag-long-cuff-gloves","18":"product_tag-motorcycle-gloves","19":"product_tag-premium-biker-gear","20":"product_tag-protective-gloves","21":"product_tag-racing-gloves","22":"product_tag-ryinz-gloves","23":"product_tag-touring-gloves","24":"product_tag-women-empowerment","26":"first","27":"instock","28":"taxable","29":"shipping-taxable","30":"purchasable","31":"product-type-simple"},"_links":{"self":[{"href":"https:\/\/ryinz.cz\/velkoobchod\/cs\/wp-json\/wp\/v2\/product\/10437","targetHints":{"allow":["GET"]}}],"collection":[{"href":"https:\/\/ryinz.cz\/velkoobchod\/cs\/wp-json\/wp\/v2\/product"}],"about":[{"href":"https:\/\/ryinz.cz\/velkoobchod\/cs\/wp-json\/wp\/v2\/types\/product"}],"replies":[{"embeddable":true,"href":"https:\/\/ryinz.cz\/velkoobchod\/cs\/wp-json\/wp\/v2\/comments?post=10437"}],"wp:featuredmedia":[{"embeddable":true,"href":"https:\/\/ryinz.cz\/velkoobchod\/cs\/wp-json\/wp\/v2\/media\/10438"}],"wp:attachment":[{"href":"https:\/\/ryinz.cz\/velkoobchod\/cs\/wp-json\/wp\/v2\/media?parent=10437"}],"wp:term":[{"taxonomy":"product_brand","embeddable":true,"href":"https:\/\/ryinz.cz\/velkoobchod\/cs\/wp-json\/wp\/v2\/product_brand?post=10437"},{"taxonomy":"product_cat","embeddable":true,"href":"https:\/\/ryinz.cz\/velkoobchod\/cs\/wp-json\/wp\/v2\/product_cat?post=10437"},{"taxonomy":"product_tag","embeddable":true,"href":"https:\/\/ryinz.cz\/velkoobchod\/cs\/wp-json\/wp\/v2\/product_tag?post=10437"}],"curies":[{"name":"wp","href":"https:\/\/api.w.org\/{rel}","templated":true}]}}