{"id":10429,"date":"2025-11-02T13:08:40","date_gmt":"2025-11-02T13:08:40","guid":{"rendered":"https:\/\/ryinz.cz\/velkoobchod\/?post_type=product&#038;p=10429"},"modified":"2026-01-18T20:23:39","modified_gmt":"2026-01-18T20:23:39","slug":"ryinz-stormguard-ce-level-2-motocyklove-rukavice-z-hovezi-kuze-premium-adventure-protection","status":"publish","type":"product","link":"https:\/\/ryinz.cz\/velkoobchod\/cs\/product\/ryinz-stormguard-ce-level-2-motorcycle-gloves-premium-cowhide-leather-adventure-protection\/","title":{"rendered":"RYINZ StormGuard CE Level 2 Motocyklov\u00e9 rukavice - Pr\u00e9miov\u00e1 hov\u011bz\u00ed k\u016f\u017ee Ochrana p\u0159i dobrodru\u017estv\u00edch"},"content":{"rendered":"<p data-start=\"121\" data-end=\"547\">Na str\u00e1nk\u00e1ch <strong data-start=\"174\" data-end=\"223\">RYINZ StormGuard CE Level 2 Rukavice na motorku<\/strong> jsou ur\u010deny pro ty, kte\u0159\u00ed jezd\u00ed za hranicemi - pro jezdce, kte\u0159\u00ed tou\u017e\u00ed po p\u0159esnosti, pohodl\u00ed a absolutn\u00ed bezpe\u010dnosti za jak\u00fdchkoli podm\u00ednek. A\u0165 u\u017e man\u00e9vrujete v uta\u017een\u00fdch m\u011bstsk\u00fdch zat\u00e1\u010dk\u00e1ch, proj\u00ed\u017ed\u00edte horsk\u00e9 pr\u016fsmyky nebo br\u00e1zd\u00edte zem\u011b, tyto rukavice poskytuj\u00ed profesion\u00e1ln\u00ed ochranu, ani\u017e byste museli ob\u011btovat pohodl\u00ed nebo kontrolu.<\/p>\n<p data-start=\"549\" data-end=\"901\">Vyrobeno z <strong data-start=\"562\" data-end=\"598\">prvot\u0159\u00eddn\u00ed hov\u011bz\u00ed a koz\u00ed k\u016f\u017ee<\/strong>, rukavice StormGuard kombinuj\u00ed odolnost a pru\u017enost pro p\u0159irozen\u00fd \u00fachop a dlouhotrvaj\u00edc\u00ed v\u00fdkon. Vyztu\u017een\u00e9 <strong data-start=\"721\" data-end=\"751\">Brn\u011bn\u00ed s certifikac\u00ed CE Level 2<\/strong>, tyto rukavice maj\u00ed <strong data-start=\"774\" data-end=\"803\">karbonov\u00e9 chr\u00e1ni\u010de kloub\u016f<\/strong>, <strong data-start=\"805\" data-end=\"829\">polstrovan\u00e9 panely pro prsty<\/strong>, a <strong data-start=\"835\" data-end=\"855\">vyztu\u017een\u00e9 dlan\u011b<\/strong> pro maxim\u00e1ln\u00ed odolnost proti n\u00e1razu a od\u011bru.<\/p>\n<p data-start=\"903\" data-end=\"1221\">Ka\u017ed\u00e1 rukavice je ergonomicky navr\u017eena tak, aby se p\u0159izp\u016fsobila p\u0159irozen\u00e9mu tvaru va\u0161\u00ed ruky a minimalizovala \u00fanavu b\u011bhem dlouh\u00fdch j\u00edzd. Str\u00e1nky <strong data-start=\"1030\" data-end=\"1051\">dvouvrstv\u00e1 dla\u0148<\/strong> s protiskluzovou v\u00fdztuhou zlep\u0161uje p\u0159ilnavost a p\u0159esnost ovl\u00e1d\u00e1n\u00ed plynu, zat\u00edmco <strong data-start=\"1125\" data-end=\"1152\">polstrov\u00e1n\u00ed tlum\u00edc\u00ed n\u00e1razy<\/strong> v kritick\u00fdch z\u00f3n\u00e1ch chr\u00e1n\u00ed p\u0159ed vibracemi a zran\u011bn\u00edmi zp\u016fsoben\u00fdmi n\u00e1razem.<\/p>\n<p data-start=\"1223\" data-end=\"1660\">Ko\u017een\u00e9 vlo\u017eky s odv\u011btr\u00e1v\u00e1n\u00edm udr\u017euj\u00ed proud\u011bn\u00ed vzduchu, tak\u017ee ruce z\u016fst\u00e1vaj\u00ed v teple chladn\u00e9 a pohodln\u00e9. V chladn\u011bj\u0161\u00edm po\u010das\u00ed poskytuj\u00ed p\u0159irozen\u00e9 izola\u010dn\u00ed vlastnosti StormGuard teplo, ani\u017e by zvy\u0161ovaly objem. Na <strong data-start=\"1430\" data-end=\"1458\">akordeonov\u00e9 stre\u010dov\u00e9 panely<\/strong> v oblasti prst\u016f a z\u00e1p\u011bst\u00ed nab\u00edz\u00ed vynikaj\u00edc\u00ed flexibilitu a snadn\u00fd pohyb, zat\u00edmco roz\u0161\u00ed\u0159en\u00e1 man\u017eeta s <strong data-start=\"1568\" data-end=\"1603\">Popruh na such\u00fd zip a nastavova\u010d na z\u00e1p\u011bst\u00ed<\/strong> zaji\u0161\u0165uje bezpe\u010dn\u00e9 uchycen\u00ed pod nebo p\u0159es ruk\u00e1v bundy.<\/p>\n<p data-start=\"1662\" data-end=\"1915\">Dvoubarevn\u00e1 \u010derno-rud\u00e1 povrchov\u00e1 \u00faprava rukavic odr\u00e1\u017e\u00ed vyt\u0159\u00edben\u00e9 evropsk\u00e9 \u0159emesln\u00e9 zpracov\u00e1n\u00ed a z\u00e1vazek spole\u010dnosti RYINZ k estetick\u00e9mu zpracov\u00e1n\u00ed. Ka\u017ed\u00fd steh je vyztu\u017een <strong data-start=\"1834\" data-end=\"1852\">Z\u00e1vit KEVLAR\u00ae<\/strong>, co\u017e zaji\u0161\u0165uje vynikaj\u00edc\u00ed odolnost proti roztr\u017een\u00ed a dlouhodobou \u017eivotnost.<\/p>\n<p data-start=\"1917\" data-end=\"2366\">V\u00edce ne\u017e jen jezdeck\u00e9 rukavice <strong data-start=\"1952\" data-end=\"1972\">RYINZ StormGuard<\/strong> p\u0159edstavuje \u00fa\u010del. Ka\u017ed\u00fd p\u00e1r je eticky ru\u010dn\u011b vyroben pod zna\u010dkou RYINZ. <strong data-start=\"2043\" data-end=\"2092\">iniciativa pro pos\u00edlen\u00ed postaven\u00ed \u017een a lidsk\u00e1 pr\u00e1va<\/strong>, aby kvalifikovan\u00e9 \u017eeny v P\u00e1kist\u00e1nu a Banglad\u00e9\u0161i pracovaly v bezpe\u010dn\u00e9m, spravedliv\u00e9m a podp\u016frn\u00e9m prost\u0159ed\u00ed. Spole\u010dnost RYINZ reinvestuje \u010d\u00e1st sv\u00fdch p\u0159\u00edjm\u016f do program\u016f vzd\u011bl\u00e1v\u00e1n\u00ed, pracovn\u00ed p\u0159\u00edpravy a emocion\u00e1ln\u00ed podpory \u017een - poskytuje nep\u0159etr\u017eitou v\u00edcejazy\u010dnou pomoc ve v\u00edce ne\u017e 110 jazyc\u00edch.<\/p>\n<p data-start=\"2368\" data-end=\"2450\">V\u00fdb\u011brem zna\u010dky RYINZ nenos\u00edte jen ochranu - nesete s sebou d\u016fvod.<\/p>\n<p data-start=\"2452\" data-end=\"2471\"><strong data-start=\"2452\" data-end=\"2469\">Kl\u00ed\u010dov\u00e9 vlastnosti:<\/strong><\/p>\n<ul data-start=\"2472\" data-end=\"3130\">\n<li data-start=\"2472\" data-end=\"2558\">\n<p data-start=\"2474\" data-end=\"2558\">Pr\u00e9miov\u00e1 konstrukce z hov\u011bz\u00ed a koz\u00ed k\u016f\u017ee pro maxim\u00e1ln\u00ed ochranu a pohodl\u00ed.<\/p>\n<\/li>\n<li data-start=\"2559\" data-end=\"2611\">\n<p data-start=\"2561\" data-end=\"2611\">Certifikovan\u00e1 ochrana CE \u00farovn\u011b 2 (EN 13594:2015).<\/p>\n<\/li>\n<li data-start=\"2612\" data-end=\"2683\">\n<p data-start=\"2614\" data-end=\"2683\">Karbonov\u00e9 brn\u011bn\u00ed kloub\u016f a prsty s p\u011bnovou v\u00fdpln\u00ed tlum\u00ed n\u00e1razy.<\/p>\n<\/li>\n<li data-start=\"2684\" data-end=\"2750\">\n<p data-start=\"2686\" data-end=\"2750\">Zes\u00edlen\u00e1 dla\u0148 s dvojit\u00fdm ko\u017een\u00fdm povrchem a protiskluzov\u00fdm \u00fachopem.<\/p>\n<\/li>\n<li data-start=\"2751\" data-end=\"2805\">\n<p data-start=\"2753\" data-end=\"2805\">Stre\u010dov\u00e9 panely Accordion pro v\u011bt\u0161\u00ed flexibilitu.<\/p>\n<\/li>\n<li data-start=\"2806\" data-end=\"2875\">\n<p data-start=\"2808\" data-end=\"2875\">Perforovan\u00e9 ko\u017een\u00e9 z\u00f3ny pro v\u011btr\u00e1n\u00ed a vyrovn\u00e1v\u00e1n\u00ed teploty.<\/p>\n<\/li>\n<li data-start=\"2876\" data-end=\"2942\">\n<p data-start=\"2878\" data-end=\"2942\">Prodlou\u017een\u00e1 man\u017eeta s nastaviteln\u00fdm zap\u00edn\u00e1n\u00edm na such\u00fd zip pro bezpe\u010dn\u00e9 uchycen\u00ed.<\/p>\n<\/li>\n<li data-start=\"2943\" data-end=\"3001\">\n<p data-start=\"2945\" data-end=\"3001\">Ergonomick\u00fd design s p\u0159edem zak\u0159iven\u00fdmi prsty pro lep\u0161\u00ed ovl\u00e1d\u00e1n\u00ed.<\/p>\n<\/li>\n<li data-start=\"3002\" data-end=\"3063\">\n<p data-start=\"3004\" data-end=\"3063\">Pro\u0161it\u00ed KEVLAR\u00ae zaji\u0161\u0165uje trvanlivost a odolnost proti roztr\u017een\u00ed.<\/p>\n<\/li>\n<li data-start=\"3064\" data-end=\"3130\">\n<p data-start=\"3066\" data-end=\"3130\">Eticky ru\u010dn\u011b vyr\u00e1b\u011bn\u00e9 v r\u00e1mci mise RYINZ zam\u011b\u0159en\u00e9 na pos\u00edlen\u00ed postaven\u00ed \u017een.<\/p>\n<\/li>\n<\/ul>\n<p data-start=\"3132\" data-end=\"3342\">Ka\u017ed\u00fd detail <strong data-start=\"3152\" data-end=\"3182\">RYINZ StormGuard CE rukavice<\/strong> je navr\u017een tak, aby chr\u00e1nil to nejd\u016fle\u017eit\u011bj\u0161\u00ed - va\u0161i bezpe\u010dnost, pohodl\u00ed a hodnoty. Jezd\u011bte s jistotou a v\u011bdom\u00edm, \u017ee va\u0161e v\u00fdbava znamen\u00e1 s\u00edlu a soucit.<\/p>","protected":false},"excerpt":{"rendered":"<p>Rukavice RYINZ StormGuard CE Level 2 poskytuj\u00ed elitn\u00ed ochranu a flexibilitu pro n\u00e1ro\u010dn\u00e9 jezdce. Jsou vyrobeny z prvot\u0159\u00eddn\u00ed hov\u011bz\u00ed a koz\u00ed k\u016f\u017ee s panc\u00ed\u0159em s certifikac\u00ed CE, maj\u00ed karbonov\u00e9 klouby, zes\u00edlen\u00e9 dlan\u011b a harmonikov\u00e9 panely pro maxim\u00e1ln\u00ed kontrolu a bezpe\u010dnost. Odv\u011btr\u00e1van\u00e9 \u010d\u00e1sti zlep\u0161uj\u00ed proud\u011bn\u00ed vzduchu, zat\u00edmco prodlou\u017een\u00e9 man\u017eety zaji\u0161\u0165uj\u00ed bezpe\u010dn\u00e9 uchycen\u00ed. Ka\u017ed\u00fd p\u00e1r je vyroben eticky v r\u00e1mci iniciativy RYINZ pro pos\u00edlen\u00ed postaven\u00ed \u017een a podporuje lidsk\u00e1 pr\u00e1va, spravedlivou pr\u00e1ci a bezpe\u010dn\u00e1 pracovi\u0161t\u011b. RYINZ je jin\u00fd - ka\u017ed\u00e1 objedn\u00e1vka podporuje smysluplnou v\u011bc.<\/p>","protected":false},"featured_media":10430,"comment_status":"closed","ping_status":"closed","template":"","meta":[],"product_brand":[35],"product_cat":[1111],"product_tag":[1225,1231,1230,1227,1212,1226,1073,1093,1218,841,1229,1228,419,1214,1091],"class_list":{"0":"post-10429","1":"product","2":"type-product","3":"status-publish","4":"has-post-thumbnail","6":"product_brand-ryinz","7":"product_cat-motorbike","8":"product_tag-adventure-motorcycle-gloves","9":"product_tag-armored-biker-gloves","10":"product_tag-breathable-leather-gloves","11":"product_tag-carbon-knuckle-protection","12":"product_tag-ce-level-2-gloves","13":"product_tag-cowhide-gloves","14":"product_tag-ethical-manufacturing","15":"product_tag-european-design-gloves","16":"product_tag-leather-biker-gloves","17":"product_tag-motorcycle-gloves","18":"product_tag-premium-motorcycle-gear","19":"product_tag-protective-riding-gear","20":"product_tag-ryinz-gloves","21":"product_tag-touring-gloves","22":"product_tag-women-empowerment","24":"first","25":"instock","26":"taxable","27":"shipping-taxable","28":"purchasable","29":"product-type-simple"},"_links":{"self":[{"href":"https:\/\/ryinz.cz\/velkoobchod\/cs\/wp-json\/wp\/v2\/product\/10429","targetHints":{"allow":["GET"]}}],"collection":[{"href":"https:\/\/ryinz.cz\/velkoobchod\/cs\/wp-json\/wp\/v2\/product"}],"about":[{"href":"https:\/\/ryinz.cz\/velkoobchod\/cs\/wp-json\/wp\/v2\/types\/product"}],"replies":[{"embeddable":true,"href":"https:\/\/ryinz.cz\/velkoobchod\/cs\/wp-json\/wp\/v2\/comments?post=10429"}],"wp:featuredmedia":[{"embeddable":true,"href":"https:\/\/ryinz.cz\/velkoobchod\/cs\/wp-json\/wp\/v2\/media\/10430"}],"wp:attachment":[{"href":"https:\/\/ryinz.cz\/velkoobchod\/cs\/wp-json\/wp\/v2\/media?parent=10429"}],"wp:term":[{"taxonomy":"product_brand","embeddable":true,"href":"https:\/\/ryinz.cz\/velkoobchod\/cs\/wp-json\/wp\/v2\/product_brand?post=10429"},{"taxonomy":"product_cat","embeddable":true,"href":"https:\/\/ryinz.cz\/velkoobchod\/cs\/wp-json\/wp\/v2\/product_cat?post=10429"},{"taxonomy":"product_tag","embeddable":true,"href":"https:\/\/ryinz.cz\/velkoobchod\/cs\/wp-json\/wp\/v2\/product_tag?post=10429"}],"curies":[{"name":"wp","href":"https:\/\/api.w.org\/{rel}","templated":true}]}}