{"id":10419,"date":"2025-11-02T12:26:00","date_gmt":"2025-11-02T12:26:00","guid":{"rendered":"https:\/\/ryinz.cz\/velkoobchod\/?post_type=product&#038;p=10419"},"modified":"2026-01-18T20:23:24","modified_gmt":"2026-01-18T20:23:24","slug":"ryinz-urbanstorm-svetle-sede-motocyklove-dziny-s-certifikaci-ce-zesilena-jezdecka-dzinovina","status":"publish","type":"product","link":"https:\/\/ryinz.cz\/velkoobchod\/cs\/product\/ryinz-urbanstorm-light-grey-motorcycle-jeans-ce-certified-reinforced-riding-denim\/","title":{"rendered":"RYINZ UrbanStorm Light Grey Motocyklov\u00e9 d\u017e\u00edny - zes\u00edlen\u00e1 d\u017e\u00ednovina s certifikac\u00ed CE"},"content":{"rendered":"<p data-start=\"112\" data-end=\"498\">Seznamte se s <strong data-start=\"170\" data-end=\"218\">RYINZ UrbanStorm Light Grey D\u017e\u00edny na motorku<\/strong>, dal\u0161\u00ed v\u00fdvoj v oblasti ochrany m\u011bstsk\u00fdch motocykl\u016f - kde se minimalistick\u00fd evropsk\u00fd design snoub\u00ed s technickou dokonalost\u00ed. Tyto d\u017e\u00edny byly vytvo\u0159eny pro jezdce, kte\u0159\u00ed cht\u011bj\u00ed z\u016fstat stylov\u00ed mimo motorku a z\u00e1rove\u0148 pln\u011b chr\u00e1n\u011bn\u00ed na motorce, a nov\u011b definuj\u00ed, jak by se m\u011bly c\u00edtit pohodl\u00ed, v\u00fdkon a bezpe\u010dnost dohromady.<\/p>\n<p data-start=\"500\" data-end=\"983\">Vyrobeno z <strong data-start=\"510\" data-end=\"583\">pr\u00e9miov\u00e1 12oz stre\u010dov\u00e1 d\u017e\u00ednovina s p\u0159\u00edm\u011bs\u00ed aramidov\u00fdch vl\u00e1ken DuPont\u2122 Kevlar\u00ae.<\/strong>, d\u017e\u00edny UrbanStorm poskytuj\u00ed v\u00fdjime\u010dnou odolnost proti od\u011bru a roztr\u017een\u00ed. Aramidov\u00e9 panely jsou strategicky rozm\u00edst\u011bny v m\u00edstech s vysokou m\u00edrou n\u00e1razu - na kolenou, boc\u00edch a sedadle - a poskytuj\u00ed panc\u00e9\u0159ovou ochranu p\u0159i zachov\u00e1n\u00ed m\u011bkk\u00e9 a pru\u017en\u00e9 struktury. Na rozd\u00edl od objemn\u00fdch tradi\u010dn\u00edch jezdeck\u00fdch kalhot se tyto d\u017e\u00edny p\u0159irozen\u011b pohybuj\u00ed spolu s va\u0161\u00edm t\u011blem d\u00edky integrovan\u00e9mu <strong data-start=\"933\" data-end=\"956\">4sm\u011brn\u00e9 stre\u010dov\u00e9 z\u00f3ny<\/strong> na kolenou a v rozkroku.<\/p>\n<p data-start=\"985\" data-end=\"1359\">Vybaveno <strong data-start=\"999\" data-end=\"1024\">Chr\u00e1ni\u010de CE \u00farovn\u011b 1<\/strong> pro kolena a boky, d\u017e\u00edny spl\u0148uj\u00ed normy EN 1621-1 a spolehliv\u011b tlum\u00ed n\u00e1razy. Chr\u00e1ni\u010de jsou snadno odn\u00edmateln\u00e9, co\u017e umo\u017e\u0148uje v\u0161estrann\u00e9 no\u0161en\u00ed mimo kolo. Str\u00e1nky <strong data-start=\"1210\" data-end=\"1235\">\u017eebrovan\u00e9 stre\u010dov\u00e9 panely<\/strong> v oblasti kolen zlep\u0161uje pohyblivost a ergonomii j\u00edzdy, zat\u00edmco zes\u00edlen\u00e1 konstrukce sedla dod\u00e1v\u00e1 dlouhotrvaj\u00edc\u00ed odolnost.<\/p>\n<p data-start=\"1361\" data-end=\"1725\">D\u017e\u00edny UrbanStorm jsou pro lep\u0161\u00ed proud\u011bn\u00ed vzduchu a pohodl\u00ed vybaveny <strong data-start=\"1419\" data-end=\"1442\">dva v\u011btrac\u00ed otvory na zip<\/strong> na stehnech - ide\u00e1ln\u00ed pro j\u00edzdu v tepl\u00e9m po\u010das\u00ed. Prody\u0161n\u00e1 s\u00ed\u0165ovan\u00e1 pod\u0161\u00edvka zvy\u0161uje pohodl\u00ed t\u00edm, \u017ee umo\u017e\u0148uje odv\u00e1d\u011bt pot, a udr\u017euje v\u00e1s tak v chladu i p\u0159i del\u0161\u00edch cest\u00e1ch. Str\u00e1nky <strong data-start=\"1612\" data-end=\"1648\">anatomick\u00fd design s p\u0159edozadn\u00edm zak\u0159iven\u00edm nohou<\/strong> zaji\u0161\u0165uje p\u0159irozen\u00fd postoj p\u0159i j\u00edzd\u011b a sni\u017euje tlak na kolena a ky\u010dle.<\/p>\n<p data-start=\"1727\" data-end=\"1985\">Dokon\u010deno v elegantn\u00edm <strong data-start=\"1750\" data-end=\"1776\">sv\u011btle \u0161ed\u00fd sepran\u00fd t\u00f3n<\/strong>, tyto d\u017e\u00edny p\u0159edstavuj\u00ed rafinovan\u00fd, univerz\u00e1ln\u00ed vzhled, kter\u00fd se snadno kombinuje s jakoukoli bundou nebo botami. Elegantn\u00ed ton\u00e1ln\u00ed pro\u0161\u00edv\u00e1n\u00ed a decentn\u00ed zna\u010dka RYINZ odr\u00e1\u017eej\u00ed modern\u00ed, nen\u00e1padn\u00e9 sebev\u011bdom\u00ed dne\u0161n\u00edch jezdc\u016f.<\/p>\n<p data-start=\"1987\" data-end=\"2431\">\u0158ada UrbanStorm je hrd\u00fdm vyj\u00e1d\u0159en\u00edm <strong data-start=\"2039\" data-end=\"2095\">Posl\u00e1n\u00ed spole\u010dnosti RYINZ v oblasti lidsk\u00fdch pr\u00e1v a pos\u00edlen\u00ed postaven\u00ed \u017een<\/strong>. Ka\u017ed\u00fd p\u00e1r je eticky vyroben v certifikovan\u00fdch d\u00edln\u00e1ch v P\u00e1kist\u00e1nu a Banglad\u00e9\u0161i, kde je zaji\u0161t\u011bno bezpe\u010dn\u00e9 zam\u011bstn\u00e1n\u00ed a spravedliv\u00e1 mzda pro \u017eeny. Prost\u0159ednictv\u00edm iniciativy Ryinz zam\u011b\u0159en\u00e9 na nep\u0159etr\u017eitou v\u00edcejazy\u010dnou podporu maj\u00ed d\u011bln\u00edci a jejich rodiny p\u0159\u00edstup k du\u0161evn\u00edmu zdrav\u00ed a emocion\u00e1ln\u00ed pomoci ve v\u00edce ne\u017e 110 jazyc\u00edch - co\u017e je d\u016fkazem filozofie spole\u010dnosti Ryinz, kter\u00e1 je zam\u011b\u0159ena na c\u00edle.<\/p>\n<p data-start=\"2433\" data-end=\"2640\">Vyberte si <strong data-start=\"2440\" data-end=\"2466\">RYINZ UrbanStorm Jeans<\/strong> pro dokonalou rovnov\u00e1hu ochrany, stylu a soucitu. Kdy\u017e jezd\u00edte se zna\u010dkou Ryinz, nem\u00e1te na sob\u011b jen ochrannou v\u00fdbavu - nos\u00edte hodnoty, kter\u00e9 chr\u00e1n\u00ed \u017eivoty.<\/p>\n<p data-start=\"2642\" data-end=\"2661\"><strong data-start=\"2642\" data-end=\"2659\">Kl\u00ed\u010dov\u00e9 vlastnosti:<\/strong><\/p>\n<ul data-start=\"2662\" data-end=\"3291\">\n<li data-start=\"2662\" data-end=\"2728\">\n<p data-start=\"2664\" data-end=\"2728\">12oz pr\u00e9miov\u00e1 stre\u010dov\u00e1 d\u017e\u00ednovina s v\u00fdztu\u017e\u00ed DuPont\u2122 Kevlar\u00ae.<\/p>\n<\/li>\n<li data-start=\"2729\" data-end=\"2800\">\n<p data-start=\"2731\" data-end=\"2800\">Chr\u00e1ni\u010de kolen a bok\u016f CE Level 1 (odn\u00edmateln\u00e9 a nastaviteln\u00e9).<\/p>\n<\/li>\n<li data-start=\"2801\" data-end=\"2866\">\n<p data-start=\"2803\" data-end=\"2866\">Zes\u00edlen\u00e9 aramidov\u00e9 panely v n\u00e1razov\u00fdch z\u00f3n\u00e1ch (kolena, sedadlo, boky).<\/p>\n<\/li>\n<li data-start=\"2867\" data-end=\"2929\">\n<p data-start=\"2869\" data-end=\"2929\">\u010cty\u0159sm\u011brn\u00e9 stre\u010dov\u00e9 panely pro vynikaj\u00edc\u00ed pohodl\u00ed a flexibilitu.<\/p>\n<\/li>\n<li data-start=\"2930\" data-end=\"2987\">\n<p data-start=\"2932\" data-end=\"2987\">\u017debrovan\u00e9 kolenn\u00ed \u010d\u00e1sti pro lep\u0161\u00ed pohyblivost a styl.<\/p>\n<\/li>\n<li data-start=\"2988\" data-end=\"3048\">\n<p data-start=\"2990\" data-end=\"3048\">Prody\u0161n\u00e1 s\u00ed\u0165ovan\u00e1 pod\u0161\u00edvka pro regulaci vlhkosti a proud\u011bn\u00ed vzduchu.<\/p>\n<\/li>\n<li data-start=\"3049\" data-end=\"3106\">\n<p data-start=\"3051\" data-end=\"3106\">Dva stehenn\u00ed v\u011btrac\u00ed otvory na zip pro regulaci teploty.<\/p>\n<\/li>\n<li data-start=\"3107\" data-end=\"3156\">\n<p data-start=\"3109\" data-end=\"3156\">T\u0159ikr\u00e1t pro\u0161it\u00e9 \u0161vy pro maxim\u00e1ln\u00ed odolnost.<\/p>\n<\/li>\n<li data-start=\"3157\" data-end=\"3215\">\n<p data-start=\"3159\" data-end=\"3215\">Jemn\u00fd n\u00e1pis RYINZ s elegantn\u00edm \u0161ed\u00fdm sepran\u00fdm povrchem.<\/p>\n<\/li>\n<li data-start=\"3216\" data-end=\"3291\">\n<p data-start=\"3218\" data-end=\"3291\">Etick\u00e1 v\u00fdroba se spravedlivou mzdou a pos\u00edlen\u00edm postaven\u00ed \u017een.<\/p>\n<\/li>\n<\/ul>\n<p data-start=\"3293\" data-end=\"3466\">Ka\u017ed\u00fd detail <strong data-start=\"3313\" data-end=\"3350\">RYINZ UrbanStorm Sv\u011btle \u0161ed\u00e9 d\u017e\u00edny<\/strong> odr\u00e1\u017e\u00ed oddanost jezdc\u016fm, bezpe\u010dnosti a lidskosti. Navr\u017eeno pro v\u00fdkon, navr\u017eeno pro sv\u011bdom\u00ed.<\/p>","protected":false},"excerpt":{"rendered":"<p>RYINZ UrbanStorm Light Grey Motorcycle Jeans nab\u00edzej\u00ed ochranu certifikovanou CE v elegantn\u00edm a modern\u00edm designu. Jsou vyrobeny ze stre\u010dov\u00e9 d\u017e\u00ednoviny s kevlarov\u00fdmi\u00ae v\u00fdztuhami a odn\u00edmateln\u00fdm panc\u00ed\u0159em a zaji\u0161\u0165uj\u00ed flexibilitu, bezpe\u010dnost a pohodl\u00ed p\u0159i ka\u017ed\u00e9 j\u00edzd\u011b. Prody\u0161n\u00e1 pod\u0161\u00edvka ze s\u00ed\u0165oviny, v\u011btrac\u00ed otvory na stehnech na zip a \u017eebrovan\u00e9 panely na kolenou zvy\u0161uj\u00ed v\u00fdkon a proud\u011bn\u00ed vzduchu. Ka\u017ed\u00fd p\u00e1r je navr\u017een v Evrop\u011b a eticky vyroben v r\u00e1mci programu Ryinz pro pos\u00edlen\u00ed postaven\u00ed \u017een, co\u017e podporuje lidsk\u00e1 pr\u00e1va a spravedlivou pr\u00e1ci. Ryinz je jin\u00fd - tam, kde styl, bezpe\u010dnost a soucit jedou spole\u010dn\u011b.<\/p>","protected":false},"featured_media":10420,"comment_status":"closed","ping_status":"closed","template":"","meta":[],"product_brand":[35],"product_cat":[1111,1109],"product_tag":[1199,1183,1197,1160,1073,1196,1192,1191,1164,1158,1194,1193,1195,1198,1091],"class_list":{"0":"post-10419","1":"product","2":"type-product","3":"status-publish","4":"has-post-thumbnail","6":"product_brand-ryinz","7":"product_cat-motorbike","8":"product_cat-motorbike-apparel","9":"product_tag-abrasion-resistant-jeans","10":"product_tag-armored-denim","11":"product_tag-breathable-motorcycle-jeans","12":"product_tag-ce-approved-jeans","13":"product_tag-ethical-manufacturing","14":"product_tag-european-motorcycle-gear","15":"product_tag-kevlar-motorcycle-pants","16":"product_tag-light-grey-riding-jeans","17":"product_tag-motorcycle-apparel","18":"product_tag-motorcycle-jeans","19":"product_tag-protective-biker-pants","20":"product_tag-ryinz-motorcycle-jeans","21":"product_tag-stretch-motorcycle-jeans","22":"product_tag-stylish-biker-denim","23":"product_tag-women-empowerment","25":"first","26":"instock","27":"taxable","28":"shipping-taxable","29":"purchasable","30":"product-type-simple"},"_links":{"self":[{"href":"https:\/\/ryinz.cz\/velkoobchod\/cs\/wp-json\/wp\/v2\/product\/10419","targetHints":{"allow":["GET"]}}],"collection":[{"href":"https:\/\/ryinz.cz\/velkoobchod\/cs\/wp-json\/wp\/v2\/product"}],"about":[{"href":"https:\/\/ryinz.cz\/velkoobchod\/cs\/wp-json\/wp\/v2\/types\/product"}],"replies":[{"embeddable":true,"href":"https:\/\/ryinz.cz\/velkoobchod\/cs\/wp-json\/wp\/v2\/comments?post=10419"}],"wp:featuredmedia":[{"embeddable":true,"href":"https:\/\/ryinz.cz\/velkoobchod\/cs\/wp-json\/wp\/v2\/media\/10420"}],"wp:attachment":[{"href":"https:\/\/ryinz.cz\/velkoobchod\/cs\/wp-json\/wp\/v2\/media?parent=10419"}],"wp:term":[{"taxonomy":"product_brand","embeddable":true,"href":"https:\/\/ryinz.cz\/velkoobchod\/cs\/wp-json\/wp\/v2\/product_brand?post=10419"},{"taxonomy":"product_cat","embeddable":true,"href":"https:\/\/ryinz.cz\/velkoobchod\/cs\/wp-json\/wp\/v2\/product_cat?post=10419"},{"taxonomy":"product_tag","embeddable":true,"href":"https:\/\/ryinz.cz\/velkoobchod\/cs\/wp-json\/wp\/v2\/product_tag?post=10419"}],"curies":[{"name":"wp","href":"https:\/\/api.w.org\/{rel}","templated":true}]}}