{"id":10416,"date":"2025-11-02T12:21:48","date_gmt":"2025-11-02T12:21:48","guid":{"rendered":"https:\/\/ryinz.cz\/velkoobchod\/?post_type=product&#038;p=10416"},"modified":"2026-01-18T20:23:21","modified_gmt":"2026-01-18T20:23:21","slug":"ryinz-streetrider-black-ce-armored-motorcycle-jeans-mestska-ochrana-ve-velkem-stylu","status":"publish","type":"product","link":"https:\/\/ryinz.cz\/velkoobchod\/cs\/product\/ryinz-streetrider-black-ce-armored-motorcycle-jeans-urban-protection-in-style\/","title":{"rendered":"RYINZ StreetRider Black CE-Armored Motorcycle Jeans - stylov\u00e1 ochrana ve m\u011bst\u011b"},"content":{"rendered":"<p data-start=\"108\" data-end=\"490\">Na str\u00e1nk\u00e1ch <strong data-start=\"161\" data-end=\"216\">RYINZ StreetRider Black CE-Armored Motocyklov\u00e9 d\u017e\u00edny<\/strong> spojuj\u00ed to nejlep\u0161\u00ed ze dvou sv\u011bt\u016f - modern\u00ed streetwearov\u00fd design a pokro\u010dilou ochranu motocyklu. Tyto d\u017e\u00edny, navr\u017een\u00e9 pro jezdce, kte\u0159\u00ed \u017eij\u00ed rychle a voln\u011b se pohybuj\u00ed, kombinuj\u00ed prvot\u0159\u00eddn\u00ed materi\u00e1ly, evropsk\u00e9 \u0159emesln\u00e9 zpracov\u00e1n\u00ed a etick\u00fd p\u0159\u00edstup k v\u00fdrob\u011b, kter\u00fd je pro Ryinz charakteristick\u00fd.<\/p>\n<p data-start=\"492\" data-end=\"843\">Vyrobeno z <strong data-start=\"505\" data-end=\"573\">vysoce odoln\u00e1 stre\u010dov\u00e1 d\u017e\u00ednovina sm\u00edchan\u00e1 s v\u00fdztu\u017e\u00ed z aramidov\u00fdch vl\u00e1ken.<\/strong>, d\u017e\u00edny StreetRider poskytuj\u00ed vynikaj\u00edc\u00ed odolnost proti od\u011bru a z\u00e1rove\u0148 zachov\u00e1vaj\u00ed p\u0159irozen\u00fd pocit z d\u017e\u00ednoviny. Jsou ide\u00e1ln\u00ed pro doj\u00ed\u017ed\u011bn\u00ed do m\u011bsta i v\u00edkendov\u00e9 vyj\u00ed\u017e\u010fky, poskytuj\u00ed ochranu profesion\u00e1ln\u00edch motocyklov\u00fdch kalhot, ani\u017e by to bylo na \u00fakor stylu b\u011b\u017en\u00fdch d\u017e\u00edn\u016f.<\/p>\n<p data-start=\"845\" data-end=\"1287\">Funkce d\u017e\u00edn\u016f <strong data-start=\"863\" data-end=\"893\">Brn\u011bn\u00ed s certifik\u00e1tem CE \u00farovn\u011b 1<\/strong> na kolenou a boc\u00edch, diskr\u00e9tn\u011b integrovan\u00e9 a odn\u00edmateln\u00e9 pro no\u0161en\u00ed mimo kolo. Zes\u00edlen\u00e9 panely z aramidov\u00fdch vl\u00e1ken v kritick\u00fdch z\u00f3n\u00e1ch - v\u010detn\u011b sedla, kolen a stehen - chr\u00e1n\u00ed jezdce p\u0159ed od\u0159en\u00edm a teplem p\u0159i sjezdu. Ochrann\u00e1 pod\u0161\u00edvka ze s\u00ed\u0165oviny zaji\u0161\u0165uje prody\u0161nost a kontrolu vlhkosti, zat\u00edmco p\u0159irozen\u00e1 elasticita tkaniny umo\u017e\u0148uje plnou volnost pohybu v jak\u00e9koli j\u00edzdn\u00ed pozici.<\/p>\n<p data-start=\"1289\" data-end=\"1632\">V\u00fdrazn\u00e9 <strong data-start=\"1301\" data-end=\"1342\">\u017eebrovan\u00e9 stre\u010dov\u00e9 panely nad koleny<\/strong> zvy\u0161uje flexibilitu, tak\u017ee dlouh\u00e9 j\u00edzdy nebo m\u011bstsk\u00fd provoz se zastavov\u00e1n\u00edm a rozj\u00ed\u017ed\u011bn\u00edm jsou pohodln\u011bj\u0161\u00ed. \u0160t\u00edhl\u00fd st\u0159ih se p\u0159izp\u016fsob\u00ed t\u011blu, ani\u017e by omezoval pohyb, zat\u00edmco <strong data-start=\"1510\" data-end=\"1545\">strategicky naru\u0161en\u00fd design<\/strong> dod\u00e1v\u00e1 robustn\u00ed, za\u017eit\u00fd vzhled, kter\u00fd dokonale dopl\u0148uje \u017eivotn\u00ed styl m\u011bstsk\u00fdch jezdc\u016f.<\/p>\n<p data-start=\"1634\" data-end=\"1915\">Tyto d\u017e\u00edny v tmav\u011b \u010dern\u00e9 barv\u011b s minim\u00e1ln\u00edm n\u00e1pisem RYINZ jsou stejn\u011b stylov\u00e9 mimo kolo jako na n\u011bm. Zes\u00edlen\u00e9 trojit\u00e9 pro\u0161it\u00ed v\u0161ech hlavn\u00edch \u0161v\u016f zvy\u0161uje pevnost, zat\u00edmco odoln\u00e9 zipy YKK a n\u00fdty dopl\u0148uj\u00ed prvot\u0159\u00eddn\u00ed konstrukci.<\/p>\n<p data-start=\"1917\" data-end=\"2351\">Ka\u017ed\u00fd p\u00e1r d\u017e\u00edn\u016f StreetRider je sou\u010d\u00e1st\u00ed z\u00e1vazku spole\u010dnosti Ryinz. <strong data-start=\"1981\" data-end=\"2032\">etick\u00e1 v\u00fdroba a obhajoba lidsk\u00fdch pr\u00e1v<\/strong>. Vyr\u00e1b\u011bj\u00ed se v certifikovan\u00fdch za\u0159\u00edzen\u00edch v P\u00e1kist\u00e1nu a Banglad\u00e9\u0161i a zaji\u0161\u0165uj\u00ed bezpe\u010dn\u00e9 pracovn\u00ed prost\u0159ed\u00ed, rovn\u00e9 odm\u011b\u0148ov\u00e1n\u00ed a p\u0159\u00edle\u017eitosti pro pos\u00edlen\u00ed postaven\u00ed \u017een. \u010c\u00e1st z ka\u017ed\u00e9ho n\u00e1kupu podporuje nep\u0159etr\u017eitou v\u00edcejazy\u010dnou emocion\u00e1ln\u00ed podporu a vzd\u011bl\u00e1vac\u00ed programy pro \u017eeny ve v\u00edce ne\u017e 110 jazyc\u00edch - co\u017e je charakteristick\u00fdm znakem posl\u00e1n\u00ed spole\u010dnosti Ryinz.<\/p>\n<p data-start=\"2353\" data-end=\"2562\">Na str\u00e1nk\u00e1ch <strong data-start=\"2357\" data-end=\"2401\">RYINZ StreetRider \u010dern\u00e9 CE-panc\u00e9\u0159ovan\u00e9 d\u017e\u00edny<\/strong> nejsou jen jezdeck\u00e9 kalhoty - jsou vyj\u00e1d\u0159en\u00edm odolnosti, individuality a odpov\u011bdnosti. Vytvo\u0159eny pro jezdce, kte\u0159\u00ed cht\u011bj\u00ed vypadat stejn\u011b dob\u0159e, jako se c\u00edt\u00ed bezpe\u010dn\u011b.<\/p>\n<p data-start=\"2564\" data-end=\"2583\"><strong data-start=\"2564\" data-end=\"2581\">Kl\u00ed\u010dov\u00e9 vlastnosti:<\/strong><\/p>\n<ul data-start=\"2584\" data-end=\"3227\">\n<li data-start=\"2584\" data-end=\"2669\">\n<p data-start=\"2586\" data-end=\"2669\">Siln\u00e1 stre\u010dov\u00e1 d\u017e\u00ednovina s v\u00fdztu\u017e\u00ed z aramidov\u00fdch vl\u00e1ken pro odolnost proti od\u011bru.<\/p>\n<\/li>\n<li data-start=\"2670\" data-end=\"2741\">\n<p data-start=\"2672\" data-end=\"2741\">Odn\u00edmateln\u00fd panc\u00ed\u0159 CE Level 1 na kolenou a boc\u00edch (certifik\u00e1t EN 1621-1).<\/p>\n<\/li>\n<li data-start=\"2742\" data-end=\"2797\">\n<p data-start=\"2744\" data-end=\"2797\">Prody\u0161n\u00e1 s\u00ed\u0165ovan\u00e1 pod\u0161\u00edvka pro pohodl\u00ed a v\u011btr\u00e1n\u00ed.<\/p>\n<\/li>\n<li data-start=\"2798\" data-end=\"2857\">\n<p data-start=\"2800\" data-end=\"2857\">Stre\u010dov\u00e9 \u017eebrovan\u00e9 panely pro pru\u017enost a pohodl\u00ed v oblasti kolen.<\/p>\n<\/li>\n<li data-start=\"2858\" data-end=\"2924\">\n<p data-start=\"2860\" data-end=\"2924\">T\u0159ikr\u00e1t pro\u0161it\u00e9 \u0161vy v nam\u00e1han\u00fdch z\u00f3n\u00e1ch pro vy\u0161\u0161\u00ed odolnost.<\/p>\n<\/li>\n<li data-start=\"2925\" data-end=\"2978\">\n<p data-start=\"2927\" data-end=\"2978\">Proveden\u00ed s od\u0159en\u00fdm designem p\u016fsob\u00ed m\u011bstsky a drsn\u011b.<\/p>\n<\/li>\n<li data-start=\"2979\" data-end=\"3040\">\n<p data-start=\"2981\" data-end=\"3040\">\u00dazk\u00fd st\u0159ih pro modern\u00ed styl a optim\u00e1ln\u00ed pohyblivost.<\/p>\n<\/li>\n<li data-start=\"3041\" data-end=\"3099\">\n<p data-start=\"3043\" data-end=\"3099\">Zes\u00edlen\u00e1 sedac\u00ed a stehenn\u00ed \u010d\u00e1st pro dlouhotrvaj\u00edc\u00ed no\u0161en\u00ed.<\/p>\n<\/li>\n<li data-start=\"3100\" data-end=\"3148\">\n<p data-start=\"3102\" data-end=\"3148\">Odoln\u00e9 zipy YKK a kovov\u00e9 n\u00fdty.<\/p>\n<\/li>\n<li data-start=\"3149\" data-end=\"3227\">\n<p data-start=\"3151\" data-end=\"3227\">Eticky vyr\u00e1b\u011bn\u00e9 v r\u00e1mci mise spole\u010dnosti Ryinz zam\u011b\u0159en\u00e9 na pos\u00edlen\u00ed postaven\u00ed \u017een a spravedlivou pr\u00e1ci.<\/p>\n<\/li>\n<\/ul>\n<p data-start=\"3229\" data-end=\"3369\">Kdy\u017e nos\u00edte <strong data-start=\"3243\" data-end=\"3264\">RYINZ StreetRider<\/strong>, nos\u00edte v\u00edc ne\u017e jen ochranu - nos\u00edte pokrok, sebed\u016fv\u011bru a soucit, v\u0161e se\u0161it\u00e9 v jednom.<\/p>","protected":false},"excerpt":{"rendered":"<p>D\u017e\u00edny RYINZ StreetRider Black CE-Armored kombinuj\u00ed streetwearov\u00fd styl se seri\u00f3zn\u00ed ochranou. Jsou vyrobeny ze stre\u010dov\u00e9 d\u017e\u00ednoviny s aramidovou v\u00fdztuhou a panc\u00ed\u0159em CE Level 1 na kolenou a boc\u00edch a poskytuj\u00ed odolnost, pohodl\u00ed a flexibilitu pro ka\u017edodenn\u00ed j\u00edzdu. D\u00edky \u017eebrovan\u00fdm panel\u016fm, \u00fazk\u00e9mu st\u0159ihu a proma\u010dkan\u00fdm detail\u016fm jsou ide\u00e1ln\u00ed pro no\u0161en\u00ed na kole i mimo n\u011bj. Jsou navr\u017eeny v Evrop\u011b a eticky vyrobeny v r\u00e1mci iniciativy Ryinz pro pos\u00edlen\u00ed postaven\u00ed \u017een, tak\u017ee ka\u017ed\u00e1 objedn\u00e1vka podporuje lidsk\u00e1 pr\u00e1va, bezpe\u010dn\u00e1 pracovn\u00ed m\u00edsta a spravedliv\u00e9 mzdy.<\/p>","protected":false},"featured_media":10418,"comment_status":"closed","ping_status":"closed","template":"","meta":[],"product_brand":[35],"product_cat":[1111,1109],"product_tag":[1185,1183,1163,1182,1184,1189,1073,1190,1158,1162,1165,1188,1187,1186,1091],"class_list":{"0":"post-10416","1":"product","2":"type-product","3":"status-publish","4":"has-post-thumbnail","6":"product_brand-ryinz","7":"product_cat-motorbike","8":"product_cat-motorbike-apparel","9":"product_tag-aramid-reinforced-jeans","10":"product_tag-armored-denim","11":"product_tag-biker-jeans","12":"product_tag-black-riding-jeans","13":"product_tag-ce-certified-jeans","14":"product_tag-durable-denim","15":"product_tag-ethical-manufacturing","16":"product_tag-european-design-riding-jeans","17":"product_tag-motorcycle-jeans","18":"product_tag-protective-riding-pants","19":"product_tag-ryinz-jeans","20":"product_tag-slim-fit-motorcycle-jeans","21":"product_tag-streetwear-motorcycle-gear","22":"product_tag-urban-motorcycle-wear","23":"product_tag-women-empowerment","25":"first","26":"instock","27":"taxable","28":"shipping-taxable","29":"purchasable","30":"product-type-simple"},"_links":{"self":[{"href":"https:\/\/ryinz.cz\/velkoobchod\/cs\/wp-json\/wp\/v2\/product\/10416","targetHints":{"allow":["GET"]}}],"collection":[{"href":"https:\/\/ryinz.cz\/velkoobchod\/cs\/wp-json\/wp\/v2\/product"}],"about":[{"href":"https:\/\/ryinz.cz\/velkoobchod\/cs\/wp-json\/wp\/v2\/types\/product"}],"replies":[{"embeddable":true,"href":"https:\/\/ryinz.cz\/velkoobchod\/cs\/wp-json\/wp\/v2\/comments?post=10416"}],"wp:featuredmedia":[{"embeddable":true,"href":"https:\/\/ryinz.cz\/velkoobchod\/cs\/wp-json\/wp\/v2\/media\/10418"}],"wp:attachment":[{"href":"https:\/\/ryinz.cz\/velkoobchod\/cs\/wp-json\/wp\/v2\/media?parent=10416"}],"wp:term":[{"taxonomy":"product_brand","embeddable":true,"href":"https:\/\/ryinz.cz\/velkoobchod\/cs\/wp-json\/wp\/v2\/product_brand?post=10416"},{"taxonomy":"product_cat","embeddable":true,"href":"https:\/\/ryinz.cz\/velkoobchod\/cs\/wp-json\/wp\/v2\/product_cat?post=10416"},{"taxonomy":"product_tag","embeddable":true,"href":"https:\/\/ryinz.cz\/velkoobchod\/cs\/wp-json\/wp\/v2\/product_tag?post=10416"}],"curies":[{"name":"wp","href":"https:\/\/api.w.org\/{rel}","templated":true}]}}