{"id":10407,"date":"2025-11-02T12:01:41","date_gmt":"2025-11-02T12:01:41","guid":{"rendered":"https:\/\/ryinz.cz\/velkoobchod\/?post_type=product&#038;p=10407"},"modified":"2026-01-18T20:22:47","modified_gmt":"2026-01-18T20:22:47","slug":"ryinz-aerostrike-mx-dres-blue-edition-pro-level-motocross-enduro-jezdecke-vybaveni","status":"publish","type":"product","link":"https:\/\/ryinz.cz\/velkoobchod\/cs\/product\/ryinz-aerostrike-mx-jersey-blue-edition-pro-level-motocross-enduro-riding-gear\/","title":{"rendered":"RYINZ AeroStrike MX Jersey - Blue Edition | Motokrosov\u00e9 a enduro vybaven\u00ed pro profesion\u00e1ly"},"content":{"rendered":"<p data-start=\"113\" data-end=\"523\">Vstupte do budoucnosti motokrosov\u00e9ho v\u00fdkonu s modelem <strong data-start=\"217\" data-end=\"262\">RYINZ AeroStrike MX Jersey - modr\u00e1 edice<\/strong>, ur\u010den\u00e9 pro jezdce, kte\u0159\u00ed vy\u017eaduj\u00ed rychlost, p\u0159esnost a styl. Tento dres, vyroben\u00fd s vyu\u017eit\u00edm textiln\u00ed technologie nov\u00e9 generace, poskytuje pokro\u010dilou prody\u0161nost, odolnost a pru\u017enost pro profesion\u00e1ln\u00ed i rekrea\u010dn\u00ed jezdce, kte\u0159\u00ed p\u0159i ka\u017ed\u00e9 j\u00edzd\u011b posouvaj\u00ed sv\u00e9 limity.<\/p>\n<p data-start=\"525\" data-end=\"946\">Vyrobeno z <strong data-start=\"538\" data-end=\"590\">vysoce v\u00fdkonn\u00e1 polyesterov\u00e1 s\u00ed\u0165ovina odv\u00e1d\u011bj\u00edc\u00ed vlhkost<\/strong>, AeroStrike zaji\u0161\u0165uje optim\u00e1ln\u00ed cirkulaci vzduchu, rychle odv\u00e1d\u00ed pot od t\u011bla a udr\u017euje v\u00e1s tak v chladu a soust\u0159ed\u011bn\u00ed i p\u0159i intenzivn\u00ed j\u00edzd\u011b. Jeho ultralehk\u00e1 konstrukce zaji\u0161\u0165uje vynikaj\u00edc\u00ed pohodl\u00ed, ani\u017e by to bylo na \u00fakor pevnosti, zat\u00edmco. <strong data-start=\"845\" data-end=\"872\">\u010dty\u0159sm\u011brn\u00e9 stre\u010dov\u00e9 panely<\/strong> se dokonale p\u0159izp\u016fsob\u00ed ka\u017ed\u00e9mu pohybu a umo\u017en\u00ed pln\u00fd rozsah pohybu.<\/p>\n<p data-start=\"948\" data-end=\"1396\">Na str\u00e1nk\u00e1ch <strong data-start=\"952\" data-end=\"987\">n\u00e1padn\u00e9 elektricky modr\u00e9 zbarven\u00ed<\/strong> v kombinaci s kovov\u011b \u0161edou barvou a v\u00fdrazn\u00fdmi \u010dern\u00fdmi detaily dod\u00e1v\u00e1 modelu AeroStrike dynamick\u00fd, aerodynamick\u00fd vzhled. Na p\u0159edn\u00ed stran\u011b je velk\u00fdm a sebev\u011bdom\u00fdm p\u00edsmem vyvedeno logo RYINZ, zat\u00edmco na zadn\u00ed stran\u011b se nach\u00e1z\u00ed ikonick\u00fd embl\u00e9m Ryinz \u201cR\u201d - zna\u010dka s\u00edly a p\u0159esnosti, kter\u00e9 d\u016fv\u011b\u0159uj\u00ed evrop\u0161t\u00ed jezdci. D\u00edky pou\u017eit\u00ed sublima\u010dn\u00edho tisku odoln\u00e9ho proti vyblednut\u00ed si design zachov\u00e1v\u00e1 svou \u017eivost i po opakovan\u00e9m pran\u00ed a vystaven\u00ed UV z\u00e1\u0159en\u00ed.<\/p>\n<p data-start=\"1398\" data-end=\"1865\">Ka\u017ed\u00fd detail dresu AeroStrike je navr\u017een pro v\u00fdkon. Na str\u00e1nk\u00e1ch . <strong data-start=\"1471\" data-end=\"1488\">ergonomick\u00e9 p\u0159izp\u016fsoben\u00ed<\/strong> p\u0159irozen\u011b se p\u0159izp\u016fsobuje t\u011blu jezdce, \u010d\u00edm\u017e sni\u017euje odpor vzduchu a \u00fanavu p\u0159i dlouh\u00fdch sezen\u00edch. Str\u00e1nky <strong data-start=\"1591\" data-end=\"1617\">prodlou\u017een\u00fd spodn\u00ed lem<\/strong> udr\u017euje dres bezpe\u010dn\u011b zastr\u010den\u00fd v kalhot\u00e1ch MX, a to i p\u0159i agresivn\u00edch man\u00e9vrech nebo skoc\u00edch. M\u011bkk\u00e9 elastick\u00e9 man\u017eety a zes\u00edlen\u00fd l\u00edmec s v\u00fdst\u0159ihem do V zaji\u0161\u0165uj\u00ed pohodln\u00e9 no\u0161en\u00ed pod helmou a rukavicemi a zabra\u0148uj\u00ed podr\u00e1\u017ed\u011bn\u00ed b\u011bhem dlouh\u00fdch hodin na trati.<\/p>\n<p data-start=\"1867\" data-end=\"2187\">Stejn\u011b jako u v\u0161ech od\u011bv\u016f Ryinz odr\u00e1\u017e\u00ed AeroStrike v\u00edce ne\u017e jen v\u00fdkon - p\u0159edstavuje \u00fa\u010del. Ka\u017ed\u00fd kus je vyroben za etick\u00fdch pracovn\u00edch podm\u00ednek v certifikovan\u00fdch partnersk\u00fdch tov\u00e1rn\u00e1ch Ryinz v P\u00e1kist\u00e1nu a Banglad\u00e9\u0161i, kter\u00e9 posiluj\u00ed postaven\u00ed \u017een prost\u0159ednictv\u00edm spravedliv\u00fdch mezd, vzd\u011bl\u00e1v\u00e1n\u00ed a nep\u0159etr\u017eit\u00e9 v\u00edcejazy\u010dn\u00e9 emocion\u00e1ln\u00ed podpory.<\/p>\n<p data-start=\"2189\" data-end=\"2424\">T\u00edm, \u017ee nos\u00ed <strong data-start=\"2204\" data-end=\"2234\">RYINZ AeroStrike MX Jersey<\/strong>, nejezd\u00edte jen rychleji - jezd\u00edte sv\u011bdomit\u011b. Ka\u017ed\u00fd n\u00e1kup p\u0159isp\u00edv\u00e1 k vytvo\u0159en\u00ed bezpe\u010dn\u011bj\u0161\u00ed, spravedliv\u011bj\u0161\u00ed a siln\u011bj\u0161\u00ed budoucnosti pro \u017eeny v cel\u00e9m v\u00fdrobn\u00edm \u0159et\u011bzci.<\/p>\n<p data-start=\"2426\" data-end=\"2445\"><strong data-start=\"2426\" data-end=\"2443\">Kl\u00ed\u010dov\u00e9 vlastnosti:<\/strong><\/p>\n<ul data-start=\"2446\" data-end=\"3143\">\n<li data-start=\"2446\" data-end=\"2515\">\n<p data-start=\"2448\" data-end=\"2515\">Velmi lehk\u00e1, prody\u0161n\u00e1 polyesterov\u00e1 s\u00ed\u0165ovina pro maxim\u00e1ln\u00ed proud\u011bn\u00ed vzduchu.<\/p>\n<\/li>\n<li data-start=\"2516\" data-end=\"2577\">\n<p data-start=\"2518\" data-end=\"2577\">\u010cty\u0159sm\u011brn\u00e9 stre\u010dov\u00e9 panely pro naprostou volnost pohybu.<\/p>\n<\/li>\n<li data-start=\"2578\" data-end=\"2654\">\n<p data-start=\"2580\" data-end=\"2654\">Tkanina odv\u00e1d\u011bj\u00edc\u00ed vlhkost v\u00e1s udr\u017e\u00ed v suchu a pohodl\u00ed b\u011bhem dlouh\u00fdch j\u00edzd.<\/p>\n<\/li>\n<li data-start=\"2655\" data-end=\"2728\">\n<p data-start=\"2657\" data-end=\"2728\">Ergonomick\u00fd st\u0159ih navr\u017een\u00fd pro v\u00fdkonn\u00e9 motokrosov\u00e9 a enduro pou\u017eit\u00ed.<\/p>\n<\/li>\n<li data-start=\"2729\" data-end=\"2793\">\n<p data-start=\"2731\" data-end=\"2793\">Prodlou\u017een\u00e1 kapkovit\u00e1 konstrukce pro bezpe\u010dn\u00e9 uchycen\u00ed pod jezdeck\u00fdmi kalhotami.<\/p>\n<\/li>\n<li data-start=\"2794\" data-end=\"2858\">\n<p data-start=\"2796\" data-end=\"2858\">M\u011bkk\u00e9 elastick\u00e9 man\u017eety a vyztu\u017een\u00fd l\u00edmec s v\u00fdst\u0159ihem do V pro v\u011bt\u0161\u00ed pohodl\u00ed.<\/p>\n<\/li>\n<li data-start=\"2859\" data-end=\"2936\">\n<p data-start=\"2861\" data-end=\"2936\">Sublima\u010dn\u00ed modr\u00fd, \u010dern\u00fd a \u0161ed\u00fd potisk - odoln\u00fd proti vyblednut\u00ed a UV z\u00e1\u0159en\u00ed.<\/p>\n<\/li>\n<li data-start=\"2937\" data-end=\"3005\">\n<p data-start=\"2939\" data-end=\"3005\">Zes\u00edlen\u00e9 \u0161vy zaji\u0161\u0165uj\u00ed odolnost v extr\u00e9mn\u00edch j\u00edzdn\u00edch podm\u00ednk\u00e1ch.<\/p>\n<\/li>\n<li data-start=\"3006\" data-end=\"3074\">\n<p data-start=\"3008\" data-end=\"3074\">Navr\u017eeno v Evrop\u011b a eticky vyrobeno podle standard\u016f Ryinz.<\/p>\n<\/li>\n<li data-start=\"3075\" data-end=\"3143\">\n<p data-start=\"3077\" data-end=\"3143\">Podporuje programy na pos\u00edlen\u00ed postaven\u00ed \u017een a lidsk\u00fdch pr\u00e1v na cel\u00e9m sv\u011bt\u011b.<\/p>\n<\/li>\n<\/ul>\n<p data-start=\"3145\" data-end=\"3347\">Na str\u00e1nk\u00e1ch <strong data-start=\"3149\" data-end=\"3179\">RYINZ AeroStrike MX Jersey<\/strong> nen\u00ed jen pouh\u00fdm za\u0159\u00edzen\u00edm - je to spojen\u00ed rychlosti, technologie a soci\u00e1ln\u00edho dopadu. Je ur\u010den pro ty, kte\u0159\u00ed v\u011b\u0159\u00ed, \u017ee v\u00fdkon a \u00fa\u010del pat\u0159\u00ed k sob\u011b.<\/p>","protected":false},"excerpt":{"rendered":"<p>Dres RYINZ AeroStrike MX - Blue Edition poskytuje rychlost, pohodl\u00ed a v\u00fdkon pro motokrosov\u00e9 a enduro jezdce. Je vyroben z ultralehk\u00e9 prody\u0161n\u00e9 s\u00ed\u0165oviny se \u010dty\u0159sm\u011brn\u00fdm stre\u010dov\u00fdm efektem a nab\u00edz\u00ed bezkonkuren\u010dn\u00ed flexibilitu a kontrolu vlhkosti. D\u00edky v\u00fdrazn\u00e9mu modro\u0161ed\u00e9mu designu a ergonomick\u00e9mu st\u0159ihu je stvo\u0159en pro profesion\u00e1ly, kte\u0159\u00ed vy\u017eaduj\u00ed p\u0159esnost. Ka\u017ed\u00fd dres je navr\u017een v Evrop\u011b a eticky vyroben v r\u00e1mci mise Ryinz zam\u011b\u0159en\u00e9 na pos\u00edlen\u00ed postaven\u00ed \u017een a podporuje bezpe\u010dn\u00e1 pracovn\u00ed m\u00edsta a lidsk\u00e1 pr\u00e1va. Ryinz je jin\u00fd - ka\u017ed\u00e1 j\u00edzda podporuje smysluplnou v\u011bc.<\/p>","protected":false},"featured_media":10408,"comment_status":"closed","ping_status":"closed","template":"","meta":[],"product_brand":[35],"product_cat":[1111,1109],"product_tag":[1141,1136,1130,1143,1114,1073,1132,1123,1144,1112,1126,1134,1142,1120,1091],"class_list":{"0":"post-10407","1":"product","2":"type-product","3":"status-publish","4":"has-post-thumbnail","6":"product_brand-ryinz","7":"product_cat-motorbike","8":"product_cat-motorbike-apparel","9":"product_tag-blue-motocross-gear","10":"product_tag-breathable-motocross-shirt","11":"product_tag-dirt-bike-clothing","12":"product_tag-durable-riding-wear","13":"product_tag-enduro-jersey","14":"product_tag-ethical-manufacturing","15":"product_tag-european-design-motocross-gear","16":"product_tag-lightweight-jersey","17":"product_tag-moisture-wicking-mx-jersey","18":"product_tag-motocross-jersey","19":"product_tag-mx-racing-wear","20":"product_tag-off-road-riding-gear","21":"product_tag-performance-riding-jersey","22":"product_tag-ryinz-motocross","23":"product_tag-women-empowerment","25":"first","26":"instock","27":"taxable","28":"shipping-taxable","29":"purchasable","30":"product-type-simple"},"_links":{"self":[{"href":"https:\/\/ryinz.cz\/velkoobchod\/cs\/wp-json\/wp\/v2\/product\/10407","targetHints":{"allow":["GET"]}}],"collection":[{"href":"https:\/\/ryinz.cz\/velkoobchod\/cs\/wp-json\/wp\/v2\/product"}],"about":[{"href":"https:\/\/ryinz.cz\/velkoobchod\/cs\/wp-json\/wp\/v2\/types\/product"}],"replies":[{"embeddable":true,"href":"https:\/\/ryinz.cz\/velkoobchod\/cs\/wp-json\/wp\/v2\/comments?post=10407"}],"wp:featuredmedia":[{"embeddable":true,"href":"https:\/\/ryinz.cz\/velkoobchod\/cs\/wp-json\/wp\/v2\/media\/10408"}],"wp:attachment":[{"href":"https:\/\/ryinz.cz\/velkoobchod\/cs\/wp-json\/wp\/v2\/media?parent=10407"}],"wp:term":[{"taxonomy":"product_brand","embeddable":true,"href":"https:\/\/ryinz.cz\/velkoobchod\/cs\/wp-json\/wp\/v2\/product_brand?post=10407"},{"taxonomy":"product_cat","embeddable":true,"href":"https:\/\/ryinz.cz\/velkoobchod\/cs\/wp-json\/wp\/v2\/product_cat?post=10407"},{"taxonomy":"product_tag","embeddable":true,"href":"https:\/\/ryinz.cz\/velkoobchod\/cs\/wp-json\/wp\/v2\/product_tag?post=10407"}],"curies":[{"name":"wp","href":"https:\/\/api.w.org\/{rel}","templated":true}]}}