{"id":10196,"date":"2025-10-19T10:42:40","date_gmt":"2025-10-19T10:42:40","guid":{"rendered":"https:\/\/ryinz.cz\/velkoobchod\/?post_type=product&#038;p=10196"},"modified":"2026-01-18T20:20:36","modified_gmt":"2026-01-18T20:20:36","slug":"ryinz-hnede-kozene-rukavice-na-motorku-premiova-hovezi-kuze-zesilena-ochrana-cestovni-komfort-ce-certifikovano","status":"publish","type":"product","link":"https:\/\/ryinz.cz\/velkoobchod\/cs\/product\/ryinz-brown-leather-motorcycle-gloves-premium-cowhide-reinforced-protection-touring-comfort-ce-certified\/","title":{"rendered":"Hn\u011bd\u00e9 ko\u017een\u00e9 rukavice na motorku RYINZ - pr\u00e9miov\u00e1 hov\u011bz\u00ed k\u016f\u017ee, zes\u00edlen\u00e1 ochrana a pohodl\u00ed p\u0159i j\u00edzd\u011b na motorce | CE Certified"},"content":{"rendered":"<p data-start=\"1019\" data-end=\"1335\">Na str\u00e1nk\u00e1ch <strong data-start=\"1023\" data-end=\"1064\">RYINZ Hn\u011bd\u00e9 ko\u017een\u00e9 rukavice na motorku<\/strong> jsou m\u00edstem, kde se klasick\u00e9 \u0159emesln\u00e9 zpracov\u00e1n\u00ed setk\u00e1v\u00e1 s modern\u00ed ochranou p\u0159i j\u00edzd\u011b. Navr\u017eeny pro ty, kte\u0159\u00ed si cen\u00ed oboj\u00edho <strong data-start=\"1163\" data-end=\"1183\">styl a bezpe\u010dnost<\/strong>, tyto rukavice jsou vyrobeny z <strong data-start=\"1212\" data-end=\"1244\">100% pr\u00e9miov\u00e1 hov\u011bz\u00ed k\u016f\u017ee<\/strong>, kter\u00e1 poskytuje odolnost, pohodl\u00ed a p\u0159irozen\u011b m\u011bkk\u00fd pocit, kter\u00fd se zlep\u0161uje s ka\u017edou j\u00edzdou.<\/p>\n<p data-start=\"1337\" data-end=\"1657\">Rukavice jsou navr\u017eeny pro skute\u010dn\u00e9 jezdce a zahrnuj\u00ed <strong data-start=\"1384\" data-end=\"1414\">zes\u00edlen\u00e9 polstrov\u00e1n\u00ed kloub\u016f<\/strong> kter\u00e1 tlum\u00ed n\u00e1razy a sni\u017euje z\u00e1t\u011b\u017e p\u0159i dlouh\u00fdch j\u00edzd\u00e1ch. Str\u00e1nky <strong data-start=\"1477\" data-end=\"1527\">oblast dlan\u011b je vybavena dvouvrstv\u00fdmi ko\u017een\u00fdmi panely<\/strong> pro v\u011bt\u0161\u00ed ochranu a kontrolu \u00fachopu, zat\u00edmco <strong data-start=\"1573\" data-end=\"1602\">mikroperforovan\u00e9 profily<\/strong> zlep\u0161uje v\u011btr\u00e1n\u00ed, aby va\u0161e ruce z\u016fstaly v suchu a chladu.<\/p>\n<p data-start=\"1659\" data-end=\"1940\">Na str\u00e1nk\u00e1ch <strong data-start=\"1663\" data-end=\"1694\">ergonomick\u00fd p\u0159edozadn\u00ed design<\/strong> zaji\u0161\u0165uje dokonal\u00e9 p\u0159irozen\u00e9 usazen\u00ed, sni\u017euje \u00fanavu rukou a nab\u00edz\u00ed vynikaj\u00edc\u00ed flexibilitu. S <strong data-start=\"1791\" data-end=\"1818\">nastaviteln\u00fd p\u00e1sek na such\u00fd zip<\/strong> na z\u00e1p\u011bst\u00ed, rukavice pevn\u011b a pohodln\u011b sed\u00ed a zabra\u0148uj\u00ed p\u0159\u00edstupu v\u011btru a prachu, p\u0159i\u010dem\u017e zachov\u00e1vaj\u00ed plnou pohyblivost z\u00e1p\u011bst\u00ed.<\/p>\n<p data-start=\"1942\" data-end=\"2255\">Vizu\u00e1ln\u011b bohat\u00fd <strong data-start=\"1961\" data-end=\"2022\">hn\u011bd\u00fd ko\u017een\u00fd povrch v kombinaci s \u010dern\u00fdmi kontrastn\u00edmi detaily<\/strong> dod\u00e1v\u00e1 t\u011bmto rukavic\u00edm elegantn\u00ed vzhled inspirovan\u00fd histori\u00ed - jsou elegantn\u00ed, ale z\u00e1rove\u0148 robustn\u00ed a hod\u00ed se ke ka\u017ed\u00e9 cestovn\u00ed bund\u011b nebo b\u011b\u017en\u00e9mu jezdeck\u00e9mu vybaven\u00ed. Str\u00e1nka . <strong data-start=\"2150\" data-end=\"2174\">jemn\u00e9 \u010derven\u00e9 pro\u0161\u00edv\u00e1n\u00ed<\/strong> dod\u00e1v\u00e1 prvot\u0159\u00eddn\u00ed detail, kter\u00fd odr\u00e1\u017e\u00ed odhodl\u00e1n\u00ed spole\u010dnosti RYINZ dosahovat dokonalosti.<\/p>\n<p data-start=\"2257\" data-end=\"2624\">Vhodn\u00e9 pro <strong data-start=\"2270\" data-end=\"2326\">cestov\u00e1n\u00ed na motocyklu, doj\u00ed\u017ed\u011bn\u00ed do m\u011bsta a p\u0159\u00edle\u017eitostn\u00e9 j\u00edzdy.<\/strong>, jsou tyto rukavice univerz\u00e1ln\u00ed volbou pro ka\u017ed\u00e9 ro\u010dn\u00ed obdob\u00ed. Jsou vyrobeny tak, aby vydr\u017eely a fungovaly, a zt\u011bles\u0148uj\u00ed filozofii spole\u010dnosti RYINZ o kvalit\u011b prost\u0159ednictv\u00edm odpov\u011bdnosti - ka\u017ed\u00fd p\u00e1r vyroben\u00fd pod <strong data-start=\"2501\" data-end=\"2531\">etick\u00e9 pracovn\u00ed podm\u00ednky<\/strong>, podporuj\u00edc\u00ed <strong data-start=\"2544\" data-end=\"2592\">pos\u00edlen\u00ed postaven\u00ed \u017een a spravedliv\u00e9 pracovn\u00ed postupy.<\/strong> nap\u0159\u00ed\u010d v\u00fdrobn\u00edmi za\u0159\u00edzen\u00edmi.<\/p>\n<p data-start=\"2626\" data-end=\"2729\">Se zna\u010dkou RYINZ, kter\u00e1 spojuje ochranu, v\u00e1\u0161e\u0148 a \u00fa\u010del, je ka\u017ed\u00e1 j\u00edzda smyslupln\u011bj\u0161\u00ed.<\/p>\n<p data-start=\"2731\" data-end=\"2813\"><strong data-start=\"2731\" data-end=\"2773\">RYINZ - Inspirov\u00e1no hodnotami od roku 1975.<\/strong><br data-start=\"2773\" data-end=\"2776\" \/>Jezd\u011bte hrd\u011b. Jezd\u011bte c\u00edlev\u011bdom\u011b.<\/p>\n<hr data-start=\"2815\" data-end=\"2818\" \/>\n<h2 data-start=\"2820\" data-end=\"2857\">\u2699\ufe0f <strong data-start=\"2826\" data-end=\"2855\">Technick\u00e9 specifikace:<\/strong><\/h2>\n<ul data-start=\"2858\" data-end=\"3344\">\n<li data-start=\"2858\" data-end=\"2904\">\n<p data-start=\"2860\" data-end=\"2904\"><strong data-start=\"2860\" data-end=\"2873\">Materi\u00e1l:<\/strong> 100% Pr\u00e9miov\u00e1 hov\u011bz\u00ed k\u016f\u017ee<\/p>\n<\/li>\n<li data-start=\"2905\" data-end=\"2982\">\n<p data-start=\"2907\" data-end=\"2982\"><strong data-start=\"2907\" data-end=\"2922\">Ochrana:<\/strong> Zes\u00edlen\u00e9 polstrov\u00e1n\u00ed kloub\u016f + dvouvrstv\u00e1 ochrana dlan\u011b<\/p>\n<\/li>\n<li data-start=\"2983\" data-end=\"3035\">\n<p data-start=\"2985\" data-end=\"3035\"><strong data-start=\"2985\" data-end=\"3001\">V\u011btr\u00e1n\u00ed:<\/strong> Ko\u017een\u00e9 panely s mikroperforac\u00ed<\/p>\n<\/li>\n<li data-start=\"3036\" data-end=\"3099\">\n<p data-start=\"3038\" data-end=\"3099\"><strong data-start=\"3038\" data-end=\"3046\">P\u0159izp\u016fsoben\u00ed:<\/strong> P\u0159edem zak\u0159iven\u00e9 prsty + nastaviteln\u00fd p\u00e1sek na z\u00e1p\u011bst\u00ed na such\u00fd zip<\/p>\n<\/li>\n<li data-start=\"3100\" data-end=\"3145\">\n<p data-start=\"3102\" data-end=\"3145\"><strong data-start=\"3102\" data-end=\"3111\">Uchopen\u00ed:<\/strong> Protiskluzov\u00e9 zes\u00edlen\u00e9 z\u00f3ny dlan\u00ed<\/p>\n<\/li>\n<li data-start=\"3146\" data-end=\"3202\">\n<p data-start=\"3148\" data-end=\"3202\"><strong data-start=\"3148\" data-end=\"3159\">Design:<\/strong> Hn\u011bd\u00e1 s \u010dern\u00fdmi akcenty a \u010derven\u00fdm pro\u0161\u00edv\u00e1n\u00edm<\/p>\n<\/li>\n<li data-start=\"3203\" data-end=\"3262\">\n<p data-start=\"3205\" data-end=\"3262\"><strong data-start=\"3205\" data-end=\"3213\">Pou\u017eit\u00ed:<\/strong> Ide\u00e1ln\u00ed pro turistiku, doj\u00ed\u017ed\u011bn\u00ed a ka\u017edodenn\u00ed je\u017ed\u011bn\u00ed<\/p>\n<\/li>\n<li data-start=\"3263\" data-end=\"3344\">\n<p data-start=\"3265\" data-end=\"3344\"><strong data-start=\"3265\" data-end=\"3275\">Zna\u010dka:<\/strong> RYINZ - Evropsk\u00e1 kvalita, etick\u00e1 v\u00fdroba, pos\u00edlen\u00ed postaven\u00ed \u017een<\/p>\n<\/li>\n<\/ul>","protected":false},"excerpt":{"rendered":"<p>Na str\u00e1nk\u00e1ch <strong data-start=\"401\" data-end=\"442\">RYINZ Hn\u011bd\u00e9 ko\u017een\u00e9 rukavice na motorku<\/strong> kombinuj\u00ed nad\u010dasov\u00fd design s profesion\u00e1ln\u00ed ochranou. Vyrobeno z <strong data-start=\"510\" data-end=\"542\">100% pr\u00e9miov\u00e1 hov\u011bz\u00ed k\u016f\u017ee<\/strong>, jsou vybaveny <strong data-start=\"557\" data-end=\"590\">zes\u00edlen\u00e1 ochrana kloub\u016f<\/strong>, <strong data-start=\"592\" data-end=\"608\">polstrovan\u00e9 dlan\u011b<\/strong>, a <strong data-start=\"614\" data-end=\"638\">protiskluzov\u00e9 \u00fachopov\u00e9 z\u00f3ny<\/strong> pro dokonal\u00e9 ovl\u00e1d\u00e1n\u00ed a pohodl\u00ed. Perforovan\u00e9 \u010d\u00e1sti zaji\u0161\u0165uj\u00ed prody\u0161nost, zat\u00edmco <strong data-start=\"725\" data-end=\"747\">P\u00e1sek na z\u00e1p\u011bst\u00ed na such\u00fd zip<\/strong> zaru\u010duje bezpe\u010dn\u00e9 a nastaviteln\u00e9 uchycen\u00ed. Ide\u00e1ln\u00ed pro <strong data-start=\"797\" data-end=\"827\">turistick\u00e9 a ka\u017edodenn\u00ed j\u00edzdy<\/strong>, tyto rukavice vyva\u017euj\u00ed luxusn\u00ed estetiku s charakteristick\u00fdm z\u00e1vazkem spole\u010dnosti RYINZ k bezpe\u010dnosti, kvalit\u011b a odpov\u011bdn\u00e9 v\u00fdrob\u011b.<\/p>","protected":false},"featured_media":10197,"comment_status":"closed","ping_status":"closed","template":"","meta":[],"product_brand":[35],"product_cat":[1111,380,122],"product_tag":[937,934,408,938,912,923,915,928,909,936,862,940,935,939,866],"class_list":{"0":"post-10196","1":"product","2":"type-product","3":"status-publish","4":"has-post-thumbnail","6":"product_brand-ryinz","7":"product_cat-motorbike","8":"product_cat-motorbike-gloves","9":"product_cat-motorbike-racing-gloves","11":"product_tag-brown-biker-gloves","12":"product_tag-ce-certified-gloves","13":"product_tag-classic-motorcycle-gloves","14":"product_tag-durable-touring-gloves","15":"product_tag-ethical-motorcycle-apparel","16":"product_tag-motorcycle-leather-gloves","17":"product_tag-premium-cowhide-gloves","18":"product_tag-protective-biker-gloves","19":"product_tag-reinforced-riding-gloves","20":"product_tag-ryinz-motorcycle-gear","21":"product_tag-stylish-motorbike-accessories","22":"product_tag-touring-motorcycle-gloves","23":"product_tag-ventilated-leather-gloves","24":"product_tag-women-empowerment-brand","26":"first","27":"instock","28":"taxable","29":"shipping-taxable","30":"purchasable","31":"product-type-simple"},"_links":{"self":[{"href":"https:\/\/ryinz.cz\/velkoobchod\/cs\/wp-json\/wp\/v2\/product\/10196","targetHints":{"allow":["GET"]}}],"collection":[{"href":"https:\/\/ryinz.cz\/velkoobchod\/cs\/wp-json\/wp\/v2\/product"}],"about":[{"href":"https:\/\/ryinz.cz\/velkoobchod\/cs\/wp-json\/wp\/v2\/types\/product"}],"replies":[{"embeddable":true,"href":"https:\/\/ryinz.cz\/velkoobchod\/cs\/wp-json\/wp\/v2\/comments?post=10196"}],"wp:featuredmedia":[{"embeddable":true,"href":"https:\/\/ryinz.cz\/velkoobchod\/cs\/wp-json\/wp\/v2\/media\/10197"}],"wp:attachment":[{"href":"https:\/\/ryinz.cz\/velkoobchod\/cs\/wp-json\/wp\/v2\/media?parent=10196"}],"wp:term":[{"taxonomy":"product_brand","embeddable":true,"href":"https:\/\/ryinz.cz\/velkoobchod\/cs\/wp-json\/wp\/v2\/product_brand?post=10196"},{"taxonomy":"product_cat","embeddable":true,"href":"https:\/\/ryinz.cz\/velkoobchod\/cs\/wp-json\/wp\/v2\/product_cat?post=10196"},{"taxonomy":"product_tag","embeddable":true,"href":"https:\/\/ryinz.cz\/velkoobchod\/cs\/wp-json\/wp\/v2\/product_tag?post=10196"}],"curies":[{"name":"wp","href":"https:\/\/api.w.org\/{rel}","templated":true}]}}