{"id":10194,"date":"2025-10-19T10:39:40","date_gmt":"2025-10-19T10:39:40","guid":{"rendered":"https:\/\/ryinz.cz\/velkoobchod\/?post_type=product&#038;p=10194"},"modified":"2026-01-18T20:20:24","modified_gmt":"2026-01-18T20:20:24","slug":"ryinz-modre-cervene-kozene-motocyklove-rukavice-ce-ochrana-sportovni-jizda-touring-rukavice","status":"publish","type":"product","link":"https:\/\/ryinz.cz\/velkoobchod\/cs\/product\/ryinz-blue-red-leather-motorcycle-gloves-ce-protection-sport-riding-touring-gloves\/","title":{"rendered":"RYINZ Modro-\u010derven\u00e9 ko\u017een\u00e9 rukavice na motorku - ochrana CE | Sportovn\u00ed a turistick\u00e9 rukavice"},"content":{"rendered":"<p data-start=\"953\" data-end=\"1286\">Na str\u00e1nk\u00e1ch <strong data-start=\"957\" data-end=\"1001\">RYINZ Modro-\u010derven\u00e9 ko\u017een\u00e9 rukavice na motorku<\/strong> jsou ur\u010deny pro jezdce, kte\u0159\u00ed cht\u011bj\u00ed <strong data-start=\"1037\" data-end=\"1078\">dynamick\u00fd styl a spolehliv\u00e1 ochrana<\/strong> p\u0159i ka\u017ed\u00e9 j\u00edzd\u011b. Navr\u017eeno s d\u016frazem na detail a vyrobeno z <strong data-start=\"1142\" data-end=\"1169\">prvot\u0159\u00eddn\u00ed hov\u011bz\u00ed k\u016f\u017ee<\/strong>, poskytuj\u00ed odolnost, p\u0159ilnavost a pru\u017enost, aby spl\u0148ovaly po\u017eadavky profesion\u00e1ln\u00edch i rekrea\u010dn\u00edch jezdc\u016f.<\/p>\n<p data-start=\"1288\" data-end=\"1595\">Navr\u017eeno s <strong data-start=\"1304\" data-end=\"1339\">chr\u00e1ni\u010de kloub\u016f s vysokou hustotou<\/strong> a <strong data-start=\"1344\" data-end=\"1370\">Vlo\u017eky TPR na prstech<\/strong>, tyto rukavice zaji\u0161\u0165uj\u00ed bezpe\u010dnost p\u0159i n\u00e1razu p\u0159i zachov\u00e1n\u00ed v\u00fdjime\u010dn\u00e9ho pohodl\u00ed. Na . <strong data-start=\"1456\" data-end=\"1483\">zes\u00edlen\u00e1 ko\u017een\u00e1 dla\u0148<\/strong> zaji\u0161\u0165uje vynikaj\u00edc\u00ed odolnost proti od\u011bru a jist\u00fd \u00fachop \u0159\u00edd\u00edtek i p\u0159i cestov\u00e1n\u00ed na dlouh\u00e9 vzd\u00e1lenosti.<\/p>\n<p data-start=\"1597\" data-end=\"1889\">Pro zv\u00fd\u0161en\u00ed pohodl\u00ed v teplej\u0161\u00edm po\u010das\u00ed je <strong data-start=\"1639\" data-end=\"1668\">perforovan\u00e9 ko\u017een\u00e9 panely<\/strong> na p\u0159edn\u00ed stran\u011b umo\u017e\u0148uj\u00ed p\u0159irozen\u00e9 proud\u011bn\u00ed vzduchu, \u010d\u00edm\u017e zabra\u0148uj\u00ed hromad\u011bn\u00ed potu a z\u00e1rove\u0148 zachov\u00e1vaj\u00ed p\u0159il\u00e9hav\u00fd st\u0159ih. Str\u00e1nky <strong data-start=\"1764\" data-end=\"1786\">P\u00e1sek na z\u00e1p\u011bst\u00ed na such\u00fd zip<\/strong> zaji\u0161\u0165uje rychl\u00e9 nastaven\u00ed a <strong data-start=\"1821\" data-end=\"1837\">elastick\u00e1 man\u017eeta<\/strong> udr\u017euje rukavici na m\u00edst\u011b p\u0159i j\u00edzd\u011b vysokou rychlost\u00ed.<\/p>\n<p data-start=\"1891\" data-end=\"2153\">Kombinace <strong data-start=\"1910\" data-end=\"1949\">\u010derven\u00e9, modr\u00e9, \u010dern\u00e9 a b\u00edl\u00e9 akcenty.<\/strong> dod\u00e1v\u00e1 t\u011bmto rukavic\u00edm modern\u00ed z\u00e1vodn\u00ed vzhled - odv\u00e1\u017en\u00fd, energick\u00fd a nezam\u011bniteln\u00fd vzhled zna\u010dky RYINZ. Str\u00e1nka <strong data-start=\"2037\" data-end=\"2065\">p\u0159edsazen\u00fd design prst\u016f<\/strong> sni\u017euje \u00fanavu rukou a umo\u017e\u0148uje jezdci udr\u017eet p\u0159irozen\u00fd \u00fachop pro maxim\u00e1ln\u00ed kontrolu.<\/p>\n<p data-start=\"2155\" data-end=\"2469\">Ka\u017ed\u00e1 rukavice RYINZ se vyr\u00e1b\u00ed pod. <strong data-start=\"2191\" data-end=\"2221\">etick\u00e9 pracovn\u00ed podm\u00ednky<\/strong>, podporuj\u00edc\u00ed <strong data-start=\"2234\" data-end=\"2282\">spravedliv\u00e9 pracovn\u00ed normy a pos\u00edlen\u00ed postaven\u00ed \u017een.<\/strong> nap\u0159\u00ed\u010d v\u00fdrobn\u00edmi za\u0159\u00edzen\u00edmi. Volba zna\u010dky RYINZ znamen\u00e1 podporu lidsk\u00fdch pr\u00e1v, udr\u017eiteln\u00fdch postup\u016f a zna\u010dky, kter\u00e1 v\u011b\u0159\u00ed, \u017ee ka\u017ed\u00fd v\u00fdrobek by m\u011bl m\u00edt smysl a hodnotu p\u0159esahuj\u00edc\u00ed zisk.<\/p>\n<p data-start=\"2471\" data-end=\"2643\">Ide\u00e1ln\u00ed pro <strong data-start=\"2481\" data-end=\"2543\">jezdci na sportovn\u00edch motocyklech, cestovn\u00ed nad\u0161enci a m\u011bst\u0161t\u00ed doj\u00ed\u017ed\u011b\u010di.<\/strong>, modro\u010derven\u00e9 rukavice RYINZ p\u0159edstavuj\u00ed v\u00fdkon, osobitost a ochranu v dokonal\u00e9 rovnov\u00e1ze.<\/p>\n<p data-start=\"2645\" data-end=\"2732\"><strong data-start=\"2645\" data-end=\"2687\">RYINZ - Inspirov\u00e1no hodnotami od roku 1975.<\/strong><br data-start=\"2687\" data-end=\"2690\" \/>Jezd\u011bte bezpe\u010dn\u011b. Jezd\u011bte odv\u00e1\u017en\u011b. Jezd\u011bte smyslupln\u011b.<\/p>\n<hr data-start=\"2734\" data-end=\"2737\" \/>\n<h2 data-start=\"2739\" data-end=\"2774\">\u2699\ufe0f <strong data-start=\"2745\" data-end=\"2774\">Technick\u00e9 specifikace:<\/strong><\/h2>\n<ul data-start=\"2775\" data-end=\"3260\">\n<li data-start=\"2775\" data-end=\"2844\">\n<p data-start=\"2777\" data-end=\"2844\"><strong data-start=\"2777\" data-end=\"2790\">Materi\u00e1l:<\/strong> 100% Pr\u00e9miov\u00e1 hov\u011bz\u00ed k\u016f\u017ee s perforovan\u00fdmi panely<\/p>\n<\/li>\n<li data-start=\"2845\" data-end=\"2903\">\n<p data-start=\"2847\" data-end=\"2903\"><strong data-start=\"2847\" data-end=\"2862\">Ochrana:<\/strong> Tvrd\u00e9 brn\u011bn\u00ed kloub\u016f + chr\u00e1ni\u010de prst\u016f TPR<\/p>\n<\/li>\n<li data-start=\"2904\" data-end=\"2959\">\n<p data-start=\"2906\" data-end=\"2959\"><strong data-start=\"2906\" data-end=\"2915\">Dla\u0148:<\/strong> Zes\u00edlen\u00e1 k\u016f\u017ee s protiskluzov\u00fdm polstrov\u00e1n\u00edm<\/p>\n<\/li>\n<li data-start=\"2960\" data-end=\"3021\">\n<p data-start=\"2962\" data-end=\"3021\"><strong data-start=\"2962\" data-end=\"2978\">V\u011btr\u00e1n\u00ed:<\/strong> Perforovan\u00e9 z\u00f3ny pro proud\u011bn\u00ed vzduchu a pohodl\u00ed<\/p>\n<\/li>\n<li data-start=\"3022\" data-end=\"3068\">\n<p data-start=\"3024\" data-end=\"3068\"><strong data-start=\"3024\" data-end=\"3036\">Uzav\u0159en\u00ed:<\/strong> Nastaviteln\u00fd p\u00e1sek na z\u00e1p\u011bst\u00ed se such\u00fdm zipem<\/p>\n<\/li>\n<li data-start=\"3069\" data-end=\"3121\">\n<p data-start=\"3071\" data-end=\"3121\"><strong data-start=\"3071\" data-end=\"3082\">Design:<\/strong> P\u0159edem zak\u0159iven\u00e9 prsty pro ergonomick\u00fd st\u0159ih<\/p>\n<\/li>\n<li data-start=\"3122\" data-end=\"3178\">\n<p data-start=\"3124\" data-end=\"3178\"><strong data-start=\"3124\" data-end=\"3132\">Pou\u017eit\u00ed:<\/strong> Ide\u00e1ln\u00ed pro sportovn\u00ed, cestovn\u00ed a pouli\u010dn\u00ed jezdce<\/p>\n<\/li>\n<li data-start=\"3179\" data-end=\"3260\">\n<p data-start=\"3181\" data-end=\"3260\"><strong data-start=\"3181\" data-end=\"3191\">Zna\u010dka:<\/strong> RYINZ - Evropsk\u00e1 kvalita, etick\u00e1 v\u00fdroba, pos\u00edlen\u00ed postaven\u00ed \u017een<\/p>\n<\/li>\n<\/ul>","protected":false},"excerpt":{"rendered":"<p>Dodejte sv\u00e9 j\u00edzd\u011b barvu a ochranu pomoc\u00ed <strong data-start=\"392\" data-end=\"428\">RYINZ Modro-\u010derven\u00e9 rukavice na motorku<\/strong>, vyroben\u00e9 z <strong data-start=\"440\" data-end=\"467\">prvot\u0159\u00eddn\u00ed hov\u011bz\u00ed k\u016f\u017ee<\/strong> s <strong data-start=\"473\" data-end=\"501\">zes\u00edlen\u00e9 brn\u011bn\u00ed kloub\u016f<\/strong> a <strong data-start=\"506\" data-end=\"527\">Chr\u00e1ni\u010de prst\u016f z TPR<\/strong> pro vy\u0161\u0161\u00ed bezpe\u010dnost. Na str\u00e1nk\u00e1ch <strong data-start=\"553\" data-end=\"586\">v\u011btran\u00e1 perforovan\u00e1 k\u016f\u017ee<\/strong> zaji\u0161\u0165uje proud\u011bn\u00ed vzduchu, zat\u00edmco <strong data-start=\"614\" data-end=\"631\">ergonomick\u00e9 p\u0159izp\u016fsoben\u00ed<\/strong> a <strong data-start=\"636\" data-end=\"662\">protiskluzov\u00e9 polstrov\u00e1n\u00ed dlan\u00ed<\/strong> poskytuj\u00ed plnou kontrolu a pohodl\u00ed. Navr\u017eeno pro <strong data-start=\"710\" data-end=\"738\">sportovn\u00ed a cestovn\u00ed jezdci<\/strong>, tyto rukavice kombinuj\u00ed z\u00e1\u0159iv\u00fd design, modern\u00ed ochranu a d\u016fv\u011bryhodn\u00e9 \u0159emesln\u00e9 zpracov\u00e1n\u00ed. <strong data-start=\"829\" data-end=\"838\">RYINZ<\/strong> - pro ty, kte\u0159\u00ed jezd\u00ed s jistotou a v\u00e1\u0161n\u00ed.<\/p>","protected":false},"featured_media":10195,"comment_status":"closed","ping_status":"closed","template":"","meta":[],"product_brand":[35],"product_cat":[1111,380],"product_tag":[932,933,927,926,924,923,914,915,928,930,931,862,925,929,866],"class_list":{"0":"post-10194","1":"product","2":"type-product","3":"status-publish","4":"has-post-thumbnail","6":"product_brand-ryinz","7":"product_cat-motorbike","8":"product_cat-motorbike-gloves","9":"product_tag-all-season-biker-gloves","10":"product_tag-anti-slip-palm-gloves","11":"product_tag-blue-red-biker-gloves","12":"product_tag-ce-protective-gloves","13":"product_tag-durable-motorbike-gloves","14":"product_tag-ethical-motorcycle-apparel","15":"product_tag-european-motorcycle-accessories","16":"product_tag-motorcycle-leather-gloves","17":"product_tag-premium-cowhide-gloves","18":"product_tag-protective-touring-gloves","19":"product_tag-racing-style-gloves","20":"product_tag-ryinz-motorcycle-gear","21":"product_tag-sport-bike-gloves","22":"product_tag-ventilated-riding-gloves","23":"product_tag-women-empowerment-brand","25":"first","26":"instock","27":"taxable","28":"shipping-taxable","29":"purchasable","30":"product-type-simple"},"_links":{"self":[{"href":"https:\/\/ryinz.cz\/velkoobchod\/cs\/wp-json\/wp\/v2\/product\/10194","targetHints":{"allow":["GET"]}}],"collection":[{"href":"https:\/\/ryinz.cz\/velkoobchod\/cs\/wp-json\/wp\/v2\/product"}],"about":[{"href":"https:\/\/ryinz.cz\/velkoobchod\/cs\/wp-json\/wp\/v2\/types\/product"}],"replies":[{"embeddable":true,"href":"https:\/\/ryinz.cz\/velkoobchod\/cs\/wp-json\/wp\/v2\/comments?post=10194"}],"wp:featuredmedia":[{"embeddable":true,"href":"https:\/\/ryinz.cz\/velkoobchod\/cs\/wp-json\/wp\/v2\/media\/10195"}],"wp:attachment":[{"href":"https:\/\/ryinz.cz\/velkoobchod\/cs\/wp-json\/wp\/v2\/media?parent=10194"}],"wp:term":[{"taxonomy":"product_brand","embeddable":true,"href":"https:\/\/ryinz.cz\/velkoobchod\/cs\/wp-json\/wp\/v2\/product_brand?post=10194"},{"taxonomy":"product_cat","embeddable":true,"href":"https:\/\/ryinz.cz\/velkoobchod\/cs\/wp-json\/wp\/v2\/product_cat?post=10194"},{"taxonomy":"product_tag","embeddable":true,"href":"https:\/\/ryinz.cz\/velkoobchod\/cs\/wp-json\/wp\/v2\/product_tag?post=10194"}],"curies":[{"name":"wp","href":"https:\/\/api.w.org\/{rel}","templated":true}]}}