{"id":10178,"date":"2025-10-19T10:03:21","date_gmt":"2025-10-19T10:03:21","guid":{"rendered":"https:\/\/ryinz.cz\/velkoobchod\/?post_type=product&#038;p=10178"},"modified":"2026-01-18T20:24:10","modified_gmt":"2026-01-18T20:24:10","slug":"ryinz-retro-zluta-premiova-bunda-na-motorku-z-hovezi-kuze-odnimatelne-chranice-ramen-a-loktu-urovne-ce-2-3-v-1-turisticke-bezne-obleceni","status":"publish","type":"product","link":"https:\/\/ryinz.cz\/velkoobchod\/cs\/product\/ryinz-retro-yellow-premium-cowhide-motorcycle-jacket-removable-ce-level-2-shoulder-and-elbow-protectors-3-in-1-touring-casual-wear\/","title":{"rendered":"RYINZ Retro Yellow Premium Cowhide Motorcycle Jacket - odn\u00edmateln\u00e9 chr\u00e1ni\u010de ramen a lokt\u016f CE Level 2| 3 v 1 Touring &amp; Casual Wear"},"content":{"rendered":"<p data-start=\"1062\" data-end=\"1475\">Na str\u00e1nk\u00e1ch <strong data-start=\"1066\" data-end=\"1114\">RYINZ Retro \u017elut\u00e1 bunda na motorku Premium<\/strong> je ur\u010den pro ty, kte\u0159\u00ed \u017eij\u00ed a jezd\u00ed s v\u00e1\u0161n\u00ed. Je odv\u00e1\u017en\u00fd, neohro\u017een\u00fd a nad\u010dasov\u00fd - kombinuje prvot\u0159\u00eddn\u00ed \u0159emesln\u00e9 zpracov\u00e1n\u00ed s v\u00fdraznou estetikou, kter\u00e1 ud\u011bl\u00e1 dojem, a\u0165 u\u017e se vyd\u00e1te kamkoli. Byl navr\u017een v Evrop\u011b pro jezdce, kte\u0159\u00ed oce\u0148uj\u00ed v\u00fdkon i osobitost, a p\u0159in\u00e1\u0161\u00ed <strong data-start=\"1389\" data-end=\"1449\">\u0161pi\u010dkov\u00e1 ochrana, trval\u00e9 pohodl\u00ed a osobit\u00fd styl<\/strong> v jednom pr\u00e9miov\u00e9m od\u011bvu.<\/p>\n<p data-start=\"1477\" data-end=\"1866\">Vyrobeno z <strong data-start=\"1487\" data-end=\"1519\">100% prav\u00e1 hov\u011bz\u00ed k\u016f\u017ee<\/strong>, tato bunda nab\u00edz\u00ed vynikaj\u00edc\u00ed trvanlivost, odolnost proti od\u011bru a p\u0159irozen\u00fd st\u0159ih, kter\u00fd se zlep\u0161uje s ka\u017edou j\u00edzdou. Str\u00e1nky <strong data-start=\"1635\" data-end=\"1670\">odn\u00edmateln\u00e9 chr\u00e1ni\u010de CE Level 2<\/strong> na ramenou a loktech spl\u0148uj\u00ed evropsk\u00e9 bezpe\u010dnostn\u00ed normy a zaji\u0161\u0165uj\u00ed spolehlivou ochranu proti n\u00e1razu. Zes\u00edlen\u00e9 \u0161vy a vysoce kvalitn\u00ed zipy d\u00e1le zvy\u0161uj\u00ed jej\u00ed odolnost a v\u00fdkonnost na silnici.<\/p>\n<p data-start=\"1868\" data-end=\"2159\">Na str\u00e1nk\u00e1ch <strong data-start=\"1872\" data-end=\"1905\">pln\u011b odn\u00edmateln\u00e1 tepeln\u00e1 vlo\u017eka<\/strong> je vhodn\u00e1 do ka\u017ed\u00e9ho po\u010das\u00ed - v zim\u011b h\u0159eje a chr\u00e1n\u00ed, v l\u00e9t\u011b je lehk\u00e1 a prody\u0161n\u00e1. Po vyjmut\u00ed vlo\u017eky a chr\u00e1ni\u010d\u016f se snadno zm\u011bn\u00ed na pl\u00e1\u0161t\u011bnku. <strong data-start=\"2080\" data-end=\"2109\">m\u00f3dn\u00ed le\u017e\u00e9rn\u00ed bunda<\/strong>, ide\u00e1ln\u00ed pro cestov\u00e1n\u00ed, voln\u00fd \u010das nebo ka\u017edodenn\u00ed no\u0161en\u00ed.<\/p>\n<p data-start=\"2161\" data-end=\"2552\">Na str\u00e1nk\u00e1ch <strong data-start=\"2165\" data-end=\"2212\">retro \u017elut\u00fd odst\u00edn s \u010dern\u00fdmi z\u00e1vodn\u00edmi pruhy<\/strong> vytv\u00e1\u0159\u00ed dynamick\u00fd, sportovn\u00ed vzhled, kter\u00fd vzd\u00e1v\u00e1 hold zlat\u00e9mu v\u011bku motocykl\u016f. Vy\u0161\u00edvan\u00e9 n\u00e1\u0161ivky ve vintage stylu a vyra\u017een\u00fd n\u00e1pis <strong data-start=\"2350\" data-end=\"2364\">Logo RYINZ<\/strong> na hrudi dod\u00e1vaj\u00ed autenticitu a charakter, zat\u00edmco funk\u010dn\u00ed detaily, jako nap\u0159. <strong data-start=\"2444\" data-end=\"2508\">l\u00edmec na patentku, bezpe\u010dn\u00e9 kapsy na zip a nastaviteln\u00e9 bedern\u00ed popruhy.<\/strong> zaji\u0161\u0165uj\u00ed dokonal\u00e9 padnut\u00ed a celodenn\u00ed pohodl\u00ed.<\/p>\n<p data-start=\"2554\" data-end=\"2883\">Ka\u017ed\u00e1 bunda RYINZ v sob\u011b nese v\u00edc ne\u017e jen design - nese posl\u00e1n\u00ed. Vyr\u00e1b\u00ed se prost\u0159ednictv\u00edm <strong data-start=\"2639\" data-end=\"2698\">etick\u00e1 v\u00fdroba a iniciativy pro pos\u00edlen\u00ed postaven\u00ed \u017een<\/strong>, RYINZ podporuje bezpe\u010dn\u00e9 a spravedliv\u00e9 pracovn\u00ed podm\u00ednky pro \u017eeny ve v\u00fdrobn\u00edch komunit\u00e1ch. Zvolit si zna\u010dku RYINZ znamen\u00e1 jezdit \u00fa\u010deln\u011b - spojit prvot\u0159\u00eddn\u00ed kvalitu se spole\u010denskou odpov\u011bdnost\u00ed.<\/p>\n<p data-start=\"2885\" data-end=\"2967\"><strong data-start=\"2885\" data-end=\"2927\">RYINZ - Inspirov\u00e1no hodnotami od roku 1975.<\/strong><br data-start=\"2927\" data-end=\"2930\" \/>Jezd\u011bte s v\u00e1\u0161n\u00ed. \u017dijte c\u00edlev\u011bdom\u011b.<\/p>\n<hr data-start=\"2969\" data-end=\"2972\" \/>\n<h2 data-start=\"2974\" data-end=\"3009\">\u2699\ufe0f <strong data-start=\"2980\" data-end=\"3009\">Technick\u00e9 specifikace:<\/strong><\/h2>\n<ul data-start=\"3010\" data-end=\"3535\">\n<li data-start=\"3010\" data-end=\"3070\">\n<p data-start=\"3012\" data-end=\"3070\"><strong data-start=\"3012\" data-end=\"3031\">Vn\u011bj\u0161\u00ed materi\u00e1l:<\/strong> 100% Pr\u00e9miov\u00e1 p\u0159\u00edrodn\u00ed hov\u011bz\u00ed k\u016f\u017ee<\/p>\n<\/li>\n<li data-start=\"3071\" data-end=\"3151\">\n<p data-start=\"3073\" data-end=\"3151\"><strong data-start=\"3073\" data-end=\"3088\">Chr\u00e1ni\u010de:<\/strong> Odn\u00edmateln\u00e9 chr\u00e1ni\u010de ramen a lokt\u016f s certifikac\u00ed CE Level 2<\/p>\n<\/li>\n<li data-start=\"3152\" data-end=\"3214\">\n<p data-start=\"3154\" data-end=\"3214\"><strong data-start=\"3154\" data-end=\"3165\">Oblo\u017een\u00ed:<\/strong> Pln\u011b odn\u00edmateln\u00e1 term\u00e1ln\u00ed vlo\u017eka do chladn\u00e9ho po\u010das\u00ed<\/p>\n<\/li>\n<li data-start=\"3215\" data-end=\"3288\">\n<p data-start=\"3217\" data-end=\"3288\"><strong data-start=\"3217\" data-end=\"3228\">Design:<\/strong> Funkce 3 v 1 - motocyklov\u00e1, neform\u00e1ln\u00ed a sez\u00f3nn\u00ed bunda<\/p>\n<\/li>\n<li data-start=\"3289\" data-end=\"3375\">\n<p data-start=\"3291\" data-end=\"3375\"><strong data-start=\"3291\" data-end=\"3301\">Barva:<\/strong> Retro \u017elut\u00e1 s \u010dern\u00fdmi z\u00e1vodn\u00edmi pruhy (k dispozici tak\u00e9 v jin\u00fdch barv\u00e1ch)<\/p>\n<\/li>\n<li data-start=\"3376\" data-end=\"3453\">\n<p data-start=\"3378\" data-end=\"3453\"><strong data-start=\"3378\" data-end=\"3386\">P\u0159izp\u016fsoben\u00ed:<\/strong> Nastaviteln\u00fd pas, l\u00edmec na patentky a kapsy na zip pro bezpe\u010dn\u00e9 uchycen\u00ed<\/p>\n<\/li>\n<li data-start=\"3454\" data-end=\"3535\">\n<p data-start=\"3456\" data-end=\"3535\"><strong data-start=\"3456\" data-end=\"3466\">Zna\u010dka:<\/strong> RYINZ - Evropsk\u00e1 kvalita, etick\u00e1 v\u00fdroba, pos\u00edlen\u00ed postaven\u00ed \u017een<\/p>\n<\/li>\n<\/ul>","protected":false},"excerpt":{"rendered":"<p>Vynikn\u011bte p\u0159i ka\u017ed\u00e9 j\u00edzd\u011b s <strong data-start=\"458\" data-end=\"498\">RYINZ Retro \u017elut\u00e1 bunda na motorku<\/strong>, vyroben\u00fd z <strong data-start=\"513\" data-end=\"545\">100% pr\u00e9miov\u00e1 hov\u011bz\u00ed k\u016f\u017ee<\/strong> pro bezkonkuren\u010dn\u00ed pevnost, pohodl\u00ed a flexibilitu. Obsahuje <strong data-start=\"606\" data-end=\"660\">odn\u00edmateln\u00e9 chr\u00e1ni\u010de ramen a lokt\u016f CE Level 2<\/strong> a <strong data-start=\"667\" data-end=\"695\">odn\u00edmateln\u00e1 tepeln\u00e1 vlo\u017eka<\/strong>, to <strong data-start=\"702\" data-end=\"719\">Bunda 3 v 1<\/strong> se dokonale p\u0159izp\u016fsob\u00ed ka\u017ed\u00e9mu ro\u010dn\u00edmu obdob\u00ed a ka\u017ed\u00e9 p\u0159\u00edle\u017eitosti. Odv\u00e1\u017en\u00e1 \u017elut\u00e1 k\u016f\u017ee s kontrastn\u00edmi \u010dern\u00fdmi pruhy kombinuje vintage z\u00e1vodn\u00ed estetiku s modern\u00ed funk\u010dnost\u00ed - ide\u00e1ln\u00ed pro jezdce, kte\u0159\u00ed cht\u011bj\u00ed vyj\u00e1d\u0159it svou individualitu a z\u00e1rove\u0148 z\u016fstat pln\u011b chr\u00e1n\u011bni a stylov\u00ed na kole i mimo n\u011bj.<\/p>","protected":false},"featured_media":10179,"comment_status":"closed","ping_status":"closed","template":"","meta":[],"product_brand":[35],"product_cat":[852,1274],"product_tag":[880,882,855,876,886,885,884,853,879,883,881,887,869,866,878],"class_list":{"0":"post-10178","1":"product","2":"type-product","3":"status-publish","4":"has-post-thumbnail","6":"product_brand-ryinz","7":"product_cat-leather-jacket","8":"product_cat-ready-to-ship","9":"product_tag-3-in-1-motorbike-jacket","10":"product_tag-all-season-motorcycle-wear","11":"product_tag-ce-level-2-protection","12":"product_tag-durable-touring-jacket","13":"product_tag-ethical-leather-apparel","14":"product_tag-european-biker-fashion","15":"product_tag-mens-motorcycle-jacket","16":"product_tag-motorcycle-leather-jacket","17":"product_tag-premium-cowhide-leather","18":"product_tag-retro-racing-jacket","19":"product_tag-ryinz-riding-gear","20":"product_tag-stylish-motorbike-clothing","21":"product_tag-vintage-motorcycle-jacket","22":"product_tag-women-empowerment-brand","23":"product_tag-yellow-biker-jacket","25":"first","26":"instock","27":"taxable","28":"shipping-taxable","29":"purchasable","30":"product-type-variable"},"_links":{"self":[{"href":"https:\/\/ryinz.cz\/velkoobchod\/cs\/wp-json\/wp\/v2\/product\/10178","targetHints":{"allow":["GET"]}}],"collection":[{"href":"https:\/\/ryinz.cz\/velkoobchod\/cs\/wp-json\/wp\/v2\/product"}],"about":[{"href":"https:\/\/ryinz.cz\/velkoobchod\/cs\/wp-json\/wp\/v2\/types\/product"}],"replies":[{"embeddable":true,"href":"https:\/\/ryinz.cz\/velkoobchod\/cs\/wp-json\/wp\/v2\/comments?post=10178"}],"wp:featuredmedia":[{"embeddable":true,"href":"https:\/\/ryinz.cz\/velkoobchod\/cs\/wp-json\/wp\/v2\/media\/10179"}],"wp:attachment":[{"href":"https:\/\/ryinz.cz\/velkoobchod\/cs\/wp-json\/wp\/v2\/media?parent=10178"}],"wp:term":[{"taxonomy":"product_brand","embeddable":true,"href":"https:\/\/ryinz.cz\/velkoobchod\/cs\/wp-json\/wp\/v2\/product_brand?post=10178"},{"taxonomy":"product_cat","embeddable":true,"href":"https:\/\/ryinz.cz\/velkoobchod\/cs\/wp-json\/wp\/v2\/product_cat?post=10178"},{"taxonomy":"product_tag","embeddable":true,"href":"https:\/\/ryinz.cz\/velkoobchod\/cs\/wp-json\/wp\/v2\/product_tag?post=10178"}],"curies":[{"name":"wp","href":"https:\/\/api.w.org\/{rel}","templated":true}]}}